{"id":6609,"date":"2023-05-16T12:43:37","date_gmt":"2023-05-16T10:43:37","guid":{"rendered":"http:\/\/www.laperle.tess5418.odns.fr\/nachtleben\/"},"modified":"2025-10-06T23:55:04","modified_gmt":"2025-10-06T21:55:04","slug":"nachtleben","status":"publish","type":"page","link":"https:\/\/www.odeonhotel.fr\/de\/paris-besuchen\/nachtleben\/","title":{"rendered":"Nachtleben"},"content":{"rendered":"\n<p class=\"has-text-align-justify\">Entdecken Sie das bezaubernde Nachtleben des linken Ufers in Paris. Dieses historische Viertel erwacht nach Einbruch der Dunkelheit mit seinen Caf\u00e9s, gem\u00fctlichen Weinbars und lebhaften Jazzclubs zum Leben. Tauchen Sie ein in die b\u00f6hmische Atmosph\u00e4re, genie\u00dfen Sie k\u00f6stliche Cocktails, Live-Musik und unvergessliche Abende in einem der kultigsten Viertel der Stadt.<\/p>\n\n<div class=\"wp-block-query is-layout-flow wp-block-query-is-layout-flow\"><ul class=\"columns-3 wp-block-post-template is-layout-grid wp-container-core-post-template-is-layout-6d3fbd8f wp-block-post-template-is-layout-grid\"><li class=\"wp-block-post post-8626 post type-post status-publish format-standard has-post-thumbnail hentry category-nachtleben-de\">\n<figure class=\"bordure-doree image-zoom wp-block-post-featured-image\"><a href=\"https:\/\/www.odeonhotel.fr\/de\/nachtleben-de\/fubar\/\" target=\"_self\"  ><img decoding=\"async\" width=\"1920\" height=\"965\" src=\"https:\/\/www.odeonhotel.fr\/wp-content\/uploads\/2016\/05\/LE-TIGER.jpg\" class=\"attachment-post-thumbnail size-post-thumbnail wp-post-image\" alt=\"Le Tiger\" style=\"object-fit:cover;\" srcset=\"https:\/\/www.odeonhotel.fr\/wp-content\/uploads\/2016\/05\/LE-TIGER.jpg 1920w, https:\/\/www.odeonhotel.fr\/wp-content\/uploads\/2016\/05\/LE-TIGER-300x151.jpg 300w, https:\/\/www.odeonhotel.fr\/wp-content\/uploads\/2016\/05\/LE-TIGER-1024x515.jpg 1024w, https:\/\/www.odeonhotel.fr\/wp-content\/uploads\/2016\/05\/LE-TIGER-768x386.jpg 768w, https:\/\/www.odeonhotel.fr\/wp-content\/uploads\/2016\/05\/LE-TIGER-1536x772.jpg 1536w\" sizes=\"(max-width: 1920px) 100vw, 1920px\" title=\"\"><\/a><\/figure>\n\n<h2 class=\"has-text-align-center has-link-color wp-elements-ec4dad56195e23fcce3ffc0f4f79024b wp-block-post-title has-medium-font-size\"><a href=\"https:\/\/www.odeonhotel.fr\/de\/nachtleben-de\/fubar\/\" target=\"_self\" >Le Tiger<\/a><\/h2>\n<\/li><li class=\"wp-block-post post-8984 post type-post status-publish format-standard has-post-thumbnail hentry category-nachtleben-de\">\n<figure class=\"bordure-doree image-zoom wp-block-post-featured-image\"><a href=\"https:\/\/www.odeonhotel.fr\/de\/nachtleben-de\/la-prescription\/\" target=\"_self\"  ><img decoding=\"async\" width=\"1920\" height=\"965\" src=\"https:\/\/www.odeonhotel.fr\/wp-content\/uploads\/2016\/05\/LA-PRESCRIPTION.jpg\" class=\"attachment-post-thumbnail size-post-thumbnail wp-post-image\" alt=\"La Prescription\" style=\"object-fit:cover;\" srcset=\"https:\/\/www.odeonhotel.fr\/wp-content\/uploads\/2016\/05\/LA-PRESCRIPTION.jpg 1920w, https:\/\/www.odeonhotel.fr\/wp-content\/uploads\/2016\/05\/LA-PRESCRIPTION-300x151.jpg 300w, https:\/\/www.odeonhotel.fr\/wp-content\/uploads\/2016\/05\/LA-PRESCRIPTION-1024x515.jpg 1024w, https:\/\/www.odeonhotel.fr\/wp-content\/uploads\/2016\/05\/LA-PRESCRIPTION-768x386.jpg 768w, https:\/\/www.odeonhotel.fr\/wp-content\/uploads\/2016\/05\/LA-PRESCRIPTION-1536x772.jpg 1536w\" sizes=\"(max-width: 1920px) 100vw, 1920px\" title=\"\"><\/a><\/figure>\n\n<h2 class=\"has-text-align-center has-link-color wp-elements-ec4dad56195e23fcce3ffc0f4f79024b wp-block-post-title has-medium-font-size\"><a href=\"https:\/\/www.odeonhotel.fr\/de\/nachtleben-de\/la-prescription\/\" target=\"_self\" >La Prescription<\/a><\/h2>\n<\/li><li class=\"wp-block-post post-9000 post type-post status-publish format-standard has-post-thumbnail hentry category-nachtleben-de\">\n<figure class=\"bordure-doree image-zoom wp-block-post-featured-image\"><a href=\"https:\/\/www.odeonhotel.fr\/de\/nachtleben-de\/rue-guisarde-and-rue-des-canettes\/\" target=\"_self\"  ><img decoding=\"async\" width=\"1920\" height=\"965\" src=\"https:\/\/www.odeonhotel.fr\/wp-content\/uploads\/2016\/05\/PARIS-LATIN.jpg\" class=\"attachment-post-thumbnail size-post-thumbnail wp-post-image\" alt=\"Le Paradis Latein\" style=\"object-fit:cover;\" srcset=\"https:\/\/www.odeonhotel.fr\/wp-content\/uploads\/2016\/05\/PARIS-LATIN.jpg 1920w, https:\/\/www.odeonhotel.fr\/wp-content\/uploads\/2016\/05\/PARIS-LATIN-300x151.jpg 300w, https:\/\/www.odeonhotel.fr\/wp-content\/uploads\/2016\/05\/PARIS-LATIN-1024x515.jpg 1024w, https:\/\/www.odeonhotel.fr\/wp-content\/uploads\/2016\/05\/PARIS-LATIN-768x386.jpg 768w, https:\/\/www.odeonhotel.fr\/wp-content\/uploads\/2016\/05\/PARIS-LATIN-1536x772.jpg 1536w\" sizes=\"(max-width: 1920px) 100vw, 1920px\" title=\"\"><\/a><\/figure>\n\n<h2 class=\"has-text-align-center has-link-color wp-elements-ec4dad56195e23fcce3ffc0f4f79024b wp-block-post-title has-medium-font-size\"><a href=\"https:\/\/www.odeonhotel.fr\/de\/nachtleben-de\/rue-guisarde-and-rue-des-canettes\/\" target=\"_self\" >Le Paradis Latein<\/a><\/h2>\n<\/li><li class=\"wp-block-post post-9017 post type-post status-publish format-standard has-post-thumbnail hentry category-nachtleben-de\">\n<figure class=\"bordure-doree image-zoom wp-block-post-featured-image\"><a href=\"https:\/\/www.odeonhotel.fr\/de\/nachtleben-de\/chez-georges\/\" target=\"_self\"  ><img decoding=\"async\" width=\"1920\" height=\"965\" src=\"https:\/\/www.odeonhotel.fr\/wp-content\/uploads\/2016\/05\/Rue_Canettes.jpg\" class=\"attachment-post-thumbnail size-post-thumbnail wp-post-image\" alt=\"Rue Guisarde and Rue des Canettes\" style=\"object-fit:cover;\" srcset=\"https:\/\/www.odeonhotel.fr\/wp-content\/uploads\/2016\/05\/Rue_Canettes.jpg 1920w, https:\/\/www.odeonhotel.fr\/wp-content\/uploads\/2016\/05\/Rue_Canettes-300x151.jpg 300w, https:\/\/www.odeonhotel.fr\/wp-content\/uploads\/2016\/05\/Rue_Canettes-1024x515.jpg 1024w, https:\/\/www.odeonhotel.fr\/wp-content\/uploads\/2016\/05\/Rue_Canettes-768x386.jpg 768w, https:\/\/www.odeonhotel.fr\/wp-content\/uploads\/2016\/05\/Rue_Canettes-1536x772.jpg 1536w\" sizes=\"(max-width: 1920px) 100vw, 1920px\" title=\"\"><\/a><\/figure>\n\n<h2 class=\"has-text-align-center has-link-color wp-elements-ec4dad56195e23fcce3ffc0f4f79024b wp-block-post-title has-medium-font-size\"><a href=\"https:\/\/www.odeonhotel.fr\/de\/nachtleben-de\/chez-georges\/\" target=\"_self\" >Rue Guisarde and Rue des Canettes<\/a><\/h2>\n<\/li><li class=\"wp-block-post post-9031 post type-post status-publish format-standard has-post-thumbnail hentry category-nachtleben-de\">\n<figure class=\"bordure-doree image-zoom wp-block-post-featured-image\"><a href=\"https:\/\/www.odeonhotel.fr\/de\/nachtleben-de\/ducs-des-lombards\/\" target=\"_self\"  ><img decoding=\"async\" width=\"1920\" height=\"965\" src=\"https:\/\/www.odeonhotel.fr\/wp-content\/uploads\/2016\/05\/DUC-DES-LOMBARDS.jpg\" class=\"attachment-post-thumbnail size-post-thumbnail wp-post-image\" alt=\"Ducs des Lombards\" style=\"object-fit:cover;\" srcset=\"https:\/\/www.odeonhotel.fr\/wp-content\/uploads\/2016\/05\/DUC-DES-LOMBARDS.jpg 1920w, https:\/\/www.odeonhotel.fr\/wp-content\/uploads\/2016\/05\/DUC-DES-LOMBARDS-300x151.jpg 300w, https:\/\/www.odeonhotel.fr\/wp-content\/uploads\/2016\/05\/DUC-DES-LOMBARDS-1024x515.jpg 1024w, https:\/\/www.odeonhotel.fr\/wp-content\/uploads\/2016\/05\/DUC-DES-LOMBARDS-768x386.jpg 768w, https:\/\/www.odeonhotel.fr\/wp-content\/uploads\/2016\/05\/DUC-DES-LOMBARDS-1536x772.jpg 1536w\" sizes=\"(max-width: 1920px) 100vw, 1920px\" title=\"\"><\/a><\/figure>\n\n<h2 class=\"has-text-align-center has-link-color wp-elements-ec4dad56195e23fcce3ffc0f4f79024b wp-block-post-title has-medium-font-size\"><a href=\"https:\/\/www.odeonhotel.fr\/de\/nachtleben-de\/ducs-des-lombards\/\" target=\"_self\" >Ducs des Lombards<\/a><\/h2>\n<\/li><li class=\"wp-block-post post-9047 post type-post status-publish format-standard has-post-thumbnail hentry category-nachtleben-de\">\n<figure class=\"bordure-doree image-zoom wp-block-post-featured-image\"><a href=\"https:\/\/www.odeonhotel.fr\/de\/nachtleben-de\/le-caveau-de-la-huchette\/\" target=\"_self\"  ><img decoding=\"async\" width=\"1920\" height=\"965\" src=\"https:\/\/www.odeonhotel.fr\/wp-content\/uploads\/2016\/05\/CAVEAU-DE-LA-HUCHETTE.jpg\" class=\"attachment-post-thumbnail size-post-thumbnail wp-post-image\" alt=\"Le Caveau de la Huchette\" style=\"object-fit:cover;\" srcset=\"https:\/\/www.odeonhotel.fr\/wp-content\/uploads\/2016\/05\/CAVEAU-DE-LA-HUCHETTE.jpg 1920w, https:\/\/www.odeonhotel.fr\/wp-content\/uploads\/2016\/05\/CAVEAU-DE-LA-HUCHETTE-300x151.jpg 300w, https:\/\/www.odeonhotel.fr\/wp-content\/uploads\/2016\/05\/CAVEAU-DE-LA-HUCHETTE-1024x515.jpg 1024w, https:\/\/www.odeonhotel.fr\/wp-content\/uploads\/2016\/05\/CAVEAU-DE-LA-HUCHETTE-768x386.jpg 768w, https:\/\/www.odeonhotel.fr\/wp-content\/uploads\/2016\/05\/CAVEAU-DE-LA-HUCHETTE-1536x772.jpg 1536w\" sizes=\"(max-width: 1920px) 100vw, 1920px\" title=\"\"><\/a><\/figure>\n\n<h2 class=\"has-text-align-center has-link-color wp-elements-ec4dad56195e23fcce3ffc0f4f79024b wp-block-post-title has-medium-font-size\"><a href=\"https:\/\/www.odeonhotel.fr\/de\/nachtleben-de\/le-caveau-de-la-huchette\/\" target=\"_self\" >Le Caveau de la Huchette<\/a><\/h2>\n<\/li><\/ul>\n\n<\/div>\n","protected":false},"excerpt":{"rendered":"<p>Entdecken Sie das bezaubernde Nachtleben des linken Ufers in Paris. Dieses historische Viertel erwacht nach Einbruch der Dunkelheit mit seinen Caf\u00e9s, gem\u00fctlichen Weinbars und lebhaften Jazzclubs zum Leben. Tauchen Sie ein in die b\u00f6hmische Atmosph\u00e4re, genie\u00dfen Sie k\u00f6stliche Cocktails, Live-Musik und unvergessliche Abende in einem der kultigsten Viertel der Stadt.<\/p>\n","protected":false},"author":1,"featured_media":15597,"parent":6652,"menu_order":6,"comment_status":"closed","ping_status":"closed","template":"wp-custom-template-le-template-des-chambres","meta":{"footnotes":""},"class_list":["post-6609","page","type-page","status-publish","has-post-thumbnail","hentry"],"_links":{"self":[{"href":"https:\/\/www.odeonhotel.fr\/de\/wp-json\/wp\/v2\/pages\/6609","targetHints":{"allow":["GET"]}}],"collection":[{"href":"https:\/\/www.odeonhotel.fr\/de\/wp-json\/wp\/v2\/pages"}],"about":[{"href":"https:\/\/www.odeonhotel.fr\/de\/wp-json\/wp\/v2\/types\/page"}],"author":[{"embeddable":true,"href":"https:\/\/www.odeonhotel.fr\/de\/wp-json\/wp\/v2\/users\/1"}],"replies":[{"embeddable":true,"href":"https:\/\/www.odeonhotel.fr\/de\/wp-json\/wp\/v2\/comments?post=6609"}],"version-history":[{"count":4,"href":"https:\/\/www.odeonhotel.fr\/de\/wp-json\/wp\/v2\/pages\/6609\/revisions"}],"predecessor-version":[{"id":20920,"href":"https:\/\/www.odeonhotel.fr\/de\/wp-json\/wp\/v2\/pages\/6609\/revisions\/20920"}],"up":[{"embeddable":true,"href":"https:\/\/www.odeonhotel.fr\/de\/wp-json\/wp\/v2\/pages\/6652"}],"wp:featuredmedia":[{"embeddable":true,"href":"https:\/\/www.odeonhotel.fr\/de\/wp-json\/wp\/v2\/media\/15597"}],"wp:attachment":[{"href":"https:\/\/www.odeonhotel.fr\/de\/wp-json\/wp\/v2\/media?parent=6609"}],"curies":[{"name":"wp","href":"https:\/\/api.w.org\/{rel}","templated":true}]}}