{"id":6617,"date":"2023-05-16T12:42:40","date_gmt":"2023-05-16T10:42:40","guid":{"rendered":"http:\/\/www.laperle.tess5418.odns.fr\/shopping\/"},"modified":"2023-10-10T12:04:44","modified_gmt":"2023-10-10T10:04:44","slug":"shopping","status":"publish","type":"page","link":"https:\/\/www.odeonhotel.fr\/de\/paris-besuchen\/shopping\/","title":{"rendered":"Shopping"},"content":{"rendered":"\n<p class=\"has-text-align-justify\">Paris ist ein Einkaufsparadies mit einer Mischung aus High Fashion, kleinen Boutiquen und Vintage-Funden. Entdecken Sie Luxusmarken auf den ber\u00fchmten Champs-\u00c9lys\u00e9es, schicke Boutiquen in Le Marais und st\u00f6bern Sie in den weltber\u00fchmten Kaufh\u00e4usern wie Galeries Lafayette. Paris Shopping verspricht ein unvergessliches Erlebnis.   <\/p>\n\n<div class=\"wp-block-query is-layout-flow wp-block-query-is-layout-flow\"><ul class=\"columns-3 wp-block-post-template is-layout-grid wp-container-core-post-template-is-layout-6d3fbd8f wp-block-post-template-is-layout-grid\"><li class=\"wp-block-post post-8561 post type-post status-publish format-standard has-post-thumbnail hentry category-shopping-de\">\n<figure class=\"bordure-doree image-zoom wp-block-post-featured-image\"><a href=\"https:\/\/www.odeonhotel.fr\/de\/shopping-de\/vanessa-bruno\/\" target=\"_self\"  ><img decoding=\"async\" width=\"1920\" height=\"965\" src=\"https:\/\/www.odeonhotel.fr\/wp-content\/uploads\/2016\/05\/Louis-vuitton.jpg\" class=\"attachment-post-thumbnail size-post-thumbnail wp-post-image\" alt=\"Louis Vuitton\" style=\"object-fit:cover;\" srcset=\"https:\/\/www.odeonhotel.fr\/wp-content\/uploads\/2016\/05\/Louis-vuitton.jpg 1920w, https:\/\/www.odeonhotel.fr\/wp-content\/uploads\/2016\/05\/Louis-vuitton-300x151.jpg 300w, https:\/\/www.odeonhotel.fr\/wp-content\/uploads\/2016\/05\/Louis-vuitton-1024x515.jpg 1024w, https:\/\/www.odeonhotel.fr\/wp-content\/uploads\/2016\/05\/Louis-vuitton-768x386.jpg 768w, https:\/\/www.odeonhotel.fr\/wp-content\/uploads\/2016\/05\/Louis-vuitton-1536x772.jpg 1536w\" sizes=\"(max-width: 1920px) 100vw, 1920px\" title=\"\"><\/a><\/figure>\n\n<h2 class=\"has-text-align-center has-link-color wp-elements-ec4dad56195e23fcce3ffc0f4f79024b wp-block-post-title has-medium-font-size\"><a href=\"https:\/\/www.odeonhotel.fr\/de\/shopping-de\/vanessa-bruno\/\" target=\"_self\" >Louis Vuitton<\/a><\/h2>\n<\/li><li class=\"wp-block-post post-8911 post type-post status-publish format-standard has-post-thumbnail hentry category-shopping-de\">\n<figure class=\"bordure-doree image-zoom wp-block-post-featured-image\"><a href=\"https:\/\/www.odeonhotel.fr\/de\/shopping-de\/la-vallee-village\/\" target=\"_self\"  ><img decoding=\"async\" width=\"1920\" height=\"965\" src=\"https:\/\/www.odeonhotel.fr\/wp-content\/uploads\/2016\/05\/LA-VALLEE-VILLAGE.jpg\" class=\"attachment-post-thumbnail size-post-thumbnail wp-post-image\" alt=\"La Vall\u00e9e Village\" style=\"object-fit:cover;\" srcset=\"https:\/\/www.odeonhotel.fr\/wp-content\/uploads\/2016\/05\/LA-VALLEE-VILLAGE.jpg 1920w, https:\/\/www.odeonhotel.fr\/wp-content\/uploads\/2016\/05\/LA-VALLEE-VILLAGE-300x151.jpg 300w, https:\/\/www.odeonhotel.fr\/wp-content\/uploads\/2016\/05\/LA-VALLEE-VILLAGE-1024x515.jpg 1024w, https:\/\/www.odeonhotel.fr\/wp-content\/uploads\/2016\/05\/LA-VALLEE-VILLAGE-768x386.jpg 768w, https:\/\/www.odeonhotel.fr\/wp-content\/uploads\/2016\/05\/LA-VALLEE-VILLAGE-1536x772.jpg 1536w\" sizes=\"(max-width: 1920px) 100vw, 1920px\" title=\"\"><\/a><\/figure>\n\n<h2 class=\"has-text-align-center has-link-color wp-elements-ec4dad56195e23fcce3ffc0f4f79024b wp-block-post-title has-medium-font-size\"><a href=\"https:\/\/www.odeonhotel.fr\/de\/shopping-de\/la-vallee-village\/\" target=\"_self\" >La Vall\u00e9e Village<\/a><\/h2>\n<\/li><li class=\"wp-block-post post-8927 post type-post status-publish format-standard has-post-thumbnail hentry category-shopping-de\">\n<figure class=\"bordure-doree image-zoom wp-block-post-featured-image\"><a href=\"https:\/\/www.odeonhotel.fr\/de\/shopping-de\/ralph-lauren\/\" target=\"_self\"  ><img decoding=\"async\" width=\"1920\" height=\"965\" src=\"https:\/\/www.odeonhotel.fr\/wp-content\/uploads\/2016\/05\/Shakespeare_and_Company.jpg\" class=\"attachment-post-thumbnail size-post-thumbnail wp-post-image\" alt=\"Shakespeare and company\" style=\"object-fit:cover;\" srcset=\"https:\/\/www.odeonhotel.fr\/wp-content\/uploads\/2016\/05\/Shakespeare_and_Company.jpg 1920w, https:\/\/www.odeonhotel.fr\/wp-content\/uploads\/2016\/05\/Shakespeare_and_Company-300x151.jpg 300w, https:\/\/www.odeonhotel.fr\/wp-content\/uploads\/2016\/05\/Shakespeare_and_Company-1024x515.jpg 1024w, https:\/\/www.odeonhotel.fr\/wp-content\/uploads\/2016\/05\/Shakespeare_and_Company-768x386.jpg 768w, https:\/\/www.odeonhotel.fr\/wp-content\/uploads\/2016\/05\/Shakespeare_and_Company-1536x772.jpg 1536w\" sizes=\"(max-width: 1920px) 100vw, 1920px\" title=\"\"><\/a><\/figure>\n\n<h2 class=\"has-text-align-center has-link-color wp-elements-ec4dad56195e23fcce3ffc0f4f79024b wp-block-post-title has-medium-font-size\"><a href=\"https:\/\/www.odeonhotel.fr\/de\/shopping-de\/ralph-lauren\/\" target=\"_self\" >Shakespeare and company<\/a><\/h2>\n<\/li><li class=\"wp-block-post post-8941 post type-post status-publish format-standard has-post-thumbnail hentry category-shopping-de\">\n<figure class=\"bordure-doree image-zoom wp-block-post-featured-image\"><a href=\"https:\/\/www.odeonhotel.fr\/de\/shopping-de\/louis-vuitton\/\" target=\"_self\"  ><img decoding=\"async\" width=\"1920\" height=\"965\" src=\"https:\/\/www.odeonhotel.fr\/wp-content\/uploads\/2016\/05\/Bouquinistes.jpg\" class=\"attachment-post-thumbnail size-post-thumbnail wp-post-image\" alt=\"Les Bouquinistes\" style=\"object-fit:cover;\" srcset=\"https:\/\/www.odeonhotel.fr\/wp-content\/uploads\/2016\/05\/Bouquinistes.jpg 1920w, https:\/\/www.odeonhotel.fr\/wp-content\/uploads\/2016\/05\/Bouquinistes-300x151.jpg 300w, https:\/\/www.odeonhotel.fr\/wp-content\/uploads\/2016\/05\/Bouquinistes-1024x515.jpg 1024w, https:\/\/www.odeonhotel.fr\/wp-content\/uploads\/2016\/05\/Bouquinistes-768x386.jpg 768w, https:\/\/www.odeonhotel.fr\/wp-content\/uploads\/2016\/05\/Bouquinistes-1536x772.jpg 1536w\" sizes=\"(max-width: 1920px) 100vw, 1920px\" title=\"\"><\/a><\/figure>\n\n<h2 class=\"has-text-align-center has-link-color wp-elements-ec4dad56195e23fcce3ffc0f4f79024b wp-block-post-title has-medium-font-size\"><a href=\"https:\/\/www.odeonhotel.fr\/de\/shopping-de\/louis-vuitton\/\" target=\"_self\" >Les Bouquinistes<\/a><\/h2>\n<\/li><li class=\"wp-block-post post-8955 post type-post status-publish format-standard has-post-thumbnail hentry category-shopping-de\">\n<figure class=\"bordure-doree image-zoom wp-block-post-featured-image\"><a href=\"https:\/\/www.odeonhotel.fr\/de\/shopping-de\/galeries-lafayette\/\" target=\"_self\"  ><img decoding=\"async\" width=\"1920\" height=\"964\" src=\"https:\/\/www.odeonhotel.fr\/wp-content\/uploads\/2026\/03\/Galeries-Lafayette-1920-x-965.jpg\" class=\"attachment-post-thumbnail size-post-thumbnail wp-post-image\" alt=\"Galeries Lafayette\" style=\"object-fit:cover;\" srcset=\"https:\/\/www.odeonhotel.fr\/wp-content\/uploads\/2026\/03\/Galeries-Lafayette-1920-x-965.jpg 1920w, https:\/\/www.odeonhotel.fr\/wp-content\/uploads\/2026\/03\/Galeries-Lafayette-1920-x-965-300x151.jpg 300w, https:\/\/www.odeonhotel.fr\/wp-content\/uploads\/2026\/03\/Galeries-Lafayette-1920-x-965-1024x514.jpg 1024w, https:\/\/www.odeonhotel.fr\/wp-content\/uploads\/2026\/03\/Galeries-Lafayette-1920-x-965-768x386.jpg 768w, https:\/\/www.odeonhotel.fr\/wp-content\/uploads\/2026\/03\/Galeries-Lafayette-1920-x-965-1536x771.jpg 1536w\" sizes=\"(max-width: 1920px) 100vw, 1920px\" title=\"\"><\/a><\/figure>\n\n<h2 class=\"has-text-align-center has-link-color wp-elements-ec4dad56195e23fcce3ffc0f4f79024b wp-block-post-title has-medium-font-size\"><a href=\"https:\/\/www.odeonhotel.fr\/de\/shopping-de\/galeries-lafayette\/\" target=\"_self\" >Galeries Lafayette<\/a><\/h2>\n<\/li><li class=\"wp-block-post post-8969 post type-post status-publish format-standard has-post-thumbnail hentry category-shopping-de\">\n<figure class=\"bordure-doree image-zoom wp-block-post-featured-image\"><a href=\"https:\/\/www.odeonhotel.fr\/de\/shopping-de\/bon-marche\/\" target=\"_self\"  ><img decoding=\"async\" width=\"1920\" height=\"965\" src=\"https:\/\/www.odeonhotel.fr\/wp-content\/uploads\/2016\/05\/Bon-marche.jpg\" class=\"attachment-post-thumbnail size-post-thumbnail wp-post-image\" alt=\"Bon March\u00e9\" style=\"object-fit:cover;\" srcset=\"https:\/\/www.odeonhotel.fr\/wp-content\/uploads\/2016\/05\/Bon-marche.jpg 1920w, https:\/\/www.odeonhotel.fr\/wp-content\/uploads\/2016\/05\/Bon-marche-300x151.jpg 300w, https:\/\/www.odeonhotel.fr\/wp-content\/uploads\/2016\/05\/Bon-marche-1024x515.jpg 1024w, https:\/\/www.odeonhotel.fr\/wp-content\/uploads\/2016\/05\/Bon-marche-768x386.jpg 768w, https:\/\/www.odeonhotel.fr\/wp-content\/uploads\/2016\/05\/Bon-marche-1536x772.jpg 1536w\" sizes=\"(max-width: 1920px) 100vw, 1920px\" title=\"\"><\/a><\/figure>\n\n<h2 class=\"has-text-align-center has-link-color wp-elements-ec4dad56195e23fcce3ffc0f4f79024b wp-block-post-title has-medium-font-size\"><a href=\"https:\/\/www.odeonhotel.fr\/de\/shopping-de\/bon-marche\/\" target=\"_self\" >Bon March\u00e9<\/a><\/h2>\n<\/li><\/ul>\n\n<\/div>\n","protected":false},"excerpt":{"rendered":"<p>Paris ist ein Einkaufsparadies mit einer Mischung aus High Fashion, kleinen Boutiquen und Vintage-Funden. Entdecken Sie Luxusmarken auf den ber\u00fchmten Champs-\u00c9lys\u00e9es, schicke Boutiquen in Le Marais und st\u00f6bern Sie in den weltber\u00fchmten Kaufh\u00e4usern wie Galeries Lafayette. Paris Shopping verspricht ein unvergessliches Erlebnis.<\/p>\n","protected":false},"author":2,"featured_media":9402,"parent":6652,"menu_order":5,"comment_status":"closed","ping_status":"closed","template":"wp-custom-template-le-template-des-chambres","meta":{"footnotes":""},"class_list":["post-6617","page","type-page","status-publish","has-post-thumbnail","hentry"],"_links":{"self":[{"href":"https:\/\/www.odeonhotel.fr\/de\/wp-json\/wp\/v2\/pages\/6617","targetHints":{"allow":["GET"]}}],"collection":[{"href":"https:\/\/www.odeonhotel.fr\/de\/wp-json\/wp\/v2\/pages"}],"about":[{"href":"https:\/\/www.odeonhotel.fr\/de\/wp-json\/wp\/v2\/types\/page"}],"author":[{"embeddable":true,"href":"https:\/\/www.odeonhotel.fr\/de\/wp-json\/wp\/v2\/users\/2"}],"replies":[{"embeddable":true,"href":"https:\/\/www.odeonhotel.fr\/de\/wp-json\/wp\/v2\/comments?post=6617"}],"version-history":[{"count":0,"href":"https:\/\/www.odeonhotel.fr\/de\/wp-json\/wp\/v2\/pages\/6617\/revisions"}],"up":[{"embeddable":true,"href":"https:\/\/www.odeonhotel.fr\/de\/wp-json\/wp\/v2\/pages\/6652"}],"wp:featuredmedia":[{"embeddable":true,"href":"https:\/\/www.odeonhotel.fr\/de\/wp-json\/wp\/v2\/media\/9402"}],"wp:attachment":[{"href":"https:\/\/www.odeonhotel.fr\/de\/wp-json\/wp\/v2\/media?parent=6617"}],"curies":[{"name":"wp","href":"https:\/\/api.w.org\/{rel}","templated":true}]}}