{"id":6638,"date":"2023-05-21T09:40:07","date_gmt":"2023-05-21T07:40:07","guid":{"rendered":"http:\/\/www.laperle.tess5418.odns.fr\/restaurants\/"},"modified":"2023-10-10T11:44:43","modified_gmt":"2023-10-10T09:44:43","slug":"restaurants","status":"publish","type":"page","link":"https:\/\/www.odeonhotel.fr\/de\/paris-besuchen\/restaurants\/","title":{"rendered":"Restaurants"},"content":{"rendered":"\n<p class=\"has-text-align-justify\">Begeben Sie sich auf eine kulinarische Reise nach Paris, wo Sie eine Welt voller gastronomischer K\u00f6stlichkeiten erwartet. Von Michelin-Stern-Restaurants bis hin zu charmanten Bistros und trendigen Caf\u00e9s bietet die Stadt eine vielf\u00e4ltige Restaurantszene. Lassen Sie sich von der exquisiten franz\u00f6sischen K\u00fcche verw\u00f6hnen, genie\u00dfen Sie k\u00f6stliches Geb\u00e4ck und entdecken Sie internationale Geschmacksrichtungen. Die Pariser Restaurants versprechen ein unvergessliches kulinarisches Erlebnis. <\/p>\n\n<div class=\"wp-block-query is-layout-flow wp-block-query-is-layout-flow\"><ul class=\"columns-3 wp-block-post-template is-layout-grid wp-container-core-post-template-is-layout-6d3fbd8f wp-block-post-template-is-layout-grid\"><li class=\"wp-block-post post-8644 post type-post status-publish format-standard has-post-thumbnail hentry category-restaurants-de\">\n<figure class=\"bordure-doree image-zoom wp-block-post-featured-image\"><a href=\"https:\/\/www.odeonhotel.fr\/de\/restaurants-de\/la-mediterranee\/\" target=\"_self\"  ><img decoding=\"async\" width=\"1920\" height=\"965\" src=\"https:\/\/www.odeonhotel.fr\/wp-content\/uploads\/2016\/05\/LES-EDITEURS.jpg\" class=\"attachment-post-thumbnail size-post-thumbnail wp-post-image\" alt=\"Les Editeurs\" style=\"object-fit:cover;\" srcset=\"https:\/\/www.odeonhotel.fr\/wp-content\/uploads\/2016\/05\/LES-EDITEURS.jpg 1920w, https:\/\/www.odeonhotel.fr\/wp-content\/uploads\/2016\/05\/LES-EDITEURS-300x151.jpg 300w, https:\/\/www.odeonhotel.fr\/wp-content\/uploads\/2016\/05\/LES-EDITEURS-1024x515.jpg 1024w, https:\/\/www.odeonhotel.fr\/wp-content\/uploads\/2016\/05\/LES-EDITEURS-768x386.jpg 768w, https:\/\/www.odeonhotel.fr\/wp-content\/uploads\/2016\/05\/LES-EDITEURS-1536x772.jpg 1536w\" sizes=\"(max-width: 1920px) 100vw, 1920px\" title=\"\"><span class=\"wp-block-post-featured-image__overlay has-background-dim has-background-dim-10\" style=\"\" aria-hidden=\"true\"><\/span><\/a><\/figure>\n\n<h2 class=\"has-text-align-center has-link-color wp-elements-ec4dad56195e23fcce3ffc0f4f79024b wp-block-post-title has-medium-font-size\"><a href=\"https:\/\/www.odeonhotel.fr\/de\/restaurants-de\/la-mediterranee\/\" target=\"_self\" >Les Editeurs<\/a><\/h2>\n<\/li><li class=\"wp-block-post post-8658 post type-post status-publish format-standard has-post-thumbnail hentry category-restaurants-de\">\n<figure class=\"bordure-doree image-zoom wp-block-post-featured-image\"><a href=\"https:\/\/www.odeonhotel.fr\/de\/restaurants-de\/vagenende\/\" target=\"_self\"  ><img decoding=\"async\" width=\"1920\" height=\"965\" src=\"https:\/\/www.odeonhotel.fr\/wp-content\/uploads\/2016\/05\/COMPTOIR-DU-RELAIS.jpg\" class=\"attachment-post-thumbnail size-post-thumbnail wp-post-image\" alt=\"Le comptoir du relais\" style=\"object-fit:cover;\" srcset=\"https:\/\/www.odeonhotel.fr\/wp-content\/uploads\/2016\/05\/COMPTOIR-DU-RELAIS.jpg 1920w, https:\/\/www.odeonhotel.fr\/wp-content\/uploads\/2016\/05\/COMPTOIR-DU-RELAIS-300x151.jpg 300w, https:\/\/www.odeonhotel.fr\/wp-content\/uploads\/2016\/05\/COMPTOIR-DU-RELAIS-1024x515.jpg 1024w, https:\/\/www.odeonhotel.fr\/wp-content\/uploads\/2016\/05\/COMPTOIR-DU-RELAIS-768x386.jpg 768w, https:\/\/www.odeonhotel.fr\/wp-content\/uploads\/2016\/05\/COMPTOIR-DU-RELAIS-1536x772.jpg 1536w\" sizes=\"(max-width: 1920px) 100vw, 1920px\" title=\"\"><span class=\"wp-block-post-featured-image__overlay has-background-dim has-background-dim-10\" style=\"\" aria-hidden=\"true\"><\/span><\/a><\/figure>\n\n<h2 class=\"has-text-align-center has-link-color wp-elements-ec4dad56195e23fcce3ffc0f4f79024b wp-block-post-title has-medium-font-size\"><a href=\"https:\/\/www.odeonhotel.fr\/de\/restaurants-de\/vagenende\/\" target=\"_self\" >Le comptoir du relais<\/a><\/h2>\n<\/li><li class=\"wp-block-post post-8677 post type-post status-publish format-standard has-post-thumbnail hentry category-restaurants-de\">\n<figure class=\"bordure-doree image-zoom wp-block-post-featured-image\"><a href=\"https:\/\/www.odeonhotel.fr\/de\/restaurants-de\/la-cuisine-de-philippe\/\" target=\"_self\"  ><img decoding=\"async\" width=\"1920\" height=\"965\" src=\"https:\/\/www.odeonhotel.fr\/wp-content\/uploads\/2016\/05\/Marco-polo.jpg\" class=\"attachment-post-thumbnail size-post-thumbnail wp-post-image\" alt=\"Marco Polo\" style=\"object-fit:cover;\" srcset=\"https:\/\/www.odeonhotel.fr\/wp-content\/uploads\/2016\/05\/Marco-polo.jpg 1920w, https:\/\/www.odeonhotel.fr\/wp-content\/uploads\/2016\/05\/Marco-polo-300x151.jpg 300w, https:\/\/www.odeonhotel.fr\/wp-content\/uploads\/2016\/05\/Marco-polo-1024x515.jpg 1024w, https:\/\/www.odeonhotel.fr\/wp-content\/uploads\/2016\/05\/Marco-polo-768x386.jpg 768w, https:\/\/www.odeonhotel.fr\/wp-content\/uploads\/2016\/05\/Marco-polo-1536x772.jpg 1536w\" sizes=\"(max-width: 1920px) 100vw, 1920px\" title=\"\"><span class=\"wp-block-post-featured-image__overlay has-background-dim has-background-dim-10\" style=\"\" aria-hidden=\"true\"><\/span><\/a><\/figure>\n\n<h2 class=\"has-text-align-center has-link-color wp-elements-ec4dad56195e23fcce3ffc0f4f79024b wp-block-post-title has-medium-font-size\"><a href=\"https:\/\/www.odeonhotel.fr\/de\/restaurants-de\/la-cuisine-de-philippe\/\" target=\"_self\" >Marco Polo<\/a><\/h2>\n<\/li><li class=\"wp-block-post post-8715 post type-post status-publish format-standard has-post-thumbnail hentry category-restaurants-de\">\n<figure class=\"bordure-doree image-zoom wp-block-post-featured-image\"><a href=\"https:\/\/www.odeonhotel.fr\/de\/restaurants-de\/chez-fernand\/\" target=\"_self\"  ><img decoding=\"async\" width=\"1920\" height=\"965\" src=\"https:\/\/www.odeonhotel.fr\/wp-content\/uploads\/2016\/05\/PROCOPE.jpg\" class=\"attachment-post-thumbnail size-post-thumbnail wp-post-image\" alt=\"Le Procope\" style=\"object-fit:cover;\" srcset=\"https:\/\/www.odeonhotel.fr\/wp-content\/uploads\/2016\/05\/PROCOPE.jpg 1920w, https:\/\/www.odeonhotel.fr\/wp-content\/uploads\/2016\/05\/PROCOPE-300x151.jpg 300w, https:\/\/www.odeonhotel.fr\/wp-content\/uploads\/2016\/05\/PROCOPE-1024x515.jpg 1024w, https:\/\/www.odeonhotel.fr\/wp-content\/uploads\/2016\/05\/PROCOPE-768x386.jpg 768w, https:\/\/www.odeonhotel.fr\/wp-content\/uploads\/2016\/05\/PROCOPE-1536x772.jpg 1536w\" sizes=\"(max-width: 1920px) 100vw, 1920px\" title=\"\"><span class=\"wp-block-post-featured-image__overlay has-background-dim has-background-dim-10\" style=\"\" aria-hidden=\"true\"><\/span><\/a><\/figure>\n\n<h2 class=\"has-text-align-center has-link-color wp-elements-ec4dad56195e23fcce3ffc0f4f79024b wp-block-post-title has-medium-font-size\"><a href=\"https:\/\/www.odeonhotel.fr\/de\/restaurants-de\/chez-fernand\/\" target=\"_self\" >Le Procope<\/a><\/h2>\n<\/li><li class=\"wp-block-post post-8730 post type-post status-publish format-standard has-post-thumbnail hentry category-restaurants-de\">\n<figure class=\"bordure-doree image-zoom wp-block-post-featured-image\"><a href=\"https:\/\/www.odeonhotel.fr\/de\/restaurants-de\/atelier-rouliere\/\" target=\"_self\"  ><img decoding=\"async\" width=\"1920\" height=\"965\" src=\"https:\/\/www.odeonhotel.fr\/wp-content\/uploads\/2016\/05\/VAGENENDE.jpg\" class=\"attachment-post-thumbnail size-post-thumbnail wp-post-image\" alt=\"Vagenende\" style=\"object-fit:cover;\" srcset=\"https:\/\/www.odeonhotel.fr\/wp-content\/uploads\/2016\/05\/VAGENENDE.jpg 1920w, https:\/\/www.odeonhotel.fr\/wp-content\/uploads\/2016\/05\/VAGENENDE-300x151.jpg 300w, https:\/\/www.odeonhotel.fr\/wp-content\/uploads\/2016\/05\/VAGENENDE-1024x515.jpg 1024w, https:\/\/www.odeonhotel.fr\/wp-content\/uploads\/2016\/05\/VAGENENDE-768x386.jpg 768w, https:\/\/www.odeonhotel.fr\/wp-content\/uploads\/2016\/05\/VAGENENDE-1536x772.jpg 1536w\" sizes=\"(max-width: 1920px) 100vw, 1920px\" title=\"\"><span class=\"wp-block-post-featured-image__overlay has-background-dim has-background-dim-10\" style=\"\" aria-hidden=\"true\"><\/span><\/a><\/figure>\n\n<h2 class=\"has-text-align-center has-link-color wp-elements-ec4dad56195e23fcce3ffc0f4f79024b wp-block-post-title has-medium-font-size\"><a href=\"https:\/\/www.odeonhotel.fr\/de\/restaurants-de\/atelier-rouliere\/\" target=\"_self\" >Vagenende<\/a><\/h2>\n<\/li><\/ul>\n\n<\/div>\n","protected":false},"excerpt":{"rendered":"<p>Begeben Sie sich auf eine kulinarische Reise nach Paris, wo Sie eine Welt voller gastronomischer K\u00f6stlichkeiten erwartet. Von Michelin-Stern-Restaurants bis hin zu charmanten Bistros und trendigen Caf\u00e9s bietet die Stadt eine vielf\u00e4ltige Restaurantszene. Lassen Sie sich von der exquisiten franz\u00f6sischen K\u00fcche verw\u00f6hnen, genie\u00dfen Sie k\u00f6stliches Geb\u00e4ck und entdecken Sie internationale Geschmacksrichtungen. Die Pariser Restaurants versprechen [&hellip;]<\/p>\n","protected":false},"author":2,"featured_media":6175,"parent":6652,"menu_order":0,"comment_status":"closed","ping_status":"closed","template":"wp-custom-template-le-template-des-chambres","meta":{"footnotes":""},"class_list":["post-6638","page","type-page","status-publish","has-post-thumbnail","hentry"],"_links":{"self":[{"href":"https:\/\/www.odeonhotel.fr\/de\/wp-json\/wp\/v2\/pages\/6638","targetHints":{"allow":["GET"]}}],"collection":[{"href":"https:\/\/www.odeonhotel.fr\/de\/wp-json\/wp\/v2\/pages"}],"about":[{"href":"https:\/\/www.odeonhotel.fr\/de\/wp-json\/wp\/v2\/types\/page"}],"author":[{"embeddable":true,"href":"https:\/\/www.odeonhotel.fr\/de\/wp-json\/wp\/v2\/users\/2"}],"replies":[{"embeddable":true,"href":"https:\/\/www.odeonhotel.fr\/de\/wp-json\/wp\/v2\/comments?post=6638"}],"version-history":[{"count":0,"href":"https:\/\/www.odeonhotel.fr\/de\/wp-json\/wp\/v2\/pages\/6638\/revisions"}],"up":[{"embeddable":true,"href":"https:\/\/www.odeonhotel.fr\/de\/wp-json\/wp\/v2\/pages\/6652"}],"wp:featuredmedia":[{"embeddable":true,"href":"https:\/\/www.odeonhotel.fr\/de\/wp-json\/wp\/v2\/media\/6175"}],"wp:attachment":[{"href":"https:\/\/www.odeonhotel.fr\/de\/wp-json\/wp\/v2\/media?parent=6638"}],"curies":[{"name":"wp","href":"https:\/\/api.w.org\/{rel}","templated":true}]}}