{"id":6644,"date":"2023-05-16T12:35:09","date_gmt":"2023-05-16T10:35:09","guid":{"rendered":"http:\/\/www.laperle.tess5418.odns.fr\/monuments\/"},"modified":"2026-03-25T00:38:25","modified_gmt":"2026-03-24T23:38:25","slug":"monuments","status":"publish","type":"page","link":"https:\/\/www.odeonhotel.fr\/de\/paris-besuchen\/monuments\/","title":{"rendered":"Monuments"},"content":{"rendered":"\n<p class=\"rank-math-breadcrumb has-contrast-color has-text-color has-link-color wp-elements-3c69b20eff2c5c349623c8e42e9f475d\" style=\"margin-right:3%;margin-left:3%\">Sie befinden sich hier : <a href=\"\/de\/\">Home<\/a> \u00bb <a href=\"\/de\/visit-paris\/\">Besuchen Paris<\/a><\/p>\n\n<h1 class=\"wp-block-heading has-text-align-center\" style=\"margin-top:0;margin-right:0;margin-bottom:0;margin-left:0;padding-top:var(--wp--preset--spacing--40);padding-right:0;padding-bottom:0;padding-left:0;font-size:clamp(30.693px, 1.918rem + ((1vw - 3.2px) * 2.649), 54px);letter-spacing:-1px\">Monuments<\/h1>\n\n<div class=\"wp-block-columns is-layout-flex wp-container-core-columns-is-layout-66a182f9 wp-block-columns-is-layout-flex\" style=\"margin-top:0;margin-bottom:0;padding-top:var(--wp--preset--spacing--30);padding-right:0;padding-bottom:var(--wp--preset--spacing--40);padding-left:0\">\n<div class=\"wp-block-column is-layout-flow wp-block-column-is-layout-flow\" style=\"--col-width:100%;padding-right:3%;padding-left:3%;flex-basis:100%\">\n<p class=\"has-text-align-center\" style=\"padding-right:0;padding-left:0\">Erleben Sie die Erhabenheit von Paris anhand seiner ikonischen Monumente. Vom majest\u00e4tischen Eiffelturm bis zu den historischen Br\u00fccken erz\u00e4hlt jedes Monument eine Geschichte von Kunst, Geschichte und architektonischer Brillanz. Bewundern Sie die zeitlose Sch\u00f6nheit der Kathedrale Notre-Dame, spazieren Sie durch das opulente Schloss von Versailles und lassen Sie sich vom Arc de Triomphe verzaubern. Die Denkm\u00e4ler von Paris sind ein Zeugnis des reichen kulturellen Erbes der Stadt.<\/p>\n<\/div>\n<\/div>\n\n<div class=\"wp-block-query is-layout-flow wp-block-query-is-layout-flow\"><ul style=\"padding-right:var(--wp--preset--spacing--30);padding-left:var(--wp--preset--spacing--30);\" class=\"columns-3 wp-block-post-template is-layout-grid wp-container-core-post-template-is-layout-2b4f8fd7 wp-block-post-template-is-layout-grid\"><li class=\"wp-block-post post-8819 post type-post status-publish format-standard has-post-thumbnail hentry category-monuments-de\">\n<figure class=\"image-zoom wp-block-post-featured-image\"><a href=\"https:\/\/www.odeonhotel.fr\/de\/monuments-de\/die-bruecken-von-paris\/\" target=\"_self\"  ><img decoding=\"async\" width=\"1920\" height=\"965\" src=\"https:\/\/www.odeonhotel.fr\/wp-content\/uploads\/2026\/01\/ponts.jpg\" class=\"has-border-color has-primary-border-color wp-post-image\" alt=\"Die Br\u00fccken von Paris\" style=\"border-width:5px;object-fit:cover;\" srcset=\"https:\/\/www.odeonhotel.fr\/wp-content\/uploads\/2026\/01\/ponts.jpg 1920w, https:\/\/www.odeonhotel.fr\/wp-content\/uploads\/2026\/01\/ponts-300x151.jpg 300w, https:\/\/www.odeonhotel.fr\/wp-content\/uploads\/2026\/01\/ponts-1024x515.jpg 1024w, https:\/\/www.odeonhotel.fr\/wp-content\/uploads\/2026\/01\/ponts-768x386.jpg 768w, https:\/\/www.odeonhotel.fr\/wp-content\/uploads\/2026\/01\/ponts-1536x772.jpg 1536w\" sizes=\"(max-width: 1920px) 100vw, 1920px\" title=\"\"><\/a><\/figure>\n\n<h1 style=\"font-size:clamp(16.293px, 1.018rem + ((1vw - 3.2px) * 0.989), 25px);font-style:normal;font-weight:400;letter-spacing:-1px; padding-top:0;padding-bottom:0;margin-top:5px;\" class=\"has-text-align-center has-link-color wp-elements-a3ce7be901921f7189e03a8faf4a104b wp-block-post-title has-text-color has-primary-color has-libre-caslon-text-font-family\"><a href=\"https:\/\/www.odeonhotel.fr\/de\/monuments-de\/die-bruecken-von-paris\/\" target=\"_self\" >Die Br\u00fccken von Paris<\/a><\/h1>\n<\/li><li class=\"wp-block-post post-8590 post type-post status-publish format-standard has-post-thumbnail hentry category-monuments-de\">\n<figure class=\"image-zoom wp-block-post-featured-image\"><a href=\"https:\/\/www.odeonhotel.fr\/de\/monuments-de\/der-triumphbogen\/\" target=\"_self\"  ><img decoding=\"async\" width=\"1920\" height=\"965\" src=\"https:\/\/www.odeonhotel.fr\/wp-content\/uploads\/2026\/01\/arc-triomphe.jpg\" class=\"has-border-color has-primary-border-color wp-post-image\" alt=\"Der Triumphbogen\" style=\"border-width:5px;object-fit:cover;\" srcset=\"https:\/\/www.odeonhotel.fr\/wp-content\/uploads\/2026\/01\/arc-triomphe.jpg 1920w, https:\/\/www.odeonhotel.fr\/wp-content\/uploads\/2026\/01\/arc-triomphe-300x151.jpg 300w, https:\/\/www.odeonhotel.fr\/wp-content\/uploads\/2026\/01\/arc-triomphe-1024x515.jpg 1024w, https:\/\/www.odeonhotel.fr\/wp-content\/uploads\/2026\/01\/arc-triomphe-768x386.jpg 768w, https:\/\/www.odeonhotel.fr\/wp-content\/uploads\/2026\/01\/arc-triomphe-1536x772.jpg 1536w\" sizes=\"(max-width: 1920px) 100vw, 1920px\" title=\"\"><\/a><\/figure>\n\n<h1 style=\"font-size:clamp(16.293px, 1.018rem + ((1vw - 3.2px) * 0.989), 25px);font-style:normal;font-weight:400;letter-spacing:-1px; padding-top:0;padding-bottom:0;margin-top:5px;\" class=\"has-text-align-center has-link-color wp-elements-a3ce7be901921f7189e03a8faf4a104b wp-block-post-title has-text-color has-primary-color has-libre-caslon-text-font-family\"><a href=\"https:\/\/www.odeonhotel.fr\/de\/monuments-de\/der-triumphbogen\/\" target=\"_self\" >Der Triumphbogen<\/a><\/h1>\n<\/li><li class=\"wp-block-post post-8749 post type-post status-publish format-standard has-post-thumbnail hentry category-monuments-de\">\n<figure class=\"image-zoom wp-block-post-featured-image\"><a href=\"https:\/\/www.odeonhotel.fr\/de\/monuments-de\/das-schloss-von-versailles\/\" target=\"_self\"  ><img decoding=\"async\" width=\"1920\" height=\"965\" src=\"https:\/\/www.odeonhotel.fr\/wp-content\/uploads\/2026\/01\/Chateau-versaille.jpg\" class=\"has-border-color has-primary-border-color wp-post-image\" alt=\"Das Schloss von Versailles\" style=\"border-width:5px;object-fit:cover;\" srcset=\"https:\/\/www.odeonhotel.fr\/wp-content\/uploads\/2026\/01\/Chateau-versaille.jpg 1920w, https:\/\/www.odeonhotel.fr\/wp-content\/uploads\/2026\/01\/Chateau-versaille-300x151.jpg 300w, https:\/\/www.odeonhotel.fr\/wp-content\/uploads\/2026\/01\/Chateau-versaille-1024x515.jpg 1024w, https:\/\/www.odeonhotel.fr\/wp-content\/uploads\/2026\/01\/Chateau-versaille-768x386.jpg 768w, https:\/\/www.odeonhotel.fr\/wp-content\/uploads\/2026\/01\/Chateau-versaille-1536x772.jpg 1536w\" sizes=\"(max-width: 1920px) 100vw, 1920px\" title=\"\"><\/a><\/figure>\n\n<h1 style=\"font-size:clamp(16.293px, 1.018rem + ((1vw - 3.2px) * 0.989), 25px);font-style:normal;font-weight:400;letter-spacing:-1px; padding-top:0;padding-bottom:0;margin-top:5px;\" class=\"has-text-align-center has-link-color wp-elements-a3ce7be901921f7189e03a8faf4a104b wp-block-post-title has-text-color has-primary-color has-libre-caslon-text-font-family\"><a href=\"https:\/\/www.odeonhotel.fr\/de\/monuments-de\/das-schloss-von-versailles\/\" target=\"_self\" >Das Schloss von Versailles<\/a><\/h1>\n<\/li><li class=\"wp-block-post post-8771 post type-post status-publish format-standard has-post-thumbnail hentry category-monuments-de\">\n<figure class=\"image-zoom wp-block-post-featured-image\"><a href=\"https:\/\/www.odeonhotel.fr\/de\/monuments-de\/sacre-coeur\/\" target=\"_self\"  ><img decoding=\"async\" width=\"1920\" height=\"965\" src=\"https:\/\/www.odeonhotel.fr\/wp-content\/uploads\/2026\/01\/sacre-coeur.jpg\" class=\"has-border-color has-primary-border-color wp-post-image\" alt=\"Sacr\u00e9 Coeur\" style=\"border-width:5px;object-fit:cover;\" srcset=\"https:\/\/www.odeonhotel.fr\/wp-content\/uploads\/2026\/01\/sacre-coeur.jpg 1920w, https:\/\/www.odeonhotel.fr\/wp-content\/uploads\/2026\/01\/sacre-coeur-300x151.jpg 300w, https:\/\/www.odeonhotel.fr\/wp-content\/uploads\/2026\/01\/sacre-coeur-1024x515.jpg 1024w, https:\/\/www.odeonhotel.fr\/wp-content\/uploads\/2026\/01\/sacre-coeur-768x386.jpg 768w, https:\/\/www.odeonhotel.fr\/wp-content\/uploads\/2026\/01\/sacre-coeur-1536x772.jpg 1536w\" sizes=\"(max-width: 1920px) 100vw, 1920px\" title=\"\"><\/a><\/figure>\n\n<h1 style=\"font-size:clamp(16.293px, 1.018rem + ((1vw - 3.2px) * 0.989), 25px);font-style:normal;font-weight:400;letter-spacing:-1px; padding-top:0;padding-bottom:0;margin-top:5px;\" class=\"has-text-align-center has-link-color wp-elements-a3ce7be901921f7189e03a8faf4a104b wp-block-post-title has-text-color has-primary-color has-libre-caslon-text-font-family\"><a href=\"https:\/\/www.odeonhotel.fr\/de\/monuments-de\/sacre-coeur\/\" target=\"_self\" >Sacr\u00e9 Coeur<\/a><\/h1>\n<\/li><li class=\"wp-block-post post-8799 post type-post status-publish format-standard has-post-thumbnail hentry category-monuments-de\">\n<figure class=\"image-zoom wp-block-post-featured-image\"><a href=\"https:\/\/www.odeonhotel.fr\/de\/monuments-de\/notre-dame-de-paris\/\" target=\"_self\"  ><img decoding=\"async\" width=\"1920\" height=\"965\" src=\"https:\/\/www.odeonhotel.fr\/wp-content\/uploads\/2026\/01\/notre-dame.jpg\" class=\"has-border-color has-primary-border-color wp-post-image\" alt=\"Notre Dame de Paris\" style=\"border-width:5px;object-fit:cover;\" srcset=\"https:\/\/www.odeonhotel.fr\/wp-content\/uploads\/2026\/01\/notre-dame.jpg 1920w, https:\/\/www.odeonhotel.fr\/wp-content\/uploads\/2026\/01\/notre-dame-300x151.jpg 300w, https:\/\/www.odeonhotel.fr\/wp-content\/uploads\/2026\/01\/notre-dame-1024x515.jpg 1024w, https:\/\/www.odeonhotel.fr\/wp-content\/uploads\/2026\/01\/notre-dame-768x386.jpg 768w, https:\/\/www.odeonhotel.fr\/wp-content\/uploads\/2026\/01\/notre-dame-1536x772.jpg 1536w\" sizes=\"(max-width: 1920px) 100vw, 1920px\" title=\"\"><\/a><\/figure>\n\n<h1 style=\"font-size:clamp(16.293px, 1.018rem + ((1vw - 3.2px) * 0.989), 25px);font-style:normal;font-weight:400;letter-spacing:-1px; padding-top:0;padding-bottom:0;margin-top:5px;\" class=\"has-text-align-center has-link-color wp-elements-a3ce7be901921f7189e03a8faf4a104b wp-block-post-title has-text-color has-primary-color has-libre-caslon-text-font-family\"><a href=\"https:\/\/www.odeonhotel.fr\/de\/monuments-de\/notre-dame-de-paris\/\" target=\"_self\" >Notre Dame de Paris<\/a><\/h1>\n<\/li><li class=\"wp-block-post post-8785 post type-post status-publish format-standard has-post-thumbnail hentry category-monuments-de\">\n<figure class=\"image-zoom wp-block-post-featured-image\"><a href=\"https:\/\/www.odeonhotel.fr\/de\/monuments-de\/der-eiffelturm\/\" target=\"_self\"  ><img decoding=\"async\" width=\"1920\" height=\"965\" src=\"https:\/\/www.odeonhotel.fr\/wp-content\/uploads\/2026\/01\/tour-eiffel.jpg\" class=\"has-border-color has-primary-border-color wp-post-image\" alt=\"Der Eiffelturm\" style=\"border-width:5px;object-fit:cover;\" srcset=\"https:\/\/www.odeonhotel.fr\/wp-content\/uploads\/2026\/01\/tour-eiffel.jpg 1920w, https:\/\/www.odeonhotel.fr\/wp-content\/uploads\/2026\/01\/tour-eiffel-300x151.jpg 300w, https:\/\/www.odeonhotel.fr\/wp-content\/uploads\/2026\/01\/tour-eiffel-1024x515.jpg 1024w, https:\/\/www.odeonhotel.fr\/wp-content\/uploads\/2026\/01\/tour-eiffel-768x386.jpg 768w, https:\/\/www.odeonhotel.fr\/wp-content\/uploads\/2026\/01\/tour-eiffel-1536x772.jpg 1536w\" sizes=\"(max-width: 1920px) 100vw, 1920px\" title=\"\"><\/a><\/figure>\n\n<h1 style=\"font-size:clamp(16.293px, 1.018rem + ((1vw - 3.2px) * 0.989), 25px);font-style:normal;font-weight:400;letter-spacing:-1px; padding-top:0;padding-bottom:0;margin-top:5px;\" class=\"has-text-align-center has-link-color wp-elements-a3ce7be901921f7189e03a8faf4a104b wp-block-post-title has-text-color has-primary-color has-libre-caslon-text-font-family\"><a href=\"https:\/\/www.odeonhotel.fr\/de\/monuments-de\/der-eiffelturm\/\" target=\"_self\" >Der Eiffelturm<\/a><\/h1>\n<\/li><\/ul>\n\n<\/div>\n\n<div style=\"height:40px\" aria-hidden=\"true\" class=\"wp-block-spacer\"><\/div>\n","protected":false},"excerpt":{"rendered":"<p>Sie befinden sich hier : Home \u00bb Besuchen Paris Monuments Erleben Sie die Erhabenheit von Paris anhand seiner ikonischen Monumente. Vom majest\u00e4tischen Eiffelturm bis zu den historischen Br\u00fccken erz\u00e4hlt jedes Monument eine Geschichte von Kunst, Geschichte und architektonischer Brillanz. Bewundern Sie die zeitlose Sch\u00f6nheit der Kathedrale Notre-Dame, spazieren Sie durch das opulente Schloss von Versailles [&hellip;]<\/p>\n","protected":false},"author":1,"featured_media":24401,"parent":6652,"menu_order":1,"comment_status":"closed","ping_status":"closed","template":"","meta":{"footnotes":""},"class_list":["post-6644","page","type-page","status-publish","has-post-thumbnail","hentry"],"_links":{"self":[{"href":"https:\/\/www.odeonhotel.fr\/de\/wp-json\/wp\/v2\/pages\/6644","targetHints":{"allow":["GET"]}}],"collection":[{"href":"https:\/\/www.odeonhotel.fr\/de\/wp-json\/wp\/v2\/pages"}],"about":[{"href":"https:\/\/www.odeonhotel.fr\/de\/wp-json\/wp\/v2\/types\/page"}],"author":[{"embeddable":true,"href":"https:\/\/www.odeonhotel.fr\/de\/wp-json\/wp\/v2\/users\/1"}],"replies":[{"embeddable":true,"href":"https:\/\/www.odeonhotel.fr\/de\/wp-json\/wp\/v2\/comments?post=6644"}],"version-history":[{"count":4,"href":"https:\/\/www.odeonhotel.fr\/de\/wp-json\/wp\/v2\/pages\/6644\/revisions"}],"predecessor-version":[{"id":25616,"href":"https:\/\/www.odeonhotel.fr\/de\/wp-json\/wp\/v2\/pages\/6644\/revisions\/25616"}],"up":[{"embeddable":true,"href":"https:\/\/www.odeonhotel.fr\/de\/wp-json\/wp\/v2\/pages\/6652"}],"wp:featuredmedia":[{"embeddable":true,"href":"https:\/\/www.odeonhotel.fr\/de\/wp-json\/wp\/v2\/media\/24401"}],"wp:attachment":[{"href":"https:\/\/www.odeonhotel.fr\/de\/wp-json\/wp\/v2\/media?parent=6644"}],"curies":[{"name":"wp","href":"https:\/\/api.w.org\/{rel}","templated":true}]}}