{"id":6705,"date":"2023-05-05T12:46:44","date_gmt":"2023-05-05T10:46:44","guid":{"rendered":"http:\/\/www.laperle.tess5418.odns.fr\/dienstlastungen\/"},"modified":"2026-04-07T11:51:40","modified_gmt":"2026-04-07T09:51:40","slug":"dienstlastungen","status":"publish","type":"page","link":"https:\/\/www.odeonhotel.fr\/de\/dienstlastungen\/","title":{"rendered":"Dienstlastungen"},"content":{"rendered":"\n<h1 class=\"wp-block-heading has-text-align-center\" style=\"margin-top:0;margin-right:0;margin-bottom:0;margin-left:0;padding-top:var(--wp--preset--spacing--50);padding-right:0;padding-bottom:0;padding-left:0;font-size:clamp(30.693px, 1.918rem + ((1vw - 3.2px) * 2.649), 54px);letter-spacing:-1px\">Hotel Services<\/h1>\n\n<div class=\"wp-block-columns is-layout-flex wp-container-core-columns-is-layout-66a182f9 wp-block-columns-is-layout-flex\" style=\"margin-top:0;margin-bottom:0;padding-top:var(--wp--preset--spacing--30);padding-right:0;padding-bottom:var(--wp--preset--spacing--40);padding-left:0\">\n<div class=\"wp-block-column is-layout-flow wp-block-column-is-layout-flow\"><\/div>\n\n\n\n<div class=\"wp-block-column is-layout-flow wp-block-column-is-layout-flow\" style=\"--col-width:60%;flex-basis:60%\">\n<p class=\"has-text-align-center\" style=\"padding-right:var(--wp--preset--spacing--30);padding-left:var(--wp--preset--spacing--30)\">Hochwertige Dienstleistungen gepaart mit der Pariser Atmosph\u00e4re f\u00fcr einen unvergesslichen Aufenthalt in der franz\u00f6sischen Hauptstadt.<br\/>Alle unsere Zimmer verf\u00fcgen \u00fcber kostenlosen WLAN-Zugang. Wir haben kein behindertengerechtes Zimmer.<br\/>In unserem Fr\u00fchst\u00fccksraum steht Ihnen t\u00e4glich ab 11 Uhr ein Coworking Space zur Verf\u00fcgung.   <\/p>\n<\/div>\n\n\n\n<div class=\"wp-block-column is-layout-flow wp-block-column-is-layout-flow\"><\/div>\n<\/div>\n\n<div style=\"height:19px\" aria-hidden=\"true\" class=\"wp-block-spacer\"><\/div>\n\n<div class=\"wp-block-columns is-layout-flex wp-container-core-columns-is-layout-960d6821 wp-block-columns-is-layout-flex tw-block-animation tw-animation-fade-in-up tw-duration-5\" style=\"margin-top:0;margin-bottom:var(--wp--preset--spacing--40);padding-top:0;padding-right:0;padding-bottom:0;padding-left:0\">\n<div class=\"wp-block-column is-layout-flow wp-container-core-column-is-layout-43f3b71b wp-block-column-is-layout-flow\" style=\"--col-width:55%;padding-top:var(--wp--preset--spacing--30);padding-right:0;padding-bottom:0;padding-left:0;flex-basis:55%\">\n<h2 class=\"wp-block-heading has-text-align-left tw-lg-hidden tw-md-hidden has-primary-color has-text-color has-link-color wp-elements-422b7320bf5f69a28222bd3c7eb0d752\" style=\"margin-top:0;margin-bottom:15px;padding-top:0;padding-bottom:0;padding-left:var(--wp--preset--spacing--30);font-size:clamp(21.536px, 1.346rem + ((1vw - 3.2px) * 1.53), 35px);letter-spacing:-1px\">Rezeption<\/h2>\n\n\n\n<div class=\"wp-block-cover aligncenter is-light\" style=\"margin-top:0;margin-bottom:0;padding-top:0;padding-bottom:0;min-height:500px;aspect-ratio:unset;\"><img decoding=\"async\" width=\"830\" height=\"520\" sizes=\"(max-width: 799px) 200vw, (max-width: 830px) 100vw, 830px\" class=\"wp-block-cover__image-background wp-image-22852\" alt=\"\" src=\"http:\/\/odeonhotel.fr\/wp-content\/uploads\/2025\/10\/Reception-odeon-hotel-paris.jpg\" data-object-fit=\"cover\" title=\"\" srcset=\"https:\/\/www.odeonhotel.fr\/wp-content\/uploads\/2025\/10\/Reception-odeon-hotel-paris.jpg 830w, https:\/\/www.odeonhotel.fr\/wp-content\/uploads\/2025\/10\/Reception-odeon-hotel-paris-300x188.jpg 300w, https:\/\/www.odeonhotel.fr\/wp-content\/uploads\/2025\/10\/Reception-odeon-hotel-paris-768x481.jpg 768w\" \/><span aria-hidden=\"true\" class=\"wp-block-cover__background has-background-dim-0 has-background-dim\"><\/span><div class=\"wp-block-cover__inner-container is-layout-flow wp-block-cover-is-layout-flow\">\n<p class=\"has-text-align-center has-large-font-size\"><\/p>\n<\/div><\/div>\n<\/div>\n\n\n\n<div class=\"wp-block-column is-vertically-aligned-center is-layout-flow wp-container-core-column-is-layout-96d94fa1 wp-block-column-is-layout-flow\" style=\"padding-top:0;padding-right:var(--wp--preset--spacing--30);padding-bottom:0;padding-left:var(--wp--preset--spacing--30)\">\n<h2 class=\"wp-block-heading has-text-align-left tw-sm-hidden has-primary-color has-text-color has-link-color wp-elements-c271ffaf6a76c268ee19c7b7e27a9f8d\" style=\"margin-top:0;margin-bottom:10px;padding-top:0;padding-bottom:0;font-size:clamp(21.536px, 1.346rem + ((1vw - 3.2px) * 1.53), 35px);letter-spacing:-1px\">Rezeption<\/h2>\n\n\n\n<p style=\"margin-top:15px;margin-bottom:0px;padding-top:0;padding-bottom:0\">Das Personal des ODEON HOTEL steht Ihnen bei der Reservierung und f\u00fcr die Dauer Ihres Aufenthalts zur Verf\u00fcgung, um sicherzustellen, dass die Zeit, die Sie als unser Gast verbringen, so zufriedenstellend, gut organisiert und so angenehm wie m\u00f6glich verl\u00e4uft. Wir beraten Sie, wie Sie Paris am besten genie\u00dfen k\u00f6nnen, und teilen mit Ihnen unsere fundierten Kenntnisse \u00fcber die wichtigsten Sehensw\u00fcrdigkeiten in Saint-Germain des Pr\u00e8s. <\/p>\n\n\n\n<p style=\"margin-top:10px;margin-bottom:10px;padding-top:0;padding-bottom:0\">Unsere Mitarbeiter helfen Ihnen gerne bei Ihrer Ankunft oder Abreise mit Ihrem Gep\u00e4ck.<\/p>\n\n\n\n<p style=\"margin-top:0px;margin-bottom:15px;padding-top:0;padding-bottom:0\">Eine Gep\u00e4ckaufbewahrung steht Ihnen zur Verf\u00fcgung. Wir sorgen f\u00fcr die Sicherheit Ihres Gep\u00e4cks w\u00e4hrend Ihrer Abwesenheit. <\/p>\n\n\n\n<details class=\"wp-block-details is-layout-flow wp-container-core-details-is-layout-dff4594b wp-block-details-is-layout-flow\" style=\"margin-top:10px;margin-bottom:0;padding-top:0;padding-bottom:0\"><summary>WEITERLESEN<\/summary>\n<p style=\"margin-top:0;margin-bottom:10px;padding-top:0px;padding-bottom:0px\">Einkaufen, Gastronomie, Kultur: Was auch immer Sie w\u00fcnschen, wir zeigen Ihnen die Orte, die Sie in diesem Teil der Hauptstadt nicht verpassen sollten. Um Ihnen bei der Organisation Ihres Ausflugs, des Transfers, den Restaurantreservierungen und den Exkursionen ins Theater oder Museum behilflich zu sein, bieten wir Ihnen auch einen Concierge-Service.<\/p>\n<\/details>\n\n\n\n<div style=\"height:30px\" aria-hidden=\"true\" class=\"wp-block-spacer tw-md-hidden tw-lg-hidden\"><\/div>\n<\/div>\n<\/div>\n\n<div class=\"wp-block-columns is-layout-flex wp-container-core-columns-is-layout-960d6821 wp-block-columns-is-layout-flex tw-block-animation tw-animation-fade-in-up tw-duration-5\" style=\"margin-top:0;margin-bottom:var(--wp--preset--spacing--40);padding-top:0;padding-right:0;padding-bottom:0;padding-left:0\">\n<div class=\"wp-block-column tw-lg-hidden tw-md-hidden is-layout-flow wp-container-core-column-is-layout-f016c79b wp-block-column-is-layout-flow\" style=\"--col-width:55%;padding-top:0;padding-right:0;padding-bottom:0;padding-left:0;flex-basis:55%\">\n<h2 class=\"wp-block-heading has-text-align-left tw-lg-hidden tw-md-hidden has-primary-color has-text-color has-link-color wp-elements-2e8018f0f148a6f1171e8da062694f15\" style=\"margin-top:0;margin-bottom:15px;padding-top:0;padding-bottom:0;padding-left:var(--wp--preset--spacing--30);font-size:clamp(21.536px, 1.346rem + ((1vw - 3.2px) * 1.53), 35px);letter-spacing:-1px\">Service<\/h2>\n\n\n\n<div class=\"wp-block-cover aligncenter is-light\" style=\"margin-top:0;margin-bottom:0;padding-top:0;padding-bottom:0;min-height:500px;aspect-ratio:unset;\"><img decoding=\"async\" width=\"830\" height=\"520\" sizes=\"(max-width: 799px) 200vw, (max-width: 830px) 100vw, 830px\" class=\"wp-block-cover__image-background wp-image-22844 size-full\" alt=\"\" src=\"http:\/\/odeonhotel.fr\/wp-content\/uploads\/2025\/10\/Conciergerie-odeon-hotel-paris.jpg\" data-object-fit=\"cover\" title=\"\" srcset=\"https:\/\/www.odeonhotel.fr\/wp-content\/uploads\/2025\/10\/Conciergerie-odeon-hotel-paris.jpg 830w, https:\/\/www.odeonhotel.fr\/wp-content\/uploads\/2025\/10\/Conciergerie-odeon-hotel-paris-300x188.jpg 300w, https:\/\/www.odeonhotel.fr\/wp-content\/uploads\/2025\/10\/Conciergerie-odeon-hotel-paris-768x481.jpg 768w\" \/><span aria-hidden=\"true\" class=\"wp-block-cover__background has-background-dim-0 has-background-dim\" style=\"background-color:#b1937f\"><\/span><div class=\"wp-block-cover__inner-container is-layout-flow wp-block-cover-is-layout-flow\">\n<p class=\"has-text-align-center has-large-font-size\"><\/p>\n<\/div><\/div>\n<\/div>\n\n\n\n<div class=\"wp-block-column is-vertically-aligned-center is-layout-flow wp-container-core-column-is-layout-96d94fa1 wp-block-column-is-layout-flow\" style=\"padding-top:0;padding-right:var(--wp--preset--spacing--30);padding-bottom:0;padding-left:var(--wp--preset--spacing--30)\">\n<h2 class=\"wp-block-heading has-text-align-left tw-sm-hidden has-primary-color has-text-color has-link-color wp-elements-d0e969493c1edda74eeee2a76b4eae15\" style=\"margin-top:0;margin-bottom:10px;padding-top:0;padding-bottom:0;font-size:clamp(21.536px, 1.346rem + ((1vw - 3.2px) * 1.53), 35px);letter-spacing:-1px\">Service<\/h2>\n\n\n\n<p style=\"margin-top:15px;margin-bottom:10px;padding-top:0;padding-bottom:0\">Unser Concierge-Service sorgt daf\u00fcr, dass Ihr Aufenthalt von Anfang bis Ende reibungslos verl\u00e4uft.<\/p>\n\n\n\n<p style=\"margin-top:0;margin-bottom:0;padding-top:0;padding-bottom:0\">Unser Team ist rund um die Uhr f\u00fcr Sie da, k\u00fcmmert sich um Ihre W\u00fcnsche und unterst\u00fctzt Sie bei der Buchung: Restaurants, Besichtigungstouren, Taxis, Eintrittskarten f\u00fcr eine Veranstaltung, Babysitting, Massage oder Friseur in Ihrem Zimmer. Vor Ihrer Ankunft oder w\u00e4hrend Ihres Aufenthalts steht sie Ihnen mit Rat und Tat zur Seite und unterst\u00fctzt Sie bei der Organisation Ihrer Flughafentransfers, F\u00fchrungen, Geldwechsel usw. <\/p>\n\n\n\n<p style=\"margin-top:10px;padding-top:0\"><\/p>\n\n\n\n<div class=\"wp-block-buttons is-content-justification-left is-layout-flex wp-container-core-buttons-is-layout-0294bfdf wp-block-buttons-is-layout-flex\" style=\"margin-top:20px\">\n<div class=\"wp-block-button mon-bouton2\"><a class=\"wp-block-button__link has-border-color has-primary-border-color has-open-sans-font-family has-custom-font-size wp-element-button\" href=\"https:\/\/www.secure-hotel-booking.com\/d-edge\/sa-antin\/JLDY\/1996\/fr\" style=\"border-width:1px;border-radius:3px;font-size:clamp(14px, 0.875rem + ((1vw - 3.2px) * 0.114), 15px);font-style:normal;font-weight:600;letter-spacing:1px\" target=\"_blank\" rel=\"noopener\">BUCHEN SIE JETZT<\/a><\/div>\n<\/div>\n\n\n\n<div style=\"height:30px\" aria-hidden=\"true\" class=\"wp-block-spacer tw-md-hidden tw-lg-hidden\"><\/div>\n<\/div>\n\n\n\n<div class=\"wp-block-column tw-sm-hidden is-layout-flow wp-block-column-is-layout-flow\" style=\"--col-width:55%;padding-right:0;padding-left:0;flex-basis:55%\">\n<h2 class=\"wp-block-heading has-text-align-left tw-lg-hidden tw-md-hidden has-primary-color has-text-color has-link-color wp-elements-dea13277d22c0a3481564d52bf2cfbbf\" style=\"margin-top:0;margin-bottom:15px;padding-top:0;padding-bottom:0;font-size:clamp(21.536px, 1.346rem + ((1vw - 3.2px) * 1.53), 35px);letter-spacing:-1px\">Service<\/h2>\n\n\n\n<div class=\"wp-block-cover aligncenter is-light\" style=\"min-height:500px;aspect-ratio:unset;\"><img decoding=\"async\" width=\"830\" height=\"520\" sizes=\"(max-width: 799px) 200vw, (max-width: 830px) 100vw, 830px\" class=\"wp-block-cover__image-background wp-image-22844 size-full\" alt=\"\" src=\"http:\/\/odeonhotel.fr\/wp-content\/uploads\/2025\/10\/Conciergerie-odeon-hotel-paris.jpg\" data-object-fit=\"cover\" title=\"\" srcset=\"https:\/\/www.odeonhotel.fr\/wp-content\/uploads\/2025\/10\/Conciergerie-odeon-hotel-paris.jpg 830w, https:\/\/www.odeonhotel.fr\/wp-content\/uploads\/2025\/10\/Conciergerie-odeon-hotel-paris-300x188.jpg 300w, https:\/\/www.odeonhotel.fr\/wp-content\/uploads\/2025\/10\/Conciergerie-odeon-hotel-paris-768x481.jpg 768w\" \/><span aria-hidden=\"true\" class=\"wp-block-cover__background has-background-dim-0 has-background-dim\" style=\"background-color:#b1937f\"><\/span><div class=\"wp-block-cover__inner-container is-layout-flow wp-block-cover-is-layout-flow\">\n<p class=\"has-text-align-center has-large-font-size\"><\/p>\n<\/div><\/div>\n<\/div>\n<\/div>\n\n<div class=\"wp-block-columns is-layout-flex wp-container-core-columns-is-layout-960d6821 wp-block-columns-is-layout-flex tw-block-animation tw-animation-fade-in-up tw-duration-5\" style=\"margin-top:0;margin-bottom:var(--wp--preset--spacing--40);padding-top:0;padding-right:0;padding-bottom:0;padding-left:0\">\n<div class=\"wp-block-column is-vertically-aligned-center is-layout-flow wp-container-core-column-is-layout-f016c79b wp-block-column-is-layout-flow\" style=\"--col-width:55%;padding-top:0;padding-right:0;padding-bottom:0;padding-left:0;flex-basis:55%\">\n<h2 class=\"wp-block-heading has-text-align-left tw-lg-hidden tw-md-hidden has-primary-color has-text-color has-link-color wp-elements-42da6dcd63edd7976cc23c838cce4aa8\" style=\"margin-top:0;margin-bottom:15px;padding-top:0;padding-bottom:0;padding-left:var(--wp--preset--spacing--30);font-size:clamp(21.536px, 1.346rem + ((1vw - 3.2px) * 1.53), 35px);letter-spacing:-1px\">Digitale Presse<\/h2>\n\n\n\n<div class=\"wp-block-cover aligncenter is-light\" style=\"margin-top:0;margin-bottom:0;padding-top:0;padding-bottom:0;min-height:500px;aspect-ratio:unset;\"><img decoding=\"async\" width=\"830\" height=\"520\" sizes=\"(max-width: 799px) 200vw, (max-width: 830px) 100vw, 830px\" class=\"wp-block-cover__image-background wp-image-22860 size-full\" alt=\"\" src=\"http:\/\/odeonhotel.fr\/wp-content\/uploads\/2025\/10\/Digital-press-odeon-hotel-paris.jpg\" data-object-fit=\"cover\" title=\"\" srcset=\"https:\/\/www.odeonhotel.fr\/wp-content\/uploads\/2025\/10\/Digital-press-odeon-hotel-paris.jpg 830w, https:\/\/www.odeonhotel.fr\/wp-content\/uploads\/2025\/10\/Digital-press-odeon-hotel-paris-300x188.jpg 300w, https:\/\/www.odeonhotel.fr\/wp-content\/uploads\/2025\/10\/Digital-press-odeon-hotel-paris-768x481.jpg 768w\" \/><span aria-hidden=\"true\" class=\"wp-block-cover__background has-background-dim-0 has-background-dim\" style=\"background-color:#acaaa3\"><\/span><div class=\"wp-block-cover__inner-container is-layout-flow wp-block-cover-is-layout-flow\">\n<p class=\"has-text-align-center has-large-font-size\"><\/p>\n<\/div><\/div>\n<\/div>\n\n\n\n<div class=\"wp-block-column is-vertically-aligned-center is-layout-flow wp-container-core-column-is-layout-96d94fa1 wp-block-column-is-layout-flow\" style=\"padding-top:0;padding-right:var(--wp--preset--spacing--30);padding-bottom:0;padding-left:var(--wp--preset--spacing--30)\">\n<h2 class=\"wp-block-heading has-text-align-left tw-sm-hidden has-primary-color has-text-color has-link-color wp-elements-621692bfece31a4067368c0f3aec3ccc\" style=\"margin-top:0;margin-bottom:10px;padding-top:0;padding-bottom:0;font-size:clamp(21.536px, 1.346rem + ((1vw - 3.2px) * 1.53), 35px);letter-spacing:-1px\">Digitale Presse<\/h2>\n\n\n\n<p style=\"margin-top:15px;margin-bottom:15px;padding-top:0;padding-bottom:0\">W\u00e4hrend Ihres Aufenthaltes bieten wir Ihnen uneingeschr\u00e4nkten digitalen Zugang zur nationalen und internationalen Presse und Zeitschriften mit mehr als 7.000 hochwertigen Publikationen aus aller Welt.<\/p>\n\n\n\n<p style=\"margin-top:15px;margin-bottom:15px;padding-top:0;padding-bottom:0\">Wir w\u00fcnschen Ihnen eine gute Lekt\u00fcre!<\/p>\n\n\n\n<div style=\"height:30px\" aria-hidden=\"true\" class=\"wp-block-spacer tw-md-hidden tw-lg-hidden\"><\/div>\n<\/div>\n<\/div>\n\n<div class=\"wp-block-columns is-layout-flex wp-container-core-columns-is-layout-960d6821 wp-block-columns-is-layout-flex tw-block-animation tw-animation-fade-in-up tw-duration-5\" style=\"margin-top:0;margin-bottom:var(--wp--preset--spacing--40);padding-top:0;padding-right:0;padding-bottom:0;padding-left:0\">\n<div class=\"wp-block-column is-vertically-aligned-center tw-md-hidden tw-lg-hidden is-layout-flow wp-container-core-column-is-layout-f016c79b wp-block-column-is-layout-flow\" style=\"--col-width:55%;padding-top:0;padding-right:0;padding-bottom:0;padding-left:0;flex-basis:55%\">\n<h2 class=\"wp-block-heading has-text-align-left tw-lg-hidden tw-md-hidden has-primary-color has-text-color has-link-color wp-elements-60a93a45789a1083de119702e1e14a3f\" style=\"margin-top:0;margin-bottom:15px;padding-top:0;padding-bottom:0;padding-left:var(--wp--preset--spacing--30);font-size:clamp(21.536px, 1.346rem + ((1vw - 3.2px) * 1.53), 35px);letter-spacing:-1px\">Ein Fr\u00fchst\u00fcck \u201e\u00e0 la Fran\u00e7aise\u201c<\/h2>\n\n\n\n<div class=\"wp-block-cover aligncenter is-light\" style=\"margin-top:0;margin-bottom:0;padding-top:0;padding-bottom:0;min-height:500px;aspect-ratio:unset;\"><img decoding=\"async\" width=\"830\" height=\"520\" sizes=\"(max-width: 799px) 200vw, (max-width: 830px) 100vw, 830px\" class=\"wp-block-cover__image-background wp-image-22868 size-full\" alt=\"\" src=\"http:\/\/odeonhotel.fr\/wp-content\/uploads\/2025\/10\/Breakfast-odeon-hotel-paris.jpg\" data-object-fit=\"cover\" title=\"\" srcset=\"https:\/\/www.odeonhotel.fr\/wp-content\/uploads\/2025\/10\/Breakfast-odeon-hotel-paris.jpg 830w, https:\/\/www.odeonhotel.fr\/wp-content\/uploads\/2025\/10\/Breakfast-odeon-hotel-paris-300x188.jpg 300w, https:\/\/www.odeonhotel.fr\/wp-content\/uploads\/2025\/10\/Breakfast-odeon-hotel-paris-768x481.jpg 768w\" \/><span aria-hidden=\"true\" class=\"wp-block-cover__background has-background-dim-0 has-background-dim\" style=\"background-color:#baa89c\"><\/span><div class=\"wp-block-cover__inner-container is-layout-flow wp-block-cover-is-layout-flow\">\n<p class=\"has-text-align-center has-large-font-size\"><\/p>\n<\/div><\/div>\n<\/div>\n\n\n\n<div class=\"wp-block-column is-vertically-aligned-center is-layout-flow wp-container-core-column-is-layout-96d94fa1 wp-block-column-is-layout-flow\" style=\"padding-top:0;padding-right:var(--wp--preset--spacing--30);padding-bottom:0;padding-left:var(--wp--preset--spacing--30)\">\n<h2 class=\"wp-block-heading has-text-align-left tw-sm-hidden has-primary-color has-text-color has-link-color wp-elements-77f83d98d2027fd0cc89c3200a6a2526\" style=\"margin-top:0;margin-bottom:10px;padding-top:0;padding-bottom:0;font-size:clamp(21.536px, 1.346rem + ((1vw - 3.2px) * 1.53), 35px);letter-spacing:-1px\">Ein Fr\u00fchst\u00fcck \u201e\u00e0 la Fran\u00e7aise\u201c<\/h2>\n\n\n\n<p style=\"margin-top:15px;margin-bottom:15px;padding-top:0;padding-bottom:0\">Jeden Morgen wird ein k\u00f6stliches kontinentales Fr\u00fchst\u00fcck in unserer historischen Lounge im Erdgeschoss serviert, einem Ort, an dem sich unsere G\u00e4ste den ganzen Tag \u00fcber treffen und entspannen k\u00f6nnen, oder in der Privatsph\u00e4re ihres eigenen Zimmers (gegen einen Aufpreis von 5 \u20ac pro Person).<\/p>\n\n\n\n<p>Das Fr\u00fchst\u00fcck wird von 7.00 bis 10.30 Uhr im Wohnzimmer oder auf Ihrem Zimmer serviert.<\/p>\n\n\n\n<p>Das Fr\u00fchst\u00fcck ist kostenlos, wenn Sie direkt auf unserer Website buchen. (14\u20ac, wenn nicht in der Reservierung inbegriffen) <\/p>\n\n\n\n<p style=\"margin-top:15px;margin-bottom:15px;padding-top:0;padding-bottom:0\">Unser Fr\u00fchst\u00fcck besteht aus frischen, hochwertigen Produkten und umfasst:<\/p>\n\n\n\n<details class=\"wp-block-details is-layout-flow wp-container-core-details-is-layout-dff4594b wp-block-details-is-layout-flow\" style=\"margin-top:10px;margin-bottom:0;padding-top:0;padding-bottom:0\"><summary>WEITERLESEN<\/summary>\n<p style=\"margin-top:0;margin-bottom:0;padding-top:5px;padding-bottom:0\"><span style=\"color:#CAA02D;\"><strong>&#8211;<\/strong><\/span> Eine Auswahl an Hei\u00dfgetr\u00e4nken<\/p>\n\n\n\n<p style=\"margin-top:0;margin-bottom:0;padding-top:5px;padding-bottom:0\"><span style=\"color:#CAA02D;\"><strong>&#8211;<\/strong><\/span> Frischer Fruchtsaft<\/p>\n\n\n\n<p style=\"margin-top:0;margin-bottom:0;padding-top:5px;padding-bottom:0\"><span style=\"color:#CAA02D;\"><strong>&#8211;<\/strong><\/span> Brot und Geb\u00e4ck des Tages<\/p>\n\n\n\n<p style=\"margin-top:0;margin-bottom:0;padding-top:5px;padding-bottom:0\"><span style=\"color:#CAA02D;\"><strong>&#8211;<\/strong><\/span> Getreide<\/p>\n\n\n\n<p style=\"margin-top:0;margin-bottom:0;padding-top:5px;padding-bottom:0\"><span style=\"color:#CAA02D;\"><strong>&#8211;<\/strong><\/span> Frische Fr\u00fcchte<\/p>\n\n\n\n<p style=\"margin-top:0;margin-bottom:0;padding-top:5px;padding-bottom:0\"><span style=\"color:#CAA02D;\"><strong>&#8211;<\/strong><\/span> R\u00fchrei und warme Platte<\/p>\n\n\n\n<p style=\"margin-top:0;margin-bottom:0;padding-top:5px;padding-bottom:0\"><span style=\"color:#CAA02D;\"><strong>&#8211;<\/strong><\/span> Aufschnitt<\/p>\n\n\n\n<p style=\"margin-top:0;margin-bottom:0;padding-top:5px;padding-bottom:0\"><span style=\"color:#CAA02D;\"><strong>&#8211;<\/strong><\/span> Franz\u00f6sischer K\u00e4se und Joghurt<\/p>\n\n\n\n<p style=\"margin-top:0;margin-bottom:0;padding-top:5px;padding-bottom:0\"><span style=\"color:#CAA02D;\"><strong>&#8211;<\/strong><\/span> Auswahl an glutenfreien Produkten auf Anfrage.<\/p>\n<\/details>\n\n\n\n<div style=\"height:30px\" aria-hidden=\"true\" class=\"wp-block-spacer tw-md-hidden tw-lg-hidden\"><\/div>\n<\/div>\n\n\n\n<div class=\"wp-block-column is-vertically-aligned-center tw-sm-hidden is-layout-flow wp-container-core-column-is-layout-f016c79b wp-block-column-is-layout-flow\" style=\"--col-width:55%;padding-top:0;padding-right:0;padding-bottom:0;padding-left:0;flex-basis:55%\">\n<h2 class=\"wp-block-heading has-text-align-left tw-lg-hidden tw-md-hidden has-primary-color has-text-color has-link-color wp-elements-60a93a45789a1083de119702e1e14a3f\" style=\"margin-top:0;margin-bottom:15px;padding-top:0;padding-bottom:0;padding-left:var(--wp--preset--spacing--30);font-size:clamp(21.536px, 1.346rem + ((1vw - 3.2px) * 1.53), 35px);letter-spacing:-1px\">Ein Fr\u00fchst\u00fcck \u201e\u00e0 la Fran\u00e7aise\u201c<\/h2>\n\n\n\n<div class=\"wp-block-cover aligncenter is-light\" style=\"margin-top:0;margin-bottom:0;padding-top:0;padding-bottom:0;min-height:500px;aspect-ratio:unset;\"><img decoding=\"async\" width=\"830\" height=\"520\" sizes=\"(max-width: 799px) 200vw, (max-width: 830px) 100vw, 830px\" class=\"wp-block-cover__image-background wp-image-22868 size-full\" alt=\"\" src=\"http:\/\/odeonhotel.fr\/wp-content\/uploads\/2025\/10\/Breakfast-odeon-hotel-paris.jpg\" data-object-fit=\"cover\" title=\"\" srcset=\"https:\/\/www.odeonhotel.fr\/wp-content\/uploads\/2025\/10\/Breakfast-odeon-hotel-paris.jpg 830w, https:\/\/www.odeonhotel.fr\/wp-content\/uploads\/2025\/10\/Breakfast-odeon-hotel-paris-300x188.jpg 300w, https:\/\/www.odeonhotel.fr\/wp-content\/uploads\/2025\/10\/Breakfast-odeon-hotel-paris-768x481.jpg 768w\" \/><span aria-hidden=\"true\" class=\"wp-block-cover__background has-background-dim-0 has-background-dim\" style=\"background-color:#baa89c\"><\/span><div class=\"wp-block-cover__inner-container is-layout-flow wp-block-cover-is-layout-flow\">\n<p class=\"has-text-align-center has-large-font-size\"><\/p>\n<\/div><\/div>\n<\/div>\n<\/div>\n","protected":false},"excerpt":{"rendered":"<p>Hotel Services Hochwertige Dienstleistungen gepaart mit der Pariser Atmosph\u00e4re f\u00fcr einen unvergesslichen Aufenthalt in der franz\u00f6sischen Hauptstadt.Alle unsere Zimmer verf\u00fcgen \u00fcber kostenlosen WLAN-Zugang. Wir haben kein behindertengerechtes Zimmer.In unserem Fr\u00fchst\u00fccksraum steht Ihnen t\u00e4glich ab 11 Uhr ein Coworking Space zur Verf\u00fcgung. Rezeption Rezeption Das Personal des ODEON HOTEL steht Ihnen bei der Reservierung und f\u00fcr [&hellip;]<\/p>\n","protected":false},"author":1,"featured_media":22929,"parent":0,"menu_order":0,"comment_status":"closed","ping_status":"closed","template":"","meta":{"footnotes":""},"class_list":["post-6705","page","type-page","status-publish","has-post-thumbnail","hentry"],"_links":{"self":[{"href":"https:\/\/www.odeonhotel.fr\/de\/wp-json\/wp\/v2\/pages\/6705","targetHints":{"allow":["GET"]}}],"collection":[{"href":"https:\/\/www.odeonhotel.fr\/de\/wp-json\/wp\/v2\/pages"}],"about":[{"href":"https:\/\/www.odeonhotel.fr\/de\/wp-json\/wp\/v2\/types\/page"}],"author":[{"embeddable":true,"href":"https:\/\/www.odeonhotel.fr\/de\/wp-json\/wp\/v2\/users\/1"}],"replies":[{"embeddable":true,"href":"https:\/\/www.odeonhotel.fr\/de\/wp-json\/wp\/v2\/comments?post=6705"}],"version-history":[{"count":23,"href":"https:\/\/www.odeonhotel.fr\/de\/wp-json\/wp\/v2\/pages\/6705\/revisions"}],"predecessor-version":[{"id":25738,"href":"https:\/\/www.odeonhotel.fr\/de\/wp-json\/wp\/v2\/pages\/6705\/revisions\/25738"}],"wp:featuredmedia":[{"embeddable":true,"href":"https:\/\/www.odeonhotel.fr\/de\/wp-json\/wp\/v2\/media\/22929"}],"wp:attachment":[{"href":"https:\/\/www.odeonhotel.fr\/de\/wp-json\/wp\/v2\/media?parent=6705"}],"curies":[{"name":"wp","href":"https:\/\/api.w.org\/{rel}","templated":true}]}}