{"id":6723,"date":"2023-05-29T22:40:22","date_gmt":"2023-05-29T20:40:22","guid":{"rendered":"http:\/\/www.laperle.tess5418.odns.fr\/karte-anfahrt\/"},"modified":"2026-03-23T20:59:20","modified_gmt":"2026-03-23T19:59:20","slug":"karte-anfahrt","status":"publish","type":"page","link":"https:\/\/www.odeonhotel.fr\/de\/karte-anfahrt\/","title":{"rendered":"Karte &amp; Anfahrt"},"content":{"rendered":"\n<h1 class=\"wp-block-heading has-text-align-center\" style=\"margin-top:0;margin-right:0;margin-bottom:0;margin-left:0;padding-top:var(--wp--preset--spacing--50);padding-right:0;padding-bottom:0;padding-left:0;font-size:clamp(30.693px, 1.918rem + ((1vw - 3.2px) * 2.649), 54px);letter-spacing:-1px\">Standort des Hotels<\/h1>\n\n\n\n<div class=\"wp-block-columns is-layout-flex wp-container-core-columns-is-layout-66a182f9 wp-block-columns-is-layout-flex\" style=\"margin-top:0;margin-bottom:0;padding-top:var(--wp--preset--spacing--30);padding-right:0;padding-bottom:var(--wp--preset--spacing--40);padding-left:0\">\n<div class=\"wp-block-column is-layout-flow wp-block-column-is-layout-flow\"><\/div>\n\n\n\n<div class=\"wp-block-column is-layout-flow wp-block-column-is-layout-flow\" style=\"--col-width:60%;flex-basis:60%\">\n<p class=\"has-text-align-center has-contrast-color has-text-color has-link-color wp-elements-106aa811c3c4bf148be00ad60c663996\" style=\"padding-right:var(--wp--preset--spacing--30);padding-left:var(--wp--preset--spacing--30)\">Das Od\u00e9on Hotel befindet sich in idealer Lage in Saint Germain des Pr\u00e9s im 6. Arrondissement und bietet seinen G\u00e4sten eine erstklassige Lage im Herzen von Paris. <strong><a href=\"http:\/\/odeonhotel.fr\/de\/paris-besuchen\/\" data-type=\"page\" data-id=\"980\" target=\"_blank\" rel=\"noopener\">Entdecken Sie ber\u00fchmte Sehensw\u00fcrdigkeiten, trendige Boutiquen und kulturelle Hotspots, die nur wenige Schritte von unserem Hotel entfernt liegen.<\/a><\/strong><\/p>\n<\/div>\n\n\n\n<div class=\"wp-block-column is-layout-flow wp-block-column-is-layout-flow\"><\/div>\n<\/div>\n\n\n\n<link rel=\"stylesheet\" href=\"https:\/\/unpkg.com\/leaflet\/dist\/leaflet.css\" \/>\n<script src=\"https:\/\/unpkg.com\/leaflet\/dist\/leaflet.js\"><\/script>\n\n<div id=\"map\" style=\"width:100%; height:500px;\"><\/div>\n\n<script>\n  \/\/ Initialisation de la carte centr\u00e9e sur l'H\u00f4tel Od\u00e9on\n  var map = L.map('map').setView([48.851825, 2.339100], 17);\n\n  \/\/ Fond clair avec routes plus fonc\u00e9es (Carto Positron)\n  L.tileLayer('https:\/\/{s}.basemaps.cartocdn.com\/light_all\/{z}\/{x}\/{y}{r}.png', {\n    attribution: '&copy; <a href=\"https:\/\/www.openstreetmap.org\/copyright\">OpenStreetMap<\/a> &copy; <a href=\"https:\/\/carto.com\/\">CARTO<\/a>',\n    subdomains: 'abcd',\n    maxZoom: 15\n  }).addTo(map);\n\n  \/\/ Ic\u00f4ne dor\u00e9 personnalis\u00e9\n  var goldIcon = L.divIcon({\n    className: \"custom-gold-icon\",\n    html: '<div style=\"background:#CAA02D; width:22px; height:22px; border-radius:50%; border:2px solid white; box-shadow:0 0 6px rgba(0,0,0,0.5);\"><\/div>',\n    iconSize: [22, 22],\n    iconAnchor: [11, 11],\n    popupAnchor: [0, -11]\n  });\n\n  \/\/ Marqueur H\u00f4tel Od\u00e9on\n  L.marker([48.851825, 2.339100], { icon: goldIcon }).addTo(map)\n    .bindPopup(\"<b>H\u00f4tel Od\u00e9on<\/b><br>3 rue de l'Od\u00e9on, Paris\")\n    .openPopup();\n<\/script>\n\n\n\n<h2 class=\"wp-block-heading has-text-align-center\" style=\"margin-bottom:var(--wp--preset--spacing--40)\">Wie Sie das Hotel erreichen<\/h2>\n\n\n\n<div class=\"wp-block-columns is-layout-flex wp-container-core-columns-is-layout-d9252248 wp-block-columns-is-layout-flex\" style=\"margin-top:0;margin-bottom:0;padding-top:0;padding-right:0;padding-bottom:0;padding-left:0\">\n<div class=\"wp-block-column tw-sm-hidden is-layout-flow wp-container-core-column-is-layout-b2a27621 wp-block-column-is-layout-flow\" style=\"--col-width:10%;padding-top:0;padding-right:0;padding-bottom:0;padding-left:0;flex-basis:10%\"><\/div>\n\n\n\n<div class=\"wp-block-column is-layout-flow wp-container-core-column-is-layout-b2a4e257 wp-block-column-is-layout-flow\" style=\"--col-width:%;padding-top:0;padding-right:var(--wp--preset--spacing--30);padding-bottom:0;padding-left:var(--wp--preset--spacing--30)\">\n<p style=\"margin-right:var(--wp--preset--spacing--50);margin-bottom:var(--wp--preset--spacing--30);margin-left:var(--wp--preset--spacing--60);font-size:clamp(16.293px, 1.018rem + ((1vw - 3.2px) * 0.989), 25px);\"><strong>Von den Pariser Flugh\u00e4fen<\/strong><\/p>\n\n\n\n<ul style=\"margin-right:0;margin-left:0\" class=\"wp-block-list\">\n<li><strong>Flughafen Charles de Gaulle (CDG)<\/strong><\/li>\n<\/ul>\n\n\n\n<p class=\"has-text-align-justify\" style=\"margin-top:0;margin-right:0;margin-bottom:0;margin-left:0;padding-top:0;padding-right:0;padding-bottom:0;padding-left:0\"><strong>Mit dem Taxi :<\/strong> Etwa 1 Stunde &#8211; Der Preis f\u00fcr ein normales Taxi, das an einem Taxistand abgeholt wird, ist festgelegt und betr\u00e4gt 65 \u20ac inklusive Gep\u00e4ck. Seien Sie vorsichtig mit falschen Taxifahrern und lassen Sie sich den Preis best\u00e4tigen, bevor Sie ins Auto einsteigen. <\/p>\n\n\n\n<p class=\"has-text-align-justify\" style=\"margin-top:0;margin-right:0;margin-bottom:0;margin-left:0;padding-top:0;padding-right:0;padding-bottom:0;padding-left:0\">Wir k\u00f6nnen auch eine Abholung vom Flughafen f\u00fcr Sie arrangieren, da wir mit mehreren Unternehmen zusammenarbeiten. Dies ist teurer, da der Fahrer parken und auf Sie warten muss. Er wird Ihnen mit dem Gep\u00e4ck helfen und nach dem Zoll mit einem Schild auf Ihrem Namen auf Sie warten.   Der Preis f\u00fcr 2 Personen liegt bei 95\u20ac.<\/p>\n\n\n\n<p class=\"has-text-align-justify\" style=\"margin-top:0;margin-right:0;margin-bottom:0;margin-left:0;padding-top:0;padding-right:0;padding-bottom:0;padding-left:0\">Der Transfer vom Hotel zum Flughafen ist preiswerter, da der Fahrer nicht parken und auf Sie warten muss. Sie kostet etwa 75\u20ac.<\/p>\n\n\n\n<p class=\"has-text-align-justify\" style=\"margin-top:0;margin-right:0;margin-bottom:0;margin-left:0;padding-top:0;padding-right:0;padding-bottom:0;padding-left:0\"><strong>Mit dem Zug:<\/strong> ca. 1 Stunde \u2013 Sie k\u00f6nnen auch am Flughafen den Zug RER B bis zur Station Saint Michel nehmen und dann die Metrolinie 4 bis zur Haltestelle \u201eOd\u00e9on\u201c (100 Meter vom Hotel entfernt).<\/p>\n\n\n\n<ul style=\"margin-right:0;margin-left:0\" class=\"wp-block-list\">\n<li><strong>Flughafen Orly (ORY)<\/strong><\/li>\n<\/ul>\n\n\n\n<p class=\"has-text-align-justify\" style=\"margin-top:0;margin-right:0;margin-bottom:0;margin-left:0\"><strong><strong>Mit dem Taxi :<\/strong> <\/strong>Etwa 45 Minuten &#8211; Der Preis f\u00fcr ein regul\u00e4res Taxi, das an einem Taxistand abgeholt wird, ist festgelegt und betr\u00e4gt 36 \u20ac inklusive Gep\u00e4ck. Seien Sie vorsichtig mit falschen Taxifahrern und lassen Sie sich den Preis best\u00e4tigen, bevor Sie ins Auto einsteigen. <\/p>\n\n\n\n<p class=\"has-text-align-justify\" style=\"margin-top:0;margin-right:0;margin-bottom:0;margin-left:0\">Wir k\u00f6nnen auch eine Abholung vom Flughafen f\u00fcr Sie arrangieren, da wir mit mehreren Unternehmen zusammenarbeiten. Dies ist teurer, da der Fahrer parken und auf Sie warten muss. Er wird Ihnen mit dem Gep\u00e4ck helfen und nach dem Zoll mit einem Schild auf Ihrem Namen auf Sie warten.   Der Preis f\u00fcr 2 Personen betr\u00e4gt 80 \u20ac.<\/p>\n\n\n\n<p class=\"has-text-align-justify\" style=\"margin-top:0;margin-right:0;margin-bottom:0;margin-left:0\">Der Transfer vom Hotel zum Flughafen ist preiswerter, da der Fahrer nicht parken und auf Sie warten muss. Es kostet etwa 50\u20ac.<\/p>\n\n\n\n<p class=\"has-text-align-justify\" style=\"margin-top:0;margin-right:0;margin-bottom:0;margin-left:0;padding-right:0;padding-left:0\"><strong>Mit dem Zug : <\/strong>Etwa 1 Stunde \u2013 Sie m\u00fcssten 3 Mal umsteigen: Nehmen Sie am Flughafen den Orlyval und halten Sie in Anthony. Steigen Sie dann in den RER B um und fahren Sie bis zur Station \u201eSt. Michel Notre Dame\u201c. Dort steigen Sie in die Metrolinie 4 um und fahren bis zur Station \u201eOdeon\u201c (100 Meter vom Hotel entfernt).  <\/p>\n\n\n\n<p class=\"has-text-align-justify\" style=\"margin-top:var(--wp--preset--spacing--50);margin-right:var(--wp--preset--spacing--40);margin-bottom:var(--wp--preset--spacing--30);margin-left:var(--wp--preset--spacing--60);font-size:clamp(16.293px, 1.018rem + ((1vw - 3.2px) * 0.989), 25px);\"><strong>Von den Pariser Bahnh\u00f6fen<\/strong><\/p>\n\n\n\n<ul style=\"margin-right:0;margin-left:0\" class=\"wp-block-list\">\n<li><strong>Gare du Nord <\/strong><\/li>\n<\/ul>\n\n\n\n<p class=\"has-text-align-justify\" style=\"margin-top:0;margin-right:0;margin-bottom:0;margin-left:0\"><strong>Mit dem Taxi :<\/strong> Je nach Verkehrslage betr\u00e4gt die Fahrzeit etwa 20 Minuten.<\/p>\n\n\n\n<p class=\"has-text-align-justify\" style=\"margin-top:0;margin-right:0;margin-bottom:0;margin-left:0\"><strong>Mit der Metro :<\/strong> Etwa 19 Minuten \u2013 Vom Bahnhof Gare du Nord nehmen Sie die Metrolinie 4 in Richtung \u201eBagneux Lucie Aubrac\u201c und steigen an der Haltestelle \u201eOdeon\u201c aus (100 Meter vom Hotel entfernt).<\/p>\n\n\n\n<ul style=\"margin-right:0;margin-left:0\" class=\"wp-block-list\">\n<li><strong>Bahnhof Montparnasse<\/strong><\/li>\n<\/ul>\n\n\n\n<p class=\"has-text-align-justify\" style=\"margin-top:0;margin-right:0;margin-bottom:0;margin-left:0\"><strong>Mit dem Taxi :<\/strong> Je nach Verkehrslage betr\u00e4gt die Fahrzeit etwa 10 Minuten.<\/p>\n\n\n\n<p class=\"has-text-align-justify\" style=\"margin-top:0;margin-right:0;margin-bottom:0;margin-left:0\"><strong>Mit der Metro :<\/strong> Etwa 17 Minuten \u2013 Von der Station \u201eMontparnasse Bienvenue\u201c nehmen Sie die Metrolinie 4 in Richtung \u201ePorte de Clignancourt\u201c und steigen an der Station \u201eOdeon\u201c aus (100 Meter vom Hotel entfernt)<\/p>\n\n\n\n<ul style=\"margin-right:0;margin-left:0\" class=\"wp-block-list\">\n<li><strong>Gare de Lyon<\/strong><\/li>\n<\/ul>\n\n\n\n<p class=\"has-text-align-justify\" style=\"margin-top:0;margin-right:0;margin-bottom:0;margin-left:0\"><strong>Mit dem Taxi :<\/strong> Je nach Verkehrslage betr\u00e4gt die Fahrzeit etwa 20 Minuten.<\/p>\n\n\n\n<p class=\"has-text-align-justify\" style=\"margin-top:0;margin-right:0;margin-bottom:0;margin-left:0\"><strong>Mit dem Bus : <\/strong>Etwa 23 Minuten \u2013 Vom Bahnhof \u201eGare de Lyon\u201c nehmen Sie den Bus 63 in Richtung \u201ePorte de la Muette\u201c und halten an der Haltestelle \u201eOdeon\u201c (100 Meter vom Hotel entfernt)<\/p>\n\n\n\n<p class=\"has-text-align-justify\" style=\"margin-top:var(--wp--preset--spacing--50);margin-right:var(--wp--preset--spacing--40);margin-bottom:0;margin-left:var(--wp--preset--spacing--60);font-size:clamp(16.293px, 1.018rem + ((1vw - 3.2px) * 0.989), 25px);\"><strong>Von den Pariser Metrostationen<\/strong><\/p>\n\n\n\n<ul style=\"margin-right:0;margin-left:0\" class=\"wp-block-list\">\n<li><strong>Bahnhof \u201e&#8220;Od\u00e9on&#8220; <\/strong><\/li>\n<\/ul>\n\n\n\n<p class=\"has-text-align-justify\" style=\"margin-top:0;margin-right:0;margin-bottom:0;margin-left:0\"><strong>Zu Fu\u00df: <\/strong>100 Meter \u2013 2 Minuten \u2013 Von der Metrostation \u201eOdeon\u201d gehen Sie etwa 50 Meter s\u00fcdlich auf dem Carrefour de l&#8217;Od\u00e9on und dann weitere 50 Meter auf der Rue de l&#8217;Od\u00e9on. Das Od\u00e9on Hotel befindet sich auf der linken Seite. <\/p>\n\n\n\n<ul style=\"margin-right:0;margin-left:0\" class=\"wp-block-list\">\n<li><strong>Bahnhof &#8222;Saint Germain des Pr\u00e9s&#8220;<\/strong><\/li>\n<\/ul>\n\n\n\n<p class=\"has-text-align-justify\" style=\"margin-top:0;margin-right:0;margin-bottom:0;margin-left:0\"><strong>Zu Fu\u00df:<\/strong> 450 Meter \u2013 6 Minuten \u2013 Von der Metrostation \u201eSaint-Germain-des-Pr\u00e9s\u201d aus gehen Sie etwa 400 Meter in \u00f6stlicher Richtung auf dem Boulevard Saint Germain. Biegen Sie rechts in den Carrefour de l&#8217;Od\u00e9on ein, gehen Sie etwa 50 Meter und dann weitere 50 Meter auf der Rue de l&#8217;Od\u00e9on. Das Od\u00e9on Hotel befindet sich auf der linken Seite.  <\/p>\n\n\n\n<ul style=\"margin-right:0;margin-left:0\" class=\"wp-block-list\">\n<li><strong>RER Bahnhof \u201e&#8220;Saint Michel&#8220;<\/strong><\/li>\n<\/ul>\n\n\n\n<p class=\"has-text-align-justify\" style=\"margin-top:0;margin-right:0;margin-bottom:0;margin-left:0\"><strong>Zu Fu\u00df: <\/strong>350 Meter \u2013 5 Minuten \u2013 Von der RER-Station \u201eSaint Michel\u201d aus gehen Sie etwa 300 Meter in s\u00fcdwestlicher Richtung auf der Rue Danton. Biegen Sie rechts in den Boulevard Saint Germain ein und gehen Sie 150 Meter weiter. Biegen Sie dann links in den Carrefour de l&#8217;Od\u00e9on ein und gehen Sie etwa 50 Meter weiter, dann noch einmal 50 Meter auf der Rue de l&#8217;Od\u00e9on. Das Od\u00e9on Hotel befindet sich auf der linken Seite.   <\/p>\n<\/div>\n\n\n\n<div class=\"wp-block-column tw-sm-hidden is-layout-flow wp-container-core-column-is-layout-b2a27621 wp-block-column-is-layout-flow\" style=\"--col-width:10%;padding-top:0;padding-right:0;padding-bottom:0;padding-left:0;flex-basis:10%\"><\/div>\n<\/div>\n\n\n\n<div style=\"height:50px\" aria-hidden=\"true\" class=\"wp-block-spacer\"><\/div>\n","protected":false},"excerpt":{"rendered":"<p>Standort des Hotels Das Od\u00e9on Hotel befindet sich in idealer Lage in Saint Germain des Pr\u00e9s im 6. Arrondissement und bietet seinen G\u00e4sten eine erstklassige Lage im Herzen von Paris. Entdecken Sie ber\u00fchmte Sehensw\u00fcrdigkeiten, trendige Boutiquen und kulturelle Hotspots, die nur wenige Schritte von unserem Hotel entfernt liegen. Wie Sie das Hotel erreichen Von den [&hellip;]<\/p>\n","protected":false},"author":2,"featured_media":22938,"parent":0,"menu_order":0,"comment_status":"closed","ping_status":"closed","template":"wp-custom-template-le-template-des-chambres","meta":{"footnotes":""},"class_list":["post-6723","page","type-page","status-publish","has-post-thumbnail","hentry"],"_links":{"self":[{"href":"https:\/\/www.odeonhotel.fr\/de\/wp-json\/wp\/v2\/pages\/6723","targetHints":{"allow":["GET"]}}],"collection":[{"href":"https:\/\/www.odeonhotel.fr\/de\/wp-json\/wp\/v2\/pages"}],"about":[{"href":"https:\/\/www.odeonhotel.fr\/de\/wp-json\/wp\/v2\/types\/page"}],"author":[{"embeddable":true,"href":"https:\/\/www.odeonhotel.fr\/de\/wp-json\/wp\/v2\/users\/2"}],"replies":[{"embeddable":true,"href":"https:\/\/www.odeonhotel.fr\/de\/wp-json\/wp\/v2\/comments?post=6723"}],"version-history":[{"count":10,"href":"https:\/\/www.odeonhotel.fr\/de\/wp-json\/wp\/v2\/pages\/6723\/revisions"}],"predecessor-version":[{"id":25408,"href":"https:\/\/www.odeonhotel.fr\/de\/wp-json\/wp\/v2\/pages\/6723\/revisions\/25408"}],"wp:featuredmedia":[{"embeddable":true,"href":"https:\/\/www.odeonhotel.fr\/de\/wp-json\/wp\/v2\/media\/22938"}],"wp:attachment":[{"href":"https:\/\/www.odeonhotel.fr\/de\/wp-json\/wp\/v2\/media?parent=6723"}],"curies":[{"name":"wp","href":"https:\/\/api.w.org\/{rel}","templated":true}]}}