{"id":189,"date":"2016-05-27T09:06:49","date_gmt":"2016-05-27T07:06:49","guid":{"rendered":"http:\/\/www.laperle.tess5418.odns.fr\/2016\/05\/27\/nos-hotels-2\/"},"modified":"2026-03-23T20:34:05","modified_gmt":"2026-03-23T19:34:05","slug":"our-boutique-hotels-in-paris","status":"publish","type":"page","link":"https:\/\/www.odeonhotel.fr\/en\/our-boutique-hotels-in-paris\/","title":{"rendered":"Our Boutique Hotels in Paris"},"content":{"rendered":"\n<h1 class=\"wp-block-heading has-text-align-center\" style=\"margin-top:0;margin-bottom:0;padding-top:var(--wp--preset--spacing--50);padding-bottom:0\">Our Boutique Hotels in Paris<\/h1>\n\n\n\n<div class=\"wp-block-columns is-layout-flex wp-container-core-columns-is-layout-a297a724 wp-block-columns-is-layout-flex\" style=\"margin-top:0;margin-bottom:0;padding-top:var(--wp--preset--spacing--30);padding-bottom:0\">\n<div class=\"wp-block-column is-layout-flow wp-block-column-is-layout-flow\"><\/div>\n\n\n\n<div class=\"wp-block-column is-layout-flow wp-container-core-column-is-layout-e719beeb wp-block-column-is-layout-flow\" style=\"--col-width:80%;padding-right:var(--wp--preset--spacing--30);padding-left:var(--wp--preset--spacing--30);flex-basis:80%\">\n<p class=\"has-text-align-center has-contrast-color has-text-color has-open-sans-font-family\" style=\"margin-top:0;margin-bottom:10px;padding-top:0;padding-bottom:0;font-size:clamp(14px, 0.875rem + ((1vw - 3.2px) * 0.341), 17px);line-height:1.8\">Discover the hotels <strong>Paris Hotels Charm<\/strong>, offering a blend of elegance and charm in the most iconic neighborhoods of the city. Hotel Left Bank Saint Germain invites you to experience the vibrant ambiance of Saint Germain des Pr\u00e9s, while Hotel Au Manoir Saint Germain des Pr\u00e9s will captivate with proximity with the famous Caf\u00e9 de Flore and Caf\u00e9 Deux Magots.<\/p>\n\n\n\n<p class=\"has-text-align-center has-contrast-color has-text-color has-open-sans-font-family\" style=\"margin-top:0;margin-bottom:0;padding-top:0;padding-bottom:0;font-size:clamp(14px, 0.875rem + ((1vw - 3.2px) * 0.341), 17px);line-height:1.8\">Immerse yourself in the hidden gem, Hotel La Perle, or revel in the tranquility of Hotel Luxembourg Parc in front of the Luxembourg Garden. Hotel de Notre Dame is the perfect departure point for visiting Notre Dame Cathedral, offering proximity, comfort, and Parisian charm. For a touch of luxury, Hotel Chambiges near the Champs-\u00c9lys\u00e9es awaits, while Hotel Horset Op\u00e9ra in the Op\u00e9ra district will seduce you with its proximity with the Louvre Museum. Indulge in Parisian hospitality at its finest with Paris Hotels Charm.<\/p>\n<\/div>\n\n\n\n<div class=\"wp-block-column is-layout-flow wp-block-column-is-layout-flow\"><\/div>\n<\/div>\n\n\n\n<div class=\"wp-block-columns is-layout-flex wp-container-core-columns-is-layout-d0b3c9c8 wp-block-columns-is-layout-flex\">\n<div class=\"wp-block-column tw-sm-hidden is-layout-flow wp-block-column-is-layout-flow\" style=\"--col-width:15%;flex-basis:15%\"><\/div>\n\n\n\n<div class=\"wp-block-column is-layout-flow wp-block-column-is-layout-flow\">\n<h3 class=\"wp-block-heading has-text-align-center has-large-font-size\" style=\"margin-bottom:0;padding-bottom:0\"><strong><em>On the Left Bank<\/em><\/strong><\/h3>\n\n\n\n<div class=\"wp-block-columns alignfull agl agl-fadeCSSUp is-layout-flex wp-container-core-columns-is-layout-c062e825 wp-block-columns-is-layout-flex\" style=\"border-style:none;border-width:0px;margin-top:15px;margin-bottom:var(--wp--preset--spacing--30);padding-top:0;padding-right:var(--wp--preset--spacing--30);padding-bottom:0;padding-left:var(--wp--preset--spacing--30)\">\n<div class=\"wp-block-column is-style-default is-layout-flow wp-block-column-is-layout-flow\">\n<div class=\"wp-block-cover is-light is-style-tw-border-inner image-zoom tw-stretched-link tw-hover-opacity has-aspect-ratio\" style=\"margin-top:0;margin-bottom:0;aspect-ratio:1;min-height:unset;\"><img decoding=\"async\" width=\"385\" height=\"385\" sizes=\"(max-width: 799px) 125vw, (max-width: 385px) 100vw, 385px\" class=\"wp-block-cover__image-background wp-image-14529\" alt=\"\" src=\"http:\/\/odeonhotel.fr\/wp-content\/uploads\/2023\/10\/Hotel-Manoir-saint-germain-des-Pres-6-hotels-in-Paris-jpg.webp\" data-object-fit=\"cover\" title=\"\" srcset=\"https:\/\/www.odeonhotel.fr\/wp-content\/uploads\/2023\/10\/Hotel-Manoir-saint-germain-des-Pres-6-hotels-in-Paris-jpg.webp 385w, https:\/\/www.odeonhotel.fr\/wp-content\/uploads\/2023\/10\/Hotel-Manoir-saint-germain-des-Pres-6-hotels-in-Paris-300x300.webp 300w, https:\/\/www.odeonhotel.fr\/wp-content\/uploads\/2023\/10\/Hotel-Manoir-saint-germain-des-Pres-6-hotels-in-Paris-150x150.webp 150w\" \/><span aria-hidden=\"true\" class=\"wp-block-cover__background has-custom-contrast-background-color has-background-dim-30 has-background-dim\"><\/span><div class=\"wp-block-cover__inner-container is-layout-flow wp-block-cover-is-layout-flow\">\n<p class=\"has-text-align-center has-link-color has-libre-caslon-text-font-family has-large-font-size wp-elements-41f34684ad1d1086e48cd83f27bd054f\"><a href=\"https:\/\/www.hotelaumanoir.com\/\" data-type=\"URL\" data-id=\"https:\/\/www.hotelaumanoir.com\/\" target=\"_blank\" rel=\"noreferrer noopener\">Au Manoir<\/a><\/p>\n\n\n\n<p class=\"has-text-align-center has-custom-background-color has-text-color has-small-font-size\">Saint Germain des Pr\u00e9s<\/p>\n\n\n\n<p class=\"has-text-align-center has-custom-background-color has-text-color has-small-font-size\"><strong>*    *    *    *<\/strong><\/p>\n<\/div><\/div>\n<\/div>\n\n\n\n<div class=\"wp-block-column is-layout-flow wp-block-column-is-layout-flow\">\n<div class=\"wp-block-cover is-style-tw-border-inner image-zoom tw-stretched-link tw-hover-opacity tw-ratio-1-1\"><img decoding=\"async\" width=\"385\" height=\"385\" sizes=\"(max-width: 799px) 200vw, (max-width: 385px) 100vw, 385px\" class=\"wp-block-cover__image-background wp-image-14521\" alt=\"\" src=\"http:\/\/odeonhotel.fr\/wp-content\/uploads\/2023\/10\/Hotel-Luxembourg-Parc-6-hotels-in-Paris-jpg.webp\" data-object-fit=\"cover\" title=\"\" srcset=\"https:\/\/www.odeonhotel.fr\/wp-content\/uploads\/2023\/10\/Hotel-Luxembourg-Parc-6-hotels-in-Paris-jpg.webp 385w, https:\/\/www.odeonhotel.fr\/wp-content\/uploads\/2023\/10\/Hotel-Luxembourg-Parc-6-hotels-in-Paris-300x300.webp 300w, https:\/\/www.odeonhotel.fr\/wp-content\/uploads\/2023\/10\/Hotel-Luxembourg-Parc-6-hotels-in-Paris-150x150.webp 150w\" \/><span aria-hidden=\"true\" class=\"wp-block-cover__background has-custom-contrast-background-color has-background-dim-30 has-background-dim\"><\/span><div class=\"wp-block-cover__inner-container is-layout-flow wp-block-cover-is-layout-flow\">\n<p class=\"has-text-align-center has-link-color has-libre-caslon-text-font-family has-large-font-size wp-elements-96d384e78fec1edda3f1b0252c8250a3\"><a href=\"https:\/\/www.luxembourg-paris-hotel.com\/\" data-type=\"URL\" data-id=\"https:\/\/www.luxembourg-paris-hotel.com\/\" target=\"_blank\" rel=\"noreferrer noopener\">Luxembourg Parc<\/a><\/p>\n\n\n\n<p class=\"has-text-align-center has-custom-background-color has-text-color has-small-font-size\">Saint Germain des Pr\u00e9s<\/p>\n\n\n\n<p class=\"has-text-align-center has-custom-background-color has-text-color has-small-font-size\"><strong>*    *    *    *<\/strong><\/p>\n<\/div><\/div>\n<\/div>\n\n\n\n<div class=\"wp-block-column is-layout-flow wp-block-column-is-layout-flow\">\n<div class=\"wp-block-cover is-light is-style-tw-border-inner image-zoom tw-stretched-link tw-hover-opacity tw-ratio-1-1\"><img decoding=\"async\" width=\"385\" height=\"385\" sizes=\"(max-width: 799px) 200vw, (max-width: 385px) 100vw, 385px\" class=\"wp-block-cover__image-background wp-image-14513\" alt=\"\" src=\"http:\/\/odeonhotel.fr\/wp-content\/uploads\/2023\/10\/Hotel-Left-Bank-6-hotels-in-Paris-jpg.webp\" data-object-fit=\"cover\" title=\"\" srcset=\"https:\/\/www.odeonhotel.fr\/wp-content\/uploads\/2023\/10\/Hotel-Left-Bank-6-hotels-in-Paris-jpg.webp 385w, https:\/\/www.odeonhotel.fr\/wp-content\/uploads\/2023\/10\/Hotel-Left-Bank-6-hotels-in-Paris-300x300.webp 300w, https:\/\/www.odeonhotel.fr\/wp-content\/uploads\/2023\/10\/Hotel-Left-Bank-6-hotels-in-Paris-150x150.webp 150w\" \/><span aria-hidden=\"true\" class=\"wp-block-cover__background has-custom-contrast-background-color has-background-dim-30 has-background-dim\"><\/span><div class=\"wp-block-cover__inner-container is-layout-flow wp-block-cover-is-layout-flow\">\n<p class=\"has-text-align-center has-link-color has-libre-caslon-text-font-family has-large-font-size wp-elements-0f9fe9159eb8576abc4fee72771181ac\"><a href=\"https:\/\/www.hotelleftbank.com\/\" data-type=\"URL\" data-id=\"https:\/\/www.hotelleftbank.com\/\" target=\"_blank\" rel=\"noreferrer noopener\">Left Bank<\/a><\/p>\n\n\n\n<p class=\"has-text-align-center has-custom-background-color has-text-color has-small-font-size\">Saint Germain des Pr\u00e9s<\/p>\n\n\n\n<p class=\"has-text-align-center has-custom-background-color has-text-color has-small-font-size\"><strong>*    *    *<\/strong><\/p>\n<\/div><\/div>\n<\/div>\n<\/div>\n\n\n\n<div class=\"wp-block-columns agl agl-fadeCSSUp is-layout-flex wp-container-core-columns-is-layout-e6e52594 wp-block-columns-is-layout-flex\" style=\"margin-bottom:var(--wp--preset--spacing--30);padding-top:0;padding-right:var(--wp--preset--spacing--30);padding-bottom:0;padding-left:var(--wp--preset--spacing--30)\">\n<div class=\"wp-block-column is-layout-flow wp-block-column-is-layout-flow\">\n<div class=\"wp-block-cover is-light is-style-tw-border-inner image-zoom tw-stretched-link tw-hover-opacity has-aspect-ratio\" style=\"padding-top:var(--wp--preset--spacing--30);padding-right:var(--wp--preset--spacing--30);padding-bottom:var(--wp--preset--spacing--30);padding-left:var(--wp--preset--spacing--30);aspect-ratio:1;min-height:unset;\"><img decoding=\"async\" width=\"385\" height=\"385\" sizes=\"(max-width: 799px) 125vw, (max-width: 385px) 100vw, 385px\" class=\"wp-block-cover__image-background wp-image-14505\" alt=\"\" src=\"http:\/\/odeonhotel.fr\/wp-content\/uploads\/2023\/10\/Hotel-La-Perle-6-hotels-in-Paris-jpg.webp\" data-object-fit=\"cover\" title=\"\" srcset=\"https:\/\/www.odeonhotel.fr\/wp-content\/uploads\/2023\/10\/Hotel-La-Perle-6-hotels-in-Paris-jpg.webp 385w, https:\/\/www.odeonhotel.fr\/wp-content\/uploads\/2023\/10\/Hotel-La-Perle-6-hotels-in-Paris-300x300.webp 300w, https:\/\/www.odeonhotel.fr\/wp-content\/uploads\/2023\/10\/Hotel-La-Perle-6-hotels-in-Paris-150x150.webp 150w\" \/><span aria-hidden=\"true\" class=\"wp-block-cover__background has-custom-contrast-background-color has-background-dim-30 has-background-dim\"><\/span><div class=\"wp-block-cover__inner-container is-layout-flow wp-block-cover-is-layout-flow\">\n<p class=\"has-text-align-center has-link-color has-libre-caslon-text-font-family has-large-font-size wp-elements-38a06376d1d6df5d591b89d3713ed081\"><a href=\"https:\/\/www.hotel-paris-laperle.com\/\" target=\"_blank\" data-type=\"link\" data-id=\"https:\/\/www.hotel-paris-laperle.com\/\" rel=\"noreferrer noopener\">La Perle<\/a><\/p>\n\n\n\n<p class=\"has-text-align-center has-custom-background-color has-text-color has-small-font-size\">Saint Germain des Pr\u00e9s<\/p>\n\n\n\n<p class=\"has-text-align-center has-custom-background-color has-text-color has-small-font-size\"><strong>*    *    *<\/strong><\/p>\n<\/div><\/div>\n<\/div>\n\n\n\n<div class=\"wp-block-column is-layout-flow wp-block-column-is-layout-flow\">\n<div style=\"aspect-ratio:1;min-height:unset;\" class=\"wp-block-cover is-style-tw-border-inner image-zoom tw-stretched-link tw-hover-opacity has-aspect-ratio\"><img decoding=\"async\" width=\"2200\" height=\"1600\" sizes=\"(max-width: 799px) 125vw, (max-width: 2200px) 100vw, 2200px\" class=\"wp-block-cover__image-background wp-image-20164\" alt=\"\" src=\"http:\/\/odeonhotel.fr\/wp-content\/uploads\/2024\/09\/hotel-odeon.jpg\" data-object-fit=\"cover\" title=\"\" srcset=\"https:\/\/www.odeonhotel.fr\/wp-content\/uploads\/2024\/09\/hotel-odeon.jpg 2200w, https:\/\/www.odeonhotel.fr\/wp-content\/uploads\/2024\/09\/hotel-odeon-300x218.jpg 300w, https:\/\/www.odeonhotel.fr\/wp-content\/uploads\/2024\/09\/hotel-odeon-1024x745.jpg 1024w, https:\/\/www.odeonhotel.fr\/wp-content\/uploads\/2024\/09\/hotel-odeon-768x559.jpg 768w, https:\/\/www.odeonhotel.fr\/wp-content\/uploads\/2024\/09\/hotel-odeon-1536x1117.jpg 1536w, https:\/\/www.odeonhotel.fr\/wp-content\/uploads\/2024\/09\/hotel-odeon-2048x1489.jpg 2048w\" \/><span aria-hidden=\"true\" class=\"wp-block-cover__background has-custom-contrast-background-color has-background-dim-30 has-background-dim\"><\/span><div class=\"wp-block-cover__inner-container is-layout-flow wp-block-cover-is-layout-flow\">\n<p class=\"has-text-align-center has-link-color has-libre-caslon-text-font-family has-large-font-size wp-elements-2ed01caffcc2ffd178c6e71484f03b68\"><a href=\"https:\/\/odeonhotel.fr\/en\/\" target=\"_blank\" data-type=\"URL\" data-id=\"https:\/\/www.hotelchambiges.com\/\" rel=\"noreferrer noopener\">Od\u00e9on Hotel<\/a><\/p>\n\n\n\n<p class=\"has-text-align-center has-custom-background-color has-text-color has-small-font-size\">Saint Germain des Pr\u00e9s<\/p>\n\n\n\n<p class=\"has-text-align-center has-custom-background-color has-text-color has-small-font-size\"><strong>*    *    *<\/strong><\/p>\n<\/div><\/div>\n<\/div>\n\n\n\n<div class=\"wp-block-column is-layout-flow wp-block-column-is-layout-flow\">\n<div style=\"aspect-ratio:1;min-height:unset;\" class=\"wp-block-cover is-style-tw-border-inner image-zoom tw-stretched-link tw-hover-opacity has-aspect-ratio\"><img decoding=\"async\" width=\"650\" height=\"650\" sizes=\"(max-width: 799px) 125vw, (max-width: 650px) 100vw, 650px\" class=\"wp-block-cover__image-background wp-image-24182 size-full\" alt=\"\" src=\"http:\/\/odeonhotel.fr\/wp-content\/uploads\/2025\/10\/Photo-Notre-Dame.jpg\" data-object-fit=\"cover\" title=\"\" srcset=\"https:\/\/www.odeonhotel.fr\/wp-content\/uploads\/2025\/10\/Photo-Notre-Dame.jpg 650w, https:\/\/www.odeonhotel.fr\/wp-content\/uploads\/2025\/10\/Photo-Notre-Dame-300x300.jpg 300w, https:\/\/www.odeonhotel.fr\/wp-content\/uploads\/2025\/10\/Photo-Notre-Dame-150x150.jpg 150w\" \/><span aria-hidden=\"true\" class=\"wp-block-cover__background has-custom-contrast-background-color has-background-dim-30 has-background-dim\"><\/span><div class=\"wp-block-cover__inner-container is-layout-flow wp-block-cover-is-layout-flow\">\n<p class=\"has-text-align-center has-link-color has-libre-caslon-text-font-family has-large-font-size wp-elements-c79303ffaf60dddd66af9ff9d1b0ae02\"><a href=\"http:\/\/odeonhotel.fr\/\" target=\"_blank\" data-type=\"URL\" data-id=\"https:\/\/www.hotelchambiges.com\/\" rel=\"noreferrer noopener\">Hotel de Notre Dame<\/a><\/p>\n\n\n\n<p class=\"has-text-align-center has-custom-background-color has-text-color has-small-font-size\">Notre Dame<\/p>\n\n\n\n<p class=\"has-text-align-center has-custom-background-color has-text-color has-small-font-size\"><strong>*    *    *<\/strong><\/p>\n<\/div><\/div>\n<\/div>\n<\/div>\n\n\n\n<h2 class=\"wp-block-heading has-text-align-center has-large-font-size\"><strong><em>On the Right Bank<\/em><\/strong><\/h2>\n\n\n\n<div class=\"wp-block-columns agl agl-fadeCSSUp is-layout-flex wp-container-core-columns-is-layout-5a15bd8c wp-block-columns-is-layout-flex\" style=\"margin-top:15px;margin-bottom:var(--wp--preset--spacing--30);padding-top:0;padding-right:var(--wp--preset--spacing--30);padding-bottom:0;padding-left:var(--wp--preset--spacing--30)\">\n<div class=\"wp-block-column is-layout-flow wp-block-column-is-layout-flow\">\n<div style=\"aspect-ratio:16\/9;min-height:unset;\" class=\"wp-block-cover is-style-tw-border-inner image-zoom tw-stretched-link tw-hover-opacity has-aspect-ratio\"><img decoding=\"async\" width=\"385\" height=\"385\" sizes=\"(max-width: 799px) 125vw, (max-width: 385px) 100vw, 385px\" class=\"wp-block-cover__image-background wp-image-14489\" alt=\"\" src=\"http:\/\/odeonhotel.fr\/wp-content\/uploads\/2023\/10\/Hotel-Chambiges-6-hotels-in-Paris-jpg.webp\" data-object-fit=\"cover\" title=\"\" srcset=\"https:\/\/www.odeonhotel.fr\/wp-content\/uploads\/2023\/10\/Hotel-Chambiges-6-hotels-in-Paris-jpg.webp 385w, https:\/\/www.odeonhotel.fr\/wp-content\/uploads\/2023\/10\/Hotel-Chambiges-6-hotels-in-Paris-300x300.webp 300w, https:\/\/www.odeonhotel.fr\/wp-content\/uploads\/2023\/10\/Hotel-Chambiges-6-hotels-in-Paris-150x150.webp 150w\" \/><span aria-hidden=\"true\" class=\"wp-block-cover__background has-custom-contrast-background-color has-background-dim-30 has-background-dim\"><\/span><div class=\"wp-block-cover__inner-container is-layout-flow wp-block-cover-is-layout-flow\">\n<p class=\"has-text-align-center has-link-color has-libre-caslon-text-font-family has-large-font-size wp-elements-a4fd4922aa2073ac469e719846c30cbb\"><a href=\"https:\/\/www.hotelchambiges.com\/\" data-type=\"URL\" data-id=\"https:\/\/www.hotelchambiges.com\/\" target=\"_blank\" rel=\"noreferrer noopener\">Chambiges Elys\u00e9es<\/a><\/p>\n\n\n\n<p class=\"has-text-align-center has-custom-background-color has-text-color has-small-font-size\">Champs Elys\u00e9es<\/p>\n\n\n\n<p class=\"has-text-align-center has-custom-background-color has-text-color has-small-font-size\"><strong>*    *    *    *<\/strong><\/p>\n<\/div><\/div>\n<\/div>\n\n\n\n<div class=\"wp-block-column is-layout-flow wp-block-column-is-layout-flow\">\n<div style=\"aspect-ratio:16\/9;min-height:unset;\" class=\"wp-block-cover is-style-tw-border-inner image-zoom tw-stretched-link tw-hover-opacity has-aspect-ratio\"><img decoding=\"async\" width=\"385\" height=\"385\" sizes=\"(max-width: 799px) 125vw, (max-width: 385px) 100vw, 385px\" class=\"wp-block-cover__image-background wp-image-14497\" alt=\"\" src=\"http:\/\/odeonhotel.fr\/wp-content\/uploads\/2023\/10\/Hotel-Horset-Opera-6-hotels-in-Paris-jpg.webp\" data-object-fit=\"cover\" title=\"\" srcset=\"https:\/\/www.odeonhotel.fr\/wp-content\/uploads\/2023\/10\/Hotel-Horset-Opera-6-hotels-in-Paris-jpg.webp 385w, https:\/\/www.odeonhotel.fr\/wp-content\/uploads\/2023\/10\/Hotel-Horset-Opera-6-hotels-in-Paris-300x300.webp 300w, https:\/\/www.odeonhotel.fr\/wp-content\/uploads\/2023\/10\/Hotel-Horset-Opera-6-hotels-in-Paris-150x150.webp 150w\" \/><span aria-hidden=\"true\" class=\"wp-block-cover__background has-custom-contrast-background-color has-background-dim-30 has-background-dim\"><\/span><div class=\"wp-block-cover__inner-container is-layout-flow wp-block-cover-is-layout-flow\">\n<p class=\"has-text-align-center has-link-color has-libre-caslon-text-font-family has-large-font-size wp-elements-9153e53e161d65394eb81b26d9f6c6b1\"><a href=\"https:\/\/www.hotelhorsetopera.com\/\" data-type=\"URL\" data-id=\"https:\/\/www.hotelhorsetopera.com\/\" target=\"_blank\" rel=\"noreferrer noopener\">Horset Op\u00e9ra<\/a><\/p>\n\n\n\n<p class=\"has-text-align-center has-custom-background-color has-text-color has-small-font-size\">Op\u00e9ra<\/p>\n\n\n\n<p class=\"has-text-align-center has-custom-background-color has-text-color has-small-font-size\"><strong>*    *    *    *<\/strong><\/p>\n<\/div><\/div>\n<\/div>\n<\/div>\n<\/div>\n\n\n\n<div class=\"wp-block-column tw-sm-hidden is-layout-flow wp-block-column-is-layout-flow\" style=\"--col-width:15%;flex-basis:15%\"><\/div>\n<\/div>\n\n\n\n<h2 class=\"wp-block-heading has-text-align-center\" style=\"margin-top:var(--wp--preset--spacing--40);padding-top:0;padding-right:0;padding-bottom:0;padding-left:0\">Locate us on the map<\/h2>\n\n\n\n<link rel=\"stylesheet\" href=\"https:\/\/unpkg.com\/leaflet\/dist\/leaflet.css\" \/>\n<script src=\"https:\/\/unpkg.com\/leaflet\/dist\/leaflet.js\"><\/script>\n\n<div id=\"map\" style=\"width:100%; height:500px;\"><\/div>\n\n<script>\n  var map = L.map('map');\n\n  L.tileLayer('https:\/\/{s}.basemaps.cartocdn.com\/light_all\/{z}\/{x}\/{y}{r}.png', {\n    attribution: '&copy; OpenStreetMap &copy; CARTO',\n    subdomains: 'abcd',\n    maxZoom: 18\n  }).addTo(map);\n\n  var goldIcon = L.divIcon({\n    className: \"custom-gold-icon\",\n    html: '<div style=\"background:#CAA02D; width:22px; height:22px; border-radius:50%; border:2px solid white; box-shadow:0 0 6px rgba(0,0,0,0.5);\"><\/div>',\n    iconSize: [22, 22],\n    iconAnchor: [11, 11],\n    popupAnchor: [0, -11]\n  });\n\n  var hotels = [\n\n    {name:\"H\u00f4tel Au Manoir Saint Germain\", coords:[48.8530, 2.3349], address:\"153 boulevard Saint-Germain, 75006 Paris\"},\n    {name:\"H\u00f4tel Left Bank\", coords:[48.8539, 2.3384], address:\"9 rue de l\u2019Ancienne Com\u00e9die, 75006 Paris\"},\n    {name:\"H\u00f4tel La Perle Saint Germain\", coords:[48.8519, 2.3356], address:\"14 rue des Canettes, 75006 Paris\"},\n    {name:\"H\u00f4tel Luxembourg Parc\", coords:[48.8479, 2.3364], address:\"42 rue de Vaugirard, 75006 Paris\"},\n\n    {name:\"H\u00f4tel Cambiges Elys\u00e9es\", coords:[48.8673, 2.3049], address:\"8 rue Chambiges, 75008 Paris\"},\n    {name:\"H\u00f4tel Horset Op\u00e9ra\", coords:[48.8698, 2.3322], address:\"18 rue d\u2019Antin, 75002 Paris\"},\n    {name:\"H\u00f4tel de Notre Dame\", coords:[48.8504, 2.3499], address:\"19 rue Ma\u00eetre Albert, 75005 Paris\"},\n    {name:\"Od\u00e9on H\u00f4tel\", coords:[48.8518, 2.3391], address:\"3 rue de l\u2019Od\u00e9on, 75006 Paris\"}\n\n  ];\n\n  var bounds = [];\n\n  hotels.forEach(function(hotel){\n    L.marker(hotel.coords, {icon: goldIcon})\n      .addTo(map)\n      .bindPopup(\"<b>\"+hotel.name+\"<\/b><br>\"+hotel.address);\n    bounds.push(hotel.coords);\n  });\n\n  map.fitBounds(bounds, {padding:[50,50]});\n<\/script>\n\n\n\n<div style=\"height:40px\" aria-hidden=\"true\" class=\"wp-block-spacer\"><\/div>\n","protected":false},"excerpt":{"rendered":"<p>Our Boutique Hotels in Paris Discover the hotels Paris Hotels Charm, offering a blend of elegance and charm in the most iconic neighborhoods of the city. Hotel Left Bank Saint Germain invites you to experience the vibrant ambiance of Saint Germain des Pr\u00e9s, while Hotel Au Manoir Saint Germain des Pr\u00e9s will captivate with proximity [&hellip;]<\/p>\n","protected":false},"author":1,"featured_media":1381,"parent":0,"menu_order":2,"comment_status":"closed","ping_status":"closed","template":"wp-custom-template-le-template-des-chambres","meta":{"footnotes":""},"class_list":["post-189","page","type-page","status-publish","has-post-thumbnail","hentry"],"_links":{"self":[{"href":"https:\/\/www.odeonhotel.fr\/en\/wp-json\/wp\/v2\/pages\/189","targetHints":{"allow":["GET"]}}],"collection":[{"href":"https:\/\/www.odeonhotel.fr\/en\/wp-json\/wp\/v2\/pages"}],"about":[{"href":"https:\/\/www.odeonhotel.fr\/en\/wp-json\/wp\/v2\/types\/page"}],"author":[{"embeddable":true,"href":"https:\/\/www.odeonhotel.fr\/en\/wp-json\/wp\/v2\/users\/1"}],"replies":[{"embeddable":true,"href":"https:\/\/www.odeonhotel.fr\/en\/wp-json\/wp\/v2\/comments?post=189"}],"version-history":[{"count":47,"href":"https:\/\/www.odeonhotel.fr\/en\/wp-json\/wp\/v2\/pages\/189\/revisions"}],"predecessor-version":[{"id":25388,"href":"https:\/\/www.odeonhotel.fr\/en\/wp-json\/wp\/v2\/pages\/189\/revisions\/25388"}],"wp:featuredmedia":[{"embeddable":true,"href":"https:\/\/www.odeonhotel.fr\/en\/wp-json\/wp\/v2\/media\/1381"}],"wp:attachment":[{"href":"https:\/\/www.odeonhotel.fr\/en\/wp-json\/wp\/v2\/media?parent=189"}],"curies":[{"name":"wp","href":"https:\/\/api.w.org\/{rel}","templated":true}]}}