{"id":4362,"date":"2023-05-29T22:40:22","date_gmt":"2023-05-29T20:40:22","guid":{"rendered":"http:\/\/www.laperle.tess5418.odns.fr\/?page_id=4362"},"modified":"2025-10-17T17:21:33","modified_gmt":"2025-10-17T15:21:33","slug":"map","status":"publish","type":"page","link":"https:\/\/www.odeonhotel.fr\/en\/map\/","title":{"rendered":"Map &#038; Access"},"content":{"rendered":"\n<h1 class=\"wp-block-heading has-text-align-center\" style=\"margin-top:0;margin-right:0;margin-bottom:0;margin-left:0;padding-top:var(--wp--preset--spacing--50);padding-right:0;padding-bottom:0;padding-left:0;font-size:clamp(30.693px, 1.918rem + ((1vw - 3.2px) * 2.649), 54px);letter-spacing:-1px\">Locate the hotel<\/h1>\n\n\n\n<div class=\"wp-block-columns is-layout-flex wp-container-core-columns-is-layout-66a182f9 wp-block-columns-is-layout-flex\" style=\"margin-top:0;margin-bottom:0;padding-top:var(--wp--preset--spacing--30);padding-right:0;padding-bottom:var(--wp--preset--spacing--40);padding-left:0\">\n<div class=\"wp-block-column is-layout-flow wp-block-column-is-layout-flow\"><\/div>\n\n\n\n<div class=\"wp-block-column is-layout-flow wp-block-column-is-layout-flow\" style=\"--col-width:60%;flex-basis:60%\">\n<p class=\"has-text-align-center has-contrast-color has-text-color has-link-color wp-elements-978d79f8b3186c5b5b548542bc564b56\" style=\"padding-right:var(--wp--preset--spacing--30);padding-left:var(--wp--preset--spacing--30)\">The Od\u00e9on Hotel is ideally situated in Saint Germain des Pr\u00e9s in the 6th district, offering guests a prime location in the heart of Paris. <strong><a href=\"https:\/\/www.odeonhotel.fr\/en\/visit-paris\/\" data-type=\"page\" data-id=\"980\">Explore iconic landmarks, trendy boutiques, and cultural hotspots just moments from our doorstep<\/a>.<\/strong><\/p>\n<\/div>\n\n\n\n<div class=\"wp-block-column is-layout-flow wp-block-column-is-layout-flow\"><\/div>\n<\/div>\n\n\n\n<link rel=\"stylesheet\" href=\"https:\/\/unpkg.com\/leaflet\/dist\/leaflet.css\" \/>\n<script src=\"https:\/\/unpkg.com\/leaflet\/dist\/leaflet.js\"><\/script>\n\n<div id=\"map\" style=\"width:100%; height:500px;\"><\/div>\n\n<script>\n  \/\/ Initialisation de la carte centr\u00e9e sur l'H\u00f4tel Od\u00e9on\n  var map = L.map('map').setView([48.851825, 2.339100], 17);\n\n  \/\/ Fond clair avec routes plus fonc\u00e9es (Carto Positron)\n  L.tileLayer('https:\/\/{s}.basemaps.cartocdn.com\/light_all\/{z}\/{x}\/{y}{r}.png', {\n    attribution: '&copy; <a href=\"https:\/\/www.openstreetmap.org\/copyright\">OpenStreetMap<\/a> &copy; <a href=\"https:\/\/carto.com\/\">CARTO<\/a>',\n    subdomains: 'abcd',\n    maxZoom: 15\n  }).addTo(map);\n\n  \/\/ Ic\u00f4ne dor\u00e9 personnalis\u00e9\n  var goldIcon = L.divIcon({\n    className: \"custom-gold-icon\",\n    html: '<div style=\"background:#CAA02D; width:22px; height:22px; border-radius:50%; border:2px solid white; box-shadow:0 0 6px rgba(0,0,0,0.5);\"><\/div>',\n    iconSize: [22, 22],\n    iconAnchor: [11, 11],\n    popupAnchor: [0, -11]\n  });\n\n  \/\/ Marqueur H\u00f4tel Od\u00e9on\n  L.marker([48.851825, 2.339100], { icon: goldIcon }).addTo(map)\n    .bindPopup(\"<b>H\u00f4tel Od\u00e9on<\/b><br>3 rue de l'Od\u00e9on, Paris\")\n    .openPopup();\n<\/script>\n\n\n\n<h2 class=\"wp-block-heading has-text-align-center\" style=\"margin-bottom:var(--wp--preset--spacing--40)\">How to get to the Hotel<\/h2>\n\n\n\n<div class=\"wp-block-columns is-layout-flex wp-container-core-columns-is-layout-d9252248 wp-block-columns-is-layout-flex\" style=\"margin-top:0;margin-bottom:0;padding-top:0;padding-right:0;padding-bottom:0;padding-left:0\">\n<div class=\"wp-block-column tw-sm-hidden is-layout-flow wp-container-core-column-is-layout-b2a27621 wp-block-column-is-layout-flow\" style=\"--col-width:10%;padding-top:0;padding-right:0;padding-bottom:0;padding-left:0;flex-basis:10%\"><\/div>\n\n\n\n<div class=\"wp-block-column is-layout-flow wp-container-core-column-is-layout-b2a4e257 wp-block-column-is-layout-flow\" style=\"--col-width:%;padding-top:0;padding-right:var(--wp--preset--spacing--30);padding-bottom:0;padding-left:var(--wp--preset--spacing--30)\">\n<p style=\"margin-right:var(--wp--preset--spacing--50);margin-bottom:var(--wp--preset--spacing--30);margin-left:var(--wp--preset--spacing--60);font-size:clamp(16.293px, 1.018rem + ((1vw - 3.2px) * 0.989), 25px);\"><strong>From Parisian airports<\/strong><\/p>\n\n\n\n<ul style=\"margin-right:0;margin-left:0\" class=\"wp-block-list\">\n<li><strong>Charles de Gaulle airport (CDG)<\/strong><\/li>\n<\/ul>\n\n\n\n<p class=\"has-text-align-justify\" style=\"margin-top:0;margin-right:0;margin-bottom:0;margin-left:0;padding-top:0;padding-right:0;padding-bottom:0;padding-left:0\"><strong>By taxi :<\/strong> Around 1 hour &#8211; The price for a regular taxi catched at a taxi stand is fixed and is 65 \u20ac luggages included. Be careful to fake taxi driver and confirm with them the rate before getting inside the car.<\/p>\n\n\n\n<p class=\"has-text-align-justify\" style=\"margin-top:0;margin-right:0;margin-bottom:0;margin-left:0;padding-top:0;padding-right:0;padding-bottom:0;padding-left:0\">We can also arrange a pick up for you at the airport as we work with several companies. It is more expensive as the driver has to park and wait for you. He will help you with luggage and wait for you after customs with a sign on your name. The rate for 2 persons is around 95\u20ac.<\/p>\n\n\n\n<p class=\"has-text-align-justify\" style=\"margin-top:0;margin-right:0;margin-bottom:0;margin-left:0;padding-top:0;padding-right:0;padding-bottom:0;padding-left:0\">The transfer from the hotel to the airport is less expensive as the driver wouldn&#8217;t have to park and wait for you. It cost around 75\u20ac.<\/p>\n\n\n\n<p class=\"has-text-align-justify\" style=\"margin-top:0;margin-right:0;margin-bottom:0;margin-left:0;padding-top:0;padding-right:0;padding-bottom:0;padding-left:0\"><strong>By train :<\/strong>\u00a0Around 1 hour \u2013 You can also catch the train\u00a0RER\u00a0B at the airport to Saint Michel Station, and then metro line 4 and stop at \u201cOd\u00e9on\u201d (100 meters from the hotel).<\/p>\n\n\n\n<ul style=\"margin-right:0;margin-left:0\" class=\"wp-block-list\">\n<li><strong>Orly airport (ORY)<\/strong><\/li>\n<\/ul>\n\n\n\n<p class=\"has-text-align-justify\" style=\"margin-top:0;margin-right:0;margin-bottom:0;margin-left:0\"><strong><strong>By taxi :<\/strong> <\/strong>Around 45 minutes &#8211; The price for a regular taxi catched at a taxi stand is fixed and is 36 \u20ac luggages included. Be careful to fake taxi driver and confirm with them the rate before getting inside the car.<\/p>\n\n\n\n<p class=\"has-text-align-justify\" style=\"margin-top:0;margin-right:0;margin-bottom:0;margin-left:0\">We can also arrange a pick up for you at the airport as we work with several companies. It is more expensive as the driver has to park and wait for you. He will help you with luggage and wait for you after customs with a sign on your name. The rate for 2 persons is 80 \u20ac.<\/p>\n\n\n\n<p class=\"has-text-align-justify\" style=\"margin-top:0;margin-right:0;margin-bottom:0;margin-left:0\">The transfer from the hotel to the airport is less expensive as the driver wouldn&#8217;t have to park and wait for you. It cost around 50\u20ac.<\/p>\n\n\n\n<p class=\"has-text-align-justify\" style=\"margin-top:0;margin-right:0;margin-bottom:0;margin-left:0;padding-right:0;padding-left:0\"><strong>By train :<\/strong>\u00a0Around 1 hour \u2013 You would have to change 3 times : Take the Orlyval\u00a0at the airport and stop at Anthony. Then change for the RER B and get off at \u201cSt michel Notre Dame\u201d station. There change for the metro line 4 and get off at \u201cOdeon\u201d station (100 meters from the hotel).<\/p>\n\n\n\n<p class=\"has-text-align-justify\" style=\"margin-top:var(--wp--preset--spacing--50);margin-right:var(--wp--preset--spacing--40);margin-bottom:var(--wp--preset--spacing--30);margin-left:var(--wp--preset--spacing--60);font-size:clamp(16.293px, 1.018rem + ((1vw - 3.2px) * 0.989), 25px);\"><strong>From Parisian train stations<\/strong><\/p>\n\n\n\n<ul style=\"margin-right:0;margin-left:0\" class=\"wp-block-list\">\n<li><strong>Gare du Nord <\/strong><\/li>\n<\/ul>\n\n\n\n<p class=\"has-text-align-justify\" style=\"margin-top:0;margin-right:0;margin-bottom:0;margin-left:0\"><strong>By taxi :<\/strong> Depending on traffic, taxi travel time is around 20 minutes<\/p>\n\n\n\n<p class=\"has-text-align-justify\" style=\"margin-top:0;margin-right:0;margin-bottom:0;margin-left:0\"><strong>By metro :<\/strong>\u00a0Around 19 minutes \u2013 From Gare du Nord station, take metro line 4, direction \u201cBagneux Lucie Aubrac\u201d and get out at \u201cOdeon\u201d station (100 meters from the hotel)<\/p>\n\n\n\n<ul style=\"margin-right:0;margin-left:0\" class=\"wp-block-list\">\n<li><strong>Gare Montparnasse<\/strong><\/li>\n<\/ul>\n\n\n\n<p class=\"has-text-align-justify\" style=\"margin-top:0;margin-right:0;margin-bottom:0;margin-left:0\"><strong>By taxi :<\/strong> Depending on traffic, taxi travel time is around 10 minutes<\/p>\n\n\n\n<p class=\"has-text-align-justify\" style=\"margin-top:0;margin-right:0;margin-bottom:0;margin-left:0\"><strong>By metro :<\/strong>\u00a0Around 17 minutes \u2013 From \u201cMontparnasse Bienvenue\u201d station, take metro line 4, direction \u201cPorte de Clignancourt\u201d and get out at \u201cOdeon\u201d station (100 meters from the hotel)<\/p>\n\n\n\n<ul style=\"margin-right:0;margin-left:0\" class=\"wp-block-list\">\n<li><strong>Gare de Lyon<\/strong><\/li>\n<\/ul>\n\n\n\n<p class=\"has-text-align-justify\" style=\"margin-top:0;margin-right:0;margin-bottom:0;margin-left:0\"><strong>By taxi :<\/strong> Depending on traffic, taxi travel time is around 20 minutes<\/p>\n\n\n\n<p class=\"has-text-align-justify\" style=\"margin-top:0;margin-right:0;margin-bottom:0;margin-left:0\"><strong>By bus :<\/strong>\u00a0Around 23 minutes \u2013 From \u201cGare de Lyon\u201d station, take Bus 63, direction \u201cPorte de la Muette\u201d and stop at \u201cOdeon\u201d station (100 meters from the hotel)<\/p>\n\n\n\n<p class=\"has-text-align-justify\" style=\"margin-top:var(--wp--preset--spacing--50);margin-right:var(--wp--preset--spacing--40);margin-bottom:0;margin-left:var(--wp--preset--spacing--60);font-size:clamp(16.293px, 1.018rem + ((1vw - 3.2px) * 0.989), 25px);\"><strong>From Parisian metro stations<\/strong><\/p>\n\n\n\n<ul style=\"margin-right:0;margin-left:0\" class=\"wp-block-list\">\n<li>&#8220;<strong>Od\u00e9on&#8221; station<\/strong><\/li>\n<\/ul>\n\n\n\n<p class=\"has-text-align-justify\" style=\"margin-top:0;margin-right:0;margin-bottom:0;margin-left:0\"><strong>By walk :<\/strong>\u00a0100 meters \u2013 2 minutes \u2013 From \u201cOdeon\u201d metro station, walk south on Carrefour de l&#8217;Od\u00e9on for approximately 50 meters and then continue for 50 meters on Rue de l&#8217;Od\u00e9on. You will find Od\u00e9on Hotel on your left.<\/p>\n\n\n\n<ul style=\"margin-right:0;margin-left:0\" class=\"wp-block-list\">\n<li>&#8220;<strong><strong>Saint Germain des Pr\u00e9s<\/strong>&#8221; station<\/strong><\/li>\n<\/ul>\n\n\n\n<p class=\"has-text-align-justify\" style=\"margin-top:0;margin-right:0;margin-bottom:0;margin-left:0\"><strong>By walk :<\/strong>\u00a0450 meters \u2013 6 minutes \u2013 From \u201cSaint-Germain-des-Pr\u00e9s\u201d metro station, walk East on boulevard Saint Germain for approximately 400 meters. Turn on right Carrefour de l&#8217;Od\u00e9on for approximately 50 meters and then continue for 50 meters on Rue de l&#8217;Od\u00e9on. You will find Od\u00e9on Hotel on your left.<\/p>\n\n\n\n<ul style=\"margin-right:0;margin-left:0\" class=\"wp-block-list\">\n<li>&#8220;<strong>Saint Michel&#8221; RER station<\/strong><\/li>\n<\/ul>\n\n\n\n<p class=\"has-text-align-justify\" style=\"margin-top:0;margin-right:0;margin-bottom:0;margin-left:0\"><strong>By walk :<\/strong> 600 meters &#8211; 5 minutes &#8211; From &#8220;Saint Michel&#8221; RER station, walk South West on rue Danton for approximately 350 meters. Turn right on boulevard Saint Germain for 150 meters. Then turn left on Carrefour de l&#8217;Od\u00e9on for approximately 50 meters and then continue for 50 meters on Rue de l&#8217;Od\u00e9on. You will find Od\u00e9on Hotel on your left.<\/p>\n<\/div>\n\n\n\n<div class=\"wp-block-column tw-sm-hidden is-layout-flow wp-container-core-column-is-layout-b2a27621 wp-block-column-is-layout-flow\" style=\"--col-width:10%;padding-top:0;padding-right:0;padding-bottom:0;padding-left:0;flex-basis:10%\"><\/div>\n<\/div>\n\n\n\n<div style=\"height:50px\" aria-hidden=\"true\" class=\"wp-block-spacer\"><\/div>\n","protected":false},"excerpt":{"rendered":"<p>Locate the hotel The Od\u00e9on Hotel is ideally situated in Saint Germain des Pr\u00e9s in the 6th district, offering guests a prime location in the heart of Paris. Explore iconic landmarks, trendy boutiques, and cultural hotspots just moments from our doorstep. How to get to the Hotel From Parisian airports By taxi : Around 1 [&hellip;]<\/p>\n","protected":false},"author":2,"featured_media":22935,"parent":0,"menu_order":0,"comment_status":"closed","ping_status":"closed","template":"wp-custom-template-le-template-des-chambres","meta":{"footnotes":""},"class_list":["post-4362","page","type-page","status-publish","has-post-thumbnail","hentry"],"_links":{"self":[{"href":"https:\/\/www.odeonhotel.fr\/en\/wp-json\/wp\/v2\/pages\/4362","targetHints":{"allow":["GET"]}}],"collection":[{"href":"https:\/\/www.odeonhotel.fr\/en\/wp-json\/wp\/v2\/pages"}],"about":[{"href":"https:\/\/www.odeonhotel.fr\/en\/wp-json\/wp\/v2\/types\/page"}],"author":[{"embeddable":true,"href":"https:\/\/www.odeonhotel.fr\/en\/wp-json\/wp\/v2\/users\/2"}],"replies":[{"embeddable":true,"href":"https:\/\/www.odeonhotel.fr\/en\/wp-json\/wp\/v2\/comments?post=4362"}],"version-history":[{"count":101,"href":"https:\/\/www.odeonhotel.fr\/en\/wp-json\/wp\/v2\/pages\/4362\/revisions"}],"predecessor-version":[{"id":24243,"href":"https:\/\/www.odeonhotel.fr\/en\/wp-json\/wp\/v2\/pages\/4362\/revisions\/24243"}],"wp:featuredmedia":[{"embeddable":true,"href":"https:\/\/www.odeonhotel.fr\/en\/wp-json\/wp\/v2\/media\/22935"}],"wp:attachment":[{"href":"https:\/\/www.odeonhotel.fr\/en\/wp-json\/wp\/v2\/media?parent=4362"}],"curies":[{"name":"wp","href":"https:\/\/api.w.org\/{rel}","templated":true}]}}