{"id":6636,"date":"2023-05-16T12:38:32","date_gmt":"2023-05-16T10:38:32","guid":{"rendered":"http:\/\/www.laperle.tess5418.odns.fr\/museos\/"},"modified":"2026-03-25T23:07:36","modified_gmt":"2026-03-25T22:07:36","slug":"museos","status":"publish","type":"page","link":"https:\/\/www.odeonhotel.fr\/es\/visite-paris\/museos\/","title":{"rendered":"Museos"},"content":{"rendered":"\n<p class=\"rank-math-breadcrumb has-contrast-color has-text-color has-link-color wp-elements-d1fd9548b977c5925f369fcd755348a1\" style=\"margin-right:3%;margin-left:3%\">Se encuentra usted aqu\u00ed: <a href=\"\/en\/\">Inicio<\/a> \u00bb <a href=\"\/en\/visit-paris\/\">Visitar Par\u00eds<\/a> \u00bb <a href=\"https:\/\/www.odeonhotel.fr\/es\/visite-paris\/museos\/\" data-type=\"page\" data-id=\"3190\">Museos<\/a><\/p>\n\n<h1 class=\"wp-block-heading has-text-align-center\" style=\"margin-top:0;margin-right:0;margin-bottom:0;margin-left:0;padding-top:var(--wp--preset--spacing--40);padding-right:0;padding-bottom:0;padding-left:0;font-size:clamp(30.693px, 1.918rem + ((1vw - 3.2px) * 2.649), 54px);letter-spacing:-1px\">Museos<\/h1>\n\n<div class=\"wp-block-columns is-layout-flex wp-container-core-columns-is-layout-66a182f9 wp-block-columns-is-layout-flex\" style=\"margin-top:0;margin-bottom:0;padding-top:var(--wp--preset--spacing--30);padding-right:0;padding-bottom:var(--wp--preset--spacing--40);padding-left:0\">\n<div class=\"wp-block-column is-layout-flow wp-block-column-is-layout-flow\" style=\"--col-width:100%;padding-right:3%;padding-left:3%;flex-basis:100%\">\n<p class=\"has-text-align-center\" style=\"padding-right:0;padding-left:0\">Explore el cautivador mundo de los museos parisinos. Sum\u00e9rjase en el arte en el Museo del Louvre, hogar de la emblem\u00e1tica Mona Lisa. Descubra las obras maestras del Impresionismo en el Museo de Orsay. Ad\u00e9ntrese en el arte moderno y contempor\u00e1neo en el Centro Pompidou. Los museos de Par\u00eds ofrecen un tesoro de maravillas culturales para todo aficionado al arte.<\/p>\n<\/div>\n<\/div>\n\n<div class=\"wp-block-query is-layout-flow wp-block-query-is-layout-flow\"><ul style=\"padding-right:var(--wp--preset--spacing--30);padding-left:var(--wp--preset--spacing--30);\" class=\"columns-3 wp-block-post-template is-layout-grid wp-container-core-post-template-is-layout-2b4f8fd7 wp-block-post-template-is-layout-grid\"><li class=\"wp-block-post post-8618 post type-post status-publish format-standard has-post-thumbnail hentry category-museos-es\">\n<figure class=\"image-zoom wp-block-post-featured-image\"><a href=\"https:\/\/www.odeonhotel.fr\/es\/museos-es\/museo-rodin\/\" target=\"_self\"  ><img decoding=\"async\" width=\"1920\" height=\"965\" src=\"https:\/\/www.odeonhotel.fr\/wp-content\/uploads\/2016\/05\/MUSEE-DE-CLUNY.jpg\" class=\"has-border-color has-primary-border-color wp-post-image\" alt=\"Museo de Cluny\" style=\"border-width:5px;object-fit:cover;\" srcset=\"https:\/\/www.odeonhotel.fr\/wp-content\/uploads\/2016\/05\/MUSEE-DE-CLUNY.jpg 1920w, https:\/\/www.odeonhotel.fr\/wp-content\/uploads\/2016\/05\/MUSEE-DE-CLUNY-300x151.jpg 300w, https:\/\/www.odeonhotel.fr\/wp-content\/uploads\/2016\/05\/MUSEE-DE-CLUNY-1024x515.jpg 1024w, https:\/\/www.odeonhotel.fr\/wp-content\/uploads\/2016\/05\/MUSEE-DE-CLUNY-768x386.jpg 768w, https:\/\/www.odeonhotel.fr\/wp-content\/uploads\/2016\/05\/MUSEE-DE-CLUNY-1536x772.jpg 1536w\" sizes=\"(max-width: 1920px) 100vw, 1920px\" title=\"\"><\/a><\/figure>\n\n<h2 style=\"font-size:clamp(16.293px, 1.018rem + ((1vw - 3.2px) * 0.989), 25px);\" class=\"has-text-align-center has-link-color wp-elements-cc6e9e615c7c7cae429720e4cd8237d6 wp-block-post-title\"><a href=\"https:\/\/www.odeonhotel.fr\/es\/museos-es\/museo-rodin\/\" target=\"_self\" >Museo de Cluny<\/a><\/h2>\n<\/li><li class=\"wp-block-post post-8841 post type-post status-publish format-standard has-post-thumbnail hentry category-museos-es\">\n<figure class=\"image-zoom wp-block-post-featured-image\"><a href=\"https:\/\/www.odeonhotel.fr\/es\/museos-es\/museo-quai-branly\/\" target=\"_self\"  ><img decoding=\"async\" width=\"1920\" height=\"965\" src=\"https:\/\/www.odeonhotel.fr\/wp-content\/uploads\/2016\/05\/quai-branly.jpg\" class=\"has-border-color has-primary-border-color wp-post-image\" alt=\"Museo quai Branly\" style=\"border-width:5px;object-fit:cover;\" srcset=\"https:\/\/www.odeonhotel.fr\/wp-content\/uploads\/2016\/05\/quai-branly.jpg 1920w, https:\/\/www.odeonhotel.fr\/wp-content\/uploads\/2016\/05\/quai-branly-300x151.jpg 300w, https:\/\/www.odeonhotel.fr\/wp-content\/uploads\/2016\/05\/quai-branly-1024x515.jpg 1024w, https:\/\/www.odeonhotel.fr\/wp-content\/uploads\/2016\/05\/quai-branly-768x386.jpg 768w, https:\/\/www.odeonhotel.fr\/wp-content\/uploads\/2016\/05\/quai-branly-1536x772.jpg 1536w\" sizes=\"(max-width: 1920px) 100vw, 1920px\" title=\"\"><\/a><\/figure>\n\n<h2 style=\"font-size:clamp(16.293px, 1.018rem + ((1vw - 3.2px) * 0.989), 25px);\" class=\"has-text-align-center has-link-color wp-elements-cc6e9e615c7c7cae429720e4cd8237d6 wp-block-post-title\"><a href=\"https:\/\/www.odeonhotel.fr\/es\/museos-es\/museo-quai-branly\/\" target=\"_self\" >Museo quai Branly<\/a><\/h2>\n<\/li><li class=\"wp-block-post post-8855 post type-post status-publish format-standard has-post-thumbnail hentry category-museos-es\">\n<figure class=\"image-zoom wp-block-post-featured-image\"><a href=\"https:\/\/www.odeonhotel.fr\/es\/museos-es\/museo-de-arte-moderno\/\" target=\"_self\"  ><img decoding=\"async\" width=\"1920\" height=\"965\" src=\"https:\/\/www.odeonhotel.fr\/wp-content\/uploads\/2016\/05\/MUSEE-ART-MODERNE.jpg\" class=\"has-border-color has-primary-border-color wp-post-image\" alt=\"Museo de Arte Moderno\" style=\"border-width:5px;object-fit:cover;\" srcset=\"https:\/\/www.odeonhotel.fr\/wp-content\/uploads\/2016\/05\/MUSEE-ART-MODERNE.jpg 1920w, https:\/\/www.odeonhotel.fr\/wp-content\/uploads\/2016\/05\/MUSEE-ART-MODERNE-300x151.jpg 300w, https:\/\/www.odeonhotel.fr\/wp-content\/uploads\/2016\/05\/MUSEE-ART-MODERNE-1024x515.jpg 1024w, https:\/\/www.odeonhotel.fr\/wp-content\/uploads\/2016\/05\/MUSEE-ART-MODERNE-768x386.jpg 768w, https:\/\/www.odeonhotel.fr\/wp-content\/uploads\/2016\/05\/MUSEE-ART-MODERNE-1536x772.jpg 1536w\" sizes=\"(max-width: 1920px) 100vw, 1920px\" title=\"\"><\/a><\/figure>\n\n<h2 style=\"font-size:clamp(16.293px, 1.018rem + ((1vw - 3.2px) * 0.989), 25px);\" class=\"has-text-align-center has-link-color wp-elements-cc6e9e615c7c7cae429720e4cd8237d6 wp-block-post-title\"><a href=\"https:\/\/www.odeonhotel.fr\/es\/museos-es\/museo-de-arte-moderno\/\" target=\"_self\" >Museo de Arte Moderno<\/a><\/h2>\n<\/li><li class=\"wp-block-post post-8869 post type-post status-publish format-standard has-post-thumbnail hentry category-museos-es\">\n<figure class=\"image-zoom wp-block-post-featured-image\"><a href=\"https:\/\/www.odeonhotel.fr\/es\/museos-es\/centro-pompidou\/\" target=\"_self\"  ><img decoding=\"async\" width=\"1920\" height=\"965\" src=\"https:\/\/www.odeonhotel.fr\/wp-content\/uploads\/2016\/05\/MUSEE-POMPIDOU.jpg\" class=\"has-border-color has-primary-border-color wp-post-image\" alt=\"Centro Pompidou\" style=\"border-width:5px;object-fit:cover;\" srcset=\"https:\/\/www.odeonhotel.fr\/wp-content\/uploads\/2016\/05\/MUSEE-POMPIDOU.jpg 1920w, https:\/\/www.odeonhotel.fr\/wp-content\/uploads\/2016\/05\/MUSEE-POMPIDOU-300x151.jpg 300w, https:\/\/www.odeonhotel.fr\/wp-content\/uploads\/2016\/05\/MUSEE-POMPIDOU-1024x515.jpg 1024w, https:\/\/www.odeonhotel.fr\/wp-content\/uploads\/2016\/05\/MUSEE-POMPIDOU-768x386.jpg 768w, https:\/\/www.odeonhotel.fr\/wp-content\/uploads\/2016\/05\/MUSEE-POMPIDOU-1536x772.jpg 1536w\" sizes=\"(max-width: 1920px) 100vw, 1920px\" title=\"\"><\/a><\/figure>\n\n<h2 style=\"font-size:clamp(16.293px, 1.018rem + ((1vw - 3.2px) * 0.989), 25px);\" class=\"has-text-align-center has-link-color wp-elements-cc6e9e615c7c7cae429720e4cd8237d6 wp-block-post-title\"><a href=\"https:\/\/www.odeonhotel.fr\/es\/museos-es\/centro-pompidou\/\" target=\"_self\" >Centro Pompidou<\/a><\/h2>\n<\/li><li class=\"wp-block-post post-8885 post type-post status-publish format-standard has-post-thumbnail hentry category-museos-es\">\n<figure class=\"image-zoom wp-block-post-featured-image\"><a href=\"https:\/\/www.odeonhotel.fr\/es\/museos-es\/museo-de-orsay\/\" target=\"_self\"  ><img decoding=\"async\" width=\"1920\" height=\"965\" src=\"https:\/\/www.odeonhotel.fr\/wp-content\/uploads\/2016\/05\/MUSEE-ORSAY.jpg\" class=\"has-border-color has-primary-border-color wp-post-image\" alt=\"Museo de Orsay\" style=\"border-width:5px;object-fit:cover;\" srcset=\"https:\/\/www.odeonhotel.fr\/wp-content\/uploads\/2016\/05\/MUSEE-ORSAY.jpg 1920w, https:\/\/www.odeonhotel.fr\/wp-content\/uploads\/2016\/05\/MUSEE-ORSAY-300x151.jpg 300w, https:\/\/www.odeonhotel.fr\/wp-content\/uploads\/2016\/05\/MUSEE-ORSAY-1024x515.jpg 1024w, https:\/\/www.odeonhotel.fr\/wp-content\/uploads\/2016\/05\/MUSEE-ORSAY-768x386.jpg 768w, https:\/\/www.odeonhotel.fr\/wp-content\/uploads\/2016\/05\/MUSEE-ORSAY-1536x772.jpg 1536w\" sizes=\"(max-width: 1920px) 100vw, 1920px\" title=\"\"><\/a><\/figure>\n\n<h2 style=\"font-size:clamp(16.293px, 1.018rem + ((1vw - 3.2px) * 0.989), 25px);\" class=\"has-text-align-center has-link-color wp-elements-cc6e9e615c7c7cae429720e4cd8237d6 wp-block-post-title\"><a href=\"https:\/\/www.odeonhotel.fr\/es\/museos-es\/museo-de-orsay\/\" target=\"_self\" >Museo de Orsay<\/a><\/h2>\n<\/li><li class=\"wp-block-post post-8903 post type-post status-publish format-standard has-post-thumbnail hentry category-museos-es\">\n<figure class=\"image-zoom wp-block-post-featured-image\"><a href=\"https:\/\/www.odeonhotel.fr\/es\/museos-es\/museo-del-louvre\/\" target=\"_self\"  ><img decoding=\"async\" width=\"1920\" height=\"965\" src=\"https:\/\/www.odeonhotel.fr\/wp-content\/uploads\/2016\/05\/MUSEE-DU-LOUVRE.jpg\" class=\"has-border-color has-primary-border-color wp-post-image\" alt=\"Museo del Louvre\" style=\"border-width:5px;object-fit:cover;\" srcset=\"https:\/\/www.odeonhotel.fr\/wp-content\/uploads\/2016\/05\/MUSEE-DU-LOUVRE.jpg 1920w, https:\/\/www.odeonhotel.fr\/wp-content\/uploads\/2016\/05\/MUSEE-DU-LOUVRE-300x151.jpg 300w, https:\/\/www.odeonhotel.fr\/wp-content\/uploads\/2016\/05\/MUSEE-DU-LOUVRE-1024x515.jpg 1024w, https:\/\/www.odeonhotel.fr\/wp-content\/uploads\/2016\/05\/MUSEE-DU-LOUVRE-768x386.jpg 768w, https:\/\/www.odeonhotel.fr\/wp-content\/uploads\/2016\/05\/MUSEE-DU-LOUVRE-1536x772.jpg 1536w\" sizes=\"(max-width: 1920px) 100vw, 1920px\" title=\"\"><\/a><\/figure>\n\n<h2 style=\"font-size:clamp(16.293px, 1.018rem + ((1vw - 3.2px) * 0.989), 25px);\" class=\"has-text-align-center has-link-color wp-elements-cc6e9e615c7c7cae429720e4cd8237d6 wp-block-post-title\"><a href=\"https:\/\/www.odeonhotel.fr\/es\/museos-es\/museo-del-louvre\/\" target=\"_self\" >Museo del Louvre<\/a><\/h2>\n<\/li><\/ul>\n\n<\/div>\n\n<div style=\"height:40px\" aria-hidden=\"true\" class=\"wp-block-spacer\"><\/div>\n","protected":false},"excerpt":{"rendered":"<p>Se encuentra usted aqu\u00ed: Inicio \u00bb Visitar Par\u00eds \u00bb Museos Museos Explore el cautivador mundo de los museos parisinos. Sum\u00e9rjase en el arte en el Museo del Louvre, hogar de la emblem\u00e1tica Mona Lisa. Descubra las obras maestras del Impresionismo en el Museo de Orsay. Ad\u00e9ntrese en el arte moderno y contempor\u00e1neo en el Centro [&hellip;]<\/p>\n","protected":false},"author":1,"featured_media":15374,"parent":6656,"menu_order":2,"comment_status":"closed","ping_status":"closed","template":"","meta":{"footnotes":""},"class_list":["post-6636","page","type-page","status-publish","has-post-thumbnail","hentry"],"_links":{"self":[{"href":"https:\/\/www.odeonhotel.fr\/es\/wp-json\/wp\/v2\/pages\/6636","targetHints":{"allow":["GET"]}}],"collection":[{"href":"https:\/\/www.odeonhotel.fr\/es\/wp-json\/wp\/v2\/pages"}],"about":[{"href":"https:\/\/www.odeonhotel.fr\/es\/wp-json\/wp\/v2\/types\/page"}],"author":[{"embeddable":true,"href":"https:\/\/www.odeonhotel.fr\/es\/wp-json\/wp\/v2\/users\/1"}],"replies":[{"embeddable":true,"href":"https:\/\/www.odeonhotel.fr\/es\/wp-json\/wp\/v2\/comments?post=6636"}],"version-history":[{"count":2,"href":"https:\/\/www.odeonhotel.fr\/es\/wp-json\/wp\/v2\/pages\/6636\/revisions"}],"predecessor-version":[{"id":25692,"href":"https:\/\/www.odeonhotel.fr\/es\/wp-json\/wp\/v2\/pages\/6636\/revisions\/25692"}],"up":[{"embeddable":true,"href":"https:\/\/www.odeonhotel.fr\/es\/wp-json\/wp\/v2\/pages\/6656"}],"wp:featuredmedia":[{"embeddable":true,"href":"https:\/\/www.odeonhotel.fr\/es\/wp-json\/wp\/v2\/media\/15374"}],"wp:attachment":[{"href":"https:\/\/www.odeonhotel.fr\/es\/wp-json\/wp\/v2\/media?parent=6636"}],"curies":[{"name":"wp","href":"https:\/\/api.w.org\/{rel}","templated":true}]}}