{"id":6648,"date":"2023-05-16T12:35:09","date_gmt":"2023-05-16T10:35:09","guid":{"rendered":"http:\/\/www.laperle.tess5418.odns.fr\/monumentos\/"},"modified":"2026-03-25T00:48:04","modified_gmt":"2026-03-24T23:48:04","slug":"monumentos","status":"publish","type":"page","link":"https:\/\/www.odeonhotel.fr\/es\/visite-paris\/monumentos\/","title":{"rendered":"Monumentos"},"content":{"rendered":"\n<p class=\"rank-math-breadcrumb has-contrast-color has-text-color has-link-color wp-elements-03a465324ee33e68a2590f58209fb249\" style=\"margin-right:3%;margin-left:3%\">Est\u00e1s aqu\u00ed : <a href=\"\/es\/\">Inicio<\/a> \u00bb <a href=\"\/es\/visit-paris\/\">Visite Paris<\/a><\/p>\n\n<h1 class=\"wp-block-heading has-text-align-center\" style=\"margin-top:0;margin-right:0;margin-bottom:0;margin-left:0;padding-top:var(--wp--preset--spacing--40);padding-right:0;padding-bottom:0;padding-left:0;font-size:clamp(30.693px, 1.918rem + ((1vw - 3.2px) * 2.649), 54px);letter-spacing:-1px\">Monumentos<\/h1>\n\n<div class=\"wp-block-columns is-layout-flex wp-container-core-columns-is-layout-66a182f9 wp-block-columns-is-layout-flex\" style=\"margin-top:0;margin-bottom:0;padding-top:var(--wp--preset--spacing--30);padding-right:0;padding-bottom:var(--wp--preset--spacing--40);padding-left:0\">\n<div class=\"wp-block-column is-layout-flow wp-block-column-is-layout-flow\" style=\"--col-width:100%;padding-right:3%;padding-left:3%;flex-basis:100%\">\n<p class=\"has-text-align-center\" style=\"padding-right:0;padding-left:0\">Experimente la grandeza de Par\u00eds a trav\u00e9s de sus emblem\u00e1ticos monumentos. Desde la majestuosa Torre Eiffel hasta los puentes hist\u00f3ricos, cada monumento cuenta una historia de arte, historia y brillantez arquitect\u00f3nica. Admire la belleza intemporal de la Catedral de Notre-Dame, pasee por el opulento Palacio de Versalles y d\u00e9jese cautivar por el Arco del Triunfo. Los monumentos de Par\u00eds son testimonio de su rico patrimonio cultural.<\/p>\n<\/div>\n<\/div>\n\n<div class=\"wp-block-query is-layout-flow wp-block-query-is-layout-flow\"><ul style=\"padding-right:var(--wp--preset--spacing--30);padding-left:var(--wp--preset--spacing--30);\" class=\"columns-3 wp-block-post-template is-layout-grid wp-container-core-post-template-is-layout-2b4f8fd7 wp-block-post-template-is-layout-grid\"><li class=\"wp-block-post post-8825 post type-post status-publish format-standard has-post-thumbnail hentry category-monumentos-es\">\n<figure class=\"image-zoom wp-block-post-featured-image\"><a href=\"https:\/\/www.odeonhotel.fr\/es\/monumentos-es\/puentes-de-paris\/\" target=\"_self\"  ><img decoding=\"async\" width=\"1920\" height=\"965\" src=\"https:\/\/www.odeonhotel.fr\/wp-content\/uploads\/2026\/01\/ponts.jpg\" class=\"has-border-color has-primary-border-color wp-post-image\" alt=\"Puentes de Par\u00eds\" style=\"border-width:5px;object-fit:cover;\" srcset=\"https:\/\/www.odeonhotel.fr\/wp-content\/uploads\/2026\/01\/ponts.jpg 1920w, https:\/\/www.odeonhotel.fr\/wp-content\/uploads\/2026\/01\/ponts-300x151.jpg 300w, https:\/\/www.odeonhotel.fr\/wp-content\/uploads\/2026\/01\/ponts-1024x515.jpg 1024w, https:\/\/www.odeonhotel.fr\/wp-content\/uploads\/2026\/01\/ponts-768x386.jpg 768w, https:\/\/www.odeonhotel.fr\/wp-content\/uploads\/2026\/01\/ponts-1536x772.jpg 1536w\" sizes=\"(max-width: 1920px) 100vw, 1920px\" title=\"\"><\/a><\/figure>\n\n<h1 style=\"font-size:clamp(16.293px, 1.018rem + ((1vw - 3.2px) * 0.989), 25px);font-style:normal;font-weight:400;letter-spacing:-1px; padding-top:0;padding-bottom:0;margin-top:5px;\" class=\"has-text-align-center has-link-color wp-elements-a3ce7be901921f7189e03a8faf4a104b wp-block-post-title has-text-color has-primary-color has-libre-caslon-text-font-family\"><a href=\"https:\/\/www.odeonhotel.fr\/es\/monumentos-es\/puentes-de-paris\/\" target=\"_self\" >Puentes de Par\u00eds<\/a><\/h1>\n<\/li><li class=\"wp-block-post post-8600 post type-post status-publish format-standard has-post-thumbnail hentry category-monumentos-es\">\n<figure class=\"image-zoom wp-block-post-featured-image\"><a href=\"https:\/\/www.odeonhotel.fr\/es\/monumentos-es\/el-arco-triunfal\/\" target=\"_self\"  ><img decoding=\"async\" width=\"1920\" height=\"965\" src=\"https:\/\/www.odeonhotel.fr\/wp-content\/uploads\/2026\/01\/arc-triomphe.jpg\" class=\"has-border-color has-primary-border-color wp-post-image\" alt=\"El arco triunfal\" style=\"border-width:5px;object-fit:cover;\" srcset=\"https:\/\/www.odeonhotel.fr\/wp-content\/uploads\/2026\/01\/arc-triomphe.jpg 1920w, https:\/\/www.odeonhotel.fr\/wp-content\/uploads\/2026\/01\/arc-triomphe-300x151.jpg 300w, https:\/\/www.odeonhotel.fr\/wp-content\/uploads\/2026\/01\/arc-triomphe-1024x515.jpg 1024w, https:\/\/www.odeonhotel.fr\/wp-content\/uploads\/2026\/01\/arc-triomphe-768x386.jpg 768w, https:\/\/www.odeonhotel.fr\/wp-content\/uploads\/2026\/01\/arc-triomphe-1536x772.jpg 1536w\" sizes=\"(max-width: 1920px) 100vw, 1920px\" title=\"\"><\/a><\/figure>\n\n<h1 style=\"font-size:clamp(16.293px, 1.018rem + ((1vw - 3.2px) * 0.989), 25px);font-style:normal;font-weight:400;letter-spacing:-1px; padding-top:0;padding-bottom:0;margin-top:5px;\" class=\"has-text-align-center has-link-color wp-elements-a3ce7be901921f7189e03a8faf4a104b wp-block-post-title has-text-color has-primary-color has-libre-caslon-text-font-family\"><a href=\"https:\/\/www.odeonhotel.fr\/es\/monumentos-es\/el-arco-triunfal\/\" target=\"_self\" >El arco triunfal<\/a><\/h1>\n<\/li><li class=\"wp-block-post post-8759 post type-post status-publish format-standard has-post-thumbnail hentry category-monumentos-es\">\n<figure class=\"image-zoom wp-block-post-featured-image\"><a href=\"https:\/\/www.odeonhotel.fr\/es\/monumentos-es\/castillo-de-versalles\/\" target=\"_self\"  ><img decoding=\"async\" width=\"1920\" height=\"965\" src=\"https:\/\/www.odeonhotel.fr\/wp-content\/uploads\/2026\/01\/Chateau-versaille.jpg\" class=\"has-border-color has-primary-border-color wp-post-image\" alt=\"Castillo de Versalles\" style=\"border-width:5px;object-fit:cover;\" srcset=\"https:\/\/www.odeonhotel.fr\/wp-content\/uploads\/2026\/01\/Chateau-versaille.jpg 1920w, https:\/\/www.odeonhotel.fr\/wp-content\/uploads\/2026\/01\/Chateau-versaille-300x151.jpg 300w, https:\/\/www.odeonhotel.fr\/wp-content\/uploads\/2026\/01\/Chateau-versaille-1024x515.jpg 1024w, https:\/\/www.odeonhotel.fr\/wp-content\/uploads\/2026\/01\/Chateau-versaille-768x386.jpg 768w, https:\/\/www.odeonhotel.fr\/wp-content\/uploads\/2026\/01\/Chateau-versaille-1536x772.jpg 1536w\" sizes=\"(max-width: 1920px) 100vw, 1920px\" title=\"\"><\/a><\/figure>\n\n<h1 style=\"font-size:clamp(16.293px, 1.018rem + ((1vw - 3.2px) * 0.989), 25px);font-style:normal;font-weight:400;letter-spacing:-1px; padding-top:0;padding-bottom:0;margin-top:5px;\" class=\"has-text-align-center has-link-color wp-elements-a3ce7be901921f7189e03a8faf4a104b wp-block-post-title has-text-color has-primary-color has-libre-caslon-text-font-family\"><a href=\"https:\/\/www.odeonhotel.fr\/es\/monumentos-es\/castillo-de-versalles\/\" target=\"_self\" >Castillo de Versalles<\/a><\/h1>\n<\/li><li class=\"wp-block-post post-8777 post type-post status-publish format-standard has-post-thumbnail hentry category-monumentos-es\">\n<figure class=\"image-zoom wp-block-post-featured-image\"><a href=\"https:\/\/www.odeonhotel.fr\/es\/monumentos-es\/sacre-coeur\/\" target=\"_self\"  ><img decoding=\"async\" width=\"1920\" height=\"965\" src=\"https:\/\/www.odeonhotel.fr\/wp-content\/uploads\/2026\/01\/sacre-coeur.jpg\" class=\"has-border-color has-primary-border-color wp-post-image\" alt=\"Sacr\u00e9 Coeur\" style=\"border-width:5px;object-fit:cover;\" srcset=\"https:\/\/www.odeonhotel.fr\/wp-content\/uploads\/2026\/01\/sacre-coeur.jpg 1920w, https:\/\/www.odeonhotel.fr\/wp-content\/uploads\/2026\/01\/sacre-coeur-300x151.jpg 300w, https:\/\/www.odeonhotel.fr\/wp-content\/uploads\/2026\/01\/sacre-coeur-1024x515.jpg 1024w, https:\/\/www.odeonhotel.fr\/wp-content\/uploads\/2026\/01\/sacre-coeur-768x386.jpg 768w, https:\/\/www.odeonhotel.fr\/wp-content\/uploads\/2026\/01\/sacre-coeur-1536x772.jpg 1536w\" sizes=\"(max-width: 1920px) 100vw, 1920px\" title=\"\"><\/a><\/figure>\n\n<h1 style=\"font-size:clamp(16.293px, 1.018rem + ((1vw - 3.2px) * 0.989), 25px);font-style:normal;font-weight:400;letter-spacing:-1px; padding-top:0;padding-bottom:0;margin-top:5px;\" class=\"has-text-align-center has-link-color wp-elements-a3ce7be901921f7189e03a8faf4a104b wp-block-post-title has-text-color has-primary-color has-libre-caslon-text-font-family\"><a href=\"https:\/\/www.odeonhotel.fr\/es\/monumentos-es\/sacre-coeur\/\" target=\"_self\" >Sacr\u00e9 Coeur<\/a><\/h1>\n<\/li><li class=\"wp-block-post post-8809 post type-post status-publish format-standard has-post-thumbnail hentry category-monumentos-es\">\n<figure class=\"image-zoom wp-block-post-featured-image\"><a href=\"https:\/\/www.odeonhotel.fr\/es\/monumentos-es\/notre-dame-de-paris\/\" target=\"_self\"  ><img decoding=\"async\" width=\"1920\" height=\"965\" src=\"https:\/\/www.odeonhotel.fr\/wp-content\/uploads\/2026\/01\/notre-dame.jpg\" class=\"has-border-color has-primary-border-color wp-post-image\" alt=\"Notre Dame de Paris\" style=\"border-width:5px;object-fit:cover;\" srcset=\"https:\/\/www.odeonhotel.fr\/wp-content\/uploads\/2026\/01\/notre-dame.jpg 1920w, https:\/\/www.odeonhotel.fr\/wp-content\/uploads\/2026\/01\/notre-dame-300x151.jpg 300w, https:\/\/www.odeonhotel.fr\/wp-content\/uploads\/2026\/01\/notre-dame-1024x515.jpg 1024w, https:\/\/www.odeonhotel.fr\/wp-content\/uploads\/2026\/01\/notre-dame-768x386.jpg 768w, https:\/\/www.odeonhotel.fr\/wp-content\/uploads\/2026\/01\/notre-dame-1536x772.jpg 1536w\" sizes=\"(max-width: 1920px) 100vw, 1920px\" title=\"\"><\/a><\/figure>\n\n<h1 style=\"font-size:clamp(16.293px, 1.018rem + ((1vw - 3.2px) * 0.989), 25px);font-style:normal;font-weight:400;letter-spacing:-1px; padding-top:0;padding-bottom:0;margin-top:5px;\" class=\"has-text-align-center has-link-color wp-elements-a3ce7be901921f7189e03a8faf4a104b wp-block-post-title has-text-color has-primary-color has-libre-caslon-text-font-family\"><a href=\"https:\/\/www.odeonhotel.fr\/es\/monumentos-es\/notre-dame-de-paris\/\" target=\"_self\" >Notre Dame de Paris<\/a><\/h1>\n<\/li><li class=\"wp-block-post post-8793 post type-post status-publish format-standard has-post-thumbnail hentry category-monumentos-es\">\n<figure class=\"image-zoom wp-block-post-featured-image\"><a href=\"https:\/\/www.odeonhotel.fr\/es\/monumentos-es\/la-torre-eiffel\/\" target=\"_self\"  ><img decoding=\"async\" width=\"1920\" height=\"965\" src=\"https:\/\/www.odeonhotel.fr\/wp-content\/uploads\/2026\/01\/tour-eiffel.jpg\" class=\"has-border-color has-primary-border-color wp-post-image\" alt=\"La Torre Eiffel\" style=\"border-width:5px;object-fit:cover;\" srcset=\"https:\/\/www.odeonhotel.fr\/wp-content\/uploads\/2026\/01\/tour-eiffel.jpg 1920w, https:\/\/www.odeonhotel.fr\/wp-content\/uploads\/2026\/01\/tour-eiffel-300x151.jpg 300w, https:\/\/www.odeonhotel.fr\/wp-content\/uploads\/2026\/01\/tour-eiffel-1024x515.jpg 1024w, https:\/\/www.odeonhotel.fr\/wp-content\/uploads\/2026\/01\/tour-eiffel-768x386.jpg 768w, https:\/\/www.odeonhotel.fr\/wp-content\/uploads\/2026\/01\/tour-eiffel-1536x772.jpg 1536w\" sizes=\"(max-width: 1920px) 100vw, 1920px\" title=\"\"><\/a><\/figure>\n\n<h1 style=\"font-size:clamp(16.293px, 1.018rem + ((1vw - 3.2px) * 0.989), 25px);font-style:normal;font-weight:400;letter-spacing:-1px; padding-top:0;padding-bottom:0;margin-top:5px;\" class=\"has-text-align-center has-link-color wp-elements-a3ce7be901921f7189e03a8faf4a104b wp-block-post-title has-text-color has-primary-color has-libre-caslon-text-font-family\"><a href=\"https:\/\/www.odeonhotel.fr\/es\/monumentos-es\/la-torre-eiffel\/\" target=\"_self\" >La Torre Eiffel<\/a><\/h1>\n<\/li><\/ul>\n\n<\/div>\n\n<div style=\"height:40px\" aria-hidden=\"true\" class=\"wp-block-spacer\"><\/div>\n","protected":false},"excerpt":{"rendered":"<p>Est\u00e1s aqu\u00ed : Inicio \u00bb Visite Paris Monumentos Experimente la grandeza de Par\u00eds a trav\u00e9s de sus emblem\u00e1ticos monumentos. Desde la majestuosa Torre Eiffel hasta los puentes hist\u00f3ricos, cada monumento cuenta una historia de arte, historia y brillantez arquitect\u00f3nica. Admire la belleza intemporal de la Catedral de Notre-Dame, pasee por el opulento Palacio de Versalles [&hellip;]<\/p>\n","protected":false},"author":1,"featured_media":24405,"parent":6656,"menu_order":1,"comment_status":"closed","ping_status":"closed","template":"","meta":{"footnotes":""},"class_list":["post-6648","page","type-page","status-publish","has-post-thumbnail","hentry"],"_links":{"self":[{"href":"https:\/\/www.odeonhotel.fr\/es\/wp-json\/wp\/v2\/pages\/6648","targetHints":{"allow":["GET"]}}],"collection":[{"href":"https:\/\/www.odeonhotel.fr\/es\/wp-json\/wp\/v2\/pages"}],"about":[{"href":"https:\/\/www.odeonhotel.fr\/es\/wp-json\/wp\/v2\/types\/page"}],"author":[{"embeddable":true,"href":"https:\/\/www.odeonhotel.fr\/es\/wp-json\/wp\/v2\/users\/1"}],"replies":[{"embeddable":true,"href":"https:\/\/www.odeonhotel.fr\/es\/wp-json\/wp\/v2\/comments?post=6648"}],"version-history":[{"count":4,"href":"https:\/\/www.odeonhotel.fr\/es\/wp-json\/wp\/v2\/pages\/6648\/revisions"}],"predecessor-version":[{"id":25626,"href":"https:\/\/www.odeonhotel.fr\/es\/wp-json\/wp\/v2\/pages\/6648\/revisions\/25626"}],"up":[{"embeddable":true,"href":"https:\/\/www.odeonhotel.fr\/es\/wp-json\/wp\/v2\/pages\/6656"}],"wp:featuredmedia":[{"embeddable":true,"href":"https:\/\/www.odeonhotel.fr\/es\/wp-json\/wp\/v2\/media\/24405"}],"wp:attachment":[{"href":"https:\/\/www.odeonhotel.fr\/es\/wp-json\/wp\/v2\/media?parent=6648"}],"curies":[{"name":"wp","href":"https:\/\/api.w.org\/{rel}","templated":true}]}}