{"id":6656,"date":"2023-05-05T12:46:57","date_gmt":"2023-05-05T10:46:57","guid":{"rendered":"http:\/\/www.laperle.tess5418.odns.fr\/visite-paris\/"},"modified":"2025-10-16T23:40:15","modified_gmt":"2025-10-16T21:40:15","slug":"visite-paris","status":"publish","type":"page","link":"https:\/\/www.odeonhotel.fr\/es\/visite-paris\/","title":{"rendered":"Visite Par\u00eds"},"content":{"rendered":"\n<h1 class=\"wp-block-heading has-text-align-center\" style=\"margin-top:0;margin-right:0;margin-bottom:0;margin-left:0;padding-top:var(--wp--preset--spacing--50);padding-right:0;padding-bottom:0;padding-left:0;font-size:clamp(30.693px, 1.918rem + ((1vw - 3.2px) * 2.649), 54px);letter-spacing:-1px\">Visite Par\u00eds<\/h1>\n\n\n\n<div class=\"wp-block-columns is-layout-flex wp-container-core-columns-is-layout-66a182f9 wp-block-columns-is-layout-flex\" style=\"margin-top:0;margin-bottom:0;padding-top:var(--wp--preset--spacing--30);padding-right:0;padding-bottom:var(--wp--preset--spacing--40);padding-left:0\">\n<div class=\"wp-block-column is-layout-flow wp-block-column-is-layout-flow\"><\/div>\n\n\n\n<div class=\"wp-block-column is-layout-flow wp-block-column-is-layout-flow\" style=\"--col-width:60%;flex-basis:60%\">\n<p class=\"has-text-align-center\" style=\"padding-right:var(--wp--preset--spacing--30);padding-left:var(--wp--preset--spacing--30)\">Conf\u00ede en las recomendaciones de nuestro experto personal de recepci\u00f3n del Hotel de Notre Dame para descubrir lo mejor de Par\u00eds. Desde lugares emblem\u00e1ticos a joyas ocultas, le guiar\u00e1n para explorar barrios con encanto, disfrutar de delicias culinarias, descubrir el arte y la cultura, y crear recuerdos inolvidables durante su estancia en la Ciudad de las Luces.<\/p>\n<\/div>\n\n\n\n<div class=\"wp-block-column is-layout-flow wp-block-column-is-layout-flow\"><\/div>\n<\/div>\n\n\n\n<div class=\"wp-block-columns leconteneur has-custom-links-beige-background-color has-background is-layout-flex wp-container-core-columns-is-layout-8c511434 wp-block-columns-is-layout-flex\" style=\"margin-top:var(--wp--preset--spacing--30);padding-top:0;padding-right:0;padding-bottom:0;padding-left:0\">\n<div class=\"wp-block-column is-layout-flow wp-block-column-is-layout-flow\">\n<div class=\"wp-block-cover is-light is-style-tw-border-inner image-zoom tw-stretched-link tw-hover-opacity tw-ratio-1-1\"><img decoding=\"async\" sizes=\"(max-width: 799px) 200vw, (max-width: 385px) 100vw, 385px\" class=\"wp-block-cover__image-background wp-image-16792\" alt=\"\" src=\"http:\/\/odeonhotel.fr\/wp-content\/uploads\/2023\/10\/Monuments-in-Paris-1-jpg.webp\" data-object-fit=\"cover\" title=\"\"><span aria-hidden=\"true\" class=\"wp-block-cover__background has-custom-contrast-background-color has-background-dim-30 has-background-dim\"><\/span><div class=\"wp-block-cover__inner-container is-layout-flow wp-block-cover-is-layout-flow\">\n<p class=\"has-text-align-center has-large-font-size\" style=\"text-decoration:none\"><a href=\"https:\/\/www.odeonhotel.fr\/es\/visite-paris\/monumentos\/\"><mark style=\"background-color:rgba(0, 0, 0, 0)\" class=\"has-inline-color has-custom-background-color\"><span style=\"text-decoration: underline;\">Monumentos<\/span><\/mark><\/a><\/p>\n<\/div><\/div>\n<\/div>\n\n\n\n<div class=\"wp-block-column is-layout-flow wp-block-column-is-layout-flow\">\n<div class=\"wp-block-cover is-style-tw-border-inner image-zoom tw-stretched-link tw-hover-opacity tw-ratio-1-1\"><img decoding=\"async\" sizes=\"(max-width: 799px) 200vw, (max-width: 385px) 100vw, 385px\" class=\"wp-block-cover__image-background wp-image-14572\" alt=\"\" src=\"http:\/\/odeonhotel.fr\/wp-content\/uploads\/2023\/10\/Museums-in-Paris-jpg.webp\" data-object-fit=\"cover\" title=\"\"><span aria-hidden=\"true\" class=\"wp-block-cover__background has-custom-contrast-background-color has-background-dim-30 has-background-dim\"><\/span><div class=\"wp-block-cover__inner-container is-layout-flow wp-block-cover-is-layout-flow\">\n<p class=\"has-text-align-center has-link-color has-large-font-size wp-elements-cb5d4643dfd09d9f712c16b74a07cb46\" style=\"text-decoration:none\"><mark style=\"background-color:rgba(0, 0, 0, 0)\" class=\"has-inline-color has-custom-background-color\"><span style=\"text-decoration: underline;\"><a href=\"https:\/\/www.odeonhotel.fr\/es\/visite-paris\/museos\/\">Museos<\/a><\/span><\/mark><\/p>\n<\/div><\/div>\n<\/div>\n\n\n\n<div class=\"wp-block-column is-layout-flow wp-block-column-is-layout-flow\">\n<div class=\"wp-block-cover is-style-tw-border-inner image-zoom tw-stretched-link tw-hover-opacity tw-ratio-1-1\"><img decoding=\"async\" sizes=\"(max-width: 799px) 200vw, (max-width: 385px) 100vw, 385px\" class=\"wp-block-cover__image-background wp-image-14564\" alt=\"\" src=\"http:\/\/odeonhotel.fr\/wp-content\/uploads\/2023\/10\/Restaurants-in-Paris-jpg.webp\" data-object-fit=\"cover\" title=\"\"><span aria-hidden=\"true\" class=\"wp-block-cover__background has-custom-contrast-background-color has-background-dim-30 has-background-dim\"><\/span><div class=\"wp-block-cover__inner-container is-layout-flow wp-block-cover-is-layout-flow\">\n<p class=\"has-text-align-center has-link-color has-large-font-size wp-elements-c13af3d7d49d581538f5e140612d33ea\" style=\"text-decoration:none\"><mark style=\"background-color:rgba(0, 0, 0, 0)\" class=\"has-inline-color has-custom-background-color\"><span style=\"text-decoration: underline;\"><a href=\"https:\/\/www.odeonhotel.fr\/es\/visite-paris\/restaurantes\/\">Restaurantes<\/a><\/span><\/mark><\/p>\n<\/div><\/div>\n<\/div>\n<\/div>\n\n\n\n<div class=\"wp-block-columns leconteneur has-custom-links-beige-background-color has-background is-layout-flex wp-container-core-columns-is-layout-8c511434 wp-block-columns-is-layout-flex\" style=\"margin-top:var(--wp--preset--spacing--30);padding-top:0;padding-right:0;padding-bottom:0;padding-left:0\">\n<div class=\"wp-block-column is-layout-flow wp-block-column-is-layout-flow\">\n<div class=\"wp-block-cover is-light is-style-tw-border-inner image-zoom tw-stretched-link tw-hover-opacity tw-ratio-1-1\"><img decoding=\"async\" sizes=\"(max-width: 799px) 200vw, (max-width: 385px) 100vw, 385px\" class=\"wp-block-cover__image-background wp-image-14548\" alt=\"\" src=\"http:\/\/odeonhotel.fr\/wp-content\/uploads\/2023\/10\/Well-being-in-Paris-jpg.webp\" data-object-fit=\"cover\" title=\"\"><span aria-hidden=\"true\" class=\"wp-block-cover__background has-custom-contrast-background-color has-background-dim-30 has-background-dim\"><\/span><div class=\"wp-block-cover__inner-container is-layout-flow wp-block-cover-is-layout-flow\">\n<p class=\"has-text-align-center has-link-color has-large-font-size wp-elements-c88cd23c353ffe061a3b112b3f5c9f35\" style=\"text-decoration:none\"><mark style=\"background-color:rgba(0, 0, 0, 0)\" class=\"has-inline-color has-custom-background-color\"><span style=\"text-decoration: underline;\"><a href=\"https:\/\/www.odeonhotel.fr\/es\/visite-paris\/bienestar\/\" data-type=\"page\" data-id=\"3196\">Bienestar<\/a><\/span><\/mark><\/p>\n<\/div><\/div>\n<\/div>\n\n\n\n<div class=\"wp-block-column is-layout-flow wp-block-column-is-layout-flow\">\n<div class=\"wp-block-cover is-style-tw-border-inner image-zoom tw-stretched-link tw-hover-opacity tw-ratio-1-1\"><img decoding=\"async\" sizes=\"(max-width: 799px) 200vw, (max-width: 385px) 100vw, 385px\" class=\"wp-block-cover__image-background wp-image-14556\" alt=\"\" src=\"http:\/\/odeonhotel.fr\/wp-content\/uploads\/2023\/10\/Shopping-in-Paris-jpg.webp\" data-object-fit=\"cover\" title=\"\"><span aria-hidden=\"true\" class=\"wp-block-cover__background has-custom-contrast-background-color has-background-dim-30 has-background-dim\"><\/span><div class=\"wp-block-cover__inner-container is-layout-flow wp-block-cover-is-layout-flow\">\n<p class=\"has-text-align-center has-link-color has-large-font-size wp-elements-4ca165f10428bc11604bcf9d7c520537\" style=\"text-decoration:none\"><mark style=\"background-color:rgba(0, 0, 0, 0)\" class=\"has-inline-color has-custom-background-color\"><span style=\"text-decoration: underline;\"><a href=\"https:\/\/www.odeonhotel.fr\/es\/visite-paris\/shopping\/\">Shopping<\/a><\/span><\/mark><\/p>\n<\/div><\/div>\n<\/div>\n\n\n\n<div class=\"wp-block-column is-layout-flow wp-block-column-is-layout-flow\">\n<div class=\"wp-block-cover is-style-tw-border-inner image-zoom tw-stretched-link tw-hover-opacity tw-ratio-1-1\"><img decoding=\"async\" sizes=\"(max-width: 799px) 200vw, (max-width: 385px) 100vw, 385px\" class=\"wp-block-cover__image-background wp-image-14580\" alt=\"\" src=\"http:\/\/odeonhotel.fr\/wp-content\/uploads\/2023\/10\/Night-Life-in-Paris-jpg.webp\" data-object-fit=\"cover\" title=\"\"><span aria-hidden=\"true\" class=\"wp-block-cover__background has-custom-contrast-background-color has-background-dim-30 has-background-dim\"><\/span><div class=\"wp-block-cover__inner-container is-layout-flow wp-block-cover-is-layout-flow\">\n<p class=\"has-text-align-center has-link-color has-large-font-size wp-elements-35135c4f5b23585a6d5f3dd37d204fd4\" style=\"text-decoration:none\"><mark style=\"background-color:rgba(0, 0, 0, 0)\" class=\"has-inline-color has-custom-background-color\"><span style=\"text-decoration: underline;\"><a href=\"https:\/\/www.odeonhotel.fr\/es\/visite-paris\/vida-nocturna\/\">Vida nocturna<\/a><\/span><\/mark><\/p>\n<\/div><\/div>\n\n\n\n<div style=\"height:20px\" aria-hidden=\"true\" class=\"wp-block-spacer\"><\/div>\n<\/div>\n<\/div>\n\n\n\n<div style=\"margin-top:0;margin-bottom:0;height:40px\" aria-hidden=\"true\" class=\"wp-block-spacer\"><\/div>\n","protected":false},"excerpt":{"rendered":"<p>Visite Par\u00eds Conf\u00ede en las recomendaciones de nuestro experto personal de recepci\u00f3n del Hotel de Notre Dame para descubrir lo mejor de Par\u00eds. Desde lugares emblem\u00e1ticos a joyas ocultas, le guiar\u00e1n para explorar barrios con encanto, disfrutar de delicias culinarias, descubrir el arte y la cultura, y crear recuerdos inolvidables durante su estancia en la [&hellip;]<\/p>\n","protected":false},"author":1,"featured_media":24413,"parent":0,"menu_order":0,"comment_status":"closed","ping_status":"closed","template":"wp-custom-template-le-template-des-chambres","meta":{"footnotes":""},"class_list":["post-6656","page","type-page","status-publish","has-post-thumbnail","hentry"],"_links":{"self":[{"href":"https:\/\/www.odeonhotel.fr\/es\/wp-json\/wp\/v2\/pages\/6656","targetHints":{"allow":["GET"]}}],"collection":[{"href":"https:\/\/www.odeonhotel.fr\/es\/wp-json\/wp\/v2\/pages"}],"about":[{"href":"https:\/\/www.odeonhotel.fr\/es\/wp-json\/wp\/v2\/types\/page"}],"author":[{"embeddable":true,"href":"https:\/\/www.odeonhotel.fr\/es\/wp-json\/wp\/v2\/users\/1"}],"replies":[{"embeddable":true,"href":"https:\/\/www.odeonhotel.fr\/es\/wp-json\/wp\/v2\/comments?post=6656"}],"version-history":[{"count":3,"href":"https:\/\/www.odeonhotel.fr\/es\/wp-json\/wp\/v2\/pages\/6656\/revisions"}],"predecessor-version":[{"id":24172,"href":"https:\/\/www.odeonhotel.fr\/es\/wp-json\/wp\/v2\/pages\/6656\/revisions\/24172"}],"wp:featuredmedia":[{"embeddable":true,"href":"https:\/\/www.odeonhotel.fr\/es\/wp-json\/wp\/v2\/media\/24413"}],"wp:attachment":[{"href":"https:\/\/www.odeonhotel.fr\/es\/wp-json\/wp\/v2\/media?parent=6656"}],"curies":[{"name":"wp","href":"https:\/\/api.w.org\/{rel}","templated":true}]}}