{"id":6709,"date":"2023-05-05T12:46:44","date_gmt":"2023-05-05T10:46:44","guid":{"rendered":"http:\/\/www.laperle.tess5418.odns.fr\/servicios\/"},"modified":"2026-04-07T11:52:19","modified_gmt":"2026-04-07T09:52:19","slug":"servicios","status":"publish","type":"page","link":"https:\/\/www.odeonhotel.fr\/es\/servicios\/","title":{"rendered":"Servicios"},"content":{"rendered":"\n<h1 class=\"wp-block-heading has-text-align-center\" style=\"margin-top:0;margin-right:0;margin-bottom:0;margin-left:0;padding-top:var(--wp--preset--spacing--50);padding-right:0;padding-bottom:0;padding-left:0;font-size:clamp(30.693px, 1.918rem + ((1vw - 3.2px) * 2.649), 54px);letter-spacing:-1px\">Servicios del hotel<\/h1>\n\n<div class=\"wp-block-columns is-layout-flex wp-container-core-columns-is-layout-66a182f9 wp-block-columns-is-layout-flex\" style=\"margin-top:0;margin-bottom:0;padding-top:var(--wp--preset--spacing--30);padding-right:0;padding-bottom:var(--wp--preset--spacing--40);padding-left:0\">\n<div class=\"wp-block-column is-layout-flow wp-block-column-is-layout-flow\"><\/div>\n\n\n\n<div class=\"wp-block-column is-layout-flow wp-block-column-is-layout-flow\" style=\"--col-width:60%;flex-basis:60%\">\n<p class=\"has-text-align-center\" style=\"padding-right:var(--wp--preset--spacing--30);padding-left:var(--wp--preset--spacing--30)\">Servicios de calidad combinados con el ambiente parisino para una estancia memorable en la capital francesa.<br\/>Todas nuestras habitaciones disponen de acceso WIFI gratuito. No disponemos de salas para PMR.<br\/>Un espacio de coworking est\u00e1 a tu disposici\u00f3n desde las 11:00 horas todos los d\u00edas en nuestra sala de desayunos.   <\/p>\n<\/div>\n\n\n\n<div class=\"wp-block-column is-layout-flow wp-block-column-is-layout-flow\"><\/div>\n<\/div>\n\n<div style=\"height:19px\" aria-hidden=\"true\" class=\"wp-block-spacer\"><\/div>\n\n<div class=\"wp-block-columns is-layout-flex wp-container-core-columns-is-layout-960d6821 wp-block-columns-is-layout-flex tw-block-animation tw-animation-fade-in-up tw-duration-5\" style=\"margin-top:0;margin-bottom:var(--wp--preset--spacing--40);padding-top:0;padding-right:0;padding-bottom:0;padding-left:0\">\n<div class=\"wp-block-column is-layout-flow wp-container-core-column-is-layout-43f3b71b wp-block-column-is-layout-flow\" style=\"--col-width:55%;padding-top:var(--wp--preset--spacing--30);padding-right:0;padding-bottom:0;padding-left:0;flex-basis:55%\">\n<h2 class=\"wp-block-heading has-text-align-left tw-lg-hidden tw-md-hidden has-primary-color has-text-color has-link-color wp-elements-66a2d36d20d0da0baab2cd2c7de147ee\" style=\"margin-top:0;margin-bottom:15px;padding-top:0;padding-bottom:0;padding-left:var(--wp--preset--spacing--30);font-size:clamp(21.536px, 1.346rem + ((1vw - 3.2px) * 1.53), 35px);letter-spacing:-1px\">Servicio de recepci\u00f3n y consigna de equipaje<\/h2>\n\n\n\n<div class=\"wp-block-cover aligncenter is-light\" style=\"margin-top:0;margin-bottom:0;padding-top:0;padding-bottom:0;min-height:500px;aspect-ratio:unset;\"><img decoding=\"async\" width=\"830\" height=\"520\" sizes=\"(max-width: 799px) 200vw, (max-width: 830px) 100vw, 830px\" class=\"wp-block-cover__image-background wp-image-22852\" alt=\"\" src=\"http:\/\/odeonhotel.fr\/wp-content\/uploads\/2025\/10\/Reception-odeon-hotel-paris.jpg\" data-object-fit=\"cover\" title=\"\" srcset=\"https:\/\/www.odeonhotel.fr\/wp-content\/uploads\/2025\/10\/Reception-odeon-hotel-paris.jpg 830w, https:\/\/www.odeonhotel.fr\/wp-content\/uploads\/2025\/10\/Reception-odeon-hotel-paris-300x188.jpg 300w, https:\/\/www.odeonhotel.fr\/wp-content\/uploads\/2025\/10\/Reception-odeon-hotel-paris-768x481.jpg 768w\" \/><span aria-hidden=\"true\" class=\"wp-block-cover__background has-background-dim-0 has-background-dim\"><\/span><div class=\"wp-block-cover__inner-container is-layout-flow wp-block-cover-is-layout-flow\">\n<p class=\"has-text-align-center has-large-font-size\"><\/p>\n<\/div><\/div>\n<\/div>\n\n\n\n<div class=\"wp-block-column is-vertically-aligned-center is-layout-flow wp-container-core-column-is-layout-96d94fa1 wp-block-column-is-layout-flow\" style=\"padding-top:0;padding-right:var(--wp--preset--spacing--30);padding-bottom:0;padding-left:var(--wp--preset--spacing--30)\">\n<h2 class=\"wp-block-heading has-text-align-left tw-sm-hidden has-primary-color has-text-color has-link-color wp-elements-7d682039f73213172e5d1770f3889fd3\" style=\"margin-top:0;margin-bottom:10px;padding-top:0;padding-bottom:0;font-size:clamp(21.536px, 1.346rem + ((1vw - 3.2px) * 1.53), 35px);letter-spacing:-1px\">Servicio de recepci\u00f3n y consigna de equipaje<\/h2>\n\n\n\n<p style=\"margin-top:15px;margin-bottom:0px;padding-top:0;padding-bottom:0\">El personal del ODEON HOTEL est\u00e1 a tu servicio cuando haces la reserva y lo que dure dicha reserva, para asegurarse de que el tiempo que pasas en nuestro establecimiento transcurre de forma satisfactoria, bien organizada y entretenida. Te aconsejamos la mejor forma posible de sacarle el mayor partido a Par\u00eds y compartir contigo nuestro profundo conocimiento de los lugares de inter\u00e9s esenciales de Saint-Germain des Pr\u00e8s. <\/p>\n\n\n\n<p style=\"margin-top:10px;margin-bottom:10px;padding-top:0;padding-bottom:0\">Nuestro personal estar\u00e1 encantado de ayudarle con sus maletas a su llegada o salida.<\/p>\n\n\n\n<p style=\"margin-top:0px;margin-bottom:15px;padding-top:0;padding-bottom:0\">Hay un servicio de consigna de equipaje a su disposici\u00f3n. Garantizamos la seguridad de su equipaje durante su ausencia. <\/p>\n\n\n\n<details class=\"wp-block-details is-layout-flow wp-container-core-details-is-layout-dff4594b wp-block-details-is-layout-flow\" style=\"margin-top:10px;margin-bottom:0;padding-top:0;padding-bottom:0\"><summary>LEER MAS<\/summary>\n<p style=\"margin-top:0;margin-bottom:10px;padding-top:0px;padding-bottom:0px\">Compras, gastronom\u00eda, cultura: todo lo que quieras, te revelaremos los lugares que no te puedes perder en esta parte de la capital. Tambi\u00e9n te propondremos servicios de recepci\u00f3n para ayudarte a organizar tus viajes, traslados, reservas de restaurantes y salidas al teatro o a museos.<\/p>\n<\/details>\n\n\n\n<div style=\"height:30px\" aria-hidden=\"true\" class=\"wp-block-spacer tw-md-hidden tw-lg-hidden\"><\/div>\n<\/div>\n<\/div>\n\n<div class=\"wp-block-columns is-layout-flex wp-container-core-columns-is-layout-960d6821 wp-block-columns-is-layout-flex tw-block-animation tw-animation-fade-in-up tw-duration-5\" style=\"margin-top:0;margin-bottom:var(--wp--preset--spacing--40);padding-top:0;padding-right:0;padding-bottom:0;padding-left:0\">\n<div class=\"wp-block-column tw-lg-hidden tw-md-hidden is-layout-flow wp-container-core-column-is-layout-f016c79b wp-block-column-is-layout-flow\" style=\"--col-width:55%;padding-top:0;padding-right:0;padding-bottom:0;padding-left:0;flex-basis:55%\">\n<h2 class=\"wp-block-heading has-text-align-left tw-lg-hidden tw-md-hidden has-primary-color has-text-color has-link-color wp-elements-650b4b5574ad9fbc3921f377e8d7837f\" style=\"margin-top:0;margin-bottom:15px;padding-top:0;padding-bottom:0;padding-left:var(--wp--preset--spacing--30);font-size:clamp(21.536px, 1.346rem + ((1vw - 3.2px) * 1.53), 35px);letter-spacing:-1px\">Servicios de conserjer\u00eda<\/h2>\n\n\n\n<div class=\"wp-block-cover aligncenter is-light\" style=\"margin-top:0;margin-bottom:0;padding-top:0;padding-bottom:0;min-height:500px;aspect-ratio:unset;\"><img decoding=\"async\" width=\"830\" height=\"520\" sizes=\"(max-width: 799px) 200vw, (max-width: 830px) 100vw, 830px\" class=\"wp-block-cover__image-background wp-image-22844 size-full\" alt=\"\" src=\"http:\/\/odeonhotel.fr\/wp-content\/uploads\/2025\/10\/Conciergerie-odeon-hotel-paris.jpg\" data-object-fit=\"cover\" title=\"\" srcset=\"https:\/\/www.odeonhotel.fr\/wp-content\/uploads\/2025\/10\/Conciergerie-odeon-hotel-paris.jpg 830w, https:\/\/www.odeonhotel.fr\/wp-content\/uploads\/2025\/10\/Conciergerie-odeon-hotel-paris-300x188.jpg 300w, https:\/\/www.odeonhotel.fr\/wp-content\/uploads\/2025\/10\/Conciergerie-odeon-hotel-paris-768x481.jpg 768w\" \/><span aria-hidden=\"true\" class=\"wp-block-cover__background has-background-dim-0 has-background-dim\" style=\"background-color:#b1937f\"><\/span><div class=\"wp-block-cover__inner-container is-layout-flow wp-block-cover-is-layout-flow\">\n<p class=\"has-text-align-center has-large-font-size\"><\/p>\n<\/div><\/div>\n<\/div>\n\n\n\n<div class=\"wp-block-column is-vertically-aligned-center is-layout-flow wp-container-core-column-is-layout-96d94fa1 wp-block-column-is-layout-flow\" style=\"padding-top:0;padding-right:var(--wp--preset--spacing--30);padding-bottom:0;padding-left:var(--wp--preset--spacing--30)\">\n<h2 class=\"wp-block-heading has-text-align-left tw-sm-hidden has-primary-color has-text-color has-link-color wp-elements-bfc5796748a0f3b0aec49b7ffe7558f0\" style=\"margin-top:0;margin-bottom:10px;padding-top:0;padding-bottom:0;font-size:clamp(21.536px, 1.346rem + ((1vw - 3.2px) * 1.53), 35px);letter-spacing:-1px\">Servicios de conserjer\u00eda<\/h2>\n\n\n\n<p style=\"margin-top:15px;margin-bottom:10px;padding-top:0;padding-bottom:0\">Nuestro servicio de conserjer\u00eda garantiza el buen desarrollo de su estancia de principio a fin.<\/p>\n\n\n\n<p style=\"margin-top:0;margin-bottom:0;padding-top:0;padding-bottom:0\">Nuestro equipo est\u00e1 presente 24 horas al d\u00eda, 7 d\u00edas a la semana, escucha sus solicitudes y lo orienta en sus reservas: restaurantes, visitas tur\u00edsticas, taxis, entradas para un evento, servicio de ni\u00f1era, masaje o peluquer\u00eda en su habitaci\u00f3n. Antes de su llegada o durante su estancia, ella est\u00e1 a su completa disposici\u00f3n para asesorarle y ayudarle en la organizaci\u00f3n de sus traslados al aeropuerto, visitas guiadas, cambio de moneda, etc. <\/p>\n\n\n\n<p style=\"margin-top:10px;padding-top:0\"><\/p>\n\n\n\n<div class=\"wp-block-buttons is-content-justification-left is-layout-flex wp-container-core-buttons-is-layout-0294bfdf wp-block-buttons-is-layout-flex\" style=\"margin-top:20px\">\n<div class=\"wp-block-button mon-bouton2\"><a class=\"wp-block-button__link has-border-color has-primary-border-color has-open-sans-font-family has-custom-font-size wp-element-button\" href=\"https:\/\/www.secure-hotel-booking.com\/d-edge\/sa-antin\/JLDY\/1996\/fr\" style=\"border-width:1px;border-radius:3px;font-size:clamp(14px, 0.875rem + ((1vw - 3.2px) * 0.114), 15px);font-style:normal;font-weight:600;letter-spacing:1px\" target=\"_blank\" rel=\"noopener\">RESERVAR AHORA<\/a><\/div>\n<\/div>\n\n\n\n<div style=\"height:30px\" aria-hidden=\"true\" class=\"wp-block-spacer tw-md-hidden tw-lg-hidden\"><\/div>\n<\/div>\n\n\n\n<div class=\"wp-block-column tw-sm-hidden is-layout-flow wp-block-column-is-layout-flow\" style=\"--col-width:55%;padding-right:0;padding-left:0;flex-basis:55%\">\n<h2 class=\"wp-block-heading has-text-align-left tw-lg-hidden tw-md-hidden has-primary-color has-text-color has-link-color wp-elements-64170ce76b4f04c62d9cd84a883eaaa0\" style=\"margin-top:0;margin-bottom:15px;padding-top:0;padding-bottom:0;font-size:clamp(21.536px, 1.346rem + ((1vw - 3.2px) * 1.53), 35px);letter-spacing:-1px\">Servicios de conserjer\u00eda<\/h2>\n\n\n\n<div class=\"wp-block-cover aligncenter is-light\" style=\"min-height:500px;aspect-ratio:unset;\"><img decoding=\"async\" width=\"830\" height=\"520\" sizes=\"(max-width: 799px) 200vw, (max-width: 830px) 100vw, 830px\" class=\"wp-block-cover__image-background wp-image-22844 size-full\" alt=\"\" src=\"http:\/\/odeonhotel.fr\/wp-content\/uploads\/2025\/10\/Conciergerie-odeon-hotel-paris.jpg\" data-object-fit=\"cover\" title=\"\" srcset=\"https:\/\/www.odeonhotel.fr\/wp-content\/uploads\/2025\/10\/Conciergerie-odeon-hotel-paris.jpg 830w, https:\/\/www.odeonhotel.fr\/wp-content\/uploads\/2025\/10\/Conciergerie-odeon-hotel-paris-300x188.jpg 300w, https:\/\/www.odeonhotel.fr\/wp-content\/uploads\/2025\/10\/Conciergerie-odeon-hotel-paris-768x481.jpg 768w\" \/><span aria-hidden=\"true\" class=\"wp-block-cover__background has-background-dim-0 has-background-dim\" style=\"background-color:#b1937f\"><\/span><div class=\"wp-block-cover__inner-container is-layout-flow wp-block-cover-is-layout-flow\">\n<p class=\"has-text-align-center has-large-font-size\"><\/p>\n<\/div><\/div>\n<\/div>\n<\/div>\n\n<div class=\"wp-block-columns is-layout-flex wp-container-core-columns-is-layout-960d6821 wp-block-columns-is-layout-flex tw-block-animation tw-animation-fade-in-up tw-duration-5\" style=\"margin-top:0;margin-bottom:var(--wp--preset--spacing--40);padding-top:0;padding-right:0;padding-bottom:0;padding-left:0\">\n<div class=\"wp-block-column is-vertically-aligned-center is-layout-flow wp-container-core-column-is-layout-f016c79b wp-block-column-is-layout-flow\" style=\"--col-width:55%;padding-top:0;padding-right:0;padding-bottom:0;padding-left:0;flex-basis:55%\">\n<h2 class=\"wp-block-heading has-text-align-left tw-lg-hidden tw-md-hidden has-primary-color has-text-color has-link-color wp-elements-772a9c030157fddd5c0977c48b391bdd\" style=\"margin-top:0;margin-bottom:15px;padding-top:0;padding-bottom:0;padding-left:var(--wp--preset--spacing--30);font-size:clamp(21.536px, 1.346rem + ((1vw - 3.2px) * 1.53), 35px);letter-spacing:-1px\">Prensa digital<\/h2>\n\n\n\n<div class=\"wp-block-cover aligncenter is-light\" style=\"margin-top:0;margin-bottom:0;padding-top:0;padding-bottom:0;min-height:500px;aspect-ratio:unset;\"><img decoding=\"async\" width=\"830\" height=\"520\" sizes=\"(max-width: 799px) 200vw, (max-width: 830px) 100vw, 830px\" class=\"wp-block-cover__image-background wp-image-22860 size-full\" alt=\"\" src=\"http:\/\/odeonhotel.fr\/wp-content\/uploads\/2025\/10\/Digital-press-odeon-hotel-paris.jpg\" data-object-fit=\"cover\" title=\"\" srcset=\"https:\/\/www.odeonhotel.fr\/wp-content\/uploads\/2025\/10\/Digital-press-odeon-hotel-paris.jpg 830w, https:\/\/www.odeonhotel.fr\/wp-content\/uploads\/2025\/10\/Digital-press-odeon-hotel-paris-300x188.jpg 300w, https:\/\/www.odeonhotel.fr\/wp-content\/uploads\/2025\/10\/Digital-press-odeon-hotel-paris-768x481.jpg 768w\" \/><span aria-hidden=\"true\" class=\"wp-block-cover__background has-background-dim-0 has-background-dim\" style=\"background-color:#acaaa3\"><\/span><div class=\"wp-block-cover__inner-container is-layout-flow wp-block-cover-is-layout-flow\">\n<p class=\"has-text-align-center has-large-font-size\"><\/p>\n<\/div><\/div>\n<\/div>\n\n\n\n<div class=\"wp-block-column is-vertically-aligned-center is-layout-flow wp-container-core-column-is-layout-96d94fa1 wp-block-column-is-layout-flow\" style=\"padding-top:0;padding-right:var(--wp--preset--spacing--30);padding-bottom:0;padding-left:var(--wp--preset--spacing--30)\">\n<h2 class=\"wp-block-heading has-text-align-left tw-sm-hidden has-primary-color has-text-color has-link-color wp-elements-dfbda8a9b45285d3379f761de116f52a\" style=\"margin-top:0;margin-bottom:10px;padding-top:0;padding-bottom:0;font-size:clamp(21.536px, 1.346rem + ((1vw - 3.2px) * 1.53), 35px);letter-spacing:-1px\">Prensa digital<\/h2>\n\n\n\n<p style=\"margin-top:15px;margin-bottom:15px;padding-top:0;padding-bottom:0\">Durante tu estancia te ofrecemos acceso digital ilimitado a prensa y revistas nacionales e internacionales con m\u00e1s de 7.000 publicaciones de calidad de todo el mundo.<\/p>\n\n\n\n<p style=\"margin-top:15px;margin-bottom:15px;padding-top:0;padding-bottom:0\">\u00a1Te deseamos una buena lectura!<\/p>\n\n\n\n<div style=\"height:30px\" aria-hidden=\"true\" class=\"wp-block-spacer tw-md-hidden tw-lg-hidden\"><\/div>\n<\/div>\n<\/div>\n\n<div class=\"wp-block-columns is-layout-flex wp-container-core-columns-is-layout-960d6821 wp-block-columns-is-layout-flex tw-block-animation tw-animation-fade-in-up tw-duration-5\" style=\"margin-top:0;margin-bottom:var(--wp--preset--spacing--40);padding-top:0;padding-right:0;padding-bottom:0;padding-left:0\">\n<div class=\"wp-block-column is-vertically-aligned-center tw-md-hidden tw-lg-hidden is-layout-flow wp-container-core-column-is-layout-f016c79b wp-block-column-is-layout-flow\" style=\"--col-width:55%;padding-top:0;padding-right:0;padding-bottom:0;padding-left:0;flex-basis:55%\">\n<h2 class=\"wp-block-heading has-text-align-left tw-lg-hidden tw-md-hidden has-primary-color has-text-color has-link-color wp-elements-d2eda0bbd99206e9e7c1751799021c12\" style=\"margin-top:0;margin-bottom:15px;padding-top:0;padding-bottom:0;padding-left:var(--wp--preset--spacing--30);font-size:clamp(21.536px, 1.346rem + ((1vw - 3.2px) * 1.53), 35px);letter-spacing:-1px\">Desayuno \u201c\u00e0 la Fran\u00e7aise\u201d<\/h2>\n\n\n\n<div class=\"wp-block-cover aligncenter is-light\" style=\"margin-top:0;margin-bottom:0;padding-top:0;padding-bottom:0;min-height:500px;aspect-ratio:unset;\"><img decoding=\"async\" width=\"830\" height=\"520\" sizes=\"(max-width: 799px) 200vw, (max-width: 830px) 100vw, 830px\" class=\"wp-block-cover__image-background wp-image-22868 size-full\" alt=\"\" src=\"http:\/\/odeonhotel.fr\/wp-content\/uploads\/2025\/10\/Breakfast-odeon-hotel-paris.jpg\" data-object-fit=\"cover\" title=\"\" srcset=\"https:\/\/www.odeonhotel.fr\/wp-content\/uploads\/2025\/10\/Breakfast-odeon-hotel-paris.jpg 830w, https:\/\/www.odeonhotel.fr\/wp-content\/uploads\/2025\/10\/Breakfast-odeon-hotel-paris-300x188.jpg 300w, https:\/\/www.odeonhotel.fr\/wp-content\/uploads\/2025\/10\/Breakfast-odeon-hotel-paris-768x481.jpg 768w\" \/><span aria-hidden=\"true\" class=\"wp-block-cover__background has-background-dim-0 has-background-dim\" style=\"background-color:#baa89c\"><\/span><div class=\"wp-block-cover__inner-container is-layout-flow wp-block-cover-is-layout-flow\">\n<p class=\"has-text-align-center has-large-font-size\"><\/p>\n<\/div><\/div>\n<\/div>\n\n\n\n<div class=\"wp-block-column is-vertically-aligned-center is-layout-flow wp-container-core-column-is-layout-96d94fa1 wp-block-column-is-layout-flow\" style=\"padding-top:0;padding-right:var(--wp--preset--spacing--30);padding-bottom:0;padding-left:var(--wp--preset--spacing--30)\">\n<h2 class=\"wp-block-heading has-text-align-left tw-sm-hidden has-primary-color has-text-color has-link-color wp-elements-3fd5aee27313d6f9c04eea1f04234d35\" style=\"margin-top:0;margin-bottom:10px;padding-top:0;padding-bottom:0;font-size:clamp(21.536px, 1.346rem + ((1vw - 3.2px) * 1.53), 35px);letter-spacing:-1px\">Desayuno \u201c\u00e0 la Fran\u00e7aise\u201d<\/h2>\n\n\n\n<p style=\"margin-top:15px;margin-bottom:15px;padding-top:0;padding-bottom:0\">aCada ma\u00f1ana, se sirve un delicioso desayuno continental en nuestro hist\u00f3rico sal\u00f3n de la planta baja, un lugar donde nuestros hu\u00e9spedes disfrutan de reunirse y relajarse durante todo el d\u00eda, o en la privacidad de su propia habitaci\u00f3n (por un suplemento de 5 \u20ac por persona).<\/p>\n\n\n\n<p>El desayuno se sirve de 7 a 10:30 horas en el sal\u00f3n o en la habitaci\u00f3n.<\/p>\n\n\n\n<p>El desayuno es gratuito si reservas directamente en nuestra web. (14\u20ac si no est\u00e1 incluido en la reserva) <\/p>\n\n\n\n<p style=\"margin-top:15px;margin-bottom:15px;padding-top:0;padding-bottom:0\">Compuesto por productos frescos y de alta calidad, nuestro desayuno incluye:<\/p>\n\n\n\n<details class=\"wp-block-details is-layout-flow wp-container-core-details-is-layout-dff4594b wp-block-details-is-layout-flow\" style=\"margin-top:10px;margin-bottom:0;padding-top:0;padding-bottom:0\"><summary>LEER MAS<\/summary>\n<p style=\"margin-top:0;margin-bottom:0;padding-top:5px;padding-bottom:0\"><span style=\"color:#CAA02D;\"><strong>&#8211;<\/strong><\/span> Una selecci\u00f3n de bebidas calientes.<\/p>\n\n\n\n<p style=\"margin-top:0;margin-bottom:0;padding-top:5px;padding-bottom:0\"><span style=\"color:#CAA02D;\"><strong>&#8211;<\/strong><\/span> Jugo de fruta fresca<\/p>\n\n\n\n<p style=\"margin-top:0;margin-bottom:0;padding-top:5px;padding-bottom:0\"><span style=\"color:#CAA02D;\"><strong>&#8211;<\/strong><\/span> Panes y boller\u00eda del d\u00eda<\/p>\n\n\n\n<p style=\"margin-top:0;margin-bottom:0;padding-top:5px;padding-bottom:0\"><span style=\"color:#CAA02D;\"><strong>&#8211;<\/strong><\/span> Cereales<\/p>\n\n\n\n<p style=\"margin-top:0;margin-bottom:0;padding-top:5px;padding-bottom:0\"><span style=\"color:#CAA02D;\"><strong>&#8211;<\/strong><\/span> Frutas frescas<\/p>\n\n\n\n<p style=\"margin-top:0;margin-bottom:0;padding-top:5px;padding-bottom:0\"><span style=\"color:#CAA02D;\"><strong>&#8211;<\/strong><\/span> Revuelto de huevos y fuente caliente<\/p>\n\n\n\n<p style=\"margin-top:0;margin-bottom:0;padding-top:5px;padding-bottom:0\"><span style=\"color:#CAA02D;\"><strong>&#8211;<\/strong><\/span> Fiambrer\u00eda<\/p>\n\n\n\n<p style=\"margin-top:0;margin-bottom:0;padding-top:5px;padding-bottom:0\"><span style=\"color:#CAA02D;\"><strong>&#8211;<\/strong><\/span> Quesos y yogures franceses<\/p>\n\n\n\n<p style=\"margin-top:0;margin-bottom:0;padding-top:5px;padding-bottom:0\"><span style=\"color:#CAA02D;\"><strong>&#8211;<\/strong><\/span> Selecci\u00f3n de productos sin gluten bajo petici\u00f3n.<\/p>\n<\/details>\n\n\n\n<div style=\"height:30px\" aria-hidden=\"true\" class=\"wp-block-spacer tw-md-hidden tw-lg-hidden\"><\/div>\n<\/div>\n\n\n\n<div class=\"wp-block-column is-vertically-aligned-center tw-sm-hidden is-layout-flow wp-container-core-column-is-layout-f016c79b wp-block-column-is-layout-flow\" style=\"--col-width:55%;padding-top:0;padding-right:0;padding-bottom:0;padding-left:0;flex-basis:55%\">\n<h2 class=\"wp-block-heading has-text-align-left tw-lg-hidden tw-md-hidden has-primary-color has-text-color has-link-color wp-elements-d2eda0bbd99206e9e7c1751799021c12\" style=\"margin-top:0;margin-bottom:15px;padding-top:0;padding-bottom:0;padding-left:var(--wp--preset--spacing--30);font-size:clamp(21.536px, 1.346rem + ((1vw - 3.2px) * 1.53), 35px);letter-spacing:-1px\">Desayuno \u201c\u00e0 la Fran\u00e7aise\u201d<\/h2>\n\n\n\n<div class=\"wp-block-cover aligncenter is-light\" style=\"margin-top:0;margin-bottom:0;padding-top:0;padding-bottom:0;min-height:500px;aspect-ratio:unset;\"><img decoding=\"async\" width=\"830\" height=\"520\" sizes=\"(max-width: 799px) 200vw, (max-width: 830px) 100vw, 830px\" class=\"wp-block-cover__image-background wp-image-22868 size-full\" alt=\"\" src=\"http:\/\/odeonhotel.fr\/wp-content\/uploads\/2025\/10\/Breakfast-odeon-hotel-paris.jpg\" data-object-fit=\"cover\" title=\"\" srcset=\"https:\/\/www.odeonhotel.fr\/wp-content\/uploads\/2025\/10\/Breakfast-odeon-hotel-paris.jpg 830w, https:\/\/www.odeonhotel.fr\/wp-content\/uploads\/2025\/10\/Breakfast-odeon-hotel-paris-300x188.jpg 300w, https:\/\/www.odeonhotel.fr\/wp-content\/uploads\/2025\/10\/Breakfast-odeon-hotel-paris-768x481.jpg 768w\" \/><span aria-hidden=\"true\" class=\"wp-block-cover__background has-background-dim-0 has-background-dim\" style=\"background-color:#baa89c\"><\/span><div class=\"wp-block-cover__inner-container is-layout-flow wp-block-cover-is-layout-flow\">\n<p class=\"has-text-align-center has-large-font-size\"><\/p>\n<\/div><\/div>\n<\/div>\n<\/div>\n","protected":false},"excerpt":{"rendered":"<p>Servicios del hotel Servicios de calidad combinados con el ambiente parisino para una estancia memorable en la capital francesa.Todas nuestras habitaciones disponen de acceso WIFI gratuito. No disponemos de salas para PMR.Un espacio de coworking est\u00e1 a tu disposici\u00f3n desde las 11:00 horas todos los d\u00edas en nuestra sala de desayunos. Servicio de recepci\u00f3n y [&hellip;]<\/p>\n","protected":false},"author":1,"featured_media":22933,"parent":0,"menu_order":0,"comment_status":"closed","ping_status":"closed","template":"","meta":{"footnotes":""},"class_list":["post-6709","page","type-page","status-publish","has-post-thumbnail","hentry"],"_links":{"self":[{"href":"https:\/\/www.odeonhotel.fr\/es\/wp-json\/wp\/v2\/pages\/6709","targetHints":{"allow":["GET"]}}],"collection":[{"href":"https:\/\/www.odeonhotel.fr\/es\/wp-json\/wp\/v2\/pages"}],"about":[{"href":"https:\/\/www.odeonhotel.fr\/es\/wp-json\/wp\/v2\/types\/page"}],"author":[{"embeddable":true,"href":"https:\/\/www.odeonhotel.fr\/es\/wp-json\/wp\/v2\/users\/1"}],"replies":[{"embeddable":true,"href":"https:\/\/www.odeonhotel.fr\/es\/wp-json\/wp\/v2\/comments?post=6709"}],"version-history":[{"count":19,"href":"https:\/\/www.odeonhotel.fr\/es\/wp-json\/wp\/v2\/pages\/6709\/revisions"}],"predecessor-version":[{"id":25742,"href":"https:\/\/www.odeonhotel.fr\/es\/wp-json\/wp\/v2\/pages\/6709\/revisions\/25742"}],"wp:featuredmedia":[{"embeddable":true,"href":"https:\/\/www.odeonhotel.fr\/es\/wp-json\/wp\/v2\/media\/22933"}],"wp:attachment":[{"href":"https:\/\/www.odeonhotel.fr\/es\/wp-json\/wp\/v2\/media?parent=6709"}],"curies":[{"name":"wp","href":"https:\/\/api.w.org\/{rel}","templated":true}]}}