{"id":6727,"date":"2023-05-29T22:40:22","date_gmt":"2023-05-29T20:40:22","guid":{"rendered":"http:\/\/www.laperle.tess5418.odns.fr\/mapa-y-acceso\/"},"modified":"2026-03-23T21:01:55","modified_gmt":"2026-03-23T20:01:55","slug":"mapa-y-acceso","status":"publish","type":"page","link":"https:\/\/www.odeonhotel.fr\/es\/mapa-y-acceso\/","title":{"rendered":"Mapa y acceso"},"content":{"rendered":"\n<h1 class=\"wp-block-heading has-text-align-center\" style=\"margin-top:0;margin-right:0;margin-bottom:0;margin-left:0;padding-top:var(--wp--preset--spacing--50);padding-right:0;padding-bottom:0;padding-left:0;font-size:clamp(30.693px, 1.918rem + ((1vw - 3.2px) * 2.649), 54px);letter-spacing:-1px\">Localizaci\u00f3n del hotel<\/h1>\n\n\n\n<div class=\"wp-block-columns is-layout-flex wp-container-core-columns-is-layout-66a182f9 wp-block-columns-is-layout-flex\" style=\"margin-top:0;margin-bottom:0;padding-top:var(--wp--preset--spacing--30);padding-right:0;padding-bottom:var(--wp--preset--spacing--40);padding-left:0\">\n<div class=\"wp-block-column is-layout-flow wp-block-column-is-layout-flow\"><\/div>\n\n\n\n<div class=\"wp-block-column is-layout-flow wp-block-column-is-layout-flow\" style=\"--col-width:60%;flex-basis:60%\">\n<p class=\"has-text-align-center has-contrast-color has-text-color has-link-color wp-elements-6959f66d33910244f9cde202a764d87b\" style=\"padding-right:var(--wp--preset--spacing--30);padding-left:var(--wp--preset--spacing--30)\">El Hotel Od\u00e9on goza de una ubicaci\u00f3n ideal en Saint Germain des Pr\u00e9s, en el distrito 6, y ofrece a sus hu\u00e9spedes una ubicaci\u00f3n privilegiada en el coraz\u00f3n de Par\u00eds. <strong><a href=\"http:\/\/odeonhotel.fr\/es\/visite-paris\/\" data-type=\"page\" data-id=\"980\" target=\"_blank\" rel=\"noopener\">Explore lugares emblem\u00e1ticos, boutiques de moda y centros culturales a solo unos pasos de nuestro hotel.<\/a><\/strong><\/p>\n<\/div>\n\n\n\n<div class=\"wp-block-column is-layout-flow wp-block-column-is-layout-flow\"><\/div>\n<\/div>\n\n\n\n<link rel=\"stylesheet\" href=\"https:\/\/unpkg.com\/leaflet\/dist\/leaflet.css\" \/>\n<script src=\"https:\/\/unpkg.com\/leaflet\/dist\/leaflet.js\"><\/script>\n\n<div id=\"map\" style=\"width:100%; height:500px;\"><\/div>\n\n<script>\n  \/\/ Initialisation de la carte centr\u00e9e sur l'H\u00f4tel Od\u00e9on\n  var map = L.map('map').setView([48.851825, 2.339100], 17);\n\n  \/\/ Fond clair avec routes plus fonc\u00e9es (Carto Positron)\n  L.tileLayer('https:\/\/{s}.basemaps.cartocdn.com\/light_all\/{z}\/{x}\/{y}{r}.png', {\n    attribution: '&copy; <a href=\"https:\/\/www.openstreetmap.org\/copyright\">OpenStreetMap<\/a> &copy; <a href=\"https:\/\/carto.com\/\">CARTO<\/a>',\n    subdomains: 'abcd',\n    maxZoom: 15\n  }).addTo(map);\n\n  \/\/ Ic\u00f4ne dor\u00e9 personnalis\u00e9\n  var goldIcon = L.divIcon({\n    className: \"custom-gold-icon\",\n    html: '<div style=\"background:#CAA02D; width:22px; height:22px; border-radius:50%; border:2px solid white; box-shadow:0 0 6px rgba(0,0,0,0.5);\"><\/div>',\n    iconSize: [22, 22],\n    iconAnchor: [11, 11],\n    popupAnchor: [0, -11]\n  });\n\n  \/\/ Marqueur H\u00f4tel Od\u00e9on\n  L.marker([48.851825, 2.339100], { icon: goldIcon }).addTo(map)\n    .bindPopup(\"<b>H\u00f4tel Od\u00e9on<\/b><br>3 rue de l'Od\u00e9on, Paris\")\n    .openPopup();\n<\/script>\n\n\n\n<h2 class=\"wp-block-heading has-text-align-center\" style=\"margin-bottom:var(--wp--preset--spacing--40)\">C\u00f3mo llegar al hotel<\/h2>\n\n\n\n<div class=\"wp-block-columns is-layout-flex wp-container-core-columns-is-layout-d9252248 wp-block-columns-is-layout-flex\" style=\"margin-top:0;margin-bottom:0;padding-top:0;padding-right:0;padding-bottom:0;padding-left:0\">\n<div class=\"wp-block-column tw-sm-hidden is-layout-flow wp-container-core-column-is-layout-b2a27621 wp-block-column-is-layout-flow\" style=\"--col-width:10%;padding-top:0;padding-right:0;padding-bottom:0;padding-left:0;flex-basis:10%\"><\/div>\n\n\n\n<div class=\"wp-block-column is-layout-flow wp-container-core-column-is-layout-b2a4e257 wp-block-column-is-layout-flow\" style=\"--col-width:%;padding-top:0;padding-right:var(--wp--preset--spacing--30);padding-bottom:0;padding-left:var(--wp--preset--spacing--30)\">\n<p style=\"margin-right:var(--wp--preset--spacing--50);margin-bottom:var(--wp--preset--spacing--30);margin-left:var(--wp--preset--spacing--60);font-size:clamp(16.293px, 1.018rem + ((1vw - 3.2px) * 0.989), 25px);\"><strong>Desde los aeropuertos parisinos<\/strong><\/p>\n\n\n\n<ul style=\"margin-right:0;margin-left:0\" class=\"wp-block-list\">\n<li><strong>Aeropuerto Charles de Gaulle (CDG)<\/strong><\/li>\n<\/ul>\n\n\n\n<p class=\"has-text-align-justify\" style=\"margin-top:0;margin-right:0;margin-bottom:0;margin-left:0;padding-top:0;padding-right:0;padding-bottom:0;padding-left:0\"><strong>En taxi :<\/strong> Alrededor de 1 hora &#8211; El precio de un taxi normal cogido en una parada de taxis es fijo y es de 65 \u20ac equipaje incluido. Tenga cuidado con los taxistas falsos y confirme con ellos la tarifa antes de subir al coche. <\/p>\n\n\n\n<p class=\"has-text-align-justify\" style=\"margin-top:0;margin-right:0;margin-bottom:0;margin-left:0;padding-top:0;padding-right:0;padding-bottom:0;padding-left:0\">Tambi\u00e9n podemos organizar que te recojan en el aeropuerto, ya que trabajamos con varias compa\u00f1\u00edas. Es m\u00e1s caro porque el conductor tiene que aparcar y esperarle. Le ayudar\u00e1 con el equipaje y le esperar\u00e1 despu\u00e9s de la aduana con un cartel a su nombre.   La tarifa para 2 personas es de unos 95\u20ac.<\/p>\n\n\n\n<p class=\"has-text-align-justify\" style=\"margin-top:0;margin-right:0;margin-bottom:0;margin-left:0;padding-top:0;padding-right:0;padding-bottom:0;padding-left:0\">El traslado del hotel al aeropuerto es menos caro, ya que el conductor no tiene que aparcar y esperarle. Cuesta unos 75 euros.<\/p>\n\n\n\n<p class=\"has-text-align-justify\" style=\"margin-top:0;margin-right:0;margin-bottom:0;margin-left:0;padding-top:0;padding-right:0;padding-bottom:0;padding-left:0\"><strong>En tren:<\/strong> Alrededor de 1 hora \u2013 Tambi\u00e9n puede coger el tren RER B en el aeropuerto hasta la estaci\u00f3n de Saint Michel, y despu\u00e9s la l\u00ednea 4 de metro y parar en \u00abOd\u00e9on\u00bb (a 100 metros del hotel).<\/p>\n\n\n\n<ul style=\"margin-right:0;margin-left:0\" class=\"wp-block-list\">\n<li><strong>Aeropuerto de Orly (ORY)<\/strong><\/li>\n<\/ul>\n\n\n\n<p class=\"has-text-align-justify\" style=\"margin-top:0;margin-right:0;margin-bottom:0;margin-left:0\"><strong><strong>En taxi :<\/strong> <\/strong>Unos 45 minutos &#8211; El precio de un taxi normal cogido en una parada de taxis es fijo y es de 36 \u20ac equipaje incluido. Tenga cuidado con los taxistas falsos y confirme con ellos la tarifa antes de subir al coche. <\/p>\n\n\n\n<p class=\"has-text-align-justify\" style=\"margin-top:0;margin-right:0;margin-bottom:0;margin-left:0\">Tambi\u00e9n podemos organizar que te recojan en el aeropuerto, ya que trabajamos con varias compa\u00f1\u00edas. Es m\u00e1s caro porque el conductor tiene que aparcar y esperarle. Le ayudar\u00e1 con el equipaje y le esperar\u00e1 despu\u00e9s de la aduana con un cartel a su nombre.   La tarifa para 2 personas es de 80 \u20ac.<\/p>\n\n\n\n<p class=\"has-text-align-justify\" style=\"margin-top:0;margin-right:0;margin-bottom:0;margin-left:0\">El traslado del hotel al aeropuerto es menos caro, ya que el conductor no tiene que aparcar y esperarle. Cuesta unos 50 euros.<\/p>\n\n\n\n<p class=\"has-text-align-justify\" style=\"margin-top:0;margin-right:0;margin-bottom:0;margin-left:0;padding-right:0;padding-left:0\"><strong>En tren : <\/strong>Alrededor de 1 hora \u2013 Tendr\u00eda que hacer 3 transbordos: Coger el Orlyval en el aeropuerto y parar en Anthony. Luego cambiar al RER B y bajar en la estaci\u00f3n \u00abSt michel Notre Dame\u00bb. All\u00ed cambiar a la l\u00ednea 4 del metro y bajar en la estaci\u00f3n \u00abOdeon\u00bb (a 100 metros del hotel).  <\/p>\n\n\n\n<p class=\"has-text-align-justify\" style=\"margin-top:var(--wp--preset--spacing--50);margin-right:var(--wp--preset--spacing--40);margin-bottom:var(--wp--preset--spacing--30);margin-left:var(--wp--preset--spacing--60);font-size:clamp(16.293px, 1.018rem + ((1vw - 3.2px) * 0.989), 25px);\"><strong>Desde las estaciones de tren parisinas<\/strong><\/p>\n\n\n\n<ul style=\"margin-right:0;margin-left:0\" class=\"wp-block-list\">\n<li><strong>Gare du Nord <\/strong><\/li>\n<\/ul>\n\n\n\n<p class=\"has-text-align-justify\" style=\"margin-top:0;margin-right:0;margin-bottom:0;margin-left:0\"><strong>En taxi :<\/strong> Dependiendo del tr\u00e1fico, la duraci\u00f3n del trayecto en taxi es de unos 20 minutos<\/p>\n\n\n\n<p class=\"has-text-align-justify\" style=\"margin-top:0;margin-right:0;margin-bottom:0;margin-left:0\"><strong>En metro :<\/strong> Alrededor de 19 minutos \u2013 Desde la estaci\u00f3n Gare du Nord, tome la l\u00ednea 4 del metro, direcci\u00f3n \u00abBagneux Lucie Aubrac\u00bb y b\u00e1jese en la estaci\u00f3n \u00abOdeon\u00bb (a 100 metros del hotel).<\/p>\n\n\n\n<ul style=\"margin-right:0;margin-left:0\" class=\"wp-block-list\">\n<li><strong>Gare Montparnasse<\/strong><\/li>\n<\/ul>\n\n\n\n<p class=\"has-text-align-justify\" style=\"margin-top:0;margin-right:0;margin-bottom:0;margin-left:0\"><strong>En taxi :<\/strong> Dependiendo del tr\u00e1fico, la duraci\u00f3n del trayecto en taxi es de unos 10 minutos<\/p>\n\n\n\n<p class=\"has-text-align-justify\" style=\"margin-top:0;margin-right:0;margin-bottom:0;margin-left:0\"><strong>En metro : <\/strong>Alrededor de 17 minutos \u2013 Desde la estaci\u00f3n \u00abMontparnasse Bienvenue\u00bb, tome la l\u00ednea 4 del metro en direcci\u00f3n a \u00abPorte de Clignancourt\u00bb y b\u00e1jese en la estaci\u00f3n \u00abOdeon\u00bb (a 100 metros del hotel).<\/p>\n\n\n\n<ul style=\"margin-right:0;margin-left:0\" class=\"wp-block-list\">\n<li><strong>Gare de Lyon<\/strong><\/li>\n<\/ul>\n\n\n\n<p class=\"has-text-align-justify\" style=\"margin-top:0;margin-right:0;margin-bottom:0;margin-left:0\"><strong>En taxi :<\/strong> Dependiendo del tr\u00e1fico, la duraci\u00f3n del trayecto en taxi es de unos 20 minutos<\/p>\n\n\n\n<p class=\"has-text-align-justify\" style=\"margin-top:0;margin-right:0;margin-bottom:0;margin-left:0\"><strong>En autob\u00fas :<\/strong> Alrededor de 23 minutos \u2013 Desde la estaci\u00f3n \u00abGare de Lyon\u00bb, tome el autob\u00fas 63, direcci\u00f3n \u00abPorte de la Muette\u00bb y pare en la estaci\u00f3n \u00abOdeon\u00bb (a 100 metros del hotel)<\/p>\n\n\n\n<p class=\"has-text-align-justify\" style=\"margin-top:var(--wp--preset--spacing--50);margin-right:var(--wp--preset--spacing--40);margin-bottom:0;margin-left:var(--wp--preset--spacing--60);font-size:clamp(16.293px, 1.018rem + ((1vw - 3.2px) * 0.989), 25px);\"><strong>Desde las estaciones de metro de Par\u00eds<\/strong><\/p>\n\n\n\n<ul style=\"margin-right:0;margin-left:0\" class=\"wp-block-list\">\n<li><strong>Estaci\u00f3n \u00abOd\u00e9on\u00bb <\/strong><\/li>\n<\/ul>\n\n\n\n<p class=\"has-text-align-justify\" style=\"margin-top:0;margin-right:0;margin-bottom:0;margin-left:0\"><strong>A pie: <\/strong>100 metros \u2013 2 minutos \u2013 Desde la estaci\u00f3n de metro \u00abOdeon\u00bb, camine hacia el sur por Carrefour de l&#8217;Od\u00e9on durante aproximadamente 50 metros y luego contin\u00fae durante 50 metros por Rue de l&#8217;Od\u00e9on. Encontrar\u00e1 el Hotel Od\u00e9on a su izquierda. <\/p>\n\n\n\n<ul style=\"margin-right:0;margin-left:0\" class=\"wp-block-list\">\n<li><strong>Estaci\u00f3n \u00abSaint Germain des Pr\u00e9s\u00bb<\/strong><\/li>\n<\/ul>\n\n\n\n<p class=\"has-text-align-justify\" style=\"margin-top:0;margin-right:0;margin-bottom:0;margin-left:0\"><strong>A pie: <\/strong>450 metros \u2013 6 minutos \u2013 Desde la estaci\u00f3n de metro \u00abSaint-Germain-des-Pr\u00e9s\u00bb, camine hacia el este por el bulevar Saint Germain durante aproximadamente 400 metros. Gire a la derecha en Carrefour de l&#8217;Od\u00e9on durante aproximadamente 50 metros y luego contin\u00fae durante 50 metros por la Rue de l&#8217;Od\u00e9on. Encontrar\u00e1 el Hotel Od\u00e9on a su izquierda.  <\/p>\n\n\n\n<ul style=\"margin-right:0;margin-left:0\" class=\"wp-block-list\">\n<li><strong>Estaci\u00f3n RER \u00abSaint Michel\u00bb <\/strong><\/li>\n<\/ul>\n\n\n\n<p class=\"has-text-align-justify\" style=\"margin-top:0;margin-right:0;margin-bottom:0;margin-left:0\"><strong>A pie:<\/strong> 350 metros &#8211; 5 minutos &#8211; Desde la estaci\u00f3n de RER \u00abSaint Michel\u00bb, camine hacia el suroeste por la rue Danton durante aproximadamente 300 metros. Gire a la derecha en el bulevar Saint Germain y camine unos 150 metros. A continuaci\u00f3n, gire a la izquierda en Carrefour de l&#8217;Od\u00e9on y camine unos 50 metros, luego contin\u00fae otros 50 metros por la Rue de l&#8217;Od\u00e9on. Encontrar\u00e1 el Hotel Od\u00e9on a su izquierda.   <\/p>\n<\/div>\n\n\n\n<div class=\"wp-block-column tw-sm-hidden is-layout-flow wp-container-core-column-is-layout-b2a27621 wp-block-column-is-layout-flow\" style=\"--col-width:10%;padding-top:0;padding-right:0;padding-bottom:0;padding-left:0;flex-basis:10%\"><\/div>\n<\/div>\n\n\n\n<div style=\"height:50px\" aria-hidden=\"true\" class=\"wp-block-spacer\"><\/div>\n","protected":false},"excerpt":{"rendered":"<p>Localizaci\u00f3n del hotel El Hotel Od\u00e9on goza de una ubicaci\u00f3n ideal en Saint Germain des Pr\u00e9s, en el distrito 6, y ofrece a sus hu\u00e9spedes una ubicaci\u00f3n privilegiada en el coraz\u00f3n de Par\u00eds. Explore lugares emblem\u00e1ticos, boutiques de moda y centros culturales a solo unos pasos de nuestro hotel. C\u00f3mo llegar al hotel Desde los [&hellip;]<\/p>\n","protected":false},"author":2,"featured_media":22942,"parent":0,"menu_order":0,"comment_status":"closed","ping_status":"closed","template":"wp-custom-template-le-template-des-chambres","meta":{"footnotes":""},"class_list":["post-6727","page","type-page","status-publish","has-post-thumbnail","hentry"],"_links":{"self":[{"href":"https:\/\/www.odeonhotel.fr\/es\/wp-json\/wp\/v2\/pages\/6727","targetHints":{"allow":["GET"]}}],"collection":[{"href":"https:\/\/www.odeonhotel.fr\/es\/wp-json\/wp\/v2\/pages"}],"about":[{"href":"https:\/\/www.odeonhotel.fr\/es\/wp-json\/wp\/v2\/types\/page"}],"author":[{"embeddable":true,"href":"https:\/\/www.odeonhotel.fr\/es\/wp-json\/wp\/v2\/users\/2"}],"replies":[{"embeddable":true,"href":"https:\/\/www.odeonhotel.fr\/es\/wp-json\/wp\/v2\/comments?post=6727"}],"version-history":[{"count":10,"href":"https:\/\/www.odeonhotel.fr\/es\/wp-json\/wp\/v2\/pages\/6727\/revisions"}],"predecessor-version":[{"id":25411,"href":"https:\/\/www.odeonhotel.fr\/es\/wp-json\/wp\/v2\/pages\/6727\/revisions\/25411"}],"wp:featuredmedia":[{"embeddable":true,"href":"https:\/\/www.odeonhotel.fr\/es\/wp-json\/wp\/v2\/media\/22942"}],"wp:attachment":[{"href":"https:\/\/www.odeonhotel.fr\/es\/wp-json\/wp\/v2\/media?parent=6727"}],"curies":[{"name":"wp","href":"https:\/\/api.w.org\/{rel}","templated":true}]}}