{"id":6469,"date":"2023-05-16T12:42:40","date_gmt":"2023-05-16T10:42:40","guid":{"rendered":"http:\/\/www.laperle.tess5418.odns.fr\/shopping\/"},"modified":"2026-03-26T00:08:38","modified_gmt":"2026-03-25T23:08:38","slug":"shopping","status":"publish","type":"page","link":"https:\/\/www.odeonhotel.fr\/fr\/visite-de-paris\/shopping\/","title":{"rendered":"Shopping"},"content":{"rendered":"\n<p class=\"rank-math-breadcrumb has-contrast-color has-text-color has-link-color wp-elements-a6a88a845b915add885c6f8b7fda4a4b\" style=\"margin-right:3%;margin-left:3%\">Vous \u00eates ici : <a href=\"https:\/\/www.odeonhotel.fr\/fr\/\" data-type=\"page\" data-id=\"188\">Accueil <\/a>\u00bb <a href=\"https:\/\/www.odeonhotel.fr\/fr\/visite-de-paris\/\" data-type=\"page\" data-id=\"980\">Visite de Paris <\/a>\u00bb <a href=\"https:\/\/www.odeonhotel.fr\/fr\/visite-de-paris\/shopping\/\" data-type=\"page\" data-id=\"3199\">Shopping<\/a><\/p>\n\n<h1 class=\"wp-block-heading has-text-align-center\" style=\"margin-top:0;margin-right:0;margin-bottom:0;margin-left:0;padding-top:var(--wp--preset--spacing--40);padding-right:0;padding-bottom:0;padding-left:0;font-size:clamp(30.693px, 1.918rem + ((1vw - 3.2px) * 2.649), 54px);letter-spacing:-1px\">Shopping<\/h1>\n\n<div class=\"wp-block-columns is-layout-flex wp-container-core-columns-is-layout-0f52ad46 wp-block-columns-is-layout-flex\" style=\"margin-top:0;margin-bottom:0;padding-top:var(--wp--preset--spacing--30);padding-right:3%;padding-bottom:var(--wp--preset--spacing--40);padding-left:3%\">\n<div class=\"wp-block-column is-layout-flow wp-block-column-is-layout-flow\" style=\"--col-width:;padding-right:0%;padding-left:0%\">\n<p class=\"has-text-align-center\" style=\"padding-right:0;padding-left:0\">Paris est un paradis pour les amateurs de shopping, offrant un m\u00e9lange de haute couture, de petites boutiques et de trouvailles vintage. Explorez les marques de luxe sur les c\u00e9l\u00e8bres Champs-\u00c9lys\u00e9es, d\u00e9couvrez les boutiques chics du Marais et parcourez les grands magasins de renomm\u00e9e mondiale comme les Galeries Lafayette. Le shopping \u00e0 Paris promet une exp\u00e9rience inoubliable.<\/p>\n<\/div>\n<\/div>\n\n<div class=\"wp-block-query is-layout-flow wp-block-query-is-layout-flow\"><ul style=\"padding-right:var(--wp--preset--spacing--30);padding-left:var(--wp--preset--spacing--30);\" class=\"columns-3 wp-block-post-template is-layout-grid wp-container-core-post-template-is-layout-2b4f8fd7 wp-block-post-template-is-layout-grid\"><li class=\"wp-block-post post-8559 post type-post status-publish format-standard has-post-thumbnail hentry category-shopping-fr\">\n<figure class=\"image-zoom wp-block-post-featured-image\"><a href=\"https:\/\/www.odeonhotel.fr\/fr\/shopping-fr\/vanessa-bruno\/\" target=\"_self\"  ><img decoding=\"async\" width=\"1920\" height=\"965\" src=\"https:\/\/www.odeonhotel.fr\/wp-content\/uploads\/2016\/05\/Louis-vuitton.jpg\" class=\"has-border-color has-primary-border-color wp-post-image\" alt=\"Louis Vuitton\" style=\"border-width:5px;object-fit:cover;\" srcset=\"https:\/\/www.odeonhotel.fr\/wp-content\/uploads\/2016\/05\/Louis-vuitton.jpg 1920w, https:\/\/www.odeonhotel.fr\/wp-content\/uploads\/2016\/05\/Louis-vuitton-300x151.jpg 300w, https:\/\/www.odeonhotel.fr\/wp-content\/uploads\/2016\/05\/Louis-vuitton-1024x515.jpg 1024w, https:\/\/www.odeonhotel.fr\/wp-content\/uploads\/2016\/05\/Louis-vuitton-768x386.jpg 768w, https:\/\/www.odeonhotel.fr\/wp-content\/uploads\/2016\/05\/Louis-vuitton-1536x772.jpg 1536w\" sizes=\"(max-width: 1920px) 100vw, 1920px\" title=\"\"><\/a><\/figure>\n\n<h2 style=\"font-size:clamp(16.293px, 1.018rem + ((1vw - 3.2px) * 0.989), 25px);\" class=\"has-text-align-center has-link-color wp-elements-cc6e9e615c7c7cae429720e4cd8237d6 wp-block-post-title\"><a href=\"https:\/\/www.odeonhotel.fr\/fr\/shopping-fr\/vanessa-bruno\/\" target=\"_self\" >Louis Vuitton<\/a><\/h2>\n<\/li><li class=\"wp-block-post post-8909 post type-post status-publish format-standard has-post-thumbnail hentry category-shopping-fr\">\n<figure class=\"image-zoom wp-block-post-featured-image\"><a href=\"https:\/\/www.odeonhotel.fr\/fr\/shopping-fr\/la-vallee-village\/\" target=\"_self\"  ><img decoding=\"async\" width=\"1920\" height=\"965\" src=\"https:\/\/www.odeonhotel.fr\/wp-content\/uploads\/2016\/05\/LA-VALLEE-VILLAGE.jpg\" class=\"has-border-color has-primary-border-color wp-post-image\" alt=\"La Vall\u00e9e Village\" style=\"border-width:5px;object-fit:cover;\" srcset=\"https:\/\/www.odeonhotel.fr\/wp-content\/uploads\/2016\/05\/LA-VALLEE-VILLAGE.jpg 1920w, https:\/\/www.odeonhotel.fr\/wp-content\/uploads\/2016\/05\/LA-VALLEE-VILLAGE-300x151.jpg 300w, https:\/\/www.odeonhotel.fr\/wp-content\/uploads\/2016\/05\/LA-VALLEE-VILLAGE-1024x515.jpg 1024w, https:\/\/www.odeonhotel.fr\/wp-content\/uploads\/2016\/05\/LA-VALLEE-VILLAGE-768x386.jpg 768w, https:\/\/www.odeonhotel.fr\/wp-content\/uploads\/2016\/05\/LA-VALLEE-VILLAGE-1536x772.jpg 1536w\" sizes=\"(max-width: 1920px) 100vw, 1920px\" title=\"\"><\/a><\/figure>\n\n<h2 style=\"font-size:clamp(16.293px, 1.018rem + ((1vw - 3.2px) * 0.989), 25px);\" class=\"has-text-align-center has-link-color wp-elements-cc6e9e615c7c7cae429720e4cd8237d6 wp-block-post-title\"><a href=\"https:\/\/www.odeonhotel.fr\/fr\/shopping-fr\/la-vallee-village\/\" target=\"_self\" >La Vall\u00e9e Village<\/a><\/h2>\n<\/li><li class=\"wp-block-post post-8925 post type-post status-publish format-standard has-post-thumbnail hentry category-shopping-fr\">\n<figure class=\"image-zoom wp-block-post-featured-image\"><a href=\"https:\/\/www.odeonhotel.fr\/fr\/shopping-fr\/ralph-lauren\/\" target=\"_self\"  ><img decoding=\"async\" width=\"1920\" height=\"965\" src=\"https:\/\/www.odeonhotel.fr\/wp-content\/uploads\/2016\/05\/Shakespeare_and_Company.jpg\" class=\"has-border-color has-primary-border-color wp-post-image\" alt=\"Shakespeare and company\" style=\"border-width:5px;object-fit:cover;\" srcset=\"https:\/\/www.odeonhotel.fr\/wp-content\/uploads\/2016\/05\/Shakespeare_and_Company.jpg 1920w, https:\/\/www.odeonhotel.fr\/wp-content\/uploads\/2016\/05\/Shakespeare_and_Company-300x151.jpg 300w, https:\/\/www.odeonhotel.fr\/wp-content\/uploads\/2016\/05\/Shakespeare_and_Company-1024x515.jpg 1024w, https:\/\/www.odeonhotel.fr\/wp-content\/uploads\/2016\/05\/Shakespeare_and_Company-768x386.jpg 768w, https:\/\/www.odeonhotel.fr\/wp-content\/uploads\/2016\/05\/Shakespeare_and_Company-1536x772.jpg 1536w\" sizes=\"(max-width: 1920px) 100vw, 1920px\" title=\"\"><\/a><\/figure>\n\n<h2 style=\"font-size:clamp(16.293px, 1.018rem + ((1vw - 3.2px) * 0.989), 25px);\" class=\"has-text-align-center has-link-color wp-elements-cc6e9e615c7c7cae429720e4cd8237d6 wp-block-post-title\"><a href=\"https:\/\/www.odeonhotel.fr\/fr\/shopping-fr\/ralph-lauren\/\" target=\"_self\" >Shakespeare and company<\/a><\/h2>\n<\/li><li class=\"wp-block-post post-8939 post type-post status-publish format-standard has-post-thumbnail hentry category-shopping-fr\">\n<figure class=\"image-zoom wp-block-post-featured-image\"><a href=\"https:\/\/www.odeonhotel.fr\/fr\/shopping-fr\/louis-vuitton\/\" target=\"_self\"  ><img decoding=\"async\" width=\"1920\" height=\"965\" src=\"https:\/\/www.odeonhotel.fr\/wp-content\/uploads\/2016\/05\/Bouquinistes.jpg\" class=\"has-border-color has-primary-border-color wp-post-image\" alt=\"Les Bouquinistes\" style=\"border-width:5px;object-fit:cover;\" srcset=\"https:\/\/www.odeonhotel.fr\/wp-content\/uploads\/2016\/05\/Bouquinistes.jpg 1920w, https:\/\/www.odeonhotel.fr\/wp-content\/uploads\/2016\/05\/Bouquinistes-300x151.jpg 300w, https:\/\/www.odeonhotel.fr\/wp-content\/uploads\/2016\/05\/Bouquinistes-1024x515.jpg 1024w, https:\/\/www.odeonhotel.fr\/wp-content\/uploads\/2016\/05\/Bouquinistes-768x386.jpg 768w, https:\/\/www.odeonhotel.fr\/wp-content\/uploads\/2016\/05\/Bouquinistes-1536x772.jpg 1536w\" sizes=\"(max-width: 1920px) 100vw, 1920px\" title=\"\"><\/a><\/figure>\n\n<h2 style=\"font-size:clamp(16.293px, 1.018rem + ((1vw - 3.2px) * 0.989), 25px);\" class=\"has-text-align-center has-link-color wp-elements-cc6e9e615c7c7cae429720e4cd8237d6 wp-block-post-title\"><a href=\"https:\/\/www.odeonhotel.fr\/fr\/shopping-fr\/louis-vuitton\/\" target=\"_self\" >Les Bouquinistes<\/a><\/h2>\n<\/li><li class=\"wp-block-post post-8953 post type-post status-publish format-standard has-post-thumbnail hentry category-shopping-fr\">\n<figure class=\"image-zoom wp-block-post-featured-image\"><a href=\"https:\/\/www.odeonhotel.fr\/fr\/shopping-fr\/galeries-lafayette\/\" target=\"_self\"  ><img decoding=\"async\" width=\"1920\" height=\"964\" src=\"https:\/\/www.odeonhotel.fr\/wp-content\/uploads\/2026\/03\/Galeries-Lafayette-1920-x-965.jpg\" class=\"has-border-color has-primary-border-color wp-post-image\" alt=\"Galeries Lafayette\" style=\"border-width:5px;object-fit:cover;\" srcset=\"https:\/\/www.odeonhotel.fr\/wp-content\/uploads\/2026\/03\/Galeries-Lafayette-1920-x-965.jpg 1920w, https:\/\/www.odeonhotel.fr\/wp-content\/uploads\/2026\/03\/Galeries-Lafayette-1920-x-965-300x151.jpg 300w, https:\/\/www.odeonhotel.fr\/wp-content\/uploads\/2026\/03\/Galeries-Lafayette-1920-x-965-1024x514.jpg 1024w, https:\/\/www.odeonhotel.fr\/wp-content\/uploads\/2026\/03\/Galeries-Lafayette-1920-x-965-768x386.jpg 768w, https:\/\/www.odeonhotel.fr\/wp-content\/uploads\/2026\/03\/Galeries-Lafayette-1920-x-965-1536x771.jpg 1536w\" sizes=\"(max-width: 1920px) 100vw, 1920px\" title=\"\"><\/a><\/figure>\n\n<h2 style=\"font-size:clamp(16.293px, 1.018rem + ((1vw - 3.2px) * 0.989), 25px);\" class=\"has-text-align-center has-link-color wp-elements-cc6e9e615c7c7cae429720e4cd8237d6 wp-block-post-title\"><a href=\"https:\/\/www.odeonhotel.fr\/fr\/shopping-fr\/galeries-lafayette\/\" target=\"_self\" >Galeries Lafayette<\/a><\/h2>\n<\/li><li class=\"wp-block-post post-8967 post type-post status-publish format-standard has-post-thumbnail hentry category-shopping-fr\">\n<figure class=\"image-zoom wp-block-post-featured-image\"><a href=\"https:\/\/www.odeonhotel.fr\/fr\/shopping-fr\/bon-marche\/\" target=\"_self\"  ><img decoding=\"async\" width=\"1920\" height=\"965\" src=\"https:\/\/www.odeonhotel.fr\/wp-content\/uploads\/2016\/05\/Bon-marche.jpg\" class=\"has-border-color has-primary-border-color wp-post-image\" alt=\"Bon March\u00e9\" style=\"border-width:5px;object-fit:cover;\" srcset=\"https:\/\/www.odeonhotel.fr\/wp-content\/uploads\/2016\/05\/Bon-marche.jpg 1920w, https:\/\/www.odeonhotel.fr\/wp-content\/uploads\/2016\/05\/Bon-marche-300x151.jpg 300w, https:\/\/www.odeonhotel.fr\/wp-content\/uploads\/2016\/05\/Bon-marche-1024x515.jpg 1024w, https:\/\/www.odeonhotel.fr\/wp-content\/uploads\/2016\/05\/Bon-marche-768x386.jpg 768w, https:\/\/www.odeonhotel.fr\/wp-content\/uploads\/2016\/05\/Bon-marche-1536x772.jpg 1536w\" sizes=\"(max-width: 1920px) 100vw, 1920px\" title=\"\"><\/a><\/figure>\n\n<h2 style=\"font-size:clamp(16.293px, 1.018rem + ((1vw - 3.2px) * 0.989), 25px);\" class=\"has-text-align-center has-link-color wp-elements-cc6e9e615c7c7cae429720e4cd8237d6 wp-block-post-title\"><a href=\"https:\/\/www.odeonhotel.fr\/fr\/shopping-fr\/bon-marche\/\" target=\"_self\" >Bon March\u00e9<\/a><\/h2>\n<\/li><\/ul>\n\n<\/div>\n\n<div style=\"height:40px\" aria-hidden=\"true\" class=\"wp-block-spacer\"><\/div>\n","protected":false},"excerpt":{"rendered":"<p>Vous \u00eates ici : Accueil \u00bb Visite de Paris \u00bb Shopping Shopping Paris est un paradis pour les amateurs de shopping, offrant un m\u00e9lange de haute couture, de petites boutiques et de trouvailles vintage. Explorez les marques de luxe sur les c\u00e9l\u00e8bres Champs-\u00c9lys\u00e9es, d\u00e9couvrez les boutiques chics du Marais et parcourez les grands magasins de [&hellip;]<\/p>\n","protected":false},"author":1,"featured_media":9401,"parent":6483,"menu_order":5,"comment_status":"closed","ping_status":"closed","template":"","meta":{"footnotes":""},"class_list":["post-6469","page","type-page","status-publish","has-post-thumbnail","hentry"],"_links":{"self":[{"href":"https:\/\/www.odeonhotel.fr\/fr\/wp-json\/wp\/v2\/pages\/6469","targetHints":{"allow":["GET"]}}],"collection":[{"href":"https:\/\/www.odeonhotel.fr\/fr\/wp-json\/wp\/v2\/pages"}],"about":[{"href":"https:\/\/www.odeonhotel.fr\/fr\/wp-json\/wp\/v2\/types\/page"}],"author":[{"embeddable":true,"href":"https:\/\/www.odeonhotel.fr\/fr\/wp-json\/wp\/v2\/users\/1"}],"replies":[{"embeddable":true,"href":"https:\/\/www.odeonhotel.fr\/fr\/wp-json\/wp\/v2\/comments?post=6469"}],"version-history":[{"count":5,"href":"https:\/\/www.odeonhotel.fr\/fr\/wp-json\/wp\/v2\/pages\/6469\/revisions"}],"predecessor-version":[{"id":25729,"href":"https:\/\/www.odeonhotel.fr\/fr\/wp-json\/wp\/v2\/pages\/6469\/revisions\/25729"}],"up":[{"embeddable":true,"href":"https:\/\/www.odeonhotel.fr\/fr\/wp-json\/wp\/v2\/pages\/6483"}],"wp:featuredmedia":[{"embeddable":true,"href":"https:\/\/www.odeonhotel.fr\/fr\/wp-json\/wp\/v2\/media\/9401"}],"wp:attachment":[{"href":"https:\/\/www.odeonhotel.fr\/fr\/wp-json\/wp\/v2\/media?parent=6469"}],"curies":[{"name":"wp","href":"https:\/\/api.w.org\/{rel}","templated":true}]}}