{"id":6473,"date":"2023-05-16T12:41:27","date_gmt":"2023-05-16T10:41:27","guid":{"rendered":"http:\/\/www.laperle.tess5418.odns.fr\/bien-etre\/"},"modified":"2026-03-25T23:21:03","modified_gmt":"2026-03-25T22:21:03","slug":"bien-etre","status":"publish","type":"page","link":"https:\/\/www.odeonhotel.fr\/fr\/visite-de-paris\/bien-etre\/","title":{"rendered":"Bien \u00eatre"},"content":{"rendered":"\n<p class=\"rank-math-breadcrumb has-contrast-color has-text-color has-link-color wp-elements-081cd25bebc05af72dbcde0e07c20090\" style=\"margin-right:3%;margin-left:3%\">Vous \u00eates ici : <a href=\"https:\/\/www.odeonhotel.fr\/fr\/\" data-type=\"page\" data-id=\"188\">Home<\/a> \u00bb <a href=\"https:\/\/www.odeonhotel.fr\/fr\/visite-de-paris\/\" data-type=\"page\" data-id=\"980\">Visite de Paris<\/a> \u00bb <a href=\"https:\/\/www.odeonhotel.fr\/fr\/visite-de-paris\/bien-etre\/\" data-type=\"page\" data-id=\"3196\">Bien \u00eatre<\/a><\/p>\n\n<h1 class=\"wp-block-heading has-text-align-center\" style=\"margin-top:0;margin-right:0;margin-bottom:0;margin-left:0;padding-top:var(--wp--preset--spacing--40);padding-right:0;padding-bottom:0;padding-left:0;font-size:clamp(30.693px, 1.918rem + ((1vw - 3.2px) * 2.649), 54px);letter-spacing:-1px\">Bien \u00eatre<\/h1>\n\n<div class=\"wp-block-columns is-layout-flex wp-container-core-columns-is-layout-66a182f9 wp-block-columns-is-layout-flex\" style=\"margin-top:0;margin-bottom:0;padding-top:var(--wp--preset--spacing--30);padding-right:0;padding-bottom:var(--wp--preset--spacing--40);padding-left:0\">\n<div class=\"wp-block-column is-layout-flow wp-block-column-is-layout-flow\" style=\"--col-width:;padding-right:3%;padding-left:3%\">\n<p class=\"has-text-align-center\" style=\"padding-right:0;padding-left:0\">Prenez soin de votre bien-\u00eatre dans l&rsquo;ambiance de la Rive Gauche. Laissez-vous tenter par des spas luxueux, des studios de yoga et des centres de bien-\u00eatre qui vous offrent un moment de d\u00e9tente loin de l&rsquo;agitation de la ville. D\u00e9couvrez des soins, des massages rajeunissants et des espaces de m\u00e9ditation tranquilles, qui vous permettront de retrouver l&rsquo;\u00e9quilibre et l&rsquo;harmonie int\u00e9rieure dans cette ville anim\u00e9e.  <\/p>\n<\/div>\n<\/div>\n\n<div class=\"wp-block-query is-layout-flow wp-block-query-is-layout-flow\"><ul style=\"padding-right:var(--wp--preset--spacing--30);padding-left:var(--wp--preset--spacing--30);\" class=\"columns-3 wp-block-post-template is-layout-grid wp-container-core-post-template-is-layout-2b4f8fd7 wp-block-post-template-is-layout-grid\"><li class=\"wp-block-post post-8399 post type-post status-publish format-standard has-post-thumbnail hentry category-bien-etre-fr\">\n<figure class=\"image-zoom wp-block-post-featured-image\"><a href=\"https:\/\/www.odeonhotel.fr\/fr\/bien-etre-fr\/spa-bel-ami\/\" target=\"_self\"  ><img decoding=\"async\" width=\"1920\" height=\"965\" src=\"https:\/\/www.odeonhotel.fr\/wp-content\/uploads\/2016\/05\/spa-bel-ami.jpg\" class=\"has-border-color has-primary-border-color wp-post-image\" alt=\"Spa Bel Ami\" style=\"border-width:5px;object-fit:cover;\" srcset=\"https:\/\/www.odeonhotel.fr\/wp-content\/uploads\/2016\/05\/spa-bel-ami.jpg 1920w, https:\/\/www.odeonhotel.fr\/wp-content\/uploads\/2016\/05\/spa-bel-ami-300x151.jpg 300w, https:\/\/www.odeonhotel.fr\/wp-content\/uploads\/2016\/05\/spa-bel-ami-1024x515.jpg 1024w, https:\/\/www.odeonhotel.fr\/wp-content\/uploads\/2016\/05\/spa-bel-ami-768x386.jpg 768w, https:\/\/www.odeonhotel.fr\/wp-content\/uploads\/2016\/05\/spa-bel-ami-1536x772.jpg 1536w\" sizes=\"(max-width: 1920px) 100vw, 1920px\" title=\"\"><\/a><\/figure>\n\n<h2 style=\"font-size:clamp(16.293px, 1.018rem + ((1vw - 3.2px) * 0.989), 25px);\" class=\"has-text-align-center has-link-color wp-elements-cc6e9e615c7c7cae429720e4cd8237d6 wp-block-post-title\"><a href=\"https:\/\/www.odeonhotel.fr\/fr\/bien-etre-fr\/spa-bel-ami\/\" target=\"_self\" >Spa Bel Ami<\/a><\/h2>\n<\/li><li class=\"wp-block-post post-8418 post type-post status-publish format-standard has-post-thumbnail hentry category-bien-etre-fr\">\n<figure class=\"image-zoom wp-block-post-featured-image\"><a href=\"https:\/\/www.odeonhotel.fr\/fr\/bien-etre-fr\/spa-28\/\" target=\"_self\"  ><img decoding=\"async\" width=\"1920\" height=\"965\" src=\"https:\/\/www.odeonhotel.fr\/wp-content\/uploads\/2016\/05\/SPA-28.jpg\" class=\"has-border-color has-primary-border-color wp-post-image\" alt=\"Spa 28\" style=\"border-width:5px;object-fit:cover;\" srcset=\"https:\/\/www.odeonhotel.fr\/wp-content\/uploads\/2016\/05\/SPA-28.jpg 1920w, https:\/\/www.odeonhotel.fr\/wp-content\/uploads\/2016\/05\/SPA-28-300x151.jpg 300w, https:\/\/www.odeonhotel.fr\/wp-content\/uploads\/2016\/05\/SPA-28-1024x515.jpg 1024w, https:\/\/www.odeonhotel.fr\/wp-content\/uploads\/2016\/05\/SPA-28-768x386.jpg 768w, https:\/\/www.odeonhotel.fr\/wp-content\/uploads\/2016\/05\/SPA-28-1536x772.jpg 1536w\" sizes=\"(max-width: 1920px) 100vw, 1920px\" title=\"\"><\/a><\/figure>\n\n<h2 style=\"font-size:clamp(16.293px, 1.018rem + ((1vw - 3.2px) * 0.989), 25px);\" class=\"has-text-align-center has-link-color wp-elements-cc6e9e615c7c7cae429720e4cd8237d6 wp-block-post-title\"><a href=\"https:\/\/www.odeonhotel.fr\/fr\/bien-etre-fr\/spa-28\/\" target=\"_self\" >Spa 28<\/a><\/h2>\n<\/li><li class=\"wp-block-post post-8432 post type-post status-publish format-standard has-post-thumbnail hentry category-bien-etre-fr\">\n<figure class=\"image-zoom wp-block-post-featured-image\"><a href=\"https:\/\/www.odeonhotel.fr\/fr\/bien-etre-fr\/ban-thai-spa\/\" target=\"_self\"  ><img decoding=\"async\" width=\"1920\" height=\"965\" src=\"https:\/\/www.odeonhotel.fr\/wp-content\/uploads\/2016\/05\/BAN-THAI-SPA.jpg\" class=\"has-border-color has-primary-border-color wp-post-image\" alt=\"Ban Thai Spa\" style=\"border-width:5px;object-fit:cover;\" srcset=\"https:\/\/www.odeonhotel.fr\/wp-content\/uploads\/2016\/05\/BAN-THAI-SPA.jpg 1920w, https:\/\/www.odeonhotel.fr\/wp-content\/uploads\/2016\/05\/BAN-THAI-SPA-300x151.jpg 300w, https:\/\/www.odeonhotel.fr\/wp-content\/uploads\/2016\/05\/BAN-THAI-SPA-1024x515.jpg 1024w, https:\/\/www.odeonhotel.fr\/wp-content\/uploads\/2016\/05\/BAN-THAI-SPA-768x386.jpg 768w, https:\/\/www.odeonhotel.fr\/wp-content\/uploads\/2016\/05\/BAN-THAI-SPA-1536x772.jpg 1536w\" sizes=\"(max-width: 1920px) 100vw, 1920px\" title=\"\"><\/a><\/figure>\n\n<h2 style=\"font-size:clamp(16.293px, 1.018rem + ((1vw - 3.2px) * 0.989), 25px);\" class=\"has-text-align-center has-link-color wp-elements-cc6e9e615c7c7cae429720e4cd8237d6 wp-block-post-title\"><a href=\"https:\/\/www.odeonhotel.fr\/fr\/bien-etre-fr\/ban-thai-spa\/\" target=\"_self\" >Ban Thai Spa<\/a><\/h2>\n<\/li><li class=\"wp-block-post post-8454 post type-post status-publish format-standard has-post-thumbnail hentry category-bien-etre-fr\">\n<figure class=\"image-zoom wp-block-post-featured-image\"><a href=\"https:\/\/www.odeonhotel.fr\/fr\/bien-etre-fr\/piscine-saint-germain\/\" target=\"_self\"  ><img decoding=\"async\" width=\"1920\" height=\"965\" src=\"https:\/\/www.odeonhotel.fr\/wp-content\/uploads\/2016\/05\/PISCINE-SAINT-GERMAIN.jpg\" class=\"has-border-color has-primary-border-color wp-post-image\" alt=\"PIscine Saint Germain\" style=\"border-width:5px;object-fit:cover;\" srcset=\"https:\/\/www.odeonhotel.fr\/wp-content\/uploads\/2016\/05\/PISCINE-SAINT-GERMAIN.jpg 1920w, https:\/\/www.odeonhotel.fr\/wp-content\/uploads\/2016\/05\/PISCINE-SAINT-GERMAIN-300x151.jpg 300w, https:\/\/www.odeonhotel.fr\/wp-content\/uploads\/2016\/05\/PISCINE-SAINT-GERMAIN-1024x515.jpg 1024w, https:\/\/www.odeonhotel.fr\/wp-content\/uploads\/2016\/05\/PISCINE-SAINT-GERMAIN-768x386.jpg 768w, https:\/\/www.odeonhotel.fr\/wp-content\/uploads\/2016\/05\/PISCINE-SAINT-GERMAIN-1536x772.jpg 1536w\" sizes=\"(max-width: 1920px) 100vw, 1920px\" title=\"\"><\/a><\/figure>\n\n<h2 style=\"font-size:clamp(16.293px, 1.018rem + ((1vw - 3.2px) * 0.989), 25px);\" class=\"has-text-align-center has-link-color wp-elements-cc6e9e615c7c7cae429720e4cd8237d6 wp-block-post-title\"><a href=\"https:\/\/www.odeonhotel.fr\/fr\/bien-etre-fr\/piscine-saint-germain\/\" target=\"_self\" >PIscine Saint Germain<\/a><\/h2>\n<\/li><li class=\"wp-block-post post-8484 post type-post status-publish format-standard has-post-thumbnail hentry category-bien-etre-fr\">\n<figure class=\"image-zoom wp-block-post-featured-image\"><a href=\"https:\/\/www.odeonhotel.fr\/fr\/bien-etre-fr\/jardin-du-luxembourg\/\" target=\"_self\"  ><img decoding=\"async\" width=\"1920\" height=\"965\" src=\"https:\/\/www.odeonhotel.fr\/wp-content\/uploads\/2016\/05\/JARDIN-LUXEMBOURG.jpg\" class=\"has-border-color has-primary-border-color wp-post-image\" alt=\"Jardin du Luxembourg\" style=\"border-width:5px;object-fit:cover;\" srcset=\"https:\/\/www.odeonhotel.fr\/wp-content\/uploads\/2016\/05\/JARDIN-LUXEMBOURG.jpg 1920w, https:\/\/www.odeonhotel.fr\/wp-content\/uploads\/2016\/05\/JARDIN-LUXEMBOURG-300x151.jpg 300w, https:\/\/www.odeonhotel.fr\/wp-content\/uploads\/2016\/05\/JARDIN-LUXEMBOURG-1024x515.jpg 1024w, https:\/\/www.odeonhotel.fr\/wp-content\/uploads\/2016\/05\/JARDIN-LUXEMBOURG-768x386.jpg 768w, https:\/\/www.odeonhotel.fr\/wp-content\/uploads\/2016\/05\/JARDIN-LUXEMBOURG-1536x772.jpg 1536w\" sizes=\"(max-width: 1920px) 100vw, 1920px\" title=\"\"><\/a><\/figure>\n\n<h2 style=\"font-size:clamp(16.293px, 1.018rem + ((1vw - 3.2px) * 0.989), 25px);\" class=\"has-text-align-center has-link-color wp-elements-cc6e9e615c7c7cae429720e4cd8237d6 wp-block-post-title\"><a href=\"https:\/\/www.odeonhotel.fr\/fr\/bien-etre-fr\/jardin-du-luxembourg\/\" target=\"_self\" >Jardin du Luxembourg<\/a><\/h2>\n<\/li><li class=\"wp-block-post post-8498 post type-post status-publish format-standard has-post-thumbnail hentry category-bien-etre-fr\">\n<figure class=\"image-zoom wp-block-post-featured-image\"><a href=\"https:\/\/www.odeonhotel.fr\/fr\/bien-etre-fr\/fitness-room\/\" target=\"_self\"  ><img decoding=\"async\" width=\"1920\" height=\"965\" src=\"https:\/\/www.odeonhotel.fr\/wp-content\/uploads\/2016\/05\/FITNESS-ROOM.jpg\" class=\"has-border-color has-primary-border-color wp-post-image\" alt=\"Fitness room\" style=\"border-width:5px;object-fit:cover;\" srcset=\"https:\/\/www.odeonhotel.fr\/wp-content\/uploads\/2016\/05\/FITNESS-ROOM.jpg 1920w, https:\/\/www.odeonhotel.fr\/wp-content\/uploads\/2016\/05\/FITNESS-ROOM-300x151.jpg 300w, https:\/\/www.odeonhotel.fr\/wp-content\/uploads\/2016\/05\/FITNESS-ROOM-1024x515.jpg 1024w, https:\/\/www.odeonhotel.fr\/wp-content\/uploads\/2016\/05\/FITNESS-ROOM-768x386.jpg 768w, https:\/\/www.odeonhotel.fr\/wp-content\/uploads\/2016\/05\/FITNESS-ROOM-1536x772.jpg 1536w\" sizes=\"(max-width: 1920px) 100vw, 1920px\" title=\"\"><\/a><\/figure>\n\n<h2 style=\"font-size:clamp(16.293px, 1.018rem + ((1vw - 3.2px) * 0.989), 25px);\" class=\"has-text-align-center has-link-color wp-elements-cc6e9e615c7c7cae429720e4cd8237d6 wp-block-post-title\"><a href=\"https:\/\/www.odeonhotel.fr\/fr\/bien-etre-fr\/fitness-room\/\" target=\"_self\" >Fitness room<\/a><\/h2>\n<\/li><\/ul>\n\n<\/div>\n\n<div style=\"height:40px\" aria-hidden=\"true\" class=\"wp-block-spacer\"><\/div>\n","protected":false},"excerpt":{"rendered":"<p>Vous \u00eates ici : Home \u00bb Visite de Paris \u00bb Bien \u00eatre Bien \u00eatre Prenez soin de votre bien-\u00eatre dans l&rsquo;ambiance de la Rive Gauche. Laissez-vous tenter par des spas luxueux, des studios de yoga et des centres de bien-\u00eatre qui vous offrent un moment de d\u00e9tente loin de l&rsquo;agitation de la ville. D\u00e9couvrez des [&hellip;]<\/p>\n","protected":false},"author":1,"featured_media":15497,"parent":6483,"menu_order":4,"comment_status":"closed","ping_status":"closed","template":"","meta":{"footnotes":""},"class_list":["post-6473","page","type-page","status-publish","has-post-thumbnail","hentry"],"_links":{"self":[{"href":"https:\/\/www.odeonhotel.fr\/fr\/wp-json\/wp\/v2\/pages\/6473","targetHints":{"allow":["GET"]}}],"collection":[{"href":"https:\/\/www.odeonhotel.fr\/fr\/wp-json\/wp\/v2\/pages"}],"about":[{"href":"https:\/\/www.odeonhotel.fr\/fr\/wp-json\/wp\/v2\/types\/page"}],"author":[{"embeddable":true,"href":"https:\/\/www.odeonhotel.fr\/fr\/wp-json\/wp\/v2\/users\/1"}],"replies":[{"embeddable":true,"href":"https:\/\/www.odeonhotel.fr\/fr\/wp-json\/wp\/v2\/comments?post=6473"}],"version-history":[{"count":3,"href":"https:\/\/www.odeonhotel.fr\/fr\/wp-json\/wp\/v2\/pages\/6473\/revisions"}],"predecessor-version":[{"id":25701,"href":"https:\/\/www.odeonhotel.fr\/fr\/wp-json\/wp\/v2\/pages\/6473\/revisions\/25701"}],"up":[{"embeddable":true,"href":"https:\/\/www.odeonhotel.fr\/fr\/wp-json\/wp\/v2\/pages\/6483"}],"wp:featuredmedia":[{"embeddable":true,"href":"https:\/\/www.odeonhotel.fr\/fr\/wp-json\/wp\/v2\/media\/15497"}],"wp:attachment":[{"href":"https:\/\/www.odeonhotel.fr\/fr\/wp-json\/wp\/v2\/media?parent=6473"}],"curies":[{"name":"wp","href":"https:\/\/api.w.org\/{rel}","templated":true}]}}