{"id":6477,"date":"2023-05-16T12:38:32","date_gmt":"2023-05-16T10:38:32","guid":{"rendered":"http:\/\/www.laperle.tess5418.odns.fr\/musees\/"},"modified":"2026-03-26T00:00:53","modified_gmt":"2026-03-25T23:00:53","slug":"musees","status":"publish","type":"page","link":"https:\/\/www.odeonhotel.fr\/fr\/visite-de-paris\/musees\/","title":{"rendered":"Mus\u00e9es"},"content":{"rendered":"\n<p class=\"rank-math-breadcrumb has-contrast-color has-text-color has-link-color wp-elements-4ee30ff2e1d797bd3b8c001132cc6519\" style=\"margin-right:3%;margin-left:3%\">Vous \u00eates ici : <a href=\"\/en\/\">Accueil<\/a> \u00bb <a href=\"\/en\/visit-paris\/\">Visite de Paris<\/a> \u00bb <a href=\"https:\/\/www.odeonhotel.fr\/fr\/visite-de-paris\/musees\/\" data-type=\"page\" data-id=\"3190\">Mus\u00e9es<\/a><\/p>\n\n<h1 class=\"wp-block-heading has-text-align-center\" style=\"margin-top:0;margin-right:0;margin-bottom:0;margin-left:0;padding-top:var(--wp--preset--spacing--40);padding-right:0;padding-bottom:0;padding-left:0;font-size:clamp(30.693px, 1.918rem + ((1vw - 3.2px) * 2.649), 54px);letter-spacing:-1px\">Mus\u00e9es<\/h1>\n\n<div class=\"wp-block-columns is-layout-flex wp-container-core-columns-is-layout-66a182f9 wp-block-columns-is-layout-flex\" style=\"margin-top:0;margin-bottom:0;padding-top:var(--wp--preset--spacing--30);padding-right:0;padding-bottom:var(--wp--preset--spacing--40);padding-left:0\">\n<div class=\"wp-block-column is-layout-flow wp-block-column-is-layout-flow\" style=\"--col-width:100%;padding-right:3%;padding-left:3%;flex-basis:100%\">\n<p class=\"has-text-align-center\" style=\"padding-right:0;padding-left:0\">Explorez le monde captivant des mus\u00e9es parisiens. Plongez dans l&rsquo;art au mus\u00e9e du Louvre, qui abrite l&#8217;embl\u00e9matique Joconde. D\u00e9couvrez les chefs-d&rsquo;\u0153uvre impressionnistes au mus\u00e9e d&rsquo;Orsay. Plongez dans l&rsquo;art moderne et contemporain au Centre Pompidou. Les mus\u00e9es de Paris offrent un tr\u00e9sor de merveilles culturelles pour tous les amateurs d&rsquo;art.<\/p>\n<\/div>\n<\/div>\n\n<div class=\"wp-block-query is-layout-flow wp-block-query-is-layout-flow\"><ul style=\"padding-right:var(--wp--preset--spacing--30);padding-left:var(--wp--preset--spacing--30);\" class=\"columns-3 wp-block-post-template is-layout-grid wp-container-core-post-template-is-layout-2b4f8fd7 wp-block-post-template-is-layout-grid\"><li class=\"wp-block-post post-8608 post type-post status-publish format-standard has-post-thumbnail hentry category-musees-fr\">\n<figure class=\"image-zoom wp-block-post-featured-image\"><a href=\"https:\/\/www.odeonhotel.fr\/fr\/musees-fr\/musee-rodin\/\" target=\"_self\"  ><img decoding=\"async\" width=\"1920\" height=\"965\" src=\"https:\/\/www.odeonhotel.fr\/wp-content\/uploads\/2016\/05\/MUSEE-DE-CLUNY.jpg\" class=\"has-border-color has-primary-border-color wp-post-image\" alt=\"Mus\u00e9e de Cluny\" style=\"border-width:5px;object-fit:cover;\" srcset=\"https:\/\/www.odeonhotel.fr\/wp-content\/uploads\/2016\/05\/MUSEE-DE-CLUNY.jpg 1920w, https:\/\/www.odeonhotel.fr\/wp-content\/uploads\/2016\/05\/MUSEE-DE-CLUNY-300x151.jpg 300w, https:\/\/www.odeonhotel.fr\/wp-content\/uploads\/2016\/05\/MUSEE-DE-CLUNY-1024x515.jpg 1024w, https:\/\/www.odeonhotel.fr\/wp-content\/uploads\/2016\/05\/MUSEE-DE-CLUNY-768x386.jpg 768w, https:\/\/www.odeonhotel.fr\/wp-content\/uploads\/2016\/05\/MUSEE-DE-CLUNY-1536x772.jpg 1536w\" sizes=\"(max-width: 1920px) 100vw, 1920px\" title=\"\"><\/a><\/figure>\n\n<h2 style=\"font-size:clamp(16.293px, 1.018rem + ((1vw - 3.2px) * 0.989), 25px);\" class=\"has-text-align-center has-link-color wp-elements-cc6e9e615c7c7cae429720e4cd8237d6 wp-block-post-title\"><a href=\"https:\/\/www.odeonhotel.fr\/fr\/musees-fr\/musee-rodin\/\" target=\"_self\" >Mus\u00e9e de Cluny<\/a><\/h2>\n<\/li><li class=\"wp-block-post post-8833 post type-post status-publish format-standard has-post-thumbnail hentry category-musees-fr\">\n<figure class=\"image-zoom wp-block-post-featured-image\"><a href=\"https:\/\/www.odeonhotel.fr\/fr\/musees-fr\/musee-du-quai-branly\/\" target=\"_self\"  ><img decoding=\"async\" width=\"1920\" height=\"965\" src=\"https:\/\/www.odeonhotel.fr\/wp-content\/uploads\/2016\/05\/quai-branly.jpg\" class=\"has-border-color has-primary-border-color wp-post-image\" alt=\"Mus\u00e9e du Quai Branly\" style=\"border-width:5px;object-fit:cover;\" srcset=\"https:\/\/www.odeonhotel.fr\/wp-content\/uploads\/2016\/05\/quai-branly.jpg 1920w, https:\/\/www.odeonhotel.fr\/wp-content\/uploads\/2016\/05\/quai-branly-300x151.jpg 300w, https:\/\/www.odeonhotel.fr\/wp-content\/uploads\/2016\/05\/quai-branly-1024x515.jpg 1024w, https:\/\/www.odeonhotel.fr\/wp-content\/uploads\/2016\/05\/quai-branly-768x386.jpg 768w, https:\/\/www.odeonhotel.fr\/wp-content\/uploads\/2016\/05\/quai-branly-1536x772.jpg 1536w\" sizes=\"(max-width: 1920px) 100vw, 1920px\" title=\"\"><\/a><\/figure>\n\n<h2 style=\"font-size:clamp(16.293px, 1.018rem + ((1vw - 3.2px) * 0.989), 25px);\" class=\"has-text-align-center has-link-color wp-elements-cc6e9e615c7c7cae429720e4cd8237d6 wp-block-post-title\"><a href=\"https:\/\/www.odeonhotel.fr\/fr\/musees-fr\/musee-du-quai-branly\/\" target=\"_self\" >Mus\u00e9e du Quai Branly<\/a><\/h2>\n<\/li><li class=\"wp-block-post post-8861 post type-post status-publish format-standard has-post-thumbnail hentry category-musees-fr\">\n<figure class=\"image-zoom wp-block-post-featured-image\"><a href=\"https:\/\/www.odeonhotel.fr\/fr\/musees-fr\/centre-pompidou\/\" target=\"_self\"  ><img decoding=\"async\" width=\"1920\" height=\"965\" src=\"https:\/\/www.odeonhotel.fr\/wp-content\/uploads\/2016\/05\/MUSEE-POMPIDOU.jpg\" class=\"has-border-color has-primary-border-color wp-post-image\" alt=\"Centre Pompidou\" style=\"border-width:5px;object-fit:cover;\" srcset=\"https:\/\/www.odeonhotel.fr\/wp-content\/uploads\/2016\/05\/MUSEE-POMPIDOU.jpg 1920w, https:\/\/www.odeonhotel.fr\/wp-content\/uploads\/2016\/05\/MUSEE-POMPIDOU-300x151.jpg 300w, https:\/\/www.odeonhotel.fr\/wp-content\/uploads\/2016\/05\/MUSEE-POMPIDOU-1024x515.jpg 1024w, https:\/\/www.odeonhotel.fr\/wp-content\/uploads\/2016\/05\/MUSEE-POMPIDOU-768x386.jpg 768w, https:\/\/www.odeonhotel.fr\/wp-content\/uploads\/2016\/05\/MUSEE-POMPIDOU-1536x772.jpg 1536w\" sizes=\"(max-width: 1920px) 100vw, 1920px\" title=\"\"><\/a><\/figure>\n\n<h2 style=\"font-size:clamp(16.293px, 1.018rem + ((1vw - 3.2px) * 0.989), 25px);\" class=\"has-text-align-center has-link-color wp-elements-cc6e9e615c7c7cae429720e4cd8237d6 wp-block-post-title\"><a href=\"https:\/\/www.odeonhotel.fr\/fr\/musees-fr\/centre-pompidou\/\" target=\"_self\" >Centre Pompidou<\/a><\/h2>\n<\/li><li class=\"wp-block-post post-8873 post type-post status-publish format-standard has-post-thumbnail hentry category-musees-fr\">\n<figure class=\"image-zoom wp-block-post-featured-image\"><a href=\"https:\/\/www.odeonhotel.fr\/fr\/musees-fr\/musee-dorsay\/\" target=\"_self\"  ><img decoding=\"async\" width=\"1920\" height=\"965\" src=\"https:\/\/www.odeonhotel.fr\/wp-content\/uploads\/2016\/05\/MUSEE-ORSAY.jpg\" class=\"has-border-color has-primary-border-color wp-post-image\" alt=\"Mus\u00e9e d&rsquo;Orsay\" style=\"border-width:5px;object-fit:cover;\" srcset=\"https:\/\/www.odeonhotel.fr\/wp-content\/uploads\/2016\/05\/MUSEE-ORSAY.jpg 1920w, https:\/\/www.odeonhotel.fr\/wp-content\/uploads\/2016\/05\/MUSEE-ORSAY-300x151.jpg 300w, https:\/\/www.odeonhotel.fr\/wp-content\/uploads\/2016\/05\/MUSEE-ORSAY-1024x515.jpg 1024w, https:\/\/www.odeonhotel.fr\/wp-content\/uploads\/2016\/05\/MUSEE-ORSAY-768x386.jpg 768w, https:\/\/www.odeonhotel.fr\/wp-content\/uploads\/2016\/05\/MUSEE-ORSAY-1536x772.jpg 1536w\" sizes=\"(max-width: 1920px) 100vw, 1920px\" title=\"\"><\/a><\/figure>\n\n<h2 style=\"font-size:clamp(16.293px, 1.018rem + ((1vw - 3.2px) * 0.989), 25px);\" class=\"has-text-align-center has-link-color wp-elements-cc6e9e615c7c7cae429720e4cd8237d6 wp-block-post-title\"><a href=\"https:\/\/www.odeonhotel.fr\/fr\/musees-fr\/musee-dorsay\/\" target=\"_self\" >Mus\u00e9e d&rsquo;Orsay<\/a><\/h2>\n<\/li><li class=\"wp-block-post post-8891 post type-post status-publish format-standard has-post-thumbnail hentry category-musees-fr\">\n<figure class=\"image-zoom wp-block-post-featured-image\"><a href=\"https:\/\/www.odeonhotel.fr\/fr\/musees-fr\/musee-du-louvre\/\" target=\"_self\"  ><img decoding=\"async\" width=\"1920\" height=\"965\" src=\"https:\/\/www.odeonhotel.fr\/wp-content\/uploads\/2016\/05\/MUSEE-DU-LOUVRE.jpg\" class=\"has-border-color has-primary-border-color wp-post-image\" alt=\"Mus\u00e9e du Louvre\" style=\"border-width:5px;object-fit:cover;\" srcset=\"https:\/\/www.odeonhotel.fr\/wp-content\/uploads\/2016\/05\/MUSEE-DU-LOUVRE.jpg 1920w, https:\/\/www.odeonhotel.fr\/wp-content\/uploads\/2016\/05\/MUSEE-DU-LOUVRE-300x151.jpg 300w, https:\/\/www.odeonhotel.fr\/wp-content\/uploads\/2016\/05\/MUSEE-DU-LOUVRE-1024x515.jpg 1024w, https:\/\/www.odeonhotel.fr\/wp-content\/uploads\/2016\/05\/MUSEE-DU-LOUVRE-768x386.jpg 768w, https:\/\/www.odeonhotel.fr\/wp-content\/uploads\/2016\/05\/MUSEE-DU-LOUVRE-1536x772.jpg 1536w\" sizes=\"(max-width: 1920px) 100vw, 1920px\" title=\"\"><\/a><\/figure>\n\n<h2 style=\"font-size:clamp(16.293px, 1.018rem + ((1vw - 3.2px) * 0.989), 25px);\" class=\"has-text-align-center has-link-color wp-elements-cc6e9e615c7c7cae429720e4cd8237d6 wp-block-post-title\"><a href=\"https:\/\/www.odeonhotel.fr\/fr\/musees-fr\/musee-du-louvre\/\" target=\"_self\" >Mus\u00e9e du Louvre<\/a><\/h2>\n<\/li><\/ul>\n\n<\/div>\n\n<div style=\"height:40px\" aria-hidden=\"true\" class=\"wp-block-spacer\"><\/div>\n","protected":false},"excerpt":{"rendered":"<p>Vous \u00eates ici : Accueil \u00bb Visite de Paris \u00bb Mus\u00e9es Mus\u00e9es Explorez le monde captivant des mus\u00e9es parisiens. Plongez dans l&rsquo;art au mus\u00e9e du Louvre, qui abrite l&#8217;embl\u00e9matique Joconde. D\u00e9couvrez les chefs-d&rsquo;\u0153uvre impressionnistes au mus\u00e9e d&rsquo;Orsay. Plongez dans l&rsquo;art moderne et contemporain au Centre Pompidou. Les mus\u00e9es de Paris offrent un tr\u00e9sor de merveilles [&hellip;]<\/p>\n","protected":false},"author":1,"featured_media":15369,"parent":6483,"menu_order":2,"comment_status":"closed","ping_status":"closed","template":"","meta":{"footnotes":""},"class_list":["post-6477","page","type-page","status-publish","has-post-thumbnail","hentry"],"_links":{"self":[{"href":"https:\/\/www.odeonhotel.fr\/fr\/wp-json\/wp\/v2\/pages\/6477","targetHints":{"allow":["GET"]}}],"collection":[{"href":"https:\/\/www.odeonhotel.fr\/fr\/wp-json\/wp\/v2\/pages"}],"about":[{"href":"https:\/\/www.odeonhotel.fr\/fr\/wp-json\/wp\/v2\/types\/page"}],"author":[{"embeddable":true,"href":"https:\/\/www.odeonhotel.fr\/fr\/wp-json\/wp\/v2\/users\/1"}],"replies":[{"embeddable":true,"href":"https:\/\/www.odeonhotel.fr\/fr\/wp-json\/wp\/v2\/comments?post=6477"}],"version-history":[{"count":4,"href":"https:\/\/www.odeonhotel.fr\/fr\/wp-json\/wp\/v2\/pages\/6477\/revisions"}],"predecessor-version":[{"id":25720,"href":"https:\/\/www.odeonhotel.fr\/fr\/wp-json\/wp\/v2\/pages\/6477\/revisions\/25720"}],"up":[{"embeddable":true,"href":"https:\/\/www.odeonhotel.fr\/fr\/wp-json\/wp\/v2\/pages\/6483"}],"wp:featuredmedia":[{"embeddable":true,"href":"https:\/\/www.odeonhotel.fr\/fr\/wp-json\/wp\/v2\/media\/15369"}],"wp:attachment":[{"href":"https:\/\/www.odeonhotel.fr\/fr\/wp-json\/wp\/v2\/media?parent=6477"}],"curies":[{"name":"wp","href":"https:\/\/api.w.org\/{rel}","templated":true}]}}