{"id":6481,"date":"2023-05-21T09:40:07","date_gmt":"2023-05-21T07:40:07","guid":{"rendered":"http:\/\/www.laperle.tess5418.odns.fr\/restaurants\/"},"modified":"2026-03-26T00:14:21","modified_gmt":"2026-03-25T23:14:21","slug":"restaurants","status":"publish","type":"page","link":"https:\/\/www.odeonhotel.fr\/fr\/visite-de-paris\/restaurants\/","title":{"rendered":"Restaurants"},"content":{"rendered":"\n<p class=\"rank-math-breadcrumb has-contrast-color has-text-color has-link-color wp-elements-e2ce1bc3396240a4ac1e07bb9b4e1c30\" style=\"margin-right:3%;margin-left:3%\">Vous \u00eates ici : <a href=\"https:\/\/www.odeonhotel.fr\/fr\/\" data-type=\"page\" data-id=\"188\">Accueil<\/a> \u00bb <a href=\"https:\/\/www.odeonhotel.fr\/fr\/visite-de-paris\/\" data-type=\"page\" data-id=\"980\">Visite de Paris<\/a> \u00bb <a href=\"https:\/\/www.odeonhotel.fr\/fr\/visite-de-paris\/restaurants\/\" data-type=\"page\" data-id=\"3767\">Restaurants<\/a><\/p>\n\n<h1 class=\"wp-block-heading has-text-align-center\" style=\"margin-top:0;margin-right:0;margin-bottom:0;margin-left:0;padding-top:var(--wp--preset--spacing--40);padding-right:0;padding-bottom:0;padding-left:0;font-size:clamp(30.693px, 1.918rem + ((1vw - 3.2px) * 2.649), 54px);letter-spacing:-1px\">Restaurants<\/h1>\n\n<div class=\"wp-block-columns is-layout-flex wp-container-core-columns-is-layout-66a182f9 wp-block-columns-is-layout-flex\" style=\"margin-top:0;margin-bottom:0;padding-top:var(--wp--preset--spacing--30);padding-right:0;padding-bottom:var(--wp--preset--spacing--40);padding-left:0\">\n<div class=\"wp-block-column is-layout-flow wp-block-column-is-layout-flow\" style=\"--col-width:;padding-right:3%;padding-left:3%\">\n<p class=\"has-text-align-center\" style=\"padding-right:0;padding-left:0\">Embarquez pour un voyage culinaire \u00e0 Paris, o\u00f9 un monde de d\u00e9lices gastronomiques vous attend. Des restaurants \u00e9toil\u00e9s au Michelin aux charmants bistrots et caf\u00e9s branch\u00e9s, la ville offre une sc\u00e8ne gastronomique diversifi\u00e9e. Laissez-vous tenter par l&rsquo;exquise cuisine fran\u00e7aise, savourez de d\u00e9lectables p\u00e2tisseries et explorez les saveurs internationales. Les restaurants parisiens promettent une exp\u00e9rience \u00e9picurienne inoubliable.<\/p>\n<\/div>\n<\/div>\n\n<div class=\"wp-block-query is-layout-flow wp-block-query-is-layout-flow\"><ul style=\"padding-right:var(--wp--preset--spacing--30);padding-left:var(--wp--preset--spacing--30);\" class=\"columns-3 wp-block-post-template is-layout-grid wp-container-core-post-template-is-layout-2b4f8fd7 wp-block-post-template-is-layout-grid\"><li class=\"wp-block-post post-8642 post type-post status-publish format-standard has-post-thumbnail hentry category-restaurants-fr\">\n<figure class=\"image-zoom wp-block-post-featured-image\"><a href=\"https:\/\/www.odeonhotel.fr\/fr\/restaurants-fr\/la-mediterranee\/\" target=\"_self\"  ><img decoding=\"async\" width=\"1920\" height=\"965\" src=\"https:\/\/www.odeonhotel.fr\/wp-content\/uploads\/2016\/05\/LES-EDITEURS.jpg\" class=\"has-border-color has-primary-border-color wp-post-image\" alt=\"Les Editeurs\" style=\"border-width:5px;object-fit:cover;\" srcset=\"https:\/\/www.odeonhotel.fr\/wp-content\/uploads\/2016\/05\/LES-EDITEURS.jpg 1920w, https:\/\/www.odeonhotel.fr\/wp-content\/uploads\/2016\/05\/LES-EDITEURS-300x151.jpg 300w, https:\/\/www.odeonhotel.fr\/wp-content\/uploads\/2016\/05\/LES-EDITEURS-1024x515.jpg 1024w, https:\/\/www.odeonhotel.fr\/wp-content\/uploads\/2016\/05\/LES-EDITEURS-768x386.jpg 768w, https:\/\/www.odeonhotel.fr\/wp-content\/uploads\/2016\/05\/LES-EDITEURS-1536x772.jpg 1536w\" sizes=\"(max-width: 1920px) 100vw, 1920px\" title=\"\"><span class=\"wp-block-post-featured-image__overlay has-border-color has-primary-border-color has-background-dim has-background-dim-10\" style=\"border-width:5px\" aria-hidden=\"true\"><\/span><\/a><\/figure>\n\n<h2 style=\"font-size:clamp(16.293px, 1.018rem + ((1vw - 3.2px) * 0.989), 25px);\" class=\"has-text-align-center has-link-color wp-elements-cc6e9e615c7c7cae429720e4cd8237d6 wp-block-post-title\"><a href=\"https:\/\/www.odeonhotel.fr\/fr\/restaurants-fr\/la-mediterranee\/\" target=\"_self\" >Les Editeurs<\/a><\/h2>\n<\/li><li class=\"wp-block-post post-8656 post type-post status-publish format-standard has-post-thumbnail hentry category-restaurants-fr\">\n<figure class=\"image-zoom wp-block-post-featured-image\"><a href=\"https:\/\/www.odeonhotel.fr\/fr\/restaurants-fr\/vagenende\/\" target=\"_self\"  ><img decoding=\"async\" width=\"1920\" height=\"965\" src=\"https:\/\/www.odeonhotel.fr\/wp-content\/uploads\/2016\/05\/COMPTOIR-DU-RELAIS.jpg\" class=\"has-border-color has-primary-border-color wp-post-image\" alt=\"Le comptoir du relais\" style=\"border-width:5px;object-fit:cover;\" srcset=\"https:\/\/www.odeonhotel.fr\/wp-content\/uploads\/2016\/05\/COMPTOIR-DU-RELAIS.jpg 1920w, https:\/\/www.odeonhotel.fr\/wp-content\/uploads\/2016\/05\/COMPTOIR-DU-RELAIS-300x151.jpg 300w, https:\/\/www.odeonhotel.fr\/wp-content\/uploads\/2016\/05\/COMPTOIR-DU-RELAIS-1024x515.jpg 1024w, https:\/\/www.odeonhotel.fr\/wp-content\/uploads\/2016\/05\/COMPTOIR-DU-RELAIS-768x386.jpg 768w, https:\/\/www.odeonhotel.fr\/wp-content\/uploads\/2016\/05\/COMPTOIR-DU-RELAIS-1536x772.jpg 1536w\" sizes=\"(max-width: 1920px) 100vw, 1920px\" title=\"\"><span class=\"wp-block-post-featured-image__overlay has-border-color has-primary-border-color has-background-dim has-background-dim-10\" style=\"border-width:5px\" aria-hidden=\"true\"><\/span><\/a><\/figure>\n\n<h2 style=\"font-size:clamp(16.293px, 1.018rem + ((1vw - 3.2px) * 0.989), 25px);\" class=\"has-text-align-center has-link-color wp-elements-cc6e9e615c7c7cae429720e4cd8237d6 wp-block-post-title\"><a href=\"https:\/\/www.odeonhotel.fr\/fr\/restaurants-fr\/vagenende\/\" target=\"_self\" >Le comptoir du relais<\/a><\/h2>\n<\/li><li class=\"wp-block-post post-8675 post type-post status-publish format-standard has-post-thumbnail hentry category-restaurants-fr\">\n<figure class=\"image-zoom wp-block-post-featured-image\"><a href=\"https:\/\/www.odeonhotel.fr\/fr\/restaurants-fr\/la-cuisine-de-philippe\/\" target=\"_self\"  ><img decoding=\"async\" width=\"1920\" height=\"965\" src=\"https:\/\/www.odeonhotel.fr\/wp-content\/uploads\/2016\/05\/Marco-polo.jpg\" class=\"has-border-color has-primary-border-color wp-post-image\" alt=\"Marco Polo\" style=\"border-width:5px;object-fit:cover;\" srcset=\"https:\/\/www.odeonhotel.fr\/wp-content\/uploads\/2016\/05\/Marco-polo.jpg 1920w, https:\/\/www.odeonhotel.fr\/wp-content\/uploads\/2016\/05\/Marco-polo-300x151.jpg 300w, https:\/\/www.odeonhotel.fr\/wp-content\/uploads\/2016\/05\/Marco-polo-1024x515.jpg 1024w, https:\/\/www.odeonhotel.fr\/wp-content\/uploads\/2016\/05\/Marco-polo-768x386.jpg 768w, https:\/\/www.odeonhotel.fr\/wp-content\/uploads\/2016\/05\/Marco-polo-1536x772.jpg 1536w\" sizes=\"(max-width: 1920px) 100vw, 1920px\" title=\"\"><span class=\"wp-block-post-featured-image__overlay has-border-color has-primary-border-color has-background-dim has-background-dim-10\" style=\"border-width:5px\" aria-hidden=\"true\"><\/span><\/a><\/figure>\n\n<h2 style=\"font-size:clamp(16.293px, 1.018rem + ((1vw - 3.2px) * 0.989), 25px);\" class=\"has-text-align-center has-link-color wp-elements-cc6e9e615c7c7cae429720e4cd8237d6 wp-block-post-title\"><a href=\"https:\/\/www.odeonhotel.fr\/fr\/restaurants-fr\/la-cuisine-de-philippe\/\" target=\"_self\" >Marco Polo<\/a><\/h2>\n<\/li><li class=\"wp-block-post post-8693 post type-post status-publish format-standard has-post-thumbnail hentry category-restaurants-fr\">\n<figure class=\"image-zoom wp-block-post-featured-image\"><a href=\"https:\/\/www.odeonhotel.fr\/fr\/restaurants-fr\/la-maison-du-jardin\/\" target=\"_self\"  ><img decoding=\"async\" width=\"1920\" height=\"965\" src=\"https:\/\/www.odeonhotel.fr\/wp-content\/uploads\/2016\/05\/MEDITERANNEE.jpg\" class=\"has-border-color has-primary-border-color wp-post-image\" alt=\"La M\u00e9diterran\u00e9e\" style=\"border-width:5px;object-fit:cover;\" srcset=\"https:\/\/www.odeonhotel.fr\/wp-content\/uploads\/2016\/05\/MEDITERANNEE.jpg 1920w, https:\/\/www.odeonhotel.fr\/wp-content\/uploads\/2016\/05\/MEDITERANNEE-300x151.jpg 300w, https:\/\/www.odeonhotel.fr\/wp-content\/uploads\/2016\/05\/MEDITERANNEE-1024x515.jpg 1024w, https:\/\/www.odeonhotel.fr\/wp-content\/uploads\/2016\/05\/MEDITERANNEE-768x386.jpg 768w, https:\/\/www.odeonhotel.fr\/wp-content\/uploads\/2016\/05\/MEDITERANNEE-1536x772.jpg 1536w\" sizes=\"(max-width: 1920px) 100vw, 1920px\" title=\"\"><span class=\"wp-block-post-featured-image__overlay has-border-color has-primary-border-color has-background-dim has-background-dim-10\" style=\"border-width:5px\" aria-hidden=\"true\"><\/span><\/a><\/figure>\n\n<h2 style=\"font-size:clamp(16.293px, 1.018rem + ((1vw - 3.2px) * 0.989), 25px);\" class=\"has-text-align-center has-link-color wp-elements-cc6e9e615c7c7cae429720e4cd8237d6 wp-block-post-title\"><a href=\"https:\/\/www.odeonhotel.fr\/fr\/restaurants-fr\/la-maison-du-jardin\/\" target=\"_self\" >La M\u00e9diterran\u00e9e<\/a><\/h2>\n<\/li><li class=\"wp-block-post post-8713 post type-post status-publish format-standard has-post-thumbnail hentry category-restaurants-fr\">\n<figure class=\"image-zoom wp-block-post-featured-image\"><a href=\"https:\/\/www.odeonhotel.fr\/fr\/restaurants-fr\/chez-fernand\/\" target=\"_self\"  ><img decoding=\"async\" width=\"1920\" height=\"965\" src=\"https:\/\/www.odeonhotel.fr\/wp-content\/uploads\/2016\/05\/PROCOPE.jpg\" class=\"has-border-color has-primary-border-color wp-post-image\" alt=\"Le Procope\" style=\"border-width:5px;object-fit:cover;\" srcset=\"https:\/\/www.odeonhotel.fr\/wp-content\/uploads\/2016\/05\/PROCOPE.jpg 1920w, https:\/\/www.odeonhotel.fr\/wp-content\/uploads\/2016\/05\/PROCOPE-300x151.jpg 300w, https:\/\/www.odeonhotel.fr\/wp-content\/uploads\/2016\/05\/PROCOPE-1024x515.jpg 1024w, https:\/\/www.odeonhotel.fr\/wp-content\/uploads\/2016\/05\/PROCOPE-768x386.jpg 768w, https:\/\/www.odeonhotel.fr\/wp-content\/uploads\/2016\/05\/PROCOPE-1536x772.jpg 1536w\" sizes=\"(max-width: 1920px) 100vw, 1920px\" title=\"\"><span class=\"wp-block-post-featured-image__overlay has-border-color has-primary-border-color has-background-dim has-background-dim-10\" style=\"border-width:5px\" aria-hidden=\"true\"><\/span><\/a><\/figure>\n\n<h2 style=\"font-size:clamp(16.293px, 1.018rem + ((1vw - 3.2px) * 0.989), 25px);\" class=\"has-text-align-center has-link-color wp-elements-cc6e9e615c7c7cae429720e4cd8237d6 wp-block-post-title\"><a href=\"https:\/\/www.odeonhotel.fr\/fr\/restaurants-fr\/chez-fernand\/\" target=\"_self\" >Le Procope<\/a><\/h2>\n<\/li><li class=\"wp-block-post post-8728 post type-post status-publish format-standard has-post-thumbnail hentry category-restaurants-fr\">\n<figure class=\"image-zoom wp-block-post-featured-image\"><a href=\"https:\/\/www.odeonhotel.fr\/fr\/restaurants-fr\/atelier-rouliere\/\" target=\"_self\"  ><img decoding=\"async\" width=\"1920\" height=\"965\" src=\"https:\/\/www.odeonhotel.fr\/wp-content\/uploads\/2016\/05\/VAGENENDE.jpg\" class=\"has-border-color has-primary-border-color wp-post-image\" alt=\"Vagenende\" style=\"border-width:5px;object-fit:cover;\" srcset=\"https:\/\/www.odeonhotel.fr\/wp-content\/uploads\/2016\/05\/VAGENENDE.jpg 1920w, https:\/\/www.odeonhotel.fr\/wp-content\/uploads\/2016\/05\/VAGENENDE-300x151.jpg 300w, https:\/\/www.odeonhotel.fr\/wp-content\/uploads\/2016\/05\/VAGENENDE-1024x515.jpg 1024w, https:\/\/www.odeonhotel.fr\/wp-content\/uploads\/2016\/05\/VAGENENDE-768x386.jpg 768w, https:\/\/www.odeonhotel.fr\/wp-content\/uploads\/2016\/05\/VAGENENDE-1536x772.jpg 1536w\" sizes=\"(max-width: 1920px) 100vw, 1920px\" title=\"\"><span class=\"wp-block-post-featured-image__overlay has-border-color has-primary-border-color has-background-dim has-background-dim-10\" style=\"border-width:5px\" aria-hidden=\"true\"><\/span><\/a><\/figure>\n\n<h2 style=\"font-size:clamp(16.293px, 1.018rem + ((1vw - 3.2px) * 0.989), 25px);\" class=\"has-text-align-center has-link-color wp-elements-cc6e9e615c7c7cae429720e4cd8237d6 wp-block-post-title\"><a href=\"https:\/\/www.odeonhotel.fr\/fr\/restaurants-fr\/atelier-rouliere\/\" target=\"_self\" >Vagenende<\/a><\/h2>\n<\/li><\/ul>\n\n<\/div>\n\n<div style=\"height:40px\" aria-hidden=\"true\" class=\"wp-block-spacer\"><\/div>\n","protected":false},"excerpt":{"rendered":"<p>Vous \u00eates ici : Accueil \u00bb Visite de Paris \u00bb Restaurants Restaurants Embarquez pour un voyage culinaire \u00e0 Paris, o\u00f9 un monde de d\u00e9lices gastronomiques vous attend. Des restaurants \u00e9toil\u00e9s au Michelin aux charmants bistrots et caf\u00e9s branch\u00e9s, la ville offre une sc\u00e8ne gastronomique diversifi\u00e9e. Laissez-vous tenter par l&rsquo;exquise cuisine fran\u00e7aise, savourez de d\u00e9lectables p\u00e2tisseries [&hellip;]<\/p>\n","protected":false},"author":2,"featured_media":6174,"parent":6483,"menu_order":0,"comment_status":"closed","ping_status":"closed","template":"","meta":{"footnotes":""},"class_list":["post-6481","page","type-page","status-publish","has-post-thumbnail","hentry"],"_links":{"self":[{"href":"https:\/\/www.odeonhotel.fr\/fr\/wp-json\/wp\/v2\/pages\/6481","targetHints":{"allow":["GET"]}}],"collection":[{"href":"https:\/\/www.odeonhotel.fr\/fr\/wp-json\/wp\/v2\/pages"}],"about":[{"href":"https:\/\/www.odeonhotel.fr\/fr\/wp-json\/wp\/v2\/types\/page"}],"author":[{"embeddable":true,"href":"https:\/\/www.odeonhotel.fr\/fr\/wp-json\/wp\/v2\/users\/2"}],"replies":[{"embeddable":true,"href":"https:\/\/www.odeonhotel.fr\/fr\/wp-json\/wp\/v2\/comments?post=6481"}],"version-history":[{"count":3,"href":"https:\/\/www.odeonhotel.fr\/fr\/wp-json\/wp\/v2\/pages\/6481\/revisions"}],"predecessor-version":[{"id":25732,"href":"https:\/\/www.odeonhotel.fr\/fr\/wp-json\/wp\/v2\/pages\/6481\/revisions\/25732"}],"up":[{"embeddable":true,"href":"https:\/\/www.odeonhotel.fr\/fr\/wp-json\/wp\/v2\/pages\/6483"}],"wp:featuredmedia":[{"embeddable":true,"href":"https:\/\/www.odeonhotel.fr\/fr\/wp-json\/wp\/v2\/media\/6174"}],"wp:attachment":[{"href":"https:\/\/www.odeonhotel.fr\/fr\/wp-json\/wp\/v2\/media?parent=6481"}],"curies":[{"name":"wp","href":"https:\/\/api.w.org\/{rel}","templated":true}]}}