{"id":6483,"date":"2023-05-05T12:46:57","date_gmt":"2023-05-05T10:46:57","guid":{"rendered":"http:\/\/www.laperle.tess5418.odns.fr\/visite-de-paris\/"},"modified":"2026-03-24T23:14:52","modified_gmt":"2026-03-24T22:14:52","slug":"visite-de-paris","status":"publish","type":"page","link":"https:\/\/www.odeonhotel.fr\/fr\/visite-de-paris\/","title":{"rendered":"Visite de Paris"},"content":{"rendered":"\n<h1 class=\"wp-block-heading has-text-align-center\" style=\"margin-top:0;margin-right:0;margin-bottom:0;margin-left:0;padding-top:var(--wp--preset--spacing--50);padding-right:0;padding-bottom:0;padding-left:0;font-size:clamp(30.693px, 1.918rem + ((1vw - 3.2px) * 2.649), 54px);letter-spacing:-1px\">Visite de Paris<\/h1>\n\n\n\n<div class=\"wp-block-columns is-layout-flex wp-container-core-columns-is-layout-66a182f9 wp-block-columns-is-layout-flex\" style=\"margin-top:0;margin-bottom:0;padding-top:var(--wp--preset--spacing--30);padding-right:0;padding-bottom:var(--wp--preset--spacing--40);padding-left:0\">\n<div class=\"wp-block-column is-layout-flow wp-block-column-is-layout-flow\"><\/div>\n\n\n\n<div class=\"wp-block-column is-layout-flow wp-block-column-is-layout-flow\" style=\"--col-width:60%;flex-basis:60%\">\n<p class=\"has-text-align-center\" style=\"padding-right:var(--wp--preset--spacing--30);padding-left:var(--wp--preset--spacing--30)\">Faites confiance aux recommandations expertes du personnel de la r\u00e9ception de l&rsquo;h\u00f4tel de Notre Dame pour d\u00e9couvrir le meilleur de Paris. Des lieux embl\u00e9matiques aux joyaux cach\u00e9s, ils vous guideront pour explorer certains quartiers, go\u00fbter aux d\u00e9lices culinaires, d\u00e9couvrir l&rsquo;art et la culture, et cr\u00e9er des souvenirs inoubliables pendant votre s\u00e9jour dans la Ville Lumi\u00e8re.<\/p>\n<\/div>\n\n\n\n<div class=\"wp-block-column is-layout-flow wp-block-column-is-layout-flow\"><\/div>\n<\/div>\n\n\n\n<div class=\"wp-block-columns leconteneur has-custom-links-beige-background-color has-background is-layout-flex wp-container-core-columns-is-layout-8c511434 wp-block-columns-is-layout-flex\" style=\"margin-top:var(--wp--preset--spacing--30);padding-top:0;padding-right:0;padding-bottom:0;padding-left:0\">\n<div class=\"wp-block-column is-layout-flow wp-block-column-is-layout-flow\">\n<div class=\"wp-block-cover is-light is-style-tw-border-inner image-zoom tw-stretched-link tw-hover-opacity tw-ratio-1-1\"><img decoding=\"async\" sizes=\"(max-width: 799px) 200vw, (max-width: 385px) 100vw, 385px\" class=\"wp-block-cover__image-background wp-image-16787\" alt=\"\" src=\"http:\/\/odeonhotel.fr\/wp-content\/uploads\/2023\/10\/Monuments-in-Paris-1-jpg.webp\" data-object-fit=\"cover\" title=\"\"><span aria-hidden=\"true\" class=\"wp-block-cover__background has-custom-contrast-background-color has-background-dim-30 has-background-dim\"><\/span><div class=\"wp-block-cover__inner-container is-layout-flow wp-block-cover-is-layout-flow\">\n<p class=\"has-text-align-center has-large-font-size\" style=\"text-decoration:none\"><a href=\"http:\/\/odeonhotel.fr\/fr\/visite-de-paris\/monuments\/\" target=\"_blank\" rel=\"noopener\"><mark style=\"background-color:rgba(0, 0, 0, 0)\" class=\"has-inline-color has-custom-background-color\"><span style=\"text-decoration: underline;\">Monuments<\/span><\/mark><\/a><\/p>\n<\/div><\/div>\n<\/div>\n\n\n\n<div class=\"wp-block-column is-layout-flow wp-block-column-is-layout-flow\">\n<div class=\"wp-block-cover is-style-tw-border-inner image-zoom tw-stretched-link tw-hover-opacity tw-ratio-1-1\"><img decoding=\"async\" sizes=\"(max-width: 799px) 200vw, (max-width: 385px) 100vw, 385px\" class=\"wp-block-cover__image-background wp-image-14567\" alt=\"\" src=\"http:\/\/odeonhotel.fr\/wp-content\/uploads\/2023\/10\/Museums-in-Paris-jpg.webp\" data-object-fit=\"cover\" title=\"\"><span aria-hidden=\"true\" class=\"wp-block-cover__background has-custom-contrast-background-color has-background-dim-30 has-background-dim\"><\/span><div class=\"wp-block-cover__inner-container is-layout-flow wp-block-cover-is-layout-flow\">\n<p class=\"has-text-align-center has-link-color has-large-font-size wp-elements-6bab58e936173797af56cac7e828d5d3\" style=\"text-decoration:none\"><mark style=\"background-color:rgba(0, 0, 0, 0)\" class=\"has-inline-color has-custom-background-color\"><span style=\"text-decoration: underline;\"><a href=\"http:\/\/odeonhotel.fr\/fr\/visite-de-paris\/musees\/\" target=\"_blank\" rel=\"noopener\">Mus\u00e9es<\/a><\/span><\/mark><\/p>\n<\/div><\/div>\n<\/div>\n\n\n\n<div class=\"wp-block-column is-layout-flow wp-block-column-is-layout-flow\">\n<div class=\"wp-block-cover is-style-tw-border-inner image-zoom tw-stretched-link tw-hover-opacity tw-ratio-1-1\"><img decoding=\"async\" sizes=\"(max-width: 799px) 200vw, (max-width: 385px) 100vw, 385px\" class=\"wp-block-cover__image-background wp-image-14559\" alt=\"\" src=\"http:\/\/odeonhotel.fr\/wp-content\/uploads\/2023\/10\/Restaurants-in-Paris-jpg.webp\" data-object-fit=\"cover\" title=\"\"><span aria-hidden=\"true\" class=\"wp-block-cover__background has-custom-contrast-background-color has-background-dim-30 has-background-dim\"><\/span><div class=\"wp-block-cover__inner-container is-layout-flow wp-block-cover-is-layout-flow\">\n<p class=\"has-text-align-center has-link-color has-large-font-size wp-elements-8316603c5f99c2c19448fc6edec06385\" style=\"text-decoration:none\"><mark style=\"background-color:rgba(0, 0, 0, 0)\" class=\"has-inline-color has-custom-background-color\"><span style=\"text-decoration: underline;\"><a href=\"http:\/\/odeonhotel.fr\/fr\/visite-de-paris\/restaurants\/\" target=\"_blank\" rel=\"noopener\">Restaurants<\/a><\/span><\/mark><\/p>\n<\/div><\/div>\n<\/div>\n<\/div>\n\n\n\n<div class=\"wp-block-columns leconteneur has-custom-links-beige-background-color has-background is-layout-flex wp-container-core-columns-is-layout-8c511434 wp-block-columns-is-layout-flex\" style=\"margin-top:var(--wp--preset--spacing--30);padding-top:0;padding-right:0;padding-bottom:0;padding-left:0\">\n<div class=\"wp-block-column is-layout-flow wp-block-column-is-layout-flow\">\n<div class=\"wp-block-cover is-light is-style-tw-border-inner image-zoom tw-stretched-link tw-hover-opacity tw-ratio-1-1\"><img decoding=\"async\" sizes=\"(max-width: 799px) 200vw, (max-width: 385px) 100vw, 385px\" class=\"wp-block-cover__image-background wp-image-14543\" alt=\"\" src=\"http:\/\/odeonhotel.fr\/wp-content\/uploads\/2023\/10\/Well-being-in-Paris-jpg.webp\" data-object-fit=\"cover\" title=\"\"><span aria-hidden=\"true\" class=\"wp-block-cover__background has-custom-contrast-background-color has-background-dim-30 has-background-dim\"><\/span><div class=\"wp-block-cover__inner-container is-layout-flow wp-block-cover-is-layout-flow\">\n<p class=\"has-text-align-center has-link-color has-large-font-size wp-elements-d1269aeee140c7054b501afada7ec548\" style=\"text-decoration:none\"><mark style=\"background-color:rgba(0, 0, 0, 0)\" class=\"has-inline-color has-custom-background-color\"><span style=\"text-decoration: underline;\"><a href=\"http:\/\/odeonhotel.fr\/fr\/visite-de-paris\/bien-etre\/\" data-type=\"page\" data-id=\"3196\" target=\"_blank\" rel=\"noopener\">Bien \u00eatre<\/a><\/span><\/mark><\/p>\n<\/div><\/div>\n<\/div>\n\n\n\n<div class=\"wp-block-column is-layout-flow wp-block-column-is-layout-flow\">\n<div class=\"wp-block-cover is-style-tw-border-inner image-zoom tw-stretched-link tw-hover-opacity tw-ratio-1-1\"><img decoding=\"async\" sizes=\"(max-width: 799px) 200vw, (max-width: 385px) 100vw, 385px\" class=\"wp-block-cover__image-background wp-image-14551\" alt=\"\" src=\"http:\/\/odeonhotel.fr\/wp-content\/uploads\/2023\/10\/Shopping-in-Paris-jpg.webp\" data-object-fit=\"cover\" title=\"\"><span aria-hidden=\"true\" class=\"wp-block-cover__background has-custom-contrast-background-color has-background-dim-30 has-background-dim\"><\/span><div class=\"wp-block-cover__inner-container is-layout-flow wp-block-cover-is-layout-flow\">\n<p class=\"has-text-align-center has-link-color has-large-font-size wp-elements-8f129b1e3f8e548d22295eb36a94e2aa\" style=\"text-decoration:none\"><mark style=\"background-color:rgba(0, 0, 0, 0)\" class=\"has-inline-color has-custom-background-color\"><span style=\"text-decoration: underline;\"><a href=\"http:\/\/odeonhotel.fr\/fr\/visite-de-paris\/shopping\/\" target=\"_blank\" rel=\"noopener\">Shopping<\/a><\/span><\/mark><\/p>\n<\/div><\/div>\n<\/div>\n\n\n\n<div class=\"wp-block-column is-layout-flow wp-block-column-is-layout-flow\">\n<div class=\"wp-block-cover is-style-tw-border-inner image-zoom tw-stretched-link tw-hover-opacity tw-ratio-1-1\"><img decoding=\"async\" sizes=\"(max-width: 799px) 200vw, (max-width: 385px) 100vw, 385px\" class=\"wp-block-cover__image-background wp-image-14575\" alt=\"\" src=\"http:\/\/odeonhotel.fr\/wp-content\/uploads\/2023\/10\/Night-Life-in-Paris-jpg.webp\" data-object-fit=\"cover\" title=\"\"><span aria-hidden=\"true\" class=\"wp-block-cover__background has-custom-contrast-background-color has-background-dim-30 has-background-dim\"><\/span><div class=\"wp-block-cover__inner-container is-layout-flow wp-block-cover-is-layout-flow\">\n<p class=\"has-text-align-center has-link-color has-large-font-size wp-elements-1634c361edf4df1eafe636b7edc87c33\" style=\"text-decoration:none\"><mark style=\"background-color:rgba(0, 0, 0, 0)\" class=\"has-inline-color has-custom-background-color\"><span style=\"text-decoration: underline;\"><a href=\"http:\/\/odeonhotel.fr\/fr\/visite-de-paris\/la-vie-nocturne\/\" target=\"_blank\" rel=\"noopener\">Vie nocturne<\/a><\/span><\/mark><\/p>\n<\/div><\/div>\n<\/div>\n<\/div>\n\n\n\n<div style=\"margin-top:0;margin-bottom:0;height:40px\" aria-hidden=\"true\" class=\"wp-block-spacer\"><\/div>\n","protected":false},"excerpt":{"rendered":"<p>Visite de Paris Faites confiance aux recommandations expertes du personnel de la r\u00e9ception de l&rsquo;h\u00f4tel de Notre Dame pour d\u00e9couvrir le meilleur de Paris. Des lieux embl\u00e9matiques aux joyaux cach\u00e9s, ils vous guideront pour explorer certains quartiers, go\u00fbter aux d\u00e9lices culinaires, d\u00e9couvrir l&rsquo;art et la culture, et cr\u00e9er des souvenirs inoubliables pendant votre s\u00e9jour dans [&hellip;]<\/p>\n","protected":false},"author":1,"featured_media":24408,"parent":0,"menu_order":0,"comment_status":"closed","ping_status":"closed","template":"wp-custom-template-le-template-des-chambres","meta":{"footnotes":""},"class_list":["post-6483","page","type-page","status-publish","has-post-thumbnail","hentry"],"_links":{"self":[{"href":"https:\/\/www.odeonhotel.fr\/fr\/wp-json\/wp\/v2\/pages\/6483","targetHints":{"allow":["GET"]}}],"collection":[{"href":"https:\/\/www.odeonhotel.fr\/fr\/wp-json\/wp\/v2\/pages"}],"about":[{"href":"https:\/\/www.odeonhotel.fr\/fr\/wp-json\/wp\/v2\/types\/page"}],"author":[{"embeddable":true,"href":"https:\/\/www.odeonhotel.fr\/fr\/wp-json\/wp\/v2\/users\/1"}],"replies":[{"embeddable":true,"href":"https:\/\/www.odeonhotel.fr\/fr\/wp-json\/wp\/v2\/comments?post=6483"}],"version-history":[{"count":4,"href":"https:\/\/www.odeonhotel.fr\/fr\/wp-json\/wp\/v2\/pages\/6483\/revisions"}],"predecessor-version":[{"id":25577,"href":"https:\/\/www.odeonhotel.fr\/fr\/wp-json\/wp\/v2\/pages\/6483\/revisions\/25577"}],"wp:featuredmedia":[{"embeddable":true,"href":"https:\/\/www.odeonhotel.fr\/fr\/wp-json\/wp\/v2\/media\/24408"}],"wp:attachment":[{"href":"https:\/\/www.odeonhotel.fr\/fr\/wp-json\/wp\/v2\/media?parent=6483"}],"curies":[{"name":"wp","href":"https:\/\/api.w.org\/{rel}","templated":true}]}}