{"id":6707,"date":"2023-05-05T12:46:44","date_gmt":"2023-05-05T10:46:44","guid":{"rendered":"http:\/\/www.laperle.tess5418.odns.fr\/servizi\/"},"modified":"2026-04-07T11:51:45","modified_gmt":"2026-04-07T09:51:45","slug":"servizi","status":"publish","type":"page","link":"https:\/\/www.odeonhotel.fr\/it\/servizi\/","title":{"rendered":"Servizi"},"content":{"rendered":"\n<h1 class=\"wp-block-heading has-text-align-center\" style=\"margin-top:0;margin-right:0;margin-bottom:0;margin-left:0;padding-top:var(--wp--preset--spacing--50);padding-right:0;padding-bottom:0;padding-left:0;font-size:clamp(30.693px, 1.918rem + ((1vw - 3.2px) * 2.649), 54px);letter-spacing:-1px\">Servizi dell&#8217;hotel<\/h1>\n\n<div class=\"wp-block-columns is-layout-flex wp-container-core-columns-is-layout-66a182f9 wp-block-columns-is-layout-flex\" style=\"margin-top:0;margin-bottom:0;padding-top:var(--wp--preset--spacing--30);padding-right:0;padding-bottom:var(--wp--preset--spacing--40);padding-left:0\">\n<div class=\"wp-block-column is-layout-flow wp-block-column-is-layout-flow\"><\/div>\n\n\n\n<div class=\"wp-block-column is-layout-flow wp-block-column-is-layout-flow\" style=\"--col-width:60%;flex-basis:60%\">\n<p class=\"has-text-align-center\" style=\"padding-right:var(--wp--preset--spacing--30);padding-left:var(--wp--preset--spacing--30)\">Servizi di qualit\u00e0 mescolati all&#8217;atmosfera parigina per un soggiorno memorabile nella capitale francese.<br\/>Tutte le nostre camere dispongono di accesso Wi-Fi gratuito. Non disponiamo di una camera per disabili.<br\/>Uno spazio di coworking \u00e8 a vostra disposizione tutti i giorni dalle ore 11.00 nella nostra sala colazioni.   <\/p>\n<\/div>\n\n\n\n<div class=\"wp-block-column is-layout-flow wp-block-column-is-layout-flow\"><\/div>\n<\/div>\n\n<div style=\"height:19px\" aria-hidden=\"true\" class=\"wp-block-spacer\"><\/div>\n\n<div class=\"wp-block-columns is-layout-flex wp-container-core-columns-is-layout-960d6821 wp-block-columns-is-layout-flex tw-block-animation tw-animation-fade-in-up tw-duration-5\" style=\"margin-top:0;margin-bottom:var(--wp--preset--spacing--40);padding-top:0;padding-right:0;padding-bottom:0;padding-left:0\">\n<div class=\"wp-block-column is-layout-flow wp-container-core-column-is-layout-43f3b71b wp-block-column-is-layout-flow\" style=\"--col-width:55%;padding-top:var(--wp--preset--spacing--30);padding-right:0;padding-bottom:0;padding-left:0;flex-basis:55%\">\n<h2 class=\"wp-block-heading has-text-align-left tw-lg-hidden tw-md-hidden has-primary-color has-text-color has-link-color wp-elements-da77cc98322d75e7d8a6a7a7407e8568\" style=\"margin-top:0;margin-bottom:15px;padding-top:0;padding-bottom:0;padding-left:var(--wp--preset--spacing--30);font-size:clamp(21.536px, 1.346rem + ((1vw - 3.2px) * 1.53), 35px);letter-spacing:-1px\">Reception<\/h2>\n\n\n\n<div class=\"wp-block-cover aligncenter is-light\" style=\"margin-top:0;margin-bottom:0;padding-top:0;padding-bottom:0;min-height:500px;aspect-ratio:unset;\"><img decoding=\"async\" width=\"830\" height=\"520\" sizes=\"(max-width: 799px) 200vw, (max-width: 830px) 100vw, 830px\" class=\"wp-block-cover__image-background wp-image-22852\" alt=\"\" src=\"http:\/\/odeonhotel.fr\/wp-content\/uploads\/2025\/10\/Reception-odeon-hotel-paris.jpg\" data-object-fit=\"cover\" title=\"\" srcset=\"https:\/\/www.odeonhotel.fr\/wp-content\/uploads\/2025\/10\/Reception-odeon-hotel-paris.jpg 830w, https:\/\/www.odeonhotel.fr\/wp-content\/uploads\/2025\/10\/Reception-odeon-hotel-paris-300x188.jpg 300w, https:\/\/www.odeonhotel.fr\/wp-content\/uploads\/2025\/10\/Reception-odeon-hotel-paris-768x481.jpg 768w\" \/><span aria-hidden=\"true\" class=\"wp-block-cover__background has-background-dim-0 has-background-dim\"><\/span><div class=\"wp-block-cover__inner-container is-layout-flow wp-block-cover-is-layout-flow\">\n<p class=\"has-text-align-center has-large-font-size\"><\/p>\n<\/div><\/div>\n<\/div>\n\n\n\n<div class=\"wp-block-column is-vertically-aligned-center is-layout-flow wp-container-core-column-is-layout-96d94fa1 wp-block-column-is-layout-flow\" style=\"padding-top:0;padding-right:var(--wp--preset--spacing--30);padding-bottom:0;padding-left:var(--wp--preset--spacing--30)\">\n<h2 class=\"wp-block-heading has-text-align-left tw-sm-hidden has-primary-color has-text-color has-link-color wp-elements-124cf3194f40be912501ce937d5e76e4\" style=\"margin-top:0;margin-bottom:10px;padding-top:0;padding-bottom:0;font-size:clamp(21.536px, 1.346rem + ((1vw - 3.2px) * 1.53), 35px);letter-spacing:-1px\">Reception<\/h2>\n\n\n\n<p style=\"margin-top:15px;margin-bottom:0px;padding-top:0;padding-bottom:0\">Lo staff dell&#8217;ODEON HOTEL \u00e8 al tuo servizio al momento della prenotazione e per tutta la durata del tuo soggiorno, per far s\u00ec che il tempo che trascorri come nostro ospite sia il pi\u00f9 soddisfacente, ben organizzato e piacevole possibile. Ti suggeriamo i modi migliori per godere al massimo di Parigi e condividiamo con te la nostra conoscenza approfondita dei luoghi pi\u00f9 interessanti di Saint-Germain des Pr\u00e8s. <\/p>\n\n\n\n<p style=\"margin-top:10px;margin-bottom:10px;padding-top:0;padding-bottom:0\">I team saranno inoltre felici di aiutarvi con le valigie al vostro arrivo o alla vostra partenza.<\/p>\n\n\n\n<p style=\"margin-top:0px;margin-bottom:15px;padding-top:0;padding-bottom:0\">Il deposito bagagli \u00e8 a vostra disposizione. Garantiamo la sicurezza dei tuoi bagagli durante la tua assenza. <\/p>\n\n\n\n<details class=\"wp-block-details is-layout-flow wp-container-core-details-is-layout-dff4594b wp-block-details-is-layout-flow\" style=\"margin-top:10px;margin-bottom:0;padding-top:0;padding-bottom:0\"><summary>PER SAPERNE DI PIU<\/summary>\n<p style=\"margin-top:0;margin-bottom:10px;padding-top:0px;padding-bottom:0px\">Shopping, gastronomia, cultura: quali che siano i tuoi desideri, ti riveliamo i luoghi da non perdere in questa parte della capitale. Per assisterti nell&#8217;organizzazione di viaggi, trasferimenti, prenotazioni di ristoranti e visite a teatri o musei, forniamo anche un servizio di conciergerie.<\/p>\n<\/details>\n\n\n\n<div style=\"height:30px\" aria-hidden=\"true\" class=\"wp-block-spacer tw-md-hidden tw-lg-hidden\"><\/div>\n<\/div>\n<\/div>\n\n<div class=\"wp-block-columns is-layout-flex wp-container-core-columns-is-layout-960d6821 wp-block-columns-is-layout-flex tw-block-animation tw-animation-fade-in-up tw-duration-5\" style=\"margin-top:0;margin-bottom:var(--wp--preset--spacing--40);padding-top:0;padding-right:0;padding-bottom:0;padding-left:0\">\n<div class=\"wp-block-column tw-lg-hidden tw-md-hidden is-layout-flow wp-container-core-column-is-layout-f016c79b wp-block-column-is-layout-flow\" style=\"--col-width:55%;padding-top:0;padding-right:0;padding-bottom:0;padding-left:0;flex-basis:55%\">\n<h2 class=\"wp-block-heading has-text-align-left tw-lg-hidden tw-md-hidden has-primary-color has-text-color has-link-color wp-elements-b87d8142898f9d20f63e2004f4a88701\" style=\"margin-top:0;margin-bottom:15px;padding-top:0;padding-bottom:0;padding-left:var(--wp--preset--spacing--30);font-size:clamp(21.536px, 1.346rem + ((1vw - 3.2px) * 1.53), 35px);letter-spacing:-1px\">Servizi<\/h2>\n\n\n\n<div class=\"wp-block-cover aligncenter is-light\" style=\"margin-top:0;margin-bottom:0;padding-top:0;padding-bottom:0;min-height:500px;aspect-ratio:unset;\"><img decoding=\"async\" width=\"830\" height=\"520\" sizes=\"(max-width: 799px) 200vw, (max-width: 830px) 100vw, 830px\" class=\"wp-block-cover__image-background wp-image-22844 size-full\" alt=\"\" src=\"http:\/\/odeonhotel.fr\/wp-content\/uploads\/2025\/10\/Conciergerie-odeon-hotel-paris.jpg\" data-object-fit=\"cover\" title=\"\" srcset=\"https:\/\/www.odeonhotel.fr\/wp-content\/uploads\/2025\/10\/Conciergerie-odeon-hotel-paris.jpg 830w, https:\/\/www.odeonhotel.fr\/wp-content\/uploads\/2025\/10\/Conciergerie-odeon-hotel-paris-300x188.jpg 300w, https:\/\/www.odeonhotel.fr\/wp-content\/uploads\/2025\/10\/Conciergerie-odeon-hotel-paris-768x481.jpg 768w\" \/><span aria-hidden=\"true\" class=\"wp-block-cover__background has-background-dim-0 has-background-dim\" style=\"background-color:#b1937f\"><\/span><div class=\"wp-block-cover__inner-container is-layout-flow wp-block-cover-is-layout-flow\">\n<p class=\"has-text-align-center has-large-font-size\"><\/p>\n<\/div><\/div>\n<\/div>\n\n\n\n<div class=\"wp-block-column is-vertically-aligned-center is-layout-flow wp-container-core-column-is-layout-96d94fa1 wp-block-column-is-layout-flow\" style=\"padding-top:0;padding-right:var(--wp--preset--spacing--30);padding-bottom:0;padding-left:var(--wp--preset--spacing--30)\">\n<h2 class=\"wp-block-heading has-text-align-left tw-sm-hidden has-primary-color has-text-color has-link-color wp-elements-28f10512c80096db4a86982b7ec02026\" style=\"margin-top:0;margin-bottom:10px;padding-top:0;padding-bottom:0;font-size:clamp(21.536px, 1.346rem + ((1vw - 3.2px) * 1.53), 35px);letter-spacing:-1px\">Servizi<\/h2>\n\n\n\n<p style=\"margin-top:15px;margin-bottom:10px;padding-top:0;padding-bottom:0\">Il nostro servizio di portineria garantisce il regolare svolgimento del vostro soggiorno dall&#8217;inizio alla fine.<\/p>\n\n\n\n<p style=\"margin-top:0;margin-bottom:0;padding-top:0;padding-bottom:0\">Il nostro team \u00e8 presente 24 ore su 24, 7 giorni su 7, ascolta le tue richieste e ti guida nella prenotazione: ristoranti, visite guidate, taxi, biglietti per un evento, babysitting, massaggi o parrucchiere in camera. Prima del vostro arrivo o durante il vostro soggiorno, \u00e8 a vostra completa disposizione per consigliarvi e assistervi nell&#8217;organizzazione dei vostri trasferimenti aeroportuali, visite guidate, cambio valuta, ecc. <\/p>\n\n\n\n<p style=\"margin-top:10px;padding-top:0\"><\/p>\n\n\n\n<div class=\"wp-block-buttons is-content-justification-left is-layout-flex wp-container-core-buttons-is-layout-0294bfdf wp-block-buttons-is-layout-flex\" style=\"margin-top:20px\">\n<div class=\"wp-block-button mon-bouton2\"><a class=\"wp-block-button__link has-border-color has-primary-border-color has-open-sans-font-family has-custom-font-size wp-element-button\" href=\"https:\/\/www.secure-hotel-booking.com\/d-edge\/sa-antin\/JLDY\/1996\/fr\" style=\"border-width:1px;border-radius:3px;font-size:clamp(14px, 0.875rem + ((1vw - 3.2px) * 0.114), 15px);font-style:normal;font-weight:600;letter-spacing:1px\" target=\"_blank\" rel=\"noopener\">PRENOTA ORA<\/a><\/div>\n<\/div>\n\n\n\n<div style=\"height:30px\" aria-hidden=\"true\" class=\"wp-block-spacer tw-md-hidden tw-lg-hidden\"><\/div>\n<\/div>\n\n\n\n<div class=\"wp-block-column tw-sm-hidden is-layout-flow wp-block-column-is-layout-flow\" style=\"--col-width:55%;padding-right:0;padding-left:0;flex-basis:55%\">\n<h2 class=\"wp-block-heading has-text-align-left tw-lg-hidden tw-md-hidden has-primary-color has-text-color has-link-color wp-elements-46429802175d479e12046daa9528d711\" style=\"margin-top:0;margin-bottom:15px;padding-top:0;padding-bottom:0;font-size:clamp(21.536px, 1.346rem + ((1vw - 3.2px) * 1.53), 35px);letter-spacing:-1px\">Servizi<\/h2>\n\n\n\n<div class=\"wp-block-cover aligncenter is-light\" style=\"min-height:500px;aspect-ratio:unset;\"><img decoding=\"async\" width=\"830\" height=\"520\" sizes=\"(max-width: 799px) 200vw, (max-width: 830px) 100vw, 830px\" class=\"wp-block-cover__image-background wp-image-22844 size-full\" alt=\"\" src=\"http:\/\/odeonhotel.fr\/wp-content\/uploads\/2025\/10\/Conciergerie-odeon-hotel-paris.jpg\" data-object-fit=\"cover\" title=\"\" srcset=\"https:\/\/www.odeonhotel.fr\/wp-content\/uploads\/2025\/10\/Conciergerie-odeon-hotel-paris.jpg 830w, https:\/\/www.odeonhotel.fr\/wp-content\/uploads\/2025\/10\/Conciergerie-odeon-hotel-paris-300x188.jpg 300w, https:\/\/www.odeonhotel.fr\/wp-content\/uploads\/2025\/10\/Conciergerie-odeon-hotel-paris-768x481.jpg 768w\" \/><span aria-hidden=\"true\" class=\"wp-block-cover__background has-background-dim-0 has-background-dim\" style=\"background-color:#b1937f\"><\/span><div class=\"wp-block-cover__inner-container is-layout-flow wp-block-cover-is-layout-flow\">\n<p class=\"has-text-align-center has-large-font-size\"><\/p>\n<\/div><\/div>\n<\/div>\n<\/div>\n\n<div class=\"wp-block-columns is-layout-flex wp-container-core-columns-is-layout-960d6821 wp-block-columns-is-layout-flex tw-block-animation tw-animation-fade-in-up tw-duration-5\" style=\"margin-top:0;margin-bottom:var(--wp--preset--spacing--40);padding-top:0;padding-right:0;padding-bottom:0;padding-left:0\">\n<div class=\"wp-block-column is-vertically-aligned-center is-layout-flow wp-container-core-column-is-layout-f016c79b wp-block-column-is-layout-flow\" style=\"--col-width:55%;padding-top:0;padding-right:0;padding-bottom:0;padding-left:0;flex-basis:55%\">\n<h2 class=\"wp-block-heading has-text-align-left tw-lg-hidden tw-md-hidden has-primary-color has-text-color has-link-color wp-elements-8725f8b6aa97bc2d7db5be6c8e5a131f\" style=\"margin-top:0;margin-bottom:15px;padding-top:0;padding-bottom:0;padding-left:var(--wp--preset--spacing--30);font-size:clamp(21.536px, 1.346rem + ((1vw - 3.2px) * 1.53), 35px);letter-spacing:-1px\">Stampa digitale<\/h2>\n\n\n\n<div class=\"wp-block-cover aligncenter is-light\" style=\"margin-top:0;margin-bottom:0;padding-top:0;padding-bottom:0;min-height:500px;aspect-ratio:unset;\"><img decoding=\"async\" width=\"830\" height=\"520\" sizes=\"(max-width: 799px) 200vw, (max-width: 830px) 100vw, 830px\" class=\"wp-block-cover__image-background wp-image-22860 size-full\" alt=\"\" src=\"http:\/\/odeonhotel.fr\/wp-content\/uploads\/2025\/10\/Digital-press-odeon-hotel-paris.jpg\" data-object-fit=\"cover\" title=\"\" srcset=\"https:\/\/www.odeonhotel.fr\/wp-content\/uploads\/2025\/10\/Digital-press-odeon-hotel-paris.jpg 830w, https:\/\/www.odeonhotel.fr\/wp-content\/uploads\/2025\/10\/Digital-press-odeon-hotel-paris-300x188.jpg 300w, https:\/\/www.odeonhotel.fr\/wp-content\/uploads\/2025\/10\/Digital-press-odeon-hotel-paris-768x481.jpg 768w\" \/><span aria-hidden=\"true\" class=\"wp-block-cover__background has-background-dim-0 has-background-dim\" style=\"background-color:#acaaa3\"><\/span><div class=\"wp-block-cover__inner-container is-layout-flow wp-block-cover-is-layout-flow\">\n<p class=\"has-text-align-center has-large-font-size\"><\/p>\n<\/div><\/div>\n<\/div>\n\n\n\n<div class=\"wp-block-column is-vertically-aligned-center is-layout-flow wp-container-core-column-is-layout-96d94fa1 wp-block-column-is-layout-flow\" style=\"padding-top:0;padding-right:var(--wp--preset--spacing--30);padding-bottom:0;padding-left:var(--wp--preset--spacing--30)\">\n<h2 class=\"wp-block-heading has-text-align-left tw-sm-hidden has-primary-color has-text-color has-link-color wp-elements-b67cfcd3c12f5b2c9a901d9ebcce0493\" style=\"margin-top:0;margin-bottom:10px;padding-top:0;padding-bottom:0;font-size:clamp(21.536px, 1.346rem + ((1vw - 3.2px) * 1.53), 35px);letter-spacing:-1px\">Stampa digitale<\/h2>\n\n\n\n<p style=\"margin-top:15px;margin-bottom:15px;padding-top:0;padding-bottom:0\">Durante il tuo soggiorno ti offriamo accesso digitale illimitato alla stampa e alle riviste nazionali e internazionali con oltre 7.000 pubblicazioni di qualit\u00e0 da tutto il mondo.<\/p>\n\n\n\n<p style=\"margin-top:15px;margin-bottom:15px;padding-top:0;padding-bottom:0\">Vi auguriamo una buona lettura!<\/p>\n\n\n\n<div style=\"height:30px\" aria-hidden=\"true\" class=\"wp-block-spacer tw-md-hidden tw-lg-hidden\"><\/div>\n<\/div>\n<\/div>\n\n<div class=\"wp-block-columns is-layout-flex wp-container-core-columns-is-layout-960d6821 wp-block-columns-is-layout-flex tw-block-animation tw-animation-fade-in-up tw-duration-5\" style=\"margin-top:0;margin-bottom:var(--wp--preset--spacing--40);padding-top:0;padding-right:0;padding-bottom:0;padding-left:0\">\n<div class=\"wp-block-column is-vertically-aligned-center tw-md-hidden tw-lg-hidden is-layout-flow wp-container-core-column-is-layout-f016c79b wp-block-column-is-layout-flow\" style=\"--col-width:55%;padding-top:0;padding-right:0;padding-bottom:0;padding-left:0;flex-basis:55%\">\n<h2 class=\"wp-block-heading has-text-align-left tw-lg-hidden tw-md-hidden has-primary-color has-text-color has-link-color wp-elements-22410c2700e341e677a69573286797fc\" style=\"margin-top:0;margin-bottom:15px;padding-top:0;padding-bottom:0;padding-left:var(--wp--preset--spacing--30);font-size:clamp(21.536px, 1.346rem + ((1vw - 3.2px) * 1.53), 35px);letter-spacing:-1px\">Una colazione \u201c\u00e0 la Fran\u00e7aise\u201d<\/h2>\n\n\n\n<div class=\"wp-block-cover aligncenter is-light\" style=\"margin-top:0;margin-bottom:0;padding-top:0;padding-bottom:0;min-height:500px;aspect-ratio:unset;\"><img decoding=\"async\" width=\"830\" height=\"520\" sizes=\"(max-width: 799px) 200vw, (max-width: 830px) 100vw, 830px\" class=\"wp-block-cover__image-background wp-image-22868 size-full\" alt=\"\" src=\"http:\/\/odeonhotel.fr\/wp-content\/uploads\/2025\/10\/Breakfast-odeon-hotel-paris.jpg\" data-object-fit=\"cover\" title=\"\" srcset=\"https:\/\/www.odeonhotel.fr\/wp-content\/uploads\/2025\/10\/Breakfast-odeon-hotel-paris.jpg 830w, https:\/\/www.odeonhotel.fr\/wp-content\/uploads\/2025\/10\/Breakfast-odeon-hotel-paris-300x188.jpg 300w, https:\/\/www.odeonhotel.fr\/wp-content\/uploads\/2025\/10\/Breakfast-odeon-hotel-paris-768x481.jpg 768w\" \/><span aria-hidden=\"true\" class=\"wp-block-cover__background has-background-dim-0 has-background-dim\" style=\"background-color:#baa89c\"><\/span><div class=\"wp-block-cover__inner-container is-layout-flow wp-block-cover-is-layout-flow\">\n<p class=\"has-text-align-center has-large-font-size\"><\/p>\n<\/div><\/div>\n<\/div>\n\n\n\n<div class=\"wp-block-column is-vertically-aligned-center is-layout-flow wp-container-core-column-is-layout-96d94fa1 wp-block-column-is-layout-flow\" style=\"padding-top:0;padding-right:var(--wp--preset--spacing--30);padding-bottom:0;padding-left:var(--wp--preset--spacing--30)\">\n<h2 class=\"wp-block-heading has-text-align-left tw-sm-hidden has-primary-color has-text-color has-link-color wp-elements-2c669bd0207b2c5e4bc6f8ccaac98fe1\" style=\"margin-top:0;margin-bottom:10px;padding-top:0;padding-bottom:0;font-size:clamp(21.536px, 1.346rem + ((1vw - 3.2px) * 1.53), 35px);letter-spacing:-1px\">Una colazione \u201c\u00e0 la Fran\u00e7aise\u201d<\/h2>\n\n\n\n<p style=\"margin-top:15px;margin-bottom:15px;padding-top:0;padding-bottom:0\">Ogni mattina, una deliziosa colazione continentale viene servita nella nostra storica sala al piano inferiore, luogo dove i nostri ospiti amano incontrarsi e rilassarsi durante tutta la giornata, o nell&#8217;intimit\u00e0 della propria camera (con un supplemento di 5\u20ac a persona).<\/p>\n\n\n\n<p>La colazione viene servita dalle ore 7:00 alle ore 10:30 nel soggiorno o in camera.<\/p>\n\n\n\n<p>La colazione \u00e8 gratuita se prenoti direttamente sul nostro sito. (14\u20ac se non compreso nella prenotazione) <\/p>\n\n\n\n<p style=\"margin-top:15px;margin-bottom:15px;padding-top:0;padding-bottom:0\">Composta da prodotti freschi e di alta qualit\u00e0, la nostra colazione comprende:<\/p>\n\n\n\n<details class=\"wp-block-details is-layout-flow wp-container-core-details-is-layout-dff4594b wp-block-details-is-layout-flow\" style=\"margin-top:10px;margin-bottom:0;padding-top:0;padding-bottom:0\"><summary>PER SAPERNE DI PIU<\/summary>\n<p style=\"margin-top:0;margin-bottom:0;padding-top:5px;padding-bottom:0\"><span style=\"color:#CAA02D;\"><strong>&#8211;<\/strong><\/span> Una scelta di bevande calde<\/p>\n\n\n\n<p style=\"margin-top:0;margin-bottom:0;padding-top:5px;padding-bottom:0\"><span style=\"color:#CAA02D;\"><strong>&#8211;<\/strong><\/span> Succo di frutta fresca<\/p>\n\n\n\n<p style=\"margin-top:0;margin-bottom:0;padding-top:5px;padding-bottom:0\"><span style=\"color:#CAA02D;\"><strong>&#8211;<\/strong><\/span> Pane e dolci del giorno<\/p>\n\n\n\n<p style=\"margin-top:0;margin-bottom:0;padding-top:5px;padding-bottom:0\"><span style=\"color:#CAA02D;\"><strong>&#8211;<\/strong><\/span> Cereali<\/p>\n\n\n\n<p style=\"margin-top:0;margin-bottom:0;padding-top:5px;padding-bottom:0\"><span style=\"color:#CAA02D;\"><strong>&#8211;<\/strong><\/span> Frutta fresca<\/p>\n\n\n\n<p style=\"margin-top:0;margin-bottom:0;padding-top:5px;padding-bottom:0\"><span style=\"color:#CAA02D;\"><strong>&#8211;<\/strong><\/span> Uova strapazzate e piatto caldo<\/p>\n\n\n\n<p style=\"margin-top:0;margin-bottom:0;padding-top:5px;padding-bottom:0\"><span style=\"color:#CAA02D;\"><strong>&#8211;<\/strong><\/span> Salumi<\/p>\n\n\n\n<p style=\"margin-top:0;margin-bottom:0;padding-top:5px;padding-bottom:0\"><span style=\"color:#CAA02D;\"><strong>&#8211;<\/strong><\/span> Formaggi e yogurt francesi<\/p>\n\n\n\n<p style=\"margin-top:0;margin-bottom:0;padding-top:5px;padding-bottom:0\"><span style=\"color:#CAA02D;\"><strong>&#8211;<\/strong><\/span> Selezione di prodotti senza glutine su richiesta.<\/p>\n<\/details>\n\n\n\n<div style=\"height:30px\" aria-hidden=\"true\" class=\"wp-block-spacer tw-md-hidden tw-lg-hidden\"><\/div>\n<\/div>\n\n\n\n<div class=\"wp-block-column is-vertically-aligned-center tw-sm-hidden is-layout-flow wp-container-core-column-is-layout-f016c79b wp-block-column-is-layout-flow\" style=\"--col-width:55%;padding-top:0;padding-right:0;padding-bottom:0;padding-left:0;flex-basis:55%\">\n<h2 class=\"wp-block-heading has-text-align-left tw-lg-hidden tw-md-hidden has-primary-color has-text-color has-link-color wp-elements-22410c2700e341e677a69573286797fc\" style=\"margin-top:0;margin-bottom:15px;padding-top:0;padding-bottom:0;padding-left:var(--wp--preset--spacing--30);font-size:clamp(21.536px, 1.346rem + ((1vw - 3.2px) * 1.53), 35px);letter-spacing:-1px\">Una colazione \u201c\u00e0 la Fran\u00e7aise\u201d<\/h2>\n\n\n\n<div class=\"wp-block-cover aligncenter is-light\" style=\"margin-top:0;margin-bottom:0;padding-top:0;padding-bottom:0;min-height:500px;aspect-ratio:unset;\"><img decoding=\"async\" width=\"830\" height=\"520\" sizes=\"(max-width: 799px) 200vw, (max-width: 830px) 100vw, 830px\" class=\"wp-block-cover__image-background wp-image-22868 size-full\" alt=\"\" src=\"http:\/\/odeonhotel.fr\/wp-content\/uploads\/2025\/10\/Breakfast-odeon-hotel-paris.jpg\" data-object-fit=\"cover\" title=\"\" srcset=\"https:\/\/www.odeonhotel.fr\/wp-content\/uploads\/2025\/10\/Breakfast-odeon-hotel-paris.jpg 830w, https:\/\/www.odeonhotel.fr\/wp-content\/uploads\/2025\/10\/Breakfast-odeon-hotel-paris-300x188.jpg 300w, https:\/\/www.odeonhotel.fr\/wp-content\/uploads\/2025\/10\/Breakfast-odeon-hotel-paris-768x481.jpg 768w\" \/><span aria-hidden=\"true\" class=\"wp-block-cover__background has-background-dim-0 has-background-dim\" style=\"background-color:#baa89c\"><\/span><div class=\"wp-block-cover__inner-container is-layout-flow wp-block-cover-is-layout-flow\">\n<p class=\"has-text-align-center has-large-font-size\"><\/p>\n<\/div><\/div>\n<\/div>\n<\/div>\n","protected":false},"excerpt":{"rendered":"<p>Servizi dell&#8217;hotel Servizi di qualit\u00e0 mescolati all&#8217;atmosfera parigina per un soggiorno memorabile nella capitale francese.Tutte le nostre camere dispongono di accesso Wi-Fi gratuito. Non disponiamo di una camera per disabili.Uno spazio di coworking \u00e8 a vostra disposizione tutti i giorni dalle ore 11.00 nella nostra sala colazioni. Reception Reception Lo staff dell&#8217;ODEON HOTEL \u00e8 al [&hellip;]<\/p>\n","protected":false},"author":1,"featured_media":22930,"parent":0,"menu_order":0,"comment_status":"closed","ping_status":"closed","template":"","meta":{"footnotes":""},"class_list":["post-6707","page","type-page","status-publish","has-post-thumbnail","hentry"],"_links":{"self":[{"href":"https:\/\/www.odeonhotel.fr\/it\/wp-json\/wp\/v2\/pages\/6707","targetHints":{"allow":["GET"]}}],"collection":[{"href":"https:\/\/www.odeonhotel.fr\/it\/wp-json\/wp\/v2\/pages"}],"about":[{"href":"https:\/\/www.odeonhotel.fr\/it\/wp-json\/wp\/v2\/types\/page"}],"author":[{"embeddable":true,"href":"https:\/\/www.odeonhotel.fr\/it\/wp-json\/wp\/v2\/users\/1"}],"replies":[{"embeddable":true,"href":"https:\/\/www.odeonhotel.fr\/it\/wp-json\/wp\/v2\/comments?post=6707"}],"version-history":[{"count":19,"href":"https:\/\/www.odeonhotel.fr\/it\/wp-json\/wp\/v2\/pages\/6707\/revisions"}],"predecessor-version":[{"id":25739,"href":"https:\/\/www.odeonhotel.fr\/it\/wp-json\/wp\/v2\/pages\/6707\/revisions\/25739"}],"wp:featuredmedia":[{"embeddable":true,"href":"https:\/\/www.odeonhotel.fr\/it\/wp-json\/wp\/v2\/media\/22930"}],"wp:attachment":[{"href":"https:\/\/www.odeonhotel.fr\/it\/wp-json\/wp\/v2\/media?parent=6707"}],"curies":[{"name":"wp","href":"https:\/\/api.w.org\/{rel}","templated":true}]}}