{"id":6725,"date":"2023-05-29T22:40:22","date_gmt":"2023-05-29T20:40:22","guid":{"rendered":"http:\/\/www.laperle.tess5418.odns.fr\/map-access\/"},"modified":"2026-03-23T21:00:09","modified_gmt":"2026-03-23T20:00:09","slug":"map-access","status":"publish","type":"page","link":"https:\/\/www.odeonhotel.fr\/it\/map-access\/","title":{"rendered":"Mappa &amp; accesso"},"content":{"rendered":"\n<h1 class=\"wp-block-heading has-text-align-center\" style=\"margin-top:0;margin-right:0;margin-bottom:0;margin-left:0;padding-top:var(--wp--preset--spacing--50);padding-right:0;padding-bottom:0;padding-left:0;font-size:clamp(30.693px, 1.918rem + ((1vw - 3.2px) * 2.649), 54px);letter-spacing:-1px\">Localizzazione dell&#8217;hotel<\/h1>\n\n\n\n<div class=\"wp-block-columns is-layout-flex wp-container-core-columns-is-layout-66a182f9 wp-block-columns-is-layout-flex\" style=\"margin-top:0;margin-bottom:0;padding-top:var(--wp--preset--spacing--30);padding-right:0;padding-bottom:var(--wp--preset--spacing--40);padding-left:0\">\n<div class=\"wp-block-column is-layout-flow wp-block-column-is-layout-flow\"><\/div>\n\n\n\n<div class=\"wp-block-column is-layout-flow wp-block-column-is-layout-flow\" style=\"--col-width:60%;flex-basis:60%\">\n<p class=\"has-text-align-center has-contrast-color has-text-color has-link-color wp-elements-624b3e11d3c66ea51222330c92293b74\" style=\"padding-right:var(--wp--preset--spacing--30);padding-left:var(--wp--preset--spacing--30)\">L&#8217;Od\u00e9on Hotel \u00e8 situato in posizione ideale a Saint Germain des Pr\u00e9s, nel 6\u00b0 arrondissement, offrendo agli ospiti una posizione privilegiata nel cuore di Parigi. <strong><a href=\"http:\/\/odeonhotel.fr\/it\/visitare-parigi\/\" data-type=\"page\" data-id=\"980\" target=\"_blank\" rel=\"noopener\">Esplorate i monumenti iconici, le boutique alla moda e i luoghi di interesse culturale a pochi passi dalla nostra struttura.<\/a><\/strong><\/p>\n<\/div>\n\n\n\n<div class=\"wp-block-column is-layout-flow wp-block-column-is-layout-flow\"><\/div>\n<\/div>\n\n\n\n<link rel=\"stylesheet\" href=\"https:\/\/unpkg.com\/leaflet\/dist\/leaflet.css\" \/>\n<script src=\"https:\/\/unpkg.com\/leaflet\/dist\/leaflet.js\"><\/script>\n\n<div id=\"map\" style=\"width:100%; height:500px;\"><\/div>\n\n<script>\n  \/\/ Initialisation de la carte centr\u00e9e sur l'H\u00f4tel Od\u00e9on\n  var map = L.map('map').setView([48.851825, 2.339100], 17);\n\n  \/\/ Fond clair avec routes plus fonc\u00e9es (Carto Positron)\n  L.tileLayer('https:\/\/{s}.basemaps.cartocdn.com\/light_all\/{z}\/{x}\/{y}{r}.png', {\n    attribution: '&copy; <a href=\"https:\/\/www.openstreetmap.org\/copyright\">OpenStreetMap<\/a> &copy; <a href=\"https:\/\/carto.com\/\">CARTO<\/a>',\n    subdomains: 'abcd',\n    maxZoom: 15\n  }).addTo(map);\n\n  \/\/ Ic\u00f4ne dor\u00e9 personnalis\u00e9\n  var goldIcon = L.divIcon({\n    className: \"custom-gold-icon\",\n    html: '<div style=\"background:#CAA02D; width:22px; height:22px; border-radius:50%; border:2px solid white; box-shadow:0 0 6px rgba(0,0,0,0.5);\"><\/div>',\n    iconSize: [22, 22],\n    iconAnchor: [11, 11],\n    popupAnchor: [0, -11]\n  });\n\n  \/\/ Marqueur H\u00f4tel Od\u00e9on\n  L.marker([48.851825, 2.339100], { icon: goldIcon }).addTo(map)\n    .bindPopup(\"<b>H\u00f4tel Od\u00e9on<\/b><br>3 rue de l'Od\u00e9on, Paris\")\n    .openPopup();\n<\/script>\n\n\n\n<h2 class=\"wp-block-heading has-text-align-center\" style=\"margin-bottom:var(--wp--preset--spacing--40)\">Come raggiungere l&#8217;hotel<\/h2>\n\n\n\n<div class=\"wp-block-columns is-layout-flex wp-container-core-columns-is-layout-d9252248 wp-block-columns-is-layout-flex\" style=\"margin-top:0;margin-bottom:0;padding-top:0;padding-right:0;padding-bottom:0;padding-left:0\">\n<div class=\"wp-block-column tw-sm-hidden is-layout-flow wp-container-core-column-is-layout-b2a27621 wp-block-column-is-layout-flow\" style=\"--col-width:10%;padding-top:0;padding-right:0;padding-bottom:0;padding-left:0;flex-basis:10%\"><\/div>\n\n\n\n<div class=\"wp-block-column is-layout-flow wp-container-core-column-is-layout-b2a4e257 wp-block-column-is-layout-flow\" style=\"--col-width:%;padding-top:0;padding-right:var(--wp--preset--spacing--30);padding-bottom:0;padding-left:var(--wp--preset--spacing--30)\">\n<p style=\"margin-right:var(--wp--preset--spacing--50);margin-bottom:var(--wp--preset--spacing--30);margin-left:var(--wp--preset--spacing--60);font-size:clamp(16.293px, 1.018rem + ((1vw - 3.2px) * 0.989), 25px);\"><strong>Dagli aeroporti parigini<\/strong><\/p>\n\n\n\n<ul style=\"margin-right:0;margin-left:0\" class=\"wp-block-list\">\n<li><strong>Aeroporto Charles de Gaulle (CDG)<\/strong><\/li>\n<\/ul>\n\n\n\n<p class=\"has-text-align-justify\" style=\"margin-top:0;margin-right:0;margin-bottom:0;margin-left:0;padding-top:0;padding-right:0;padding-bottom:0;padding-left:0\"><strong>In taxi :<\/strong> Circa 1 ora &#8211; Il prezzo di un taxi normale preso alla stazione dei taxi \u00e8 fisso ed \u00e8 di 65 \u20ac, bagagli inclusi. Fate attenzione ai falsi tassisti e confermate con loro la tariffa prima di salire in macchina. <\/p>\n\n\n\n<p class=\"has-text-align-justify\" style=\"margin-top:0;margin-right:0;margin-bottom:0;margin-left:0;padding-top:0;padding-right:0;padding-bottom:0;padding-left:0\">Possiamo anche organizzare un prelievo all&#8217;aeroporto, poich\u00e9 collaboriamo con diverse compagnie. \u00c8 pi\u00f9 costoso perch\u00e9 l&#8217;autista deve parcheggiare e aspettarvi. Vi aiuter\u00e0 con i bagagli e vi aspetter\u00e0 dopo la dogana con un cartello con il vostro nome.   La tariffa per 2 persone \u00e8 di circa 95\u20ac.<\/p>\n\n\n\n<p class=\"has-text-align-justify\" style=\"margin-top:0;margin-right:0;margin-bottom:0;margin-left:0;padding-top:0;padding-right:0;padding-bottom:0;padding-left:0\">Il trasferimento dall&#8217;hotel all&#8217;aeroporto \u00e8 meno costoso perch\u00e9 l&#8217;autista non deve parcheggiare e aspettarvi. Costa circa 75\u20ac.<\/p>\n\n\n\n<p class=\"has-text-align-justify\" style=\"margin-top:0;margin-right:0;margin-bottom:0;margin-left:0;padding-top:0;padding-right:0;padding-bottom:0;padding-left:0\"><strong>In treno:<\/strong> circa 1 ora \u2013 \u00c8 possibile prendere il treno RER B dall\u2019aeroporto fino alla stazione Saint Michel, quindi la linea 4 della metropolitana e la fermata \u201cOd\u00e9on\u201d (a 100 metri dall\u2019hotel).<\/p>\n\n\n\n<ul style=\"margin-right:0;margin-left:0\" class=\"wp-block-list\">\n<li><strong>Aeroporto di Orly (ORY)<\/strong><\/li>\n<\/ul>\n\n\n\n<p class=\"has-text-align-justify\" style=\"margin-top:0;margin-right:0;margin-bottom:0;margin-left:0\"><strong><strong>In taxi :<\/strong> <\/strong>Circa 45 minuti &#8211; Il prezzo di un taxi normale preso alla stazione dei taxi \u00e8 fisso ed \u00e8 di 36 \u20ac, bagagli inclusi. Fate attenzione ai falsi tassisti e confermate con loro la tariffa prima di salire in macchina. <\/p>\n\n\n\n<p class=\"has-text-align-justify\" style=\"margin-top:0;margin-right:0;margin-bottom:0;margin-left:0\">Possiamo anche organizzare un prelievo all&#8217;aeroporto, poich\u00e9 collaboriamo con diverse compagnie. \u00c8 pi\u00f9 costoso perch\u00e9 l&#8217;autista deve parcheggiare e aspettarvi. Vi aiuter\u00e0 con i bagagli e vi aspetter\u00e0 dopo la dogana con un cartello con il vostro nome.   La tariffa per 2 persone \u00e8 di 80 \u20ac.<\/p>\n\n\n\n<p class=\"has-text-align-justify\" style=\"margin-top:0;margin-right:0;margin-bottom:0;margin-left:0\">Il trasferimento dall&#8217;hotel all&#8217;aeroporto \u00e8 meno costoso perch\u00e9 l&#8217;autista non deve parcheggiare e aspettarvi. Costa circa 50\u20ac.<\/p>\n\n\n\n<p class=\"has-text-align-justify\" style=\"margin-top:0;margin-right:0;margin-bottom:0;margin-left:0;padding-right:0;padding-left:0\"><strong>In treno : <\/strong>Circa 1 ora \u2013 Dovete cambiare 3 volte: prendete l\u2019Orlyval all\u2019aeroporto e fermatevi ad Anthony. Poi cambiate con la RER B e scendete alla stazione \u201cSt michel Notre Dame\u201d. A questo punto cambiare per la linea 4 della metropolitana e scendere alla stazione \u201cOdeon\u201d (a 100 metri dall\u2019hotel).  <\/p>\n\n\n\n<p class=\"has-text-align-justify\" style=\"margin-top:var(--wp--preset--spacing--50);margin-right:var(--wp--preset--spacing--40);margin-bottom:var(--wp--preset--spacing--30);margin-left:var(--wp--preset--spacing--60);font-size:clamp(16.293px, 1.018rem + ((1vw - 3.2px) * 0.989), 25px);\"><strong>Dalle stazioni ferroviarie parigine<\/strong><\/p>\n\n\n\n<ul style=\"margin-right:0;margin-left:0\" class=\"wp-block-list\">\n<li><strong>Gare du Nord <\/strong><\/li>\n<\/ul>\n\n\n\n<p class=\"has-text-align-justify\" style=\"margin-top:0;margin-right:0;margin-bottom:0;margin-left:0\"><strong>In taxi :<\/strong> A seconda del traffico, il tempo di percorrenza del taxi \u00e8 di circa 20 minuti.<\/p>\n\n\n\n<p class=\"has-text-align-justify\" style=\"margin-top:0;margin-right:0;margin-bottom:0;margin-left:0\"><strong>In metropolitana:<\/strong> Circa 19 minuti \u2013 Dalla stazione Gare du Nord, prendere la linea 4 della metropolitana, direzione \u201cBagneux Lucie Aubrac\u201d e scendere alla stazione \u201cOdeon\u201d (a 100 metri dall\u2019hotel).<\/p>\n\n\n\n<ul style=\"margin-right:0;margin-left:0\" class=\"wp-block-list\">\n<li><strong>Gare Montparnasse<\/strong><\/li>\n<\/ul>\n\n\n\n<p class=\"has-text-align-justify\" style=\"margin-top:0;margin-right:0;margin-bottom:0;margin-left:0\"><strong>In taxi :<\/strong> A seconda del traffico, il tempo di percorrenza del taxi \u00e8 di circa 10 minuti.<\/p>\n\n\n\n<p class=\"has-text-align-justify\" style=\"margin-top:0;margin-right:0;margin-bottom:0;margin-left:0\"><strong>In metropolitana :<\/strong> Circa 17 minuti \u2013 Dalla stazione \u201cMontparnasse Bienvenue\u201d, prendere la linea 4 della metropolitana in direzione \u201cPorte de Clignancourt\u201d e scendere alla stazione \u201cOdeon\u201d (a 100 metri dall\u2019hotel).<\/p>\n\n\n\n<ul style=\"margin-right:0;margin-left:0\" class=\"wp-block-list\">\n<li><strong>Gare de Lyon<\/strong><\/li>\n<\/ul>\n\n\n\n<p class=\"has-text-align-justify\" style=\"margin-top:0;margin-right:0;margin-bottom:0;margin-left:0\"><strong>In taxi :<\/strong> A seconda del traffico, il tempo di percorrenza del taxi \u00e8 di circa 20 minuti.<\/p>\n\n\n\n<p class=\"has-text-align-justify\" style=\"margin-top:0;margin-right:0;margin-bottom:0;margin-left:0\"><strong>In autobus :<\/strong> Circa 23 minuti \u2013 Dalla stazione \u201cGare de Lyon\u201d, prendere l\u2019autobus 63, direzione \u201cPorte de la Muette\u201d e fermarsi alla stazione \u201cOdeon\u201d (a 100 metri dall\u2019hotel).<\/p>\n\n\n\n<p class=\"has-text-align-justify\" style=\"margin-top:var(--wp--preset--spacing--50);margin-right:var(--wp--preset--spacing--40);margin-bottom:0;margin-left:var(--wp--preset--spacing--60);font-size:clamp(16.293px, 1.018rem + ((1vw - 3.2px) * 0.989), 25px);\"><strong>Dalle stazioni della metropolitana parigina<\/strong><\/p>\n\n\n\n<ul style=\"margin-right:0;margin-left:0\" class=\"wp-block-list\">\n<li><strong>Stazione &#8220;Od\u00e9on&#8221;<\/strong><\/li>\n<\/ul>\n\n\n\n<p class=\"has-text-align-justify\" style=\"margin-top:0;margin-right:0;margin-bottom:0;margin-left:0\"><strong>A piedi: <\/strong>100 metri &#8211; 2 minuti &#8211; Dalla stazione della metropolitana \u201cOdeon\u201d, camminare verso sud su Carrefour de l&#8217;Od\u00e9on per circa 50 metri e poi proseguire per altri 50 metri su Rue de l&#8217;Od\u00e9on. L&#8217;Od\u00e9on Hotel si trova sulla sinistra. <\/p>\n\n\n\n<ul style=\"margin-right:0;margin-left:0\" class=\"wp-block-list\">\n<li><strong>Stazione &#8220;Saint Germain des Pr\u00e9s&#8221;<\/strong><\/li>\n<\/ul>\n\n\n\n<p class=\"has-text-align-justify\" style=\"margin-top:0;margin-right:0;margin-bottom:0;margin-left:0\"><strong>A piedi: <\/strong>450 metri \u2013 6 minuti \u2013 Dalla stazione della metropolitana \u201cSaint-Germain-des-Pr\u00e9s\u201d, camminare verso est sul boulevard Saint Germain per circa 400 metri. Girare a destra su Carrefour de l&#8217;Od\u00e9on per circa 50 metri e poi proseguire per 50 metri su Rue de l&#8217;Od\u00e9on. Troverete l&#8217;Hotel Od\u00e9on sulla vostra sinistra.  <\/p>\n\n\n\n<ul style=\"margin-right:0;margin-left:0\" class=\"wp-block-list\">\n<li><strong>Stazione RER &#8220;Saint Michel&#8221;<\/strong><\/li>\n<\/ul>\n\n\n\n<p class=\"has-text-align-justify\" style=\"margin-top:0;margin-right:0;margin-bottom:0;margin-left:0\"><strong>A piedi: <\/strong>350 metri &#8211; 5 minuti &#8211; Dalla stazione RER \u201cSaint Michel\u201d, camminate in direzione sud-ovest su rue Danton per circa 300 metri. Girare a destra sul boulevard Saint Germain per 150 metri. Poi girare a sinistra su Carrefour de l&#8217;Od\u00e9on per circa 50 metri e proseguire per altri 50 metri su Rue de l&#8217;Od\u00e9on. L&#8217;Od\u00e9on Hotel si trova sulla sinistra.   <\/p>\n<\/div>\n\n\n\n<div class=\"wp-block-column tw-sm-hidden is-layout-flow wp-container-core-column-is-layout-b2a27621 wp-block-column-is-layout-flow\" style=\"--col-width:10%;padding-top:0;padding-right:0;padding-bottom:0;padding-left:0;flex-basis:10%\"><\/div>\n<\/div>\n\n\n\n<div style=\"height:50px\" aria-hidden=\"true\" class=\"wp-block-spacer\"><\/div>\n","protected":false},"excerpt":{"rendered":"<p>Localizzazione dell&#8217;hotel L&#8217;Od\u00e9on Hotel \u00e8 situato in posizione ideale a Saint Germain des Pr\u00e9s, nel 6\u00b0 arrondissement, offrendo agli ospiti una posizione privilegiata nel cuore di Parigi. Esplorate i monumenti iconici, le boutique alla moda e i luoghi di interesse culturale a pochi passi dalla nostra struttura. Come raggiungere l&#8217;hotel Dagli aeroporti parigini In taxi [&hellip;]<\/p>\n","protected":false},"author":2,"featured_media":22939,"parent":0,"menu_order":0,"comment_status":"closed","ping_status":"closed","template":"wp-custom-template-le-template-des-chambres","meta":{"footnotes":""},"class_list":["post-6725","page","type-page","status-publish","has-post-thumbnail","hentry"],"_links":{"self":[{"href":"https:\/\/www.odeonhotel.fr\/it\/wp-json\/wp\/v2\/pages\/6725","targetHints":{"allow":["GET"]}}],"collection":[{"href":"https:\/\/www.odeonhotel.fr\/it\/wp-json\/wp\/v2\/pages"}],"about":[{"href":"https:\/\/www.odeonhotel.fr\/it\/wp-json\/wp\/v2\/types\/page"}],"author":[{"embeddable":true,"href":"https:\/\/www.odeonhotel.fr\/it\/wp-json\/wp\/v2\/users\/2"}],"replies":[{"embeddable":true,"href":"https:\/\/www.odeonhotel.fr\/it\/wp-json\/wp\/v2\/comments?post=6725"}],"version-history":[{"count":11,"href":"https:\/\/www.odeonhotel.fr\/it\/wp-json\/wp\/v2\/pages\/6725\/revisions"}],"predecessor-version":[{"id":25409,"href":"https:\/\/www.odeonhotel.fr\/it\/wp-json\/wp\/v2\/pages\/6725\/revisions\/25409"}],"wp:featuredmedia":[{"embeddable":true,"href":"https:\/\/www.odeonhotel.fr\/it\/wp-json\/wp\/v2\/media\/22939"}],"wp:attachment":[{"href":"https:\/\/www.odeonhotel.fr\/it\/wp-json\/wp\/v2\/media?parent=6725"}],"curies":[{"name":"wp","href":"https:\/\/api.w.org\/{rel}","templated":true}]}}