{"id":8347,"date":"2023-05-29T22:40:22","date_gmt":"2023-05-29T20:40:22","guid":{"rendered":"http:\/\/www.laperle.tess5418.odns.fr\/%e5%9c%b0%e5%9b%b3%e3%83%bb%e3%82%a2%e3%82%af%e3%82%bb%e3%82%b9\/"},"modified":"2026-03-23T21:06:00","modified_gmt":"2026-03-23T20:06:00","slug":"%e5%9c%b0%e5%9b%b3%e3%83%bb%e3%82%a2%e3%82%af%e3%82%bb%e3%82%b9","status":"publish","type":"page","link":"https:\/\/www.odeonhotel.fr\/ja\/%e5%9c%b0%e5%9b%b3%e3%83%bb%e3%82%a2%e3%82%af%e3%82%bb%e3%82%b9\/","title":{"rendered":"\u5730\u56f3&amp;\u30a2\u30af\u30bb\u30b9"},"content":{"rendered":"\n<h1 class=\"wp-block-heading has-text-align-center\" style=\"margin-top:0;margin-right:0;margin-bottom:0;margin-left:0;padding-top:var(--wp--preset--spacing--50);padding-right:0;padding-bottom:0;padding-left:0;font-size:clamp(30.693px, 1.918rem + ((1vw - 3.2px) * 2.649), 54px);letter-spacing:-1px\">\u30db\u30c6\u30eb\u3092\u63a2\u3059<\/h1>\n\n\n\n<div class=\"wp-block-columns is-layout-flex wp-container-core-columns-is-layout-66a182f9 wp-block-columns-is-layout-flex\" style=\"margin-top:0;margin-bottom:0;padding-top:var(--wp--preset--spacing--30);padding-right:0;padding-bottom:var(--wp--preset--spacing--40);padding-left:0\">\n<div class=\"wp-block-column is-layout-flow wp-block-column-is-layout-flow\"><\/div>\n\n\n\n<div class=\"wp-block-column is-layout-flow wp-block-column-is-layout-flow\" style=\"--col-width:60%;flex-basis:60%\">\n<p class=\"has-text-align-center has-contrast-color has-text-color has-link-color wp-elements-a9d6242a1b652a65e32d194d7565487a\" style=\"padding-right:var(--wp--preset--spacing--30);padding-left:var(--wp--preset--spacing--30)\">\u30aa\u30c7\u30aa\u30f3\u30db\u30c6\u30eb\u306f\u30016\u533a\u30b5\u30f3\u30b8\u30a7\u30eb\u30de\u30f3\u30c7\u30d7\u30ec\u3068\u3044\u3046\u7406\u60f3\u7684\u306a\u30ed\u30b1\u30fc\u30b7\u30e7\u30f3\u306b\u4f4d\u7f6e\u3057\u3001\u30d1\u30ea\u306e\u4e2d\u5fc3\u90e8\u3068\u3044\u3046\u7d76\u597d\u306e\u7acb\u5730\u3092\u304a\u5ba2\u69d8\u306b\u63d0\u4f9b\u3057\u3066\u3044\u307e\u3059\u3002<strong><a href=\"http:\/\/odeonhotel.fr\/ja\/%e3%83%91%e3%83%aa%e8%a8%aa%e5%95%8f\/\" data-type=\"page\" data-id=\"980\" target=\"_blank\" rel=\"noopener\">\u5f53\u30db\u30c6\u30eb\u304b\u3089\u3059\u3050\u306e\u5834\u6240\u306b\u3001\u8c61\u5fb4\u7684\u306a\u30e9\u30f3\u30c9\u30de\u30fc\u30af\u3001\u30c8\u30ec\u30f3\u30c7\u30a3\u306a\u30d6\u30c6\u30a3\u30c3\u30af\u3001\u6587\u5316\u7684\u306a\u30db\u30c3\u30c8\u30b9\u30dd\u30c3\u30c8\u304c\u3042\u308a\u307e\u3059\u3002<\/a><\/strong><\/p>\n<\/div>\n\n\n\n<div class=\"wp-block-column is-layout-flow wp-block-column-is-layout-flow\"><\/div>\n<\/div>\n\n\n\n<link rel=\"stylesheet\" href=\"https:\/\/unpkg.com\/leaflet\/dist\/leaflet.css\" \/>\n<script src=\"https:\/\/unpkg.com\/leaflet\/dist\/leaflet.js\"><\/script>\n\n<div id=\"map\" style=\"width:100%; height:500px;\"><\/div>\n\n<script>\n  \/\/ Initialisation de la carte centr\u00e9e sur l'H\u00f4tel Od\u00e9on\n  var map = L.map('map').setView([48.851825, 2.339100], 17);\n\n  \/\/ Fond clair avec routes plus fonc\u00e9es (Carto Positron)\n  L.tileLayer('https:\/\/{s}.basemaps.cartocdn.com\/light_all\/{z}\/{x}\/{y}{r}.png', {\n    attribution: '&copy; <a href=\"https:\/\/www.openstreetmap.org\/copyright\">OpenStreetMap<\/a> &copy; <a href=\"https:\/\/carto.com\/\">CARTO<\/a>',\n    subdomains: 'abcd',\n    maxZoom: 15\n  }).addTo(map);\n\n  \/\/ Ic\u00f4ne dor\u00e9 personnalis\u00e9\n  var goldIcon = L.divIcon({\n    className: \"custom-gold-icon\",\n    html: '<div style=\"background:#CAA02D; width:22px; height:22px; border-radius:50%; border:2px solid white; box-shadow:0 0 6px rgba(0,0,0,0.5);\"><\/div>',\n    iconSize: [22, 22],\n    iconAnchor: [11, 11],\n    popupAnchor: [0, -11]\n  });\n\n  \/\/ Marqueur H\u00f4tel Od\u00e9on\n  L.marker([48.851825, 2.339100], { icon: goldIcon }).addTo(map)\n    .bindPopup(\"<b>H\u00f4tel Od\u00e9on<\/b><br>3 rue de l'Od\u00e9on, Paris\")\n    .openPopup();\n<\/script>\n\n\n\n<h2 class=\"wp-block-heading has-text-align-center\" style=\"margin-bottom:var(--wp--preset--spacing--40)\">\u30db\u30c6\u30eb\u3078\u306e\u884c\u304d\u65b9<\/h2>\n\n\n\n<div class=\"wp-block-columns is-layout-flex wp-container-core-columns-is-layout-d9252248 wp-block-columns-is-layout-flex\" style=\"margin-top:0;margin-bottom:0;padding-top:0;padding-right:0;padding-bottom:0;padding-left:0\">\n<div class=\"wp-block-column tw-sm-hidden is-layout-flow wp-container-core-column-is-layout-b2a27621 wp-block-column-is-layout-flow\" style=\"--col-width:10%;padding-top:0;padding-right:0;padding-bottom:0;padding-left:0;flex-basis:10%\"><\/div>\n\n\n\n<div class=\"wp-block-column is-layout-flow wp-container-core-column-is-layout-b2a4e257 wp-block-column-is-layout-flow\" style=\"--col-width:%;padding-top:0;padding-right:var(--wp--preset--spacing--30);padding-bottom:0;padding-left:var(--wp--preset--spacing--30)\">\n<p style=\"margin-right:var(--wp--preset--spacing--50);margin-bottom:var(--wp--preset--spacing--30);margin-left:var(--wp--preset--spacing--60);font-size:clamp(16.293px, 1.018rem + ((1vw - 3.2px) * 0.989), 25px);\"><strong>\u30d1\u30ea\u306e\u7a7a\u6e2f\u304b\u3089<\/strong><\/p>\n\n\n\n<ul style=\"margin-right:0;margin-left:0\" class=\"wp-block-list\">\n<li><strong>\u30b7\u30e3\u30eb\u30eb\u30fb\u30c9\u30fb\u30b4\u30fc\u30eb\u7a7a\u6e2f(CDG)<\/strong><\/li>\n<\/ul>\n\n\n\n<p class=\"has-text-align-justify\" style=\"margin-top:0;margin-right:0;margin-bottom:0;margin-left:0;padding-top:0;padding-right:0;padding-bottom:0;padding-left:0\"><strong>\u30bf\u30af\u30b7\u30fc\u3067 \uff1a<\/strong>\u7d041\u6642\u9593 &#8211; \u30bf\u30af\u30b7\u30fc\u4e57\u308a\u5834\u3067\u6355\u307e\u3048\u308b\u4e00\u822c\u30bf\u30af\u30b7\u30fc\u306e\u6599\u91d1\u306f\u6c7a\u307e\u3063\u3066\u304a\u308a\u3001\u8377\u7269\u8fbc\u307f\u306765\u30e6\u30fc\u30ed\u3002\u507d\u30bf\u30af\u30b7\u30fc\u306e\u904b\u8ee2\u624b\u306b\u306f\u6ce8\u610f\u3057\u3001\u8eca\u5185\u306b\u5165\u308b\u524d\u306b\u6599\u91d1\u3092\u78ba\u8a8d\u3059\u308b\u3053\u3068\u3002 <\/p>\n\n\n\n<p class=\"has-text-align-justify\" style=\"margin-top:0;margin-right:0;margin-bottom:0;margin-left:0;padding-top:0;padding-right:0;padding-bottom:0;padding-left:0\">\u307e\u305f\u3001\u8907\u6570\u306e\u4f1a\u793e\u3068\u63d0\u643a\u3057\u3066\u3044\u308b\u305f\u3081\u3001\u7a7a\u6e2f\u3067\u306e\u30d4\u30c3\u30af\u30a2\u30c3\u30d7\u3092\u624b\u914d\u3059\u308b\u3053\u3068\u3082\u53ef\u80fd\u3067\u3059\u3002 \u904b\u8ee2\u624b\u304c\u99d0\u8eca\u3057\u3066\u5f85\u3064\u5fc5\u8981\u304c\u3042\u308b\u305f\u3081\u3001\u5272\u9ad8\u306b\u306a\u308a\u307e\u3059\u3002 \u8377\u7269\u3092\u904b\u3076\u306e\u3092\u624b\u4f1d\u3063\u3066\u304f\u308c\u305f\u308a\u3001\u7a0e\u95a2\u306e\u5f8c\u3001\u540d\u524d\u306e\u770b\u677f\u3092\u6301\u3063\u3066\u5f85\u3063\u3066\u3044\u3066\u304f\u308c\u305f\u308a\u3057\u307e\u3059\u3002   \u6599\u91d1\u306f2\u540d\u3067\u7d0495\u30e6\u30fc\u30ed\u3002<\/p>\n\n\n\n<p class=\"has-text-align-justify\" style=\"margin-top:0;margin-right:0;margin-bottom:0;margin-left:0;padding-top:0;padding-right:0;padding-bottom:0;padding-left:0\">\u30db\u30c6\u30eb\u304b\u3089\u7a7a\u6e2f\u3078\u306e\u9001\u8fce\u306f\u3001\u904b\u8ee2\u624b\u304c\u99d0\u8eca\u3057\u3066\u5f85\u3064\u5fc5\u8981\u304c\u306a\u3044\u305f\u3081\u3001\u6599\u91d1\u304c\u5b89\u304f\u306a\u308a\u307e\u3059\u3002 \u7d0475\u30e6\u30fc\u30ed\u3060\u3063\u305f\u3002<\/p>\n\n\n\n<p class=\"has-text-align-justify\" style=\"margin-top:0;margin-right:0;margin-bottom:0;margin-left:0;padding-top:0;padding-right:0;padding-bottom:0;padding-left:0\"><strong>\u96fb\u8eca :<\/strong> \u7d041\u6642\u9593 \u2013 \u7a7a\u6e2f\u304b\u3089RER B\u7dda\u30b5\u30f3\u30fb\u30df\u30c3\u30b7\u30a7\u30eb\u99c5\u884c\u304d\u306b\u4e57\u308a\u3001\u5730\u4e0b\u92444\u53f7\u7dda\u30aa\u30c7\u30aa\u30f3\u99c5\uff08\u30db\u30c6\u30eb\u304b\u3089100\u30e1\u30fc\u30c8\u30eb\uff09\u3067\u4e0b\u8eca\u3002<\/p>\n\n\n\n<ul style=\"margin-right:0;margin-left:0\" class=\"wp-block-list\">\n<li><strong>\u30aa\u30eb\u30ea\u30fc\u7a7a\u6e2f\uff08ORY\uff09<\/strong><\/li>\n<\/ul>\n\n\n\n<p class=\"has-text-align-justify\" style=\"margin-top:0;margin-right:0;margin-bottom:0;margin-left:0\"><strong><strong>\u30bf\u30af\u30b7\u30fc\u3067 \uff1a<\/strong> <\/strong>\u7d0445\u5206 &#8211; \u30bf\u30af\u30b7\u30fc\u4e57\u308a\u5834\u3067\u6355\u307e\u3048\u308b\u4e00\u822c\u30bf\u30af\u30b7\u30fc\u306e\u6599\u91d1\u306f\u6c7a\u307e\u3063\u3066\u304a\u308a\u3001\u8377\u7269\u8fbc\u307f\u306736\u30e6\u30fc\u30ed\u3002\u507d\u30bf\u30af\u30b7\u30fc\u306e\u904b\u8ee2\u624b\u306b\u306f\u6ce8\u610f\u3057\u3001\u8eca\u5185\u306b\u5165\u308b\u524d\u306b\u6599\u91d1\u3092\u78ba\u8a8d\u3059\u308b\u3053\u3068\u3002 <\/p>\n\n\n\n<p class=\"has-text-align-justify\" style=\"margin-top:0;margin-right:0;margin-bottom:0;margin-left:0\">\u307e\u305f\u3001\u8907\u6570\u306e\u4f1a\u793e\u3068\u63d0\u643a\u3057\u3066\u3044\u308b\u305f\u3081\u3001\u7a7a\u6e2f\u3067\u306e\u30d4\u30c3\u30af\u30a2\u30c3\u30d7\u3092\u624b\u914d\u3059\u308b\u3053\u3068\u3082\u53ef\u80fd\u3067\u3059\u3002 \u904b\u8ee2\u624b\u304c\u99d0\u8eca\u3057\u3066\u5f85\u3064\u5fc5\u8981\u304c\u3042\u308b\u305f\u3081\u3001\u5272\u9ad8\u306b\u306a\u308a\u307e\u3059\u3002 \u8377\u7269\u3092\u904b\u3076\u306e\u3092\u624b\u4f1d\u3063\u3066\u304f\u308c\u305f\u308a\u3001\u7a0e\u95a2\u306e\u5f8c\u3001\u540d\u524d\u306e\u770b\u677f\u3092\u6301\u3063\u3066\u5f85\u3063\u3066\u3044\u3066\u304f\u308c\u305f\u308a\u3057\u307e\u3059\u3002   2\u540d\u69d8\u306e\u6599\u91d1\u306f80\u30e6\u30fc\u30ed\u3067\u3059\u3002<\/p>\n\n\n\n<p class=\"has-text-align-justify\" style=\"margin-top:0;margin-right:0;margin-bottom:0;margin-left:0\">\u30db\u30c6\u30eb\u304b\u3089\u7a7a\u6e2f\u3078\u306e\u9001\u8fce\u306f\u3001\u904b\u8ee2\u624b\u304c\u99d0\u8eca\u3057\u3066\u5f85\u3064\u5fc5\u8981\u304c\u306a\u3044\u305f\u3081\u3001\u6599\u91d1\u304c\u5b89\u304f\u306a\u308a\u307e\u3059\u3002 50\u30e6\u30fc\u30ed\u307b\u3069\u3060\u3063\u305f\u3002<\/p>\n\n\n\n<p class=\"has-text-align-justify\" style=\"margin-top:0;margin-right:0;margin-bottom:0;margin-left:0;padding-right:0;padding-left:0\"><strong>\u96fb\u8eca\uff1a<\/strong>\u7d041\u6642\u9593 \u2013 3\u56de\u4e57\u308a\u63db\u3048\u308b\u5fc5\u8981\u304c\u3042\u308a\u307e\u3059\uff1a\u7a7a\u6e2f\u3067Orlyval\u306b\u4e57\u308a\u3001Anthony\u3067\u4e0b\u8eca\u3002\u305d\u306e\u5f8c\u3001RER B\u7dda\u306b\u4e57\u308a\u63db\u3048\u3001\u201d\u30b5\u30f3\u30fb\u30df\u30c3\u30b7\u30a7\u30eb\u30fb\u30ce\u30fc\u30c8\u30eb\u30c0\u30e0 \u201c\u99c5\u3067\u4e0b\u8eca\u3002\u305d\u3053\u3067\u5730\u4e0b\u92444\u53f7\u7dda\u306b\u4e57\u308a\u63db\u3048\u3001\u201dOdeon \u201c\u99c5\u3067\u4e0b\u8eca\uff08\u30db\u30c6\u30eb\u304b\u3089100\u30e1\u30fc\u30c8\u30eb\uff09\u3002  <\/p>\n\n\n\n<p class=\"has-text-align-justify\" style=\"margin-top:var(--wp--preset--spacing--50);margin-right:var(--wp--preset--spacing--40);margin-bottom:var(--wp--preset--spacing--30);margin-left:var(--wp--preset--spacing--60);font-size:clamp(16.293px, 1.018rem + ((1vw - 3.2px) * 0.989), 25px);\"><strong>\u30d1\u30ea\u306e\u9244\u9053\u99c5\u304b\u3089<\/strong><\/p>\n\n\n\n<ul style=\"margin-right:0;margin-left:0\" class=\"wp-block-list\">\n<li><strong>Gare du Nord <\/strong><\/li>\n<\/ul>\n\n\n\n<p class=\"has-text-align-justify\" style=\"margin-top:0;margin-right:0;margin-bottom:0;margin-left:0\"><strong>\u30bf\u30af\u30b7\u30fc\u3067:<\/strong> \u4ea4\u901a\u72b6\u6cc1\u306b\u3082\u3088\u308a\u307e\u3059\u304c\u3001\u30bf\u30af\u30b7\u30fc\u306e\u6240\u8981\u6642\u9593\u306f20\u5206\u7a0b\u5ea6\u3067\u3059\u3002<\/p>\n\n\n\n<p class=\"has-text-align-justify\" style=\"margin-top:0;margin-right:0;margin-bottom:0;margin-left:0\"><strong>\u5730\u4e0b\u9244\u3067 \uff1a<\/strong> \u7d0419\u5206 \u2013 \u30d1\u30ea\u5317\u99c5\uff08Gare du Nord\uff09\u304b\u3089\u5730\u4e0b\u92444\u53f7\u7dda\u300cBagneux Lucie Aubrac\u300d\u884c\u304d\u306b\u4e57\u308a\u3001\u300cOdeon\u300d\u99c5\u3067\u4e0b\u8eca\uff08\u30db\u30c6\u30eb\u304b\u3089100\u30e1\u30fc\u30c8\u30eb\uff09\u3002<\/p>\n\n\n\n<ul style=\"margin-right:0;margin-left:0\" class=\"wp-block-list\">\n<li><strong>Gare Montparnasse<\/strong><\/li>\n<\/ul>\n\n\n\n<p class=\"has-text-align-justify\" style=\"margin-top:0;margin-right:0;margin-bottom:0;margin-left:0\"><strong>\u30bf\u30af\u30b7\u30fc\u3067 :<\/strong> \u4ea4\u901a\u72b6\u6cc1\u306b\u3082\u3088\u308a\u307e\u3059\u304c\u3001\u30bf\u30af\u30b7\u30fc\u306e\u6240\u8981\u6642\u9593\u306f10\u5206\u7a0b\u5ea6\u3067\u3059\u3002<\/p>\n\n\n\n<p class=\"has-text-align-justify\" style=\"margin-top:0;margin-right:0;margin-bottom:0;margin-left:0\"><strong>\u5730\u4e0b\u9244\u3067 \uff1a<\/strong> \u7d0417\u5206 \u2013 \u30e2\u30f3\u30d1\u30eb\u30ca\u30b9\u30fb\u30d3\u30a2\u30f3\u30f4\u30a7\u30cb\u30e5\u30fc\uff08Montparnasse Bienvenue\uff09\u99c5\u304b\u3089\u5730\u4e0b\u92444\u53f7\u7dda\u306b\u4e57\u308a\u3001\u30dd\u30eb\u30c8\u30fb\u30c9\u30fb\u30af\u30ea\u30cb\u30e3\u30f3\u30af\u30fc\u30eb\uff08Porte de Clignancourt\uff09\u99c5\u3067\u4e0b\u8eca\u3057\u307e\u3059\uff08\u30db\u30c6\u30eb\u304b\u3089100\u30e1\u30fc\u30c8\u30eb\uff09\u3002<\/p>\n\n\n\n<ul style=\"margin-right:0;margin-left:0\" class=\"wp-block-list\">\n<li><strong>Gare de Lyon<\/strong><\/li>\n<\/ul>\n\n\n\n<p class=\"has-text-align-justify\" style=\"margin-top:0;margin-right:0;margin-bottom:0;margin-left:0\"><strong>\u30bf\u30af\u30b7\u30fc\u3067:<\/strong> \u4ea4\u901a\u72b6\u6cc1\u306b\u3082\u3088\u308a\u307e\u3059\u304c\u3001\u30bf\u30af\u30b7\u30fc\u306e\u6240\u8981\u6642\u9593\u306f20\u5206\u7a0b\u5ea6\u3067\u3059\u3002<\/p>\n\n\n\n<p class=\"has-text-align-justify\" style=\"margin-top:0;margin-right:0;margin-bottom:0;margin-left:0\"><strong>\u30d0\u30b9 :<\/strong> \u7d0423\u5206 \u2013 \u300cGare de Lyon\uff08\u30ea\u30e8\u30f3\u99c5\uff09\u300d\u304b\u308963\u756a\u30d0\u30b9\u3001\u300cPorte de la Muette\uff08\u30df\u30e5\u30a8\u30c3\u30c8\u9580\uff09\u300d\u884c\u304d\u306b\u4e57\u308a\u3001\u300cOdeon\uff08\u30aa\u30c7\u30aa\u30f3\uff09\u300d\u99c5\u3067\u4e0b\u8eca\uff08\u30db\u30c6\u30eb\u304b\u3089100\u30e1\u30fc\u30c8\u30eb\uff09\u3002<\/p>\n\n\n\n<p class=\"has-text-align-justify\" style=\"margin-top:var(--wp--preset--spacing--50);margin-right:var(--wp--preset--spacing--40);margin-bottom:0;margin-left:var(--wp--preset--spacing--60);font-size:clamp(16.293px, 1.018rem + ((1vw - 3.2px) * 0.989), 25px);\"><strong>\u30d1\u30ea\u306e\u5730\u4e0b\u9244\u306e\u99c5\u304b\u3089<\/strong><\/p>\n\n\n\n<ul style=\"margin-right:0;margin-left:0\" class=\"wp-block-list\">\n<li><strong>\u5730\u4e0b\u9244\u99c5 &#8220;Od\u00e9on&#8221;<\/strong><\/li>\n<\/ul>\n\n\n\n<p class=\"has-text-align-justify\" style=\"margin-top:0;margin-right:0;margin-bottom:0;margin-left:0\"><strong>\u5f92\u6b69\u306e\u5834\u5408\uff1a<\/strong>100\u30e1\u30fc\u30c8\u30eb\u30012\u5206 &#8211; \u300c\u30aa\u30c7\u30aa\u30f3\u300d\u5730\u4e0b\u9244\u99c5\u304b\u3089\u3001\u30ab\u30eb\u30d5\u30fc\u30eb\u30fb\u30c9\u30fb\u30ed\u30c7\u30aa\u30f3\u3092\u5357\u3078\u7d0450\u30e1\u30fc\u30c8\u30eb\u6b69\u304d\u3001\u305d\u306e\u5f8c\u3001\u30aa\u30c7\u30aa\u30f3\u901a\u308a\u309250\u30e1\u30fc\u30c8\u30eb\u9032\u307f\u307e\u3059\u3002\u5de6\u5074\u306b\u30aa\u30c7\u30aa\u30f3\u30db\u30c6\u30eb\u304c\u3042\u308a\u307e\u3059\u3002 <\/p>\n\n\n\n<ul style=\"margin-right:0;margin-left:0\" class=\"wp-block-list\">\n<li><strong>\u5730\u4e0b\u9244\u99c5 &#8220;Saint Germain des Pr\u00e9s&#8221;<\/strong><\/li>\n<\/ul>\n\n\n\n<p class=\"has-text-align-justify\" style=\"margin-top:0;margin-right:0;margin-bottom:0;margin-left:0\"><strong>\u5f92\u6b69\uff1a<\/strong>450\u30e1\u30fc\u30c8\u30eb\u30016\u5206 &#8211; \u300c\u30b5\u30f3\u30fb\u30b8\u30a7\u30eb\u30de\u30f3\u30fb\u30c7\u30fb\u30d7\u30ec\u300d\u5730\u4e0b\u9244\u99c5\u304b\u3089\u3001\u30b5\u30f3\u30fb\u30b8\u30a7\u30eb\u30de\u30f3\u5927\u901a\u308a\u3092\u6771\u3078\u7d04400\u30e1\u30fc\u30c8\u30eb\u6b69\u304d\u307e\u3059\u3002\u30ab\u30eb\u30d5\u30fc\u30eb\u30fb\u30c9\u30fb\u30ed\u30c7\u30aa\u30f3\u3092\u53f3\u6298\u3057\u3001\u7d0450\u30e1\u30fc\u30c8\u30eb\u9032\u307f\u3001\u30aa\u30c7\u30aa\u30f3\u901a\u308a\u3092\u3055\u3089\u306b50\u30e1\u30fc\u30c8\u30eb\u9032\u307f\u307e\u3059\u3002\u5de6\u5074\u306b\u30aa\u30c7\u30aa\u30f3\u30db\u30c6\u30eb\u304c\u3042\u308a\u307e\u3059\u3002  <\/p>\n\n\n\n<ul style=\"margin-right:0;margin-left:0\" class=\"wp-block-list\">\n<li><strong>\u5730\u4e0b\u9244\u99c5&#8221;Saint Michel&#8221;<\/strong><\/li>\n<\/ul>\n\n\n\n<p class=\"has-text-align-justify\" style=\"margin-top:0;margin-right:0;margin-bottom:0;margin-left:0\"><strong>\u5f92\u6b69\u306e\u5834\u5408\uff1a<\/strong>350\u30e1\u30fc\u30c8\u30eb &#8211; 5\u5206 &#8211; RER\u300c\u30b5\u30f3\u30fb\u30df\u30b7\u30a7\u30eb\u300d\u99c5\u304b\u3089\u3001\u30b5\u30f3\u30c8\u30f3\u901a\u308a\u3092\u5357\u897f\u65b9\u5411\u306b\u7d04300\u30e1\u30fc\u30c8\u30eb\u6b69\u304d\u307e\u3059\u3002\u30b5\u30f3\u30fb\u30b8\u30a7\u30eb\u30de\u30f3\u5927\u901a\u308a\u3092\u53f3\u6298\u3057\u3066 150 \u30e1\u30fc\u30c8\u30eb\u9032\u307f\u307e\u3059\u3002\u305d\u306e\u5f8c\u3001\u30ab\u30eb\u30d5\u30fc\u30eb\u30fb\u30c9\u30fb\u30ed\u30c7\u30aa\u30f3\u3092\u5de6\u6298\u3057\u3066\u7d04 50 \u30e1\u30fc\u30c8\u30eb\u9032\u307f\u3001\u30aa\u30c7\u30aa\u30f3\u901a\u308a\u3092\u3055\u3089\u306b 50 \u30e1\u30fc\u30c8\u30eb\u9032\u307f\u307e\u3059\u3002\u5de6\u5074\u306b\u30aa\u30c7\u30aa\u30f3\u30db\u30c6\u30eb\u304c\u3042\u308a\u307e\u3059\u3002   <\/p>\n<\/div>\n\n\n\n<div class=\"wp-block-column tw-sm-hidden is-layout-flow wp-container-core-column-is-layout-b2a27621 wp-block-column-is-layout-flow\" style=\"--col-width:10%;padding-top:0;padding-right:0;padding-bottom:0;padding-left:0;flex-basis:10%\"><\/div>\n<\/div>\n\n\n\n<div style=\"height:50px\" aria-hidden=\"true\" class=\"wp-block-spacer\"><\/div>\n","protected":false},"excerpt":{"rendered":"<p>\u30db\u30c6\u30eb\u3092\u63a2\u3059 \u30aa\u30c7\u30aa\u30f3\u30db\u30c6\u30eb\u306f\u30016\u533a\u30b5\u30f3\u30b8\u30a7\u30eb\u30de\u30f3\u30c7\u30d7\u30ec\u3068\u3044\u3046\u7406\u60f3\u7684\u306a\u30ed\u30b1\u30fc\u30b7\u30e7\u30f3\u306b\u4f4d\u7f6e\u3057\u3001\u30d1\u30ea\u306e\u4e2d\u5fc3\u90e8\u3068\u3044\u3046\u7d76\u597d\u306e\u7acb\u5730\u3092\u304a\u5ba2\u69d8\u306b\u63d0\u4f9b\u3057\u3066\u3044\u307e\u3059\u3002\u5f53\u30db\u30c6\u30eb\u304b\u3089\u3059\u3050\u306e\u5834\u6240\u306b\u3001\u8c61\u5fb4\u7684\u306a\u30e9\u30f3\u30c9\u30de\u30fc\u30af\u3001\u30c8\u30ec\u30f3\u30c7\u30a3\u306a\u30d6\u30c6\u30a3\u30c3\u30af\u3001\u6587 [&hellip;]<\/p>\n","protected":false},"author":2,"featured_media":22940,"parent":0,"menu_order":0,"comment_status":"closed","ping_status":"closed","template":"wp-custom-template-le-template-des-chambres","meta":{"footnotes":""},"class_list":["post-8347","page","type-page","status-publish","has-post-thumbnail","hentry"],"_links":{"self":[{"href":"https:\/\/www.odeonhotel.fr\/ja\/wp-json\/wp\/v2\/pages\/8347","targetHints":{"allow":["GET"]}}],"collection":[{"href":"https:\/\/www.odeonhotel.fr\/ja\/wp-json\/wp\/v2\/pages"}],"about":[{"href":"https:\/\/www.odeonhotel.fr\/ja\/wp-json\/wp\/v2\/types\/page"}],"author":[{"embeddable":true,"href":"https:\/\/www.odeonhotel.fr\/ja\/wp-json\/wp\/v2\/users\/2"}],"replies":[{"embeddable":true,"href":"https:\/\/www.odeonhotel.fr\/ja\/wp-json\/wp\/v2\/comments?post=8347"}],"version-history":[{"count":11,"href":"https:\/\/www.odeonhotel.fr\/ja\/wp-json\/wp\/v2\/pages\/8347\/revisions"}],"predecessor-version":[{"id":25413,"href":"https:\/\/www.odeonhotel.fr\/ja\/wp-json\/wp\/v2\/pages\/8347\/revisions\/25413"}],"wp:featuredmedia":[{"embeddable":true,"href":"https:\/\/www.odeonhotel.fr\/ja\/wp-json\/wp\/v2\/media\/22940"}],"wp:attachment":[{"href":"https:\/\/www.odeonhotel.fr\/ja\/wp-json\/wp\/v2\/media?parent=8347"}],"curies":[{"name":"wp","href":"https:\/\/api.w.org\/{rel}","templated":true}]}}