{"id":8290,"date":"2023-05-16T12:38:32","date_gmt":"2023-05-16T10:38:32","guid":{"rendered":"http:\/\/www.laperle.tess5418.odns.fr\/visitar-paris\/museus\/"},"modified":"2026-03-25T23:07:30","modified_gmt":"2026-03-25T22:07:30","slug":"museus","status":"publish","type":"page","link":"https:\/\/www.odeonhotel.fr\/pt-pt\/visitar-paris\/museus\/","title":{"rendered":"Museus"},"content":{"rendered":"\n<p class=\"rank-math-breadcrumb has-contrast-color has-text-color has-link-color wp-elements-576308c740f335ef98932048269ce3e3\" style=\"margin-right:3%;margin-left:3%\">Est\u00e1 aqui: P\u00e1gina <a href=\"\/en\/\">inicial<\/a> &#8221; <a href=\"\/en\/visit-paris\/\">Visitar Paris<\/a> &#8221; <a href=\"https:\/\/www.odeonhotel.fr\/pt-pt\/visitar-paris\/museus\/\" data-type=\"page\" data-id=\"3190\">Museus<\/a><\/p>\n\n<h1 class=\"wp-block-heading has-text-align-center\" style=\"margin-top:0;margin-right:0;margin-bottom:0;margin-left:0;padding-top:var(--wp--preset--spacing--40);padding-right:0;padding-bottom:0;padding-left:0;font-size:clamp(30.693px, 1.918rem + ((1vw - 3.2px) * 2.649), 54px);letter-spacing:-1px\">Museus<\/h1>\n\n<div class=\"wp-block-columns is-layout-flex wp-container-core-columns-is-layout-66a182f9 wp-block-columns-is-layout-flex\" style=\"margin-top:0;margin-bottom:0;padding-top:var(--wp--preset--spacing--30);padding-right:0;padding-bottom:var(--wp--preset--spacing--40);padding-left:0\">\n<div class=\"wp-block-column is-layout-flow wp-block-column-is-layout-flow\" style=\"--col-width:100%;padding-right:3%;padding-left:3%;flex-basis:100%\">\n<p class=\"has-text-align-center\" style=\"padding-right:0;padding-left:0\">Explora o mundo cativante dos museus parisienses. Mergulha na arte no Museu do Louvre, onde se encontra a ic\u00f3nica Mona Lisa. Descobre obras-primas impressionistas no Mus\u00e9e d&#8217;Orsay. Mergulha na arte moderna e contempor\u00e2nea no Centro Pompidou. Os museus de Paris oferecem um tesouro de maravilhas culturais para todos os entusiastas da arte.    <\/p>\n<\/div>\n<\/div>\n\n<div class=\"wp-block-query is-layout-flow wp-block-query-is-layout-flow\"><ul style=\"padding-right:var(--wp--preset--spacing--30);padding-left:var(--wp--preset--spacing--30);\" class=\"columns-3 wp-block-post-template is-layout-grid wp-container-core-post-template-is-layout-2b4f8fd7 wp-block-post-template-is-layout-grid\"><li class=\"wp-block-post post-8616 post type-post status-publish format-standard has-post-thumbnail hentry category-museus-pt-pt\">\n<figure class=\"image-zoom wp-block-post-featured-image\"><a href=\"https:\/\/www.odeonhotel.fr\/pt-pt\/museus-pt-pt\/museu-rodin\/\" target=\"_self\"  ><img decoding=\"async\" width=\"1920\" height=\"965\" src=\"https:\/\/www.odeonhotel.fr\/wp-content\/uploads\/2016\/05\/MUSEE-DE-CLUNY.jpg\" class=\"has-border-color has-primary-border-color wp-post-image\" alt=\"Museu de Cluny\" style=\"border-width:5px;object-fit:cover;\" srcset=\"https:\/\/www.odeonhotel.fr\/wp-content\/uploads\/2016\/05\/MUSEE-DE-CLUNY.jpg 1920w, https:\/\/www.odeonhotel.fr\/wp-content\/uploads\/2016\/05\/MUSEE-DE-CLUNY-300x151.jpg 300w, https:\/\/www.odeonhotel.fr\/wp-content\/uploads\/2016\/05\/MUSEE-DE-CLUNY-1024x515.jpg 1024w, https:\/\/www.odeonhotel.fr\/wp-content\/uploads\/2016\/05\/MUSEE-DE-CLUNY-768x386.jpg 768w, https:\/\/www.odeonhotel.fr\/wp-content\/uploads\/2016\/05\/MUSEE-DE-CLUNY-1536x772.jpg 1536w\" sizes=\"(max-width: 1920px) 100vw, 1920px\" title=\"\"><\/a><\/figure>\n\n<h2 style=\"font-size:clamp(16.293px, 1.018rem + ((1vw - 3.2px) * 0.989), 25px);\" class=\"has-text-align-center has-link-color wp-elements-cc6e9e615c7c7cae429720e4cd8237d6 wp-block-post-title\"><a href=\"https:\/\/www.odeonhotel.fr\/pt-pt\/museus-pt-pt\/museu-rodin\/\" target=\"_self\" >Museu de Cluny<\/a><\/h2>\n<\/li><li class=\"wp-block-post post-8839 post type-post status-publish format-standard has-post-thumbnail hentry category-museus-pt-pt\">\n<figure class=\"image-zoom wp-block-post-featured-image\"><a href=\"https:\/\/www.odeonhotel.fr\/pt-pt\/museus-pt-pt\/museu-do-quai-branly\/\" target=\"_self\"  ><img decoding=\"async\" width=\"1920\" height=\"965\" src=\"https:\/\/www.odeonhotel.fr\/wp-content\/uploads\/2016\/05\/quai-branly.jpg\" class=\"has-border-color has-primary-border-color wp-post-image\" alt=\"Museu do Quai Branly\" style=\"border-width:5px;object-fit:cover;\" srcset=\"https:\/\/www.odeonhotel.fr\/wp-content\/uploads\/2016\/05\/quai-branly.jpg 1920w, https:\/\/www.odeonhotel.fr\/wp-content\/uploads\/2016\/05\/quai-branly-300x151.jpg 300w, https:\/\/www.odeonhotel.fr\/wp-content\/uploads\/2016\/05\/quai-branly-1024x515.jpg 1024w, https:\/\/www.odeonhotel.fr\/wp-content\/uploads\/2016\/05\/quai-branly-768x386.jpg 768w, https:\/\/www.odeonhotel.fr\/wp-content\/uploads\/2016\/05\/quai-branly-1536x772.jpg 1536w\" sizes=\"(max-width: 1920px) 100vw, 1920px\" title=\"\"><\/a><\/figure>\n\n<h2 style=\"font-size:clamp(16.293px, 1.018rem + ((1vw - 3.2px) * 0.989), 25px);\" class=\"has-text-align-center has-link-color wp-elements-cc6e9e615c7c7cae429720e4cd8237d6 wp-block-post-title\"><a href=\"https:\/\/www.odeonhotel.fr\/pt-pt\/museus-pt-pt\/museu-do-quai-branly\/\" target=\"_self\" >Museu do Quai Branly<\/a><\/h2>\n<\/li><li class=\"wp-block-post post-8853 post type-post status-publish format-standard has-post-thumbnail hentry category-museus-pt-pt\">\n<figure class=\"image-zoom wp-block-post-featured-image\"><a href=\"https:\/\/www.odeonhotel.fr\/pt-pt\/museus-pt-pt\/museu-de-arte-moderna\/\" target=\"_self\"  ><img decoding=\"async\" width=\"1920\" height=\"965\" src=\"https:\/\/www.odeonhotel.fr\/wp-content\/uploads\/2016\/05\/MUSEE-ART-MODERNE.jpg\" class=\"has-border-color has-primary-border-color wp-post-image\" alt=\"Museu de Arte Moderna\" style=\"border-width:5px;object-fit:cover;\" srcset=\"https:\/\/www.odeonhotel.fr\/wp-content\/uploads\/2016\/05\/MUSEE-ART-MODERNE.jpg 1920w, https:\/\/www.odeonhotel.fr\/wp-content\/uploads\/2016\/05\/MUSEE-ART-MODERNE-300x151.jpg 300w, https:\/\/www.odeonhotel.fr\/wp-content\/uploads\/2016\/05\/MUSEE-ART-MODERNE-1024x515.jpg 1024w, https:\/\/www.odeonhotel.fr\/wp-content\/uploads\/2016\/05\/MUSEE-ART-MODERNE-768x386.jpg 768w, https:\/\/www.odeonhotel.fr\/wp-content\/uploads\/2016\/05\/MUSEE-ART-MODERNE-1536x772.jpg 1536w\" sizes=\"(max-width: 1920px) 100vw, 1920px\" title=\"\"><\/a><\/figure>\n\n<h2 style=\"font-size:clamp(16.293px, 1.018rem + ((1vw - 3.2px) * 0.989), 25px);\" class=\"has-text-align-center has-link-color wp-elements-cc6e9e615c7c7cae429720e4cd8237d6 wp-block-post-title\"><a href=\"https:\/\/www.odeonhotel.fr\/pt-pt\/museus-pt-pt\/museu-de-arte-moderna\/\" target=\"_self\" >Museu de Arte Moderna<\/a><\/h2>\n<\/li><li class=\"wp-block-post post-8883 post type-post status-publish format-standard has-post-thumbnail hentry category-museus-pt-pt\">\n<figure class=\"image-zoom wp-block-post-featured-image\"><a href=\"https:\/\/www.odeonhotel.fr\/pt-pt\/museus-pt-pt\/museu-de-orsay\/\" target=\"_self\"  ><img decoding=\"async\" width=\"1920\" height=\"965\" src=\"https:\/\/www.odeonhotel.fr\/wp-content\/uploads\/2016\/05\/MUSEE-ORSAY.jpg\" class=\"has-border-color has-primary-border-color wp-post-image\" alt=\"Museu de Orsay\" style=\"border-width:5px;object-fit:cover;\" srcset=\"https:\/\/www.odeonhotel.fr\/wp-content\/uploads\/2016\/05\/MUSEE-ORSAY.jpg 1920w, https:\/\/www.odeonhotel.fr\/wp-content\/uploads\/2016\/05\/MUSEE-ORSAY-300x151.jpg 300w, https:\/\/www.odeonhotel.fr\/wp-content\/uploads\/2016\/05\/MUSEE-ORSAY-1024x515.jpg 1024w, https:\/\/www.odeonhotel.fr\/wp-content\/uploads\/2016\/05\/MUSEE-ORSAY-768x386.jpg 768w, https:\/\/www.odeonhotel.fr\/wp-content\/uploads\/2016\/05\/MUSEE-ORSAY-1536x772.jpg 1536w\" sizes=\"(max-width: 1920px) 100vw, 1920px\" title=\"\"><\/a><\/figure>\n\n<h2 style=\"font-size:clamp(16.293px, 1.018rem + ((1vw - 3.2px) * 0.989), 25px);\" class=\"has-text-align-center has-link-color wp-elements-cc6e9e615c7c7cae429720e4cd8237d6 wp-block-post-title\"><a href=\"https:\/\/www.odeonhotel.fr\/pt-pt\/museus-pt-pt\/museu-de-orsay\/\" target=\"_self\" >Museu de Orsay<\/a><\/h2>\n<\/li><li class=\"wp-block-post post-8901 post type-post status-publish format-standard has-post-thumbnail hentry category-museus-pt-pt\">\n<figure class=\"image-zoom wp-block-post-featured-image\"><a href=\"https:\/\/www.odeonhotel.fr\/pt-pt\/museus-pt-pt\/museu-do-louvre\/\" target=\"_self\"  ><img decoding=\"async\" width=\"1920\" height=\"965\" src=\"https:\/\/www.odeonhotel.fr\/wp-content\/uploads\/2016\/05\/MUSEE-DU-LOUVRE.jpg\" class=\"has-border-color has-primary-border-color wp-post-image\" alt=\"Museu do Louvre\" style=\"border-width:5px;object-fit:cover;\" srcset=\"https:\/\/www.odeonhotel.fr\/wp-content\/uploads\/2016\/05\/MUSEE-DU-LOUVRE.jpg 1920w, https:\/\/www.odeonhotel.fr\/wp-content\/uploads\/2016\/05\/MUSEE-DU-LOUVRE-300x151.jpg 300w, https:\/\/www.odeonhotel.fr\/wp-content\/uploads\/2016\/05\/MUSEE-DU-LOUVRE-1024x515.jpg 1024w, https:\/\/www.odeonhotel.fr\/wp-content\/uploads\/2016\/05\/MUSEE-DU-LOUVRE-768x386.jpg 768w, https:\/\/www.odeonhotel.fr\/wp-content\/uploads\/2016\/05\/MUSEE-DU-LOUVRE-1536x772.jpg 1536w\" sizes=\"(max-width: 1920px) 100vw, 1920px\" title=\"\"><\/a><\/figure>\n\n<h2 style=\"font-size:clamp(16.293px, 1.018rem + ((1vw - 3.2px) * 0.989), 25px);\" class=\"has-text-align-center has-link-color wp-elements-cc6e9e615c7c7cae429720e4cd8237d6 wp-block-post-title\"><a href=\"https:\/\/www.odeonhotel.fr\/pt-pt\/museus-pt-pt\/museu-do-louvre\/\" target=\"_self\" >Museu do Louvre<\/a><\/h2>\n<\/li><\/ul>\n\n<\/div>\n\n<div style=\"height:40px\" aria-hidden=\"true\" class=\"wp-block-spacer\"><\/div>\n","protected":false},"excerpt":{"rendered":"<p>Est\u00e1 aqui: P\u00e1gina inicial &#8221; Visitar Paris &#8221; Museus Museus Explora o mundo cativante dos museus parisienses. Mergulha na arte no Museu do Louvre, onde se encontra a ic\u00f3nica Mona Lisa. Descobre obras-primas impressionistas no Mus\u00e9e d&#8217;Orsay. Mergulha na arte moderna e contempor\u00e2nea no Centro Pompidou. Os museus de Paris oferecem um tesouro de maravilhas [&hellip;]<\/p>\n","protected":false},"author":1,"featured_media":15373,"parent":8260,"menu_order":2,"comment_status":"closed","ping_status":"closed","template":"","meta":{"footnotes":""},"class_list":["post-8290","page","type-page","status-publish","has-post-thumbnail","hentry"],"_links":{"self":[{"href":"https:\/\/www.odeonhotel.fr\/pt-pt\/wp-json\/wp\/v2\/pages\/8290","targetHints":{"allow":["GET"]}}],"collection":[{"href":"https:\/\/www.odeonhotel.fr\/pt-pt\/wp-json\/wp\/v2\/pages"}],"about":[{"href":"https:\/\/www.odeonhotel.fr\/pt-pt\/wp-json\/wp\/v2\/types\/page"}],"author":[{"embeddable":true,"href":"https:\/\/www.odeonhotel.fr\/pt-pt\/wp-json\/wp\/v2\/users\/1"}],"replies":[{"embeddable":true,"href":"https:\/\/www.odeonhotel.fr\/pt-pt\/wp-json\/wp\/v2\/comments?post=8290"}],"version-history":[{"count":2,"href":"https:\/\/www.odeonhotel.fr\/pt-pt\/wp-json\/wp\/v2\/pages\/8290\/revisions"}],"predecessor-version":[{"id":25690,"href":"https:\/\/www.odeonhotel.fr\/pt-pt\/wp-json\/wp\/v2\/pages\/8290\/revisions\/25690"}],"up":[{"embeddable":true,"href":"https:\/\/www.odeonhotel.fr\/pt-pt\/wp-json\/wp\/v2\/pages\/8260"}],"wp:featuredmedia":[{"embeddable":true,"href":"https:\/\/www.odeonhotel.fr\/pt-pt\/wp-json\/wp\/v2\/media\/15373"}],"wp:attachment":[{"href":"https:\/\/www.odeonhotel.fr\/pt-pt\/wp-json\/wp\/v2\/media?parent=8290"}],"curies":[{"name":"wp","href":"https:\/\/api.w.org\/{rel}","templated":true}]}}