{"id":8345,"date":"2023-05-29T22:40:22","date_gmt":"2023-05-29T20:40:22","guid":{"rendered":"http:\/\/www.laperle.tess5418.odns.fr\/mapa-e-acesso\/"},"modified":"2026-03-23T21:00:56","modified_gmt":"2026-03-23T20:00:56","slug":"mapa-e-acesso","status":"publish","type":"page","link":"https:\/\/www.odeonhotel.fr\/pt-pt\/mapa-e-acesso\/","title":{"rendered":"Mapa &amp; acesso"},"content":{"rendered":"\n<h1 class=\"wp-block-heading has-text-align-center\" style=\"margin-top:0;margin-right:0;margin-bottom:0;margin-left:0;padding-top:var(--wp--preset--spacing--50);padding-right:0;padding-bottom:0;padding-left:0;font-size:clamp(30.693px, 1.918rem + ((1vw - 3.2px) * 2.649), 54px);letter-spacing:-1px\">Localizar o hotel<\/h1>\n\n\n\n<div class=\"wp-block-columns is-layout-flex wp-container-core-columns-is-layout-66a182f9 wp-block-columns-is-layout-flex\" style=\"margin-top:0;margin-bottom:0;padding-top:var(--wp--preset--spacing--30);padding-right:0;padding-bottom:var(--wp--preset--spacing--40);padding-left:0\">\n<div class=\"wp-block-column is-layout-flow wp-block-column-is-layout-flow\"><\/div>\n\n\n\n<div class=\"wp-block-column is-layout-flow wp-block-column-is-layout-flow\" style=\"--col-width:60%;flex-basis:60%\">\n<p class=\"has-text-align-center has-contrast-color has-text-color has-link-color wp-elements-3b22b840207d7feef93c0ded5dbbb716\" style=\"padding-right:var(--wp--preset--spacing--30);padding-left:var(--wp--preset--spacing--30)\">O Od\u00e9on Hotel est\u00e1 idealmente situado em Saint Germain des Pr\u00e9s, no 6\u00ba distrito, oferecendo aos h\u00f3spedes uma localiza\u00e7\u00e3o privilegiada no cora\u00e7\u00e3o de Paris. <strong><a href=\"http:\/\/odeonhotel.fr\/pt-pt\/visitar-paris\/\" data-type=\"page\" data-id=\"980\" target=\"_blank\" rel=\"noopener\">Explore marcos ic\u00f4nicos, boutiques da moda e pontos culturais a poucos minutos da nossa porta.<\/a><\/strong><\/p>\n<\/div>\n\n\n\n<div class=\"wp-block-column is-layout-flow wp-block-column-is-layout-flow\"><\/div>\n<\/div>\n\n\n\n<link rel=\"stylesheet\" href=\"https:\/\/unpkg.com\/leaflet\/dist\/leaflet.css\" \/>\n<script src=\"https:\/\/unpkg.com\/leaflet\/dist\/leaflet.js\"><\/script>\n\n<div id=\"map\" style=\"width:100%; height:500px;\"><\/div>\n\n<script>\n  \/\/ Initialisation de la carte centr\u00e9e sur l'H\u00f4tel Od\u00e9on\n  var map = L.map('map').setView([48.851825, 2.339100], 17);\n\n  \/\/ Fond clair avec routes plus fonc\u00e9es (Carto Positron)\n  L.tileLayer('https:\/\/{s}.basemaps.cartocdn.com\/light_all\/{z}\/{x}\/{y}{r}.png', {\n    attribution: '&copy; <a href=\"https:\/\/www.openstreetmap.org\/copyright\">OpenStreetMap<\/a> &copy; <a href=\"https:\/\/carto.com\/\">CARTO<\/a>',\n    subdomains: 'abcd',\n    maxZoom: 15\n  }).addTo(map);\n\n  \/\/ Ic\u00f4ne dor\u00e9 personnalis\u00e9\n  var goldIcon = L.divIcon({\n    className: \"custom-gold-icon\",\n    html: '<div style=\"background:#CAA02D; width:22px; height:22px; border-radius:50%; border:2px solid white; box-shadow:0 0 6px rgba(0,0,0,0.5);\"><\/div>',\n    iconSize: [22, 22],\n    iconAnchor: [11, 11],\n    popupAnchor: [0, -11]\n  });\n\n  \/\/ Marqueur H\u00f4tel Od\u00e9on\n  L.marker([48.851825, 2.339100], { icon: goldIcon }).addTo(map)\n    .bindPopup(\"<b>H\u00f4tel Od\u00e9on<\/b><br>3 rue de l'Od\u00e9on, Paris\")\n    .openPopup();\n<\/script>\n\n\n\n<h2 class=\"wp-block-heading has-text-align-center\" style=\"margin-bottom:var(--wp--preset--spacing--40)\">Como chegar ao hotel<\/h2>\n\n\n\n<div class=\"wp-block-columns is-layout-flex wp-container-core-columns-is-layout-d9252248 wp-block-columns-is-layout-flex\" style=\"margin-top:0;margin-bottom:0;padding-top:0;padding-right:0;padding-bottom:0;padding-left:0\">\n<div class=\"wp-block-column tw-sm-hidden is-layout-flow wp-container-core-column-is-layout-b2a27621 wp-block-column-is-layout-flow\" style=\"--col-width:10%;padding-top:0;padding-right:0;padding-bottom:0;padding-left:0;flex-basis:10%\"><\/div>\n\n\n\n<div class=\"wp-block-column is-layout-flow wp-container-core-column-is-layout-b2a4e257 wp-block-column-is-layout-flow\" style=\"--col-width:%;padding-top:0;padding-right:var(--wp--preset--spacing--30);padding-bottom:0;padding-left:var(--wp--preset--spacing--30)\">\n<p style=\"margin-right:var(--wp--preset--spacing--50);margin-bottom:var(--wp--preset--spacing--30);margin-left:var(--wp--preset--spacing--60);font-size:clamp(16.293px, 1.018rem + ((1vw - 3.2px) * 0.989), 25px);\"><strong>Dos aeroportos de Paris<\/strong><\/p>\n\n\n\n<ul style=\"margin-right:0;margin-left:0\" class=\"wp-block-list\">\n<li><strong>Aeroporto Charles de Gaulle (CDG)<\/strong><\/li>\n<\/ul>\n\n\n\n<p class=\"has-text-align-justify\" style=\"margin-top:0;margin-right:0;margin-bottom:0;margin-left:0;padding-top:0;padding-right:0;padding-bottom:0;padding-left:0\"><strong>De t\u00e1xi :<\/strong> Cerca de 1 hora &#8211; O pre\u00e7o de um t\u00e1xi normal, apanhado numa pra\u00e7a de t\u00e1xis, \u00e9 fixo e ascende a 65 euros com bagagem inclu\u00edda. Tem cuidado com o taxista falso e confirma com ele o pre\u00e7o antes de entrares no carro. <\/p>\n\n\n\n<p class=\"has-text-align-justify\" style=\"margin-top:0;margin-right:0;margin-bottom:0;margin-left:0;padding-top:0;padding-right:0;padding-bottom:0;padding-left:0\">Tamb\u00e9m podemos organizar uma recolha para ti no aeroporto, uma vez que trabalhamos com v\u00e1rias empresas. \u00c9 mais caro porque o motorista tem de estacionar e esperar por ti. Ele ajuda-te com a bagagem e espera por ti depois da alf\u00e2ndega com uma placa com o teu nome.   A tarifa para 2 pessoas \u00e9 de cerca de 95 euros.<\/p>\n\n\n\n<p class=\"has-text-align-justify\" style=\"margin-top:0;margin-right:0;margin-bottom:0;margin-left:0;padding-top:0;padding-right:0;padding-bottom:0;padding-left:0\">O traslado do hotel para o aeroporto \u00e9 mais barato, pois o motorista n\u00e3o precisa estacionar e esperar por voc\u00ea. Custa cerca de 75 euros.<\/p>\n\n\n\n<p class=\"has-text-align-justify\" style=\"margin-top:0;margin-right:0;margin-bottom:0;margin-left:0;padding-top:0;padding-right:0;padding-bottom:0;padding-left:0\"><strong>De trem:<\/strong> cerca de 1 hora \u2013 Voc\u00ea tamb\u00e9m pode pegar o trem RER B no aeroporto para a esta\u00e7\u00e3o Saint Michel e, em seguida, a linha 4 do metr\u00f4 e parar em \u201cOd\u00e9on\u201d (a 100 metros do hotel).<\/p>\n\n\n\n<ul style=\"margin-right:0;margin-left:0\" class=\"wp-block-list\">\n<li><strong>Aeroporto ORLY (ORY)<\/strong><\/li>\n<\/ul>\n\n\n\n<p class=\"has-text-align-justify\" style=\"margin-top:0;margin-right:0;margin-bottom:0;margin-left:0\"><strong><strong>De t\u00e1xi :<\/strong> <\/strong>Cerca de 45 minutos &#8211; O pre\u00e7o de um t\u00e1xi normal apanhado numa pra\u00e7a de t\u00e1xis \u00e9 fixo e \u00e9 de 36 euros com bagagem inclu\u00edda. Tem cuidado com o taxista falso e confirma com ele o pre\u00e7o antes de entrares no carro. <\/p>\n\n\n\n<p class=\"has-text-align-justify\" style=\"margin-top:0;margin-right:0;margin-bottom:0;margin-left:0\">Tamb\u00e9m podemos organizar uma recolha para ti no aeroporto, uma vez que trabalhamos com v\u00e1rias empresas. \u00c9 mais caro porque o motorista tem de estacionar e esperar por ti. Ele ajuda-te com a bagagem e espera por ti depois da alf\u00e2ndega com uma placa com o teu nome.   A tarifa para 2 pessoas \u00e9 de 80 euros.<\/p>\n\n\n\n<p class=\"has-text-align-justify\" style=\"margin-top:0;margin-right:0;margin-bottom:0;margin-left:0\">O traslado do hotel para o aeroporto \u00e9 mais barato, pois o motorista n\u00e3o precisa estacionar e esperar por voc\u00ea. Custa cerca de 50 euros.<\/p>\n\n\n\n<p class=\"has-text-align-justify\" style=\"margin-top:0;margin-right:0;margin-bottom:0;margin-left:0;padding-right:0;padding-left:0\"><strong>De trem:<\/strong> Cerca de 1 hora \u2013 Voc\u00ea teria que trocar 3 vezes: Pegue o Orlyval no aeroporto e pare em Anthony. Em seguida, troque para o RER B e des\u00e7a na esta\u00e7\u00e3o \u201cSt Michel Notre Dame\u201d. L\u00e1, troque para a linha 4 do metr\u00f4 e des\u00e7a na esta\u00e7\u00e3o \u201cOdeon\u201d (a 100 metros do hotel).  <\/p>\n\n\n\n<p class=\"has-text-align-justify\" style=\"margin-top:var(--wp--preset--spacing--50);margin-right:var(--wp--preset--spacing--40);margin-bottom:var(--wp--preset--spacing--30);margin-left:var(--wp--preset--spacing--60);font-size:clamp(16.293px, 1.018rem + ((1vw - 3.2px) * 0.989), 25px);\"><strong>Das esta\u00e7\u00f5es de trem parisienses<\/strong><\/p>\n\n\n\n<ul style=\"margin-right:0;margin-left:0\" class=\"wp-block-list\">\n<li><strong>Gare du Nord <\/strong><\/li>\n<\/ul>\n\n\n\n<p class=\"has-text-align-justify\" style=\"margin-top:0;margin-right:0;margin-bottom:0;margin-left:0\"><strong>Por t\u00e1xi :<\/strong> Dependendo do tr\u00e2nsito, o tempo de viagem de t\u00e1xi \u00e9 de cerca de 20 minutos<\/p>\n\n\n\n<p class=\"has-text-align-justify\" style=\"margin-top:0;margin-right:0;margin-bottom:0;margin-left:0\"><strong>De metr\u00f4: <\/strong>Cerca de 19 minutos \u2013 Da esta\u00e7\u00e3o Gare du Nord, pegue a linha 4 do metr\u00f4, em dire\u00e7\u00e3o a \u201cBagneux Lucie Aubrac\u201d e des\u00e7a na esta\u00e7\u00e3o \u201cOdeon\u201d (a 100 metros do hotel)<\/p>\n\n\n\n<ul style=\"margin-right:0;margin-left:0\" class=\"wp-block-list\">\n<li><strong>Gare Montparnasse<\/strong><\/li>\n<\/ul>\n\n\n\n<p class=\"has-text-align-justify\" style=\"margin-top:0;margin-right:0;margin-bottom:0;margin-left:0\"><strong>Por t\u00e1xi :<\/strong> Dependendo do tr\u00e2nsito, o tempo de viagem de t\u00e1xi \u00e9 de cerca de 10 minutos<\/p>\n\n\n\n<p class=\"has-text-align-justify\" style=\"margin-top:0;margin-right:0;margin-bottom:0;margin-left:0\"><strong>De metr\u00f4: <\/strong>Cerca de 17 minutos \u2013 Da esta\u00e7\u00e3o \u201cMontparnasse Bienvenue\u201d, pegue a linha 4 do metr\u00f4, dire\u00e7\u00e3o \u201cPorte de Clignancourt\u201d e des\u00e7a na esta\u00e7\u00e3o \u201cOdeon\u201d (a 100 metros do hotel)<\/p>\n\n\n\n<ul style=\"margin-right:0;margin-left:0\" class=\"wp-block-list\">\n<li><strong>Gare de Lyon<\/strong><\/li>\n<\/ul>\n\n\n\n<p class=\"has-text-align-justify\" style=\"margin-top:0;margin-right:0;margin-bottom:0;margin-left:0\"><strong>Por t\u00e1xi :<\/strong> Dependendo do tr\u00e2nsito, o tempo de viagem de t\u00e1xi \u00e9 de cerca de 20 minutos<\/p>\n\n\n\n<p class=\"has-text-align-justify\" style=\"margin-top:0;margin-right:0;margin-bottom:0;margin-left:0\"><strong>De \u00f4nibus:<\/strong> cerca de 23 minutos \u2013 Da esta\u00e7\u00e3o \u201cGare de Lyon\u201d, pegue o \u00f4nibus 63, dire\u00e7\u00e3o \u201cPorte de la Muette\u201d e pare na esta\u00e7\u00e3o \u201cOdeon\u201d (a 100 metros do hotel)<\/p>\n\n\n\n<p class=\"has-text-align-justify\" style=\"margin-top:var(--wp--preset--spacing--50);margin-right:var(--wp--preset--spacing--40);margin-bottom:0;margin-left:var(--wp--preset--spacing--60);font-size:clamp(16.293px, 1.018rem + ((1vw - 3.2px) * 0.989), 25px);\"><strong>Das esta\u00e7\u00f5es de metr\u00f4 de Paris<\/strong><\/p>\n\n\n\n<ul style=\"margin-right:0;margin-left:0\" class=\"wp-block-list\">\n<li><strong>Esta\u00e7\u00e3o &#8220;Od\u00e9on&#8221;<\/strong><\/li>\n<\/ul>\n\n\n\n<p class=\"has-text-align-justify\" style=\"margin-top:0;margin-right:0;margin-bottom:0;margin-left:0\"><strong>A p\u00e9: <\/strong>100 metros \u2013 2 minutos \u2013 Da esta\u00e7\u00e3o de metr\u00f4 \u201cOdeon\u201d, caminhe para o sul pela Carrefour de l&#8217;Od\u00e9on por aproximadamente 50 metros e continue por mais 50 metros pela Rue de l&#8217;Od\u00e9on. Voc\u00ea encontrar\u00e1 o Od\u00e9on Hotel \u00e0 sua esquerda. <\/p>\n\n\n\n<ul style=\"margin-right:0;margin-left:0\" class=\"wp-block-list\">\n<li><strong>Esta\u00e7\u00e3o &#8220;Saint Germain des Pr\u00e9s&#8221;<\/strong><\/li>\n<\/ul>\n\n\n\n<p class=\"has-text-align-justify\" style=\"margin-top:0;margin-right:0;margin-bottom:0;margin-left:0\"><strong>A p\u00e9: <\/strong>450 metros \u2013 6 minutos \u2013 Da esta\u00e7\u00e3o de metr\u00f4 \u201cSaint-Germain-des-Pr\u00e9s\u201d, caminhe para o leste pela boulevard Saint Germain por aproximadamente 400 metros. Vire \u00e0 direita na Carrefour de l&#8217;Od\u00e9on por aproximadamente 50 metros e continue por mais 50 metros na Rue de l&#8217;Od\u00e9on. Voc\u00ea encontrar\u00e1 o Od\u00e9on Hotel \u00e0 sua esquerda.  <\/p>\n\n\n\n<ul style=\"margin-right:0;margin-left:0\" class=\"wp-block-list\">\n<li><strong>Esta\u00e7\u00e3o RER &#8220;Saint Michel&#8221; <\/strong><\/li>\n<\/ul>\n\n\n\n<p class=\"has-text-align-justify\" style=\"margin-top:0;margin-right:0;margin-bottom:0;margin-left:0\"><strong>A p\u00e9: <\/strong>350 metros \u2013 5 minutos \u2013 Da esta\u00e7\u00e3o RER \u201cSaint Michel\u201d, caminhe para sudoeste pela rue Danton por aproximadamente 300 metros. Vire \u00e0 direita na boulevard Saint Germain por 150 metros. Em seguida, vire \u00e0 esquerda na Carrefour de l&#8217;Od\u00e9on por aproximadamente 50 metros e continue por mais 50 metros na Rue de l&#8217;Od\u00e9on. Voc\u00ea encontrar\u00e1 o Od\u00e9on Hotel \u00e0 sua esquerda.   <\/p>\n<\/div>\n\n\n\n<div class=\"wp-block-column tw-sm-hidden is-layout-flow wp-container-core-column-is-layout-b2a27621 wp-block-column-is-layout-flow\" style=\"--col-width:10%;padding-top:0;padding-right:0;padding-bottom:0;padding-left:0;flex-basis:10%\"><\/div>\n<\/div>\n\n\n\n<div style=\"height:50px\" aria-hidden=\"true\" class=\"wp-block-spacer\"><\/div>\n","protected":false},"excerpt":{"rendered":"<p>Localizar o hotel O Od\u00e9on Hotel est\u00e1 idealmente situado em Saint Germain des Pr\u00e9s, no 6\u00ba distrito, oferecendo aos h\u00f3spedes uma localiza\u00e7\u00e3o privilegiada no cora\u00e7\u00e3o de Paris. Explore marcos ic\u00f4nicos, boutiques da moda e pontos culturais a poucos minutos da nossa porta. Como chegar ao hotel Dos aeroportos de Paris De t\u00e1xi : Cerca de [&hellip;]<\/p>\n","protected":false},"author":2,"featured_media":22941,"parent":0,"menu_order":0,"comment_status":"closed","ping_status":"closed","template":"wp-custom-template-le-template-des-chambres","meta":{"footnotes":""},"class_list":["post-8345","page","type-page","status-publish","has-post-thumbnail","hentry"],"_links":{"self":[{"href":"https:\/\/www.odeonhotel.fr\/pt-pt\/wp-json\/wp\/v2\/pages\/8345","targetHints":{"allow":["GET"]}}],"collection":[{"href":"https:\/\/www.odeonhotel.fr\/pt-pt\/wp-json\/wp\/v2\/pages"}],"about":[{"href":"https:\/\/www.odeonhotel.fr\/pt-pt\/wp-json\/wp\/v2\/types\/page"}],"author":[{"embeddable":true,"href":"https:\/\/www.odeonhotel.fr\/pt-pt\/wp-json\/wp\/v2\/users\/2"}],"replies":[{"embeddable":true,"href":"https:\/\/www.odeonhotel.fr\/pt-pt\/wp-json\/wp\/v2\/comments?post=8345"}],"version-history":[{"count":11,"href":"https:\/\/www.odeonhotel.fr\/pt-pt\/wp-json\/wp\/v2\/pages\/8345\/revisions"}],"predecessor-version":[{"id":25410,"href":"https:\/\/www.odeonhotel.fr\/pt-pt\/wp-json\/wp\/v2\/pages\/8345\/revisions\/25410"}],"wp:featuredmedia":[{"embeddable":true,"href":"https:\/\/www.odeonhotel.fr\/pt-pt\/wp-json\/wp\/v2\/media\/22941"}],"wp:attachment":[{"href":"https:\/\/www.odeonhotel.fr\/pt-pt\/wp-json\/wp\/v2\/media?parent=8345"}],"curies":[{"name":"wp","href":"https:\/\/api.w.org\/{rel}","templated":true}]}}