{"id":8351,"date":"2023-05-29T22:40:22","date_gmt":"2023-05-29T20:40:22","guid":{"rendered":"http:\/\/www.laperle.tess5418.odns.fr\/%e5%9c%b0%e5%9b%be%e5%92%8c%e4%ba%a4%e9%80%9a\/"},"modified":"2026-03-23T21:04:42","modified_gmt":"2026-03-23T20:04:42","slug":"%e5%9c%b0%e5%9b%be%e5%92%8c%e4%ba%a4%e9%80%9a","status":"publish","type":"page","link":"https:\/\/www.odeonhotel.fr\/zh-hans\/%e5%9c%b0%e5%9b%be%e5%92%8c%e4%ba%a4%e9%80%9a\/","title":{"rendered":"\u5730\u56fe\u53ca\u4ea4\u901a"},"content":{"rendered":"\n<h1 class=\"wp-block-heading has-text-align-center\" style=\"margin-top:0;margin-right:0;margin-bottom:0;margin-left:0;padding-top:var(--wp--preset--spacing--50);padding-right:0;padding-bottom:0;padding-left:0;font-size:clamp(30.693px, 1.918rem + ((1vw - 3.2px) * 2.649), 54px);letter-spacing:-1px\">\u67e5\u627e\u9152\u5e97<\/h1>\n\n\n\n<div class=\"wp-block-columns is-layout-flex wp-container-core-columns-is-layout-66a182f9 wp-block-columns-is-layout-flex\" style=\"margin-top:0;margin-bottom:0;padding-top:var(--wp--preset--spacing--30);padding-right:0;padding-bottom:var(--wp--preset--spacing--40);padding-left:0\">\n<div class=\"wp-block-column is-layout-flow wp-block-column-is-layout-flow\"><\/div>\n\n\n\n<div class=\"wp-block-column is-layout-flow wp-block-column-is-layout-flow\" style=\"--col-width:60%;flex-basis:60%\">\n<p class=\"has-text-align-center has-contrast-color has-text-color has-link-color wp-elements-b1306060a69c0e3bc08439d6f48f7534\" style=\"padding-right:var(--wp--preset--spacing--30);padding-left:var(--wp--preset--spacing--30)\">\u5965\u5fb7\u7fc1\u9152\u5e97\u5750\u843d\u4e8e\u5df4\u9ece\u7b2c\u516d\u533a\u5723\u65e5\u8033\u66fc\u5fb7\u4f69\u533a\uff0c\u5730\u7406\u4f4d\u7f6e\u5f97\u5929\u72ec\u539a\uff0c\u8ba9\u5bbe\u5ba2\u5c3d\u4eab\u5df4\u9ece\u6838\u5fc3\u5730\u6bb5\u7684\u4f18\u8d8a\u4f53\u9a8c\u3002<strong><a href=\"http:\/\/odeonhotel.fr\/zh-hans\/%e8%ae%bf%e9%97%ae%e5%b7%b4%e9%bb%8e\/\" data-type=\"page\" data-id=\"980\" target=\"_blank\" rel=\"noopener\">\u9152\u5e97\u95e8\u524d\u5373\u523b\u5f00\u542f\u63a2\u7d22\u4e4b\u65c5\uff1a\u6807\u5fd7\u6027\u5730\u6807\u3001\u65f6\u5c1a\u7cbe\u54c1\u5e97\u4e0e\u6587\u5316\u70ed\u70b9\u5c3d\u5728\u54ab\u5c3a\u4e4b\u9065\u3002<\/a><\/strong><\/p>\n<\/div>\n\n\n\n<div class=\"wp-block-column is-layout-flow wp-block-column-is-layout-flow\"><\/div>\n<\/div>\n\n\n\n<link rel=\"stylesheet\" href=\"https:\/\/unpkg.com\/leaflet\/dist\/leaflet.css\" \/>\n<script src=\"https:\/\/unpkg.com\/leaflet\/dist\/leaflet.js\"><\/script>\n\n<div id=\"map\" style=\"width:100%; height:500px;\"><\/div>\n\n<script>\n  \/\/ Initialisation de la carte centr\u00e9e sur l'H\u00f4tel Od\u00e9on\n  var map = L.map('map').setView([48.851825, 2.339100], 17);\n\n  \/\/ Fond clair avec routes plus fonc\u00e9es (Carto Positron)\n  L.tileLayer('https:\/\/{s}.basemaps.cartocdn.com\/light_all\/{z}\/{x}\/{y}{r}.png', {\n    attribution: '&copy; <a href=\"https:\/\/www.openstreetmap.org\/copyright\">OpenStreetMap<\/a> &copy; <a href=\"https:\/\/carto.com\/\">CARTO<\/a>',\n    subdomains: 'abcd',\n    maxZoom: 15\n  }).addTo(map);\n\n  \/\/ Ic\u00f4ne dor\u00e9 personnalis\u00e9\n  var goldIcon = L.divIcon({\n    className: \"custom-gold-icon\",\n    html: '<div style=\"background:#CAA02D; width:22px; height:22px; border-radius:50%; border:2px solid white; box-shadow:0 0 6px rgba(0,0,0,0.5);\"><\/div>',\n    iconSize: [22, 22],\n    iconAnchor: [11, 11],\n    popupAnchor: [0, -11]\n  });\n\n  \/\/ Marqueur H\u00f4tel Od\u00e9on\n  L.marker([48.851825, 2.339100], { icon: goldIcon }).addTo(map)\n    .bindPopup(\"<b>H\u00f4tel Od\u00e9on<\/b><br>3 rue de l'Od\u00e9on, Paris\")\n    .openPopup();\n<\/script>\n\n\n\n<h2 class=\"wp-block-heading has-text-align-center\" style=\"margin-bottom:var(--wp--preset--spacing--40)\">\u5982\u4f55\u5230\u8fbe\u9152\u5e97<\/h2>\n\n\n\n<div class=\"wp-block-columns is-layout-flex wp-container-core-columns-is-layout-d9252248 wp-block-columns-is-layout-flex\" style=\"margin-top:0;margin-bottom:0;padding-top:0;padding-right:0;padding-bottom:0;padding-left:0\">\n<div class=\"wp-block-column tw-sm-hidden is-layout-flow wp-container-core-column-is-layout-b2a27621 wp-block-column-is-layout-flow\" style=\"--col-width:10%;padding-top:0;padding-right:0;padding-bottom:0;padding-left:0;flex-basis:10%\"><\/div>\n\n\n\n<div class=\"wp-block-column is-layout-flow wp-container-core-column-is-layout-b2a4e257 wp-block-column-is-layout-flow\" style=\"--col-width:%;padding-top:0;padding-right:var(--wp--preset--spacing--30);padding-bottom:0;padding-left:var(--wp--preset--spacing--30)\">\n<p style=\"margin-right:var(--wp--preset--spacing--50);margin-bottom:var(--wp--preset--spacing--30);margin-left:var(--wp--preset--spacing--60);font-size:clamp(16.293px, 1.018rem + ((1vw - 3.2px) * 0.989), 25px);\"><strong>\u4ece\u5df4\u9ece\u7684\u673a\u573a\u51fa\u53d1<\/strong><\/p>\n\n\n\n<ul style=\"margin-right:0;margin-left:0\" class=\"wp-block-list\">\n<li><strong>\u6234\u9ad8\u4e50\u673a\u573a(CDG)<\/strong><\/li>\n<\/ul>\n\n\n\n<p class=\"has-text-align-justify\" style=\"margin-top:0;margin-right:0;margin-bottom:0;margin-left:0;padding-top:0;padding-right:0;padding-bottom:0;padding-left:0\"><strong>\u4e58\u5750\u51fa\u79df\u8f66 \uff1a<\/strong>\u7ea6 1 \u5c0f\u65f6 &#8211; \u5728\u51fa\u79df\u8f66\u7ad9\u642d\u4e58\u666e\u901a\u51fa\u79df\u8f66\u7684\u4ef7\u683c\u662f\u56fa\u5b9a\u7684\uff0c65 \u6b27\u5143\uff08\u542b\u884c\u674e\uff09\u3002\u4e0a\u8f66\u524d\u8981\u5c0f\u5fc3\u5047\u5192\u51fa\u79df\u8f66\u53f8\u673a\uff0c\u5e76\u4e0e\u4ed6\u4eec\u786e\u8ba4\u4ef7\u683c\u3002 <\/p>\n\n\n\n<p class=\"has-text-align-justify\" style=\"margin-top:0;margin-right:0;margin-bottom:0;margin-left:0;padding-top:0;padding-right:0;padding-bottom:0;padding-left:0\">\u6211\u4eec\u4e5f\u53ef\u4ee5\u4e3a\u4f60\u5b89\u6392\u5728\u673a\u573a\u63a5\u673a\uff0c\u56e0\u4e3a\u6211\u4eec\u4e0e\u591a\u5bb6\u516c\u53f8\u5408\u4f5c\u3002 \u7531\u4e8e\u53f8\u673a\u9700\u8981\u505c\u8f66\u5e76\u7b49\u5f85\u4f60\uff0c\u6240\u4ee5\u8d39\u7528\u66f4\u9ad8\u3002 \u4ed6\u5c06\u5e2e\u52a9\u4f60\u62ff\u884c\u674e\uff0c\u5e76\u5728\u6d77\u5173\u540e\u4e3e\u7740\u4f60\u7684\u540d\u5b57\u7684\u724c\u5b50\u7b49\u4f60\u3002 \u4e24\u4eba\u7684\u4ef7\u683c\u7ea6\u4e3a 95 \u6b27\u5143\u3002<\/p>\n\n\n\n<p class=\"has-text-align-justify\" style=\"margin-top:0;margin-right:0;margin-bottom:0;margin-left:0;padding-top:0;padding-right:0;padding-bottom:0;padding-left:0\">\u4ece\u9152\u5e97\u5230\u673a\u573a\u7684\u63a5\u9001\u8d39\u7528\u8f83\u4f4e\uff0c\u56e0\u4e3a\u53f8\u673a\u4e0d\u7528\u505c\u8f66\u7b49\u4f60\u3002 \u8d39\u7528\u7ea6\u4e3a 75 \u6b27\u5143\u3002<\/p>\n\n\n\n<p class=\"has-text-align-justify\" style=\"margin-top:0;margin-right:0;margin-bottom:0;margin-left:0;padding-top:0;padding-right:0;padding-bottom:0;padding-left:0\"><strong>\u4e58\u706b\u8f66 :<\/strong> \u7ea6 1 \u5c0f\u65f6 \u2013 \u60a8\u4e5f\u53ef\u4ee5\u5728\u673a\u573a\u4e58\u5750 RER B \u5230 Saint Michel \u7ad9\uff0c\u7136\u540e\u4e58\u5750\u5730\u94c1 4 \u53f7\u7ebf\uff0c\u5728 \u201cOd\u00e9on \u201c\u7ad9\u4e0b\u8f66\uff08\u8ddd\u79bb\u9152\u5e97 100 \u7c73\uff09\u3002<\/p>\n\n\n\n<ul style=\"margin-right:0;margin-left:0\" class=\"wp-block-list\">\n<li><strong>\u5965\u5229\u673a\u573a (ORY)<\/strong><\/li>\n<\/ul>\n\n\n\n<p class=\"has-text-align-justify\" style=\"margin-top:0;margin-right:0;margin-bottom:0;margin-left:0\"><strong><strong>\u4e58\u5750\u51fa\u79df\u8f66 \uff1a<\/strong> <\/strong>\u5927\u7ea6 45 \u5206\u949f &#8211; \u5728\u51fa\u79df\u8f66\u7ad9\u642d\u4e58\u666e\u901a\u51fa\u79df\u8f66\u7684\u4ef7\u683c\u662f\u56fa\u5b9a\u7684\uff0c36 \u6b27\u5143\uff0c\u5305\u62ec\u884c\u674e\u3002\u4e0a\u8f66\u524d\u8981\u5c0f\u5fc3\u5047\u5192\u51fa\u79df\u8f66\u53f8\u673a\uff0c\u5e76\u4e0e\u4ed6\u4eec\u786e\u8ba4\u4ef7\u683c\u3002 <\/p>\n\n\n\n<p class=\"has-text-align-justify\" style=\"margin-top:0;margin-right:0;margin-bottom:0;margin-left:0\">\u6211\u4eec\u4e5f\u53ef\u4ee5\u4e3a\u4f60\u5b89\u6392\u5728\u673a\u573a\u63a5\u673a\uff0c\u56e0\u4e3a\u6211\u4eec\u4e0e\u591a\u5bb6\u516c\u53f8\u5408\u4f5c\u3002 \u7531\u4e8e\u53f8\u673a\u9700\u8981\u505c\u8f66\u5e76\u7b49\u5f85\u4f60\uff0c\u6240\u4ee5\u8d39\u7528\u66f4\u9ad8\u3002 \u4ed6\u5c06\u5e2e\u52a9\u4f60\u62ff\u884c\u674e\uff0c\u5e76\u5728\u6d77\u5173\u540e\u4e3e\u7740\u4f60\u7684\u540d\u5b57\u7684\u724c\u5b50\u7b49\u4f60\u3002 \u53cc\u4eba\u7968\u4ef7\u4e3a 80 \u6b27\u5143\u3002<\/p>\n\n\n\n<p class=\"has-text-align-justify\" style=\"margin-top:0;margin-right:0;margin-bottom:0;margin-left:0\">\u4ece\u9152\u5e97\u5230\u673a\u573a\u7684\u63a5\u9001\u8d39\u7528\u8f83\u4f4e\uff0c\u56e0\u4e3a\u53f8\u673a\u4e0d\u7528\u505c\u8f66\u7b49\u4f60\u3002 \u8d39\u7528\u7ea6\u4e3a 50 \u6b27\u5143\u3002<\/p>\n\n\n\n<p class=\"has-text-align-justify\" style=\"margin-top:0;margin-right:0;margin-bottom:0;margin-left:0;padding-right:0;padding-left:0\"><strong>\u4e58\u5750\u706b\u8f66 : <\/strong>\u7ea6 1 \u5c0f\u65f6 \u2013 \u60a8\u9700\u8981\u6362\u4e58 3 \u6b21\uff1a\u5728\u673a\u573a\u4e58\u5750 Orlyval\uff0c\u5728 Anthony \u7ad9\u4e0b\u8f66\u3002\u7136\u540e\u6362\u4e58 RER B\uff0c\u5728 \u201cSt michel Notre Dame \u201c\u7ad9\u4e0b\u8f66\u3002\u7136\u540e\u6362\u4e58\u5730\u94c1 4 \u53f7\u7ebf\uff0c\u5728 \u201cOdeon \u201c\u7ad9\u4e0b\u8f66\uff08\u8ddd\u79bb\u9152\u5e97 100 \u7c73\uff09\u3002  <\/p>\n\n\n\n<p class=\"has-text-align-justify\" style=\"margin-top:var(--wp--preset--spacing--50);margin-right:var(--wp--preset--spacing--40);margin-bottom:var(--wp--preset--spacing--30);margin-left:var(--wp--preset--spacing--60);font-size:clamp(16.293px, 1.018rem + ((1vw - 3.2px) * 0.989), 25px);\"><strong>\u4ece\u5df4\u9ece\u7684\u706b\u8f66\u7ad9\u51fa\u53d1<\/strong><\/p>\n\n\n\n<ul style=\"margin-right:0;margin-left:0\" class=\"wp-block-list\">\n<li><strong>Gare du Nord <\/strong><\/li>\n<\/ul>\n\n\n\n<p class=\"has-text-align-justify\" style=\"margin-top:0;margin-right:0;margin-bottom:0;margin-left:0\"><strong>\u4e58\u51fa\u79df\u8f66 :<\/strong> \u6839\u636e\u4ea4\u901a\u60c5\u51b5\uff0c\u51fa\u79df\u8f66\u884c\u9a76\u65f6\u95f4\u7ea6\u4e3a20\u5206\u949f\u3002<\/p>\n\n\n\n<p class=\"has-text-align-justify\" style=\"margin-top:0;margin-right:0;margin-bottom:0;margin-left:0\"><strong>\u4e58\u5750\u5730\u94c1 :<\/strong> \u7ea6 19 \u5206\u949f \u2013 \u4ece Gare du Nord \u7ad9\u4e58\u5750\u5730\u94c1 4 \u53f7\u7ebf\uff0c\u201dBagneux Lucie Aubrac \u201c\u65b9\u5411\uff0c\u5728 \u201cOdeon \u201c\u7ad9\u4e0b\u8f66\uff08\u8ddd\u79bb\u9152\u5e97 100 \u7c73\uff09<\/p>\n\n\n\n<ul style=\"margin-right:0;margin-left:0\" class=\"wp-block-list\">\n<li><strong>Gare Montparnasse<\/strong><\/li>\n<\/ul>\n\n\n\n<p class=\"has-text-align-justify\" style=\"margin-top:0;margin-right:0;margin-bottom:0;margin-left:0\"><strong>\u4e58\u51fa\u79df\u8f66 :<\/strong> \u6839\u636e\u4ea4\u901a\u60c5\u51b5\uff0c\u51fa\u79df\u8f66\u884c\u9a76\u65f6\u95f4\u7ea6\u4e3a10\u5206\u949f\u3002<\/p>\n\n\n\n<p class=\"has-text-align-justify\" style=\"margin-top:0;margin-right:0;margin-bottom:0;margin-left:0\"><strong>\u4e58\u5750\u5730\u94c1 :<\/strong> \u7ea6 17 \u5206\u949f \u2013 \u4ece \u201cMontparnasse Bienvenue \u201c\u7ad9\u4e58\u5750\u5730\u94c1 4 \u53f7\u7ebf\uff0c\u201dPorte de Clignancourt \u201c\u65b9\u5411\uff0c\u5728 \u201cOdeon \u201c\u7ad9\u4e0b\u8f66\uff08\u8ddd\u79bb\u9152\u5e97 100 \u7c73\uff09<\/p>\n\n\n\n<ul style=\"margin-right:0;margin-left:0\" class=\"wp-block-list\">\n<li><strong>Gare de Lyon<\/strong><\/li>\n<\/ul>\n\n\n\n<p class=\"has-text-align-justify\" style=\"margin-top:0;margin-right:0;margin-bottom:0;margin-left:0\"><strong>\u4e58\u51fa\u79df\u8f66 :<\/strong> \u6839\u636e\u4ea4\u901a\u60c5\u51b5\uff0c\u51fa\u79df\u8f66\u884c\u9a76\u65f6\u95f4\u7ea6\u4e3a20\u5206\u949f\u3002<\/p>\n\n\n\n<p class=\"has-text-align-justify\" style=\"margin-top:0;margin-right:0;margin-bottom:0;margin-left:0\"><strong>\u4e58\u5750\u516c\u5171\u6c7d\u8f66 : <\/strong>\u7ea6 23 \u5206\u949f \u2013 \u4ece \u201cGare de Lyon \u201c\u7ad9\u4e58\u5750 63 \u8def\u516c\u5171\u6c7d\u8f66\uff0c\u5f00\u5f80 \u201cPorte de la Muette \u201c\u65b9\u5411\uff0c\u5728 \u201cOdeon \u201c\u7ad9\u4e0b\u8f66\uff08\u8ddd\u79bb\u9152\u5e97 100 \u7c73\uff09<\/p>\n\n\n\n<p class=\"has-text-align-justify\" style=\"margin-top:var(--wp--preset--spacing--50);margin-right:var(--wp--preset--spacing--40);margin-bottom:0;margin-left:var(--wp--preset--spacing--60);font-size:clamp(16.293px, 1.018rem + ((1vw - 3.2px) * 0.989), 25px);\"><strong>\u4ece\u5df4\u9ece\u7684\u5730\u94c1\u7ad9\u51fa\u53d1<\/strong><\/p>\n\n\n\n<ul style=\"margin-right:0;margin-left:0\" class=\"wp-block-list\">\n<li><strong>\u5730\u94c1\u7ad9 &#8220;Od\u00e9on&#8221; <\/strong><\/li>\n<\/ul>\n\n\n\n<p class=\"has-text-align-justify\" style=\"margin-top:0;margin-right:0;margin-bottom:0;margin-left:0\"><strong>\u6b65\u884c\u8def\u7ebf<\/strong>\uff1a100\u7c73 \u2013 2\u5206\u949f \u2013 \u4ece\u201cOdeon\u201d\u5730\u94c1\u7ad9\u51fa\u53d1\uff0c\u6cbfCarrefour de l&#8217;Od\u00e9on\u5411\u5357\u6b65\u884c\u7ea650\u7c73\uff0c\u518d\u6cbfRue de l&#8217;Od\u00e9on\u7ee7\u7eed\u524d\u884c50\u7c73\u3002\u5965\u5fb7\u7fc1\u9152\u5e97\u4f4d\u4e8e\u60a8\u7684\u5de6\u4fa7\u3002 <\/p>\n\n\n\n<ul style=\"margin-right:0;margin-left:0\" class=\"wp-block-list\">\n<li><strong>\u5730\u94c1\u7ad9 &#8220;Saint Germain des Pr\u00e9s&#8221;<\/strong><\/li>\n<\/ul>\n\n\n\n<p class=\"has-text-align-justify\" style=\"margin-top:0;margin-right:0;margin-bottom:0;margin-left:0\"><strong>\u6b65\u884c\u8def\u7ebf\uff1a<\/strong>450\u7c73 &#8211; 6\u5206\u949f &#8211; \u4ece\u201c\u5723\u65e5\u8033\u66fc\u5fb7\u4f69\u201d\u5730\u94c1\u7ad9\u51fa\u53d1\uff0c\u6cbf\u5723\u65e5\u8033\u66fc\u5927\u9053\u5411\u4e1c\u6b65\u884c\u7ea6400\u7c73\u3002\u53f3\u8f6c\u8fdb\u5165\u5965\u5fb7\u7fc1\u5341\u5b57\u8def\u53e3\uff0c\u524d\u884c\u7ea650\u7c73\u540e\u7ee7\u7eed\u6cbf\u5965\u5fb7\u7fc1\u8857\u6b65\u884c50\u7c73\uff0c\u5965\u5fb7\u7fc1\u9152\u5e97\u5373\u4f4d\u4e8e\u60a8\u7684\u5de6\u4fa7\u3002  <\/p>\n\n\n\n<ul style=\"margin-right:0;margin-left:0\" class=\"wp-block-list\">\n<li><strong>\u5730\u94c1\u7ad9 &#8220;Saint Michel&#8221; <\/strong><\/li>\n<\/ul>\n\n\n\n<p class=\"has-text-align-justify\" style=\"margin-top:0;margin-right:0;margin-bottom:0;margin-left:0\"><strong>\u6b65\u884c\u8def\u7ebf\uff1a<\/strong>350\u7c73 &#8211; 5\u5206\u949f &#8211; \u4ece\u201c\u5723\u7c73\u6b47\u5c14\u201dRER\u8f66\u7ad9\u51fa\u53d1\uff0c\u6cbf\u4e39\u4e1c\u8857\u5411\u897f\u5357\u65b9\u5411\u6b65\u884c\u7ea6300\u7c73\u3002\u53f3\u8f6c\u8fdb\u5165\u5723\u65e5\u8033\u66fc\u5927\u9053\u6b65\u884c150\u7c73\u3002\u5de6\u8f6c\u8fdb\u5165\u5965\u5fb7\u7fc1\u5341\u5b57\u8def\u53e3\u6b65\u884c\u7ea650\u7c73\uff0c\u7ee7\u7eed\u6cbf\u5965\u5fb7\u7fc1\u8857\u524d\u884c50\u7c73\u3002\u5965\u5fb7\u7fc1\u9152\u5e97\u5373\u4f4d\u4e8e\u60a8\u7684\u5de6\u4fa7\u3002   <\/p>\n<\/div>\n\n\n\n<div class=\"wp-block-column tw-sm-hidden is-layout-flow wp-container-core-column-is-layout-b2a27621 wp-block-column-is-layout-flow\" style=\"--col-width:10%;padding-top:0;padding-right:0;padding-bottom:0;padding-left:0;flex-basis:10%\"><\/div>\n<\/div>\n\n\n\n<div style=\"height:50px\" aria-hidden=\"true\" class=\"wp-block-spacer\"><\/div>\n","protected":false},"excerpt":{"rendered":"<p>\u67e5\u627e\u9152\u5e97 \u5965\u5fb7\u7fc1\u9152\u5e97\u5750\u843d\u4e8e\u5df4\u9ece\u7b2c\u516d\u533a\u5723\u65e5\u8033\u66fc\u5fb7\u4f69\u533a\uff0c\u5730\u7406\u4f4d\u7f6e\u5f97\u5929\u72ec\u539a\uff0c\u8ba9\u5bbe\u5ba2\u5c3d\u4eab\u5df4\u9ece\u6838\u5fc3\u5730\u6bb5\u7684\u4f18\u8d8a\u4f53\u9a8c\u3002\u9152\u5e97\u95e8 [&hellip;]<\/p>\n","protected":false},"author":2,"featured_media":22936,"parent":0,"menu_order":0,"comment_status":"closed","ping_status":"closed","template":"wp-custom-template-le-template-des-chambres","meta":{"footnotes":""},"class_list":["post-8351","page","type-page","status-publish","has-post-thumbnail","hentry"],"_links":{"self":[{"href":"https:\/\/www.odeonhotel.fr\/zh-hans\/wp-json\/wp\/v2\/pages\/8351","targetHints":{"allow":["GET"]}}],"collection":[{"href":"https:\/\/www.odeonhotel.fr\/zh-hans\/wp-json\/wp\/v2\/pages"}],"about":[{"href":"https:\/\/www.odeonhotel.fr\/zh-hans\/wp-json\/wp\/v2\/types\/page"}],"author":[{"embeddable":true,"href":"https:\/\/www.odeonhotel.fr\/zh-hans\/wp-json\/wp\/v2\/users\/2"}],"replies":[{"embeddable":true,"href":"https:\/\/www.odeonhotel.fr\/zh-hans\/wp-json\/wp\/v2\/comments?post=8351"}],"version-history":[{"count":11,"href":"https:\/\/www.odeonhotel.fr\/zh-hans\/wp-json\/wp\/v2\/pages\/8351\/revisions"}],"predecessor-version":[{"id":25412,"href":"https:\/\/www.odeonhotel.fr\/zh-hans\/wp-json\/wp\/v2\/pages\/8351\/revisions\/25412"}],"wp:featuredmedia":[{"embeddable":true,"href":"https:\/\/www.odeonhotel.fr\/zh-hans\/wp-json\/wp\/v2\/media\/22936"}],"wp:attachment":[{"href":"https:\/\/www.odeonhotel.fr\/zh-hans\/wp-json\/wp\/v2\/media?parent=8351"}],"curies":[{"name":"wp","href":"https:\/\/api.w.org\/{rel}","templated":true}]}}